{"id":56,"date":"2017-06-22T16:48:58","date_gmt":"2017-06-22T14:48:58","guid":{"rendered":"http:\/\/blog.family-riders.de\/nordkap\/?page_id=56"},"modified":"2020-04-03T11:30:05","modified_gmt":"2020-04-03T09:30:05","slug":"page-22","status":"publish","type":"page","link":"https:\/\/bf-on-tour.de\/m-06\/page-22\/","title":{"rendered":"Zum s\u00fcdlichsten Zipfel Schwedens"},"content":{"rendered":"<p style=\"text-align: justify;\"><strong>Sonntag, 23. Juli 2006 &#8211; Strecke: 342 km &#8211; Fahrzeit ca. 6 1\/2 Std.<\/strong><\/p>\n<figure id=\"attachment_335\" aria-describedby=\"caption-attachment-335\" style=\"width: 300px\" class=\"wp-caption alignright\"><a href=\"https:\/\/bf-on-tour.de\/m-06\/wp-content\/uploads\/sites\/6\/2017\/02\/00-21-e1486917372398.jpg\" rel=\"lightbox[56]\"><img loading=\"lazy\" decoding=\"async\" class=\"size-medium wp-image-335\" src=\"https:\/\/bf-on-tour.de\/m-06\/wp-content\/uploads\/sites\/6\/2017\/02\/00-21-e1486917372398-300x244.jpg\" alt=\"\" width=\"300\" height=\"244\" srcset=\"https:\/\/bf-on-tour.de\/m-06\/wp-content\/uploads\/sites\/6\/2017\/02\/00-21-e1486917372398-300x244.jpg 300w, https:\/\/bf-on-tour.de\/m-06\/wp-content\/uploads\/sites\/6\/2017\/02\/00-21-e1486917372398.jpg 633w\" sizes=\"auto, (max-width: 300px) 85vw, 300px\" \/><\/a><figcaption id=\"caption-attachment-335\" class=\"wp-caption-text\">Von J\u00f6nk\u00f6ping nach Smygehuk<\/figcaption><\/figure>\n<p style=\"text-align: justify;\">Es ist neblig und k\u00fchl. Wir haben wohl beide das Gef\u00fchl, da\u00df die Reise jetzt zu Ende gehen sollte. Oder mit anderen Worten: Das Pferd riecht den Stall. Denn es gibt nicht viel Diskussion dar\u00fcber, ob wir die Autobahn oder die 30 nach S\u00fcden fahren. Die Entscheidung lautet: Autobahn.<\/p>\n<p style=\"text-align: justify;\">Mit jedem Kilometer nach S\u00fcden wird das Wetter handiger. Der Nebel lichtet sich und es wird wieder w\u00e4rmer. In Markaryd verlassen wir die Autobahn, fahren \u00fcber die 117 nach H\u00e4ssleholm, von dort via 21 nach Kristianstad. Ab hier merken wir deutlich, da\u00df wir in Sk\u00e5ne sind, der Kornkammer Schwedens. Die Landschaft ist eher d\u00e4nisch. W\u00e4lder fehlen fast ganz und sind durch weite Kornfelder ersetzt. Man k\u00f6nnte hier so sch\u00f6n etwas schneller fahren &#8211; aber \u00fcberall stehen Starenk\u00e4sten an der Stra\u00dfe; wie in Norwegen: Immer paarweise in beide Richtungen.<\/p>\n<figure id=\"attachment_336\" aria-describedby=\"caption-attachment-336\" style=\"width: 232px\" class=\"wp-caption alignright\"><a href=\"https:\/\/bf-on-tour.de\/m-06\/wp-content\/uploads\/sites\/6\/2017\/02\/01-20-e1486917395179.jpg\" rel=\"lightbox[56]\"><img loading=\"lazy\" decoding=\"async\" class=\"size-medium wp-image-336\" src=\"https:\/\/bf-on-tour.de\/m-06\/wp-content\/uploads\/sites\/6\/2017\/02\/01-20-e1486917395179-232x300.jpg\" alt=\"\" width=\"232\" height=\"300\" srcset=\"https:\/\/bf-on-tour.de\/m-06\/wp-content\/uploads\/sites\/6\/2017\/02\/01-20-e1486917395179-232x300.jpg 232w, https:\/\/bf-on-tour.de\/m-06\/wp-content\/uploads\/sites\/6\/2017\/02\/01-20-e1486917395179.jpg 423w\" sizes=\"auto, (max-width: 232px) 85vw, 232px\" \/><\/a><figcaption id=\"caption-attachment-336\" class=\"wp-caption-text\">Smygehuk<\/figcaption><\/figure>\n<p style=\"text-align: justify;\">Wir fahren \u00fcber die 19 nach Ystad. Am Yachthafen gibt es eine Pause. Dann ist Seeb\u00e4dertour angesagt. Die 9 ist eine der bevorzugten Ausflugsstra\u00dfen in S\u00fcdschweden. Sie f\u00fchrt durch viele kleine Orte, in denen Pensionen Zimmer und Restaurants ihre Men\u00fcs anbieten. Weitestgehend ist die Geschwindigkeit auf 50 km\/h begrenzt, was wegen der vielen, mit Schwimmutensilien bewehrten Urlaubsg\u00e4ste mit Kindern auch verst\u00e4ndlich ist.<\/p>\n<p style=\"text-align: justify;\">Unser Ziel ist der Ort Smygehamn mit dem kurz dahinter liegenden Hafen Smygehuk. In Sichtweite des Hafens steht ein ausgedienter Leuchtturm<\/p>\n<figure id=\"attachment_337\" aria-describedby=\"caption-attachment-337\" style=\"width: 300px\" class=\"wp-caption alignleft\"><a href=\"https:\/\/bf-on-tour.de\/m-06\/wp-content\/uploads\/sites\/6\/2017\/02\/02-20-e1486917423904.jpg\" rel=\"lightbox[56]\"><img loading=\"lazy\" decoding=\"async\" class=\"size-medium wp-image-337\" src=\"https:\/\/bf-on-tour.de\/m-06\/wp-content\/uploads\/sites\/6\/2017\/02\/02-20-e1486917423904-300x221.jpg\" alt=\"\" width=\"300\" height=\"221\" srcset=\"https:\/\/bf-on-tour.de\/m-06\/wp-content\/uploads\/sites\/6\/2017\/02\/02-20-e1486917423904-300x221.jpg 300w, https:\/\/bf-on-tour.de\/m-06\/wp-content\/uploads\/sites\/6\/2017\/02\/02-20-e1486917423904.jpg 688w\" sizes=\"auto, (max-width: 300px) 85vw, 300px\" \/><\/a><figcaption id=\"caption-attachment-337\" class=\"wp-caption-text\">Die s\u00fcdlichste Ecke Schwedens<\/figcaption><\/figure>\n<p style=\"text-align: justify;\">und darin befindet sich eine Jugendherberge, die im ehemaligen Haus des Leuchtturmw\u00e4rters untergebracht ist. Den Tip hierher zu kommen, hatte ich bereits zu Hause aus dem Internet aufgenommen. Hinzu kam dann noch, da\u00df der Herbergsvater in Kalix uns diesen Platz dringend empfohlen hatte &#8211; und er hat nicht \u00fcbertrieben. Hier ist nicht nur der s\u00fcdlichste Punkt Schwedens, hier ist auch Romantik pur. Innen, wie au\u00dfen.<\/p>\n<p style=\"text-align: justify;\">Dementsprechend gef\u00fcllt ist die Herberge und wir bekommen f\u00fcr unser Vierbettzimmer von der Herbergsmutter zwei nette junge Damen als Erg\u00e4nzung zugeteilt.\u00a0<strong>Honi soit qui mal y pense\u2026<\/strong><\/p>\n","protected":false},"excerpt":{"rendered":"<p>Sonntag, 23. Juli 2006 &#8211; Strecke: 342 km &#8211; Fahrzeit ca. 6 1\/2 Std. Es ist neblig und k\u00fchl. Wir haben wohl beide das Gef\u00fchl, da\u00df die Reise jetzt zu Ende gehen sollte. Oder mit anderen Worten: Das Pferd riecht den Stall. Denn es gibt nicht viel Diskussion dar\u00fcber, ob wir die Autobahn oder die &hellip; <a href=\"https:\/\/bf-on-tour.de\/m-06\/page-22\/\" class=\"more-link\"><span class=\"screen-reader-text\">\u201eZum s\u00fcdlichsten Zipfel Schwedens\u201c <\/span>weiterlesen<\/a><\/p>\n","protected":false},"author":1,"featured_media":0,"parent":0,"menu_order":22,"comment_status":"closed","ping_status":"closed","template":"","meta":{"footnotes":""},"class_list":["post-56","page","type-page","status-publish","hentry"],"_links":{"self":[{"href":"https:\/\/bf-on-tour.de\/m-06\/wp-json\/wp\/v2\/pages\/56","targetHints":{"allow":["GET"]}}],"collection":[{"href":"https:\/\/bf-on-tour.de\/m-06\/wp-json\/wp\/v2\/pages"}],"about":[{"href":"https:\/\/bf-on-tour.de\/m-06\/wp-json\/wp\/v2\/types\/page"}],"author":[{"embeddable":true,"href":"https:\/\/bf-on-tour.de\/m-06\/wp-json\/wp\/v2\/users\/1"}],"replies":[{"embeddable":true,"href":"https:\/\/bf-on-tour.de\/m-06\/wp-json\/wp\/v2\/comments?post=56"}],"version-history":[{"count":5,"href":"https:\/\/bf-on-tour.de\/m-06\/wp-json\/wp\/v2\/pages\/56\/revisions"}],"predecessor-version":[{"id":434,"href":"https:\/\/bf-on-tour.de\/m-06\/wp-json\/wp\/v2\/pages\/56\/revisions\/434"}],"wp:attachment":[{"href":"https:\/\/bf-on-tour.de\/m-06\/wp-json\/wp\/v2\/media?parent=56"}],"curies":[{"name":"wp","href":"https:\/\/api.w.org\/{rel}","templated":true}]}}