{"id":50,"date":"2017-02-12T17:26:39","date_gmt":"2017-02-12T16:26:39","guid":{"rendered":"http:\/\/blog.family-riders.de\/nordkap\/?page_id=50"},"modified":"2020-04-03T11:29:03","modified_gmt":"2020-04-03T09:29:03","slug":"page-19","status":"publish","type":"page","link":"https:\/\/bf-on-tour.de\/m-06\/page-19\/","title":{"rendered":"Spontan nach Stockholm"},"content":{"rendered":"<p style=\"text-align: justify;\"><strong>Donnerstag, 20. Juli 2006 &#8211; Strecke: 222 km &#8211; Fahrzeit ca. 3 1\/2 Std.<\/strong><\/p>\n<figure id=\"attachment_319\" aria-describedby=\"caption-attachment-319\" style=\"width: 300px\" class=\"wp-caption alignright\"><a href=\"https:\/\/bf-on-tour.de\/m-06\/wp-content\/uploads\/sites\/6\/2017\/02\/00-18-e1486916481674.jpg\" rel=\"lightbox[50]\"><img loading=\"lazy\" decoding=\"async\" class=\"size-medium wp-image-319\" src=\"https:\/\/bf-on-tour.de\/m-06\/wp-content\/uploads\/sites\/6\/2017\/02\/00-18-e1486916481674-300x244.jpg\" alt=\"\" width=\"300\" height=\"244\" srcset=\"https:\/\/bf-on-tour.de\/m-06\/wp-content\/uploads\/sites\/6\/2017\/02\/00-18-e1486916481674-300x244.jpg 300w, https:\/\/bf-on-tour.de\/m-06\/wp-content\/uploads\/sites\/6\/2017\/02\/00-18-e1486916481674.jpg 632w\" sizes=\"auto, (max-width: 300px) 85vw, 300px\" \/><\/a><figcaption id=\"caption-attachment-319\" class=\"wp-caption-text\">Von Falun nach Stockholm<\/figcaption><\/figure>\n<p style=\"text-align: justify;\">Stockholm, wir kommen! Aber im Regen\u2026 P\u00fcnktlich zur Abfahrt fallen die ersten Tropfen. Und es bleibt nicht nur so, es wird noch schlimmer.<\/p>\n<p style=\"text-align: justify;\">Die ganze Fahrt bis Enk\u00f6ping fahren wir durch Wasserluft. Entweder sch\u00fcttet es wie aus K\u00fcbeln oder wir haben LKWs vor uns, die ein Klima wie in der Waschanlage hinter sich aufbauen. An \u00dcberholen ist wegen des konstanten Gegenverkehrs und der schlechten Sicht meistens nicht zu denken. V\u00f6llig entnervt fahren wir in Enk\u00f6ping auf die Autobahn auf &#8211; und: Es h\u00f6rt auf zu regnen.<\/p>\n<figure id=\"attachment_320\" aria-describedby=\"caption-attachment-320\" style=\"width: 687px\" class=\"wp-caption aligncenter\"><a href=\"https:\/\/bf-on-tour.de\/m-06\/wp-content\/uploads\/sites\/6\/2017\/02\/01-17-e1486916465639.jpg\" rel=\"lightbox[50]\"><img loading=\"lazy\" decoding=\"async\" class=\"wp-image-320 size-full\" src=\"https:\/\/bf-on-tour.de\/m-06\/wp-content\/uploads\/sites\/6\/2017\/02\/01-17-e1486916465639.jpg\" width=\"687\" height=\"442\" srcset=\"https:\/\/bf-on-tour.de\/m-06\/wp-content\/uploads\/sites\/6\/2017\/02\/01-17-e1486916465639.jpg 687w, https:\/\/bf-on-tour.de\/m-06\/wp-content\/uploads\/sites\/6\/2017\/02\/01-17-e1486916465639-300x193.jpg 300w\" sizes=\"auto, (max-width: 687px) 85vw, 687px\" \/><\/a><figcaption id=\"caption-attachment-320\" class=\"wp-caption-text\">&#8222;Jugendherberge&#8220; in Stockholm<\/figcaption><\/figure>\n<p style=\"text-align: justify;\">Um 13:00 Uhr haben wir die JH im H\u00e4sselby Slott, einem Herrensitz aus dem 16. Jahrhundert, mit Hilfe des GPS gefunden und unser Zimmer bezogen. Es ist in einem traurigen Zustand. Zwar sind die M\u00f6bel heil, aber die Betten sind fleckig und alles ist ziemlich schmuddelig. Schnell machen wir aus der Zweitagesbuchung eine nur f\u00fcr diese Nacht. Da wir ohnehin in unseren eigenen Schlafs\u00e4cken schlafen,<\/p>\n<figure id=\"attachment_321\" aria-describedby=\"caption-attachment-321\" style=\"width: 300px\" class=\"wp-caption alignright\"><a href=\"https:\/\/bf-on-tour.de\/m-06\/wp-content\/uploads\/sites\/6\/2017\/02\/02-18-e1486916511307.jpg\" rel=\"lightbox[50]\"><img loading=\"lazy\" decoding=\"async\" class=\"size-medium wp-image-321\" src=\"https:\/\/bf-on-tour.de\/m-06\/wp-content\/uploads\/sites\/6\/2017\/02\/02-18-e1486916511307-300x221.jpg\" alt=\"\" width=\"300\" height=\"221\" srcset=\"https:\/\/bf-on-tour.de\/m-06\/wp-content\/uploads\/sites\/6\/2017\/02\/02-18-e1486916511307-300x221.jpg 300w, https:\/\/bf-on-tour.de\/m-06\/wp-content\/uploads\/sites\/6\/2017\/02\/02-18-e1486916511307.jpg 687w\" sizes=\"auto, (max-width: 300px) 85vw, 300px\" \/><\/a><figcaption id=\"caption-attachment-321\" class=\"wp-caption-text\">Stockholm Innenstadt<\/figcaption><\/figure>\n<p style=\"text-align: justify;\">werden wir das unappetitliche Bettzeug vorher entsorgen.<\/p>\n<p style=\"text-align: justify;\">Dann geht&#8217;s mit der T-Bahn, einer U-Bahn, die au\u00dferhalb der Innenstadt meist ohne Tunnel oberirdisch f\u00e4hrt, in einer halben Stunde Fahrt ab in die Stadt.<\/p>\n<p style=\"text-align: justify;\">Zu Fu\u00df streifen wir durch die Altstadt, deren \u00e4lteste Bauten aus dem 13. Jahrhundert stammen sollen, schauen beim Schlo\u00df vorbei und schlendern durch die engen Gassen. F\u00fcr die Wachabl\u00f6sung sind wir zu fr\u00fch dran und in den Innenhof des Schlosses kommen wir heute auch nicht &#8211; K\u00f6nigs scheinen zu Hause zu weilen.<\/p>\n<figure id=\"attachment_322\" aria-describedby=\"caption-attachment-322\" style=\"width: 300px\" class=\"wp-caption alignleft\"><a href=\"https:\/\/bf-on-tour.de\/m-06\/wp-content\/uploads\/sites\/6\/2017\/02\/03-17-e1486916535383.jpg\" rel=\"lightbox[50]\"><img loading=\"lazy\" decoding=\"async\" class=\"size-medium wp-image-322\" src=\"https:\/\/bf-on-tour.de\/m-06\/wp-content\/uploads\/sites\/6\/2017\/02\/03-17-e1486916535383-300x212.jpg\" alt=\"\" width=\"300\" height=\"212\" srcset=\"https:\/\/bf-on-tour.de\/m-06\/wp-content\/uploads\/sites\/6\/2017\/02\/03-17-e1486916535383-300x212.jpg 300w, https:\/\/bf-on-tour.de\/m-06\/wp-content\/uploads\/sites\/6\/2017\/02\/03-17-e1486916535383.jpg 688w\" sizes=\"auto, (max-width: 300px) 85vw, 300px\" \/><\/a><figcaption id=\"caption-attachment-322\" class=\"wp-caption-text\">Stockholm Schloss<\/figcaption><\/figure>\n<p style=\"text-align: justify;\">Wir gehen weiter via Slottsbacken an einem der vielen Hafenbecken in der Stadtmitte entlang, kommen zum Einkaufszentrum Stockholms und wandern weiter zum Nybroplan. Hier sind das Theater sowie die Fassaden einiger altehrw\u00fcrdiger Hotels zu bestaunen und es legen allerlei, zum Teil historisch anmutende F\u00e4hren an, die Passagiere zu einigen der 24.000 bewohnten und unbewohnten Inseln fahren, auf denen die Stadt erbaut ist bzw. die ihr zur Ostsee hin vorgelagert sind.\u00a0Rasch werden wir pflasterm\u00fcde und gegen 20:00 Uhr sind wir wieder zur\u00fcck in der Herberge.<\/p>\n<figure id=\"attachment_323\" aria-describedby=\"caption-attachment-323\" style=\"width: 687px\" class=\"wp-caption aligncenter\"><a href=\"https:\/\/bf-on-tour.de\/m-06\/wp-content\/uploads\/sites\/6\/2017\/02\/04-16-e1486916563100.jpg\" rel=\"lightbox[50]\"><img loading=\"lazy\" decoding=\"async\" class=\"wp-image-323 size-full\" src=\"https:\/\/bf-on-tour.de\/m-06\/wp-content\/uploads\/sites\/6\/2017\/02\/04-16-e1486916563100.jpg\" width=\"687\" height=\"506\" srcset=\"https:\/\/bf-on-tour.de\/m-06\/wp-content\/uploads\/sites\/6\/2017\/02\/04-16-e1486916563100.jpg 687w, https:\/\/bf-on-tour.de\/m-06\/wp-content\/uploads\/sites\/6\/2017\/02\/04-16-e1486916563100-300x221.jpg 300w\" sizes=\"auto, (max-width: 687px) 85vw, 687px\" \/><\/a><figcaption id=\"caption-attachment-323\" class=\"wp-caption-text\">Hafenf\u00e4hren f\u00fcr Touris<\/figcaption><\/figure>\n","protected":false},"excerpt":{"rendered":"<p>Donnerstag, 20. Juli 2006 &#8211; Strecke: 222 km &#8211; Fahrzeit ca. 3 1\/2 Std. Stockholm, wir kommen! Aber im Regen\u2026 P\u00fcnktlich zur Abfahrt fallen die ersten Tropfen. Und es bleibt nicht nur so, es wird noch schlimmer. Die ganze Fahrt bis Enk\u00f6ping fahren wir durch Wasserluft. Entweder sch\u00fcttet es wie aus K\u00fcbeln oder wir haben &hellip; <a href=\"https:\/\/bf-on-tour.de\/m-06\/page-19\/\" class=\"more-link\"><span class=\"screen-reader-text\">\u201eSpontan nach Stockholm\u201c <\/span>weiterlesen<\/a><\/p>\n","protected":false},"author":1,"featured_media":0,"parent":0,"menu_order":19,"comment_status":"open","ping_status":"closed","template":"","meta":{"footnotes":""},"class_list":["post-50","page","type-page","status-publish","hentry"],"_links":{"self":[{"href":"https:\/\/bf-on-tour.de\/m-06\/wp-json\/wp\/v2\/pages\/50","targetHints":{"allow":["GET"]}}],"collection":[{"href":"https:\/\/bf-on-tour.de\/m-06\/wp-json\/wp\/v2\/pages"}],"about":[{"href":"https:\/\/bf-on-tour.de\/m-06\/wp-json\/wp\/v2\/types\/page"}],"author":[{"embeddable":true,"href":"https:\/\/bf-on-tour.de\/m-06\/wp-json\/wp\/v2\/users\/1"}],"replies":[{"embeddable":true,"href":"https:\/\/bf-on-tour.de\/m-06\/wp-json\/wp\/v2\/comments?post=50"}],"version-history":[{"count":5,"href":"https:\/\/bf-on-tour.de\/m-06\/wp-json\/wp\/v2\/pages\/50\/revisions"}],"predecessor-version":[{"id":431,"href":"https:\/\/bf-on-tour.de\/m-06\/wp-json\/wp\/v2\/pages\/50\/revisions\/431"}],"wp:attachment":[{"href":"https:\/\/bf-on-tour.de\/m-06\/wp-json\/wp\/v2\/media?parent=50"}],"curies":[{"name":"wp","href":"https:\/\/api.w.org\/{rel}","templated":true}]}}