{"id":46,"date":"2017-02-12T17:10:48","date_gmt":"2017-02-12T16:10:48","guid":{"rendered":"http:\/\/blog.family-riders.de\/nordkap\/?page_id=46"},"modified":"2020-04-03T11:28:15","modified_gmt":"2020-04-03T09:28:15","slug":"page-17","status":"publish","type":"page","link":"https:\/\/bf-on-tour.de\/m-06\/page-17\/","title":{"rendered":"Entlang der K\u00fcste"},"content":{"rendered":"<p style=\"text-align: justify;\"><strong>Dienstag, 18. Juli 2006 &#8211; Strecke: 341 km &#8211; Fahrzeit ca. 5 1\/2 Std.<\/strong><\/p>\n<figure id=\"attachment_307\" aria-describedby=\"caption-attachment-307\" style=\"width: 300px\" class=\"wp-caption alignright\"><a href=\"https:\/\/bf-on-tour.de\/m-06\/wp-content\/uploads\/sites\/6\/2017\/02\/00-16-e1486915645871.jpg\" rel=\"lightbox[46]\"><img loading=\"lazy\" decoding=\"async\" class=\"size-medium wp-image-307\" src=\"https:\/\/bf-on-tour.de\/m-06\/wp-content\/uploads\/sites\/6\/2017\/02\/00-16-e1486915645871-300x244.jpg\" alt=\"\" width=\"300\" height=\"244\" srcset=\"https:\/\/bf-on-tour.de\/m-06\/wp-content\/uploads\/sites\/6\/2017\/02\/00-16-e1486915645871-300x244.jpg 300w, https:\/\/bf-on-tour.de\/m-06\/wp-content\/uploads\/sites\/6\/2017\/02\/00-16-e1486915645871.jpg 631w\" sizes=\"auto, (max-width: 300px) 85vw, 300px\" \/><\/a><figcaption id=\"caption-attachment-307\" class=\"wp-caption-text\">Von H\u00f6rnefors nach Hudiksvall<\/figcaption><\/figure>\n<p style=\"text-align: justify;\">In der Herberge empfehlen uns zwei Radler, als Alternative zur E4 lieber den K\u00fcstenradweg zu fahren. Dieser f\u00fchre \u00fcber kleine Stra\u00dfen und werde mehr von Motorradfahrern benutzt als von Radlern. &#8222;Einfach im Ort nach links, dann findet ihr den Weg; er ist ausgeschildert&#8220;, hie\u00df es.<\/p>\n<p style=\"text-align: justify;\">In meiner Karte ist nat\u00fcrlich nichts dergleichen eingezeichnet und die nahe Tankstelle hat keine Karten. Deshalb versuchen wir es einfach mal. Tats\u00e4chlich geht es \u00fcber winzige Stra\u00dfen, deren Zustand einen extrem gesunden R\u00fccken, minimale Reaktionszeiten was das Ausweichen von Schlagl\u00f6chern angeht und gute Federn in den Maschinen voraussetzt. Ausgeschildert ist hier nichts und die Ostsee ist auch nicht zu sehen. Nach knapp 20 Kilometern sind wir, wie von einem Automatismus getrieben, wieder auf der E4. Ende des Ausflugs.<\/p>\n<figure id=\"attachment_308\" aria-describedby=\"caption-attachment-308\" style=\"width: 300px\" class=\"wp-caption alignleft\"><a href=\"https:\/\/bf-on-tour.de\/m-06\/wp-content\/uploads\/sites\/6\/2017\/02\/01-15-e1486915693165.jpg\" rel=\"lightbox[46]\"><img loading=\"lazy\" decoding=\"async\" class=\"size-medium wp-image-308\" src=\"https:\/\/bf-on-tour.de\/m-06\/wp-content\/uploads\/sites\/6\/2017\/02\/01-15-e1486915693165-300x206.jpg\" alt=\"\" width=\"300\" height=\"206\" srcset=\"https:\/\/bf-on-tour.de\/m-06\/wp-content\/uploads\/sites\/6\/2017\/02\/01-15-e1486915693165-300x206.jpg 300w, https:\/\/bf-on-tour.de\/m-06\/wp-content\/uploads\/sites\/6\/2017\/02\/01-15-e1486915693165.jpg 687w\" sizes=\"auto, (max-width: 300px) 85vw, 300px\" \/><\/a><figcaption id=\"caption-attachment-308\" class=\"wp-caption-text\">Ein Versuch,\u00a0Nebenstra\u00dfen zu befahren<\/figcaption><\/figure>\n<p style=\"text-align: justify;\">Bis auf einen kleinen Abstecher zwischen Dala und H\u00f6gsjo, wo wir \u00fcber die 332 und die 90 fahren, um ein St\u00fcckchen Autobahn zu umgehen, bleiben wir heute auf der ungeliebten E4.<\/p>\n<p style=\"text-align: justify;\">Durch diesen kleinen Umweg haben wir aber zweierlei Vorteile: Erstens treffen wir auf ein Restaurant in einer alten M\u00fchle, in dem wir gut, reichlich und billig zu MIttag essen k\u00f6nnen &#8211; was in Schweden nicht h\u00e4ufig der Fall ist &#8211; und zweitens sehen wir die gro\u00dfe Br\u00fccke \u00fcber den Storfj\u00e4rden von der Seite.\u00a0Wenn man dar\u00fcberf\u00e4hrt, ist der Anblick einer Br\u00fccke ja in der Regel weit weniger aufregend. Leider ergeben sich immer nur kurze Ausblicke auf die imposante Br\u00fccke und es gibt wegen des Verkehrs kaum Gelegenheit, einmal anzuhalten und ein Foto zu machen.<\/p>\n<figure id=\"attachment_309\" aria-describedby=\"caption-attachment-309\" style=\"width: 300px\" class=\"wp-caption alignright\"><a href=\"https:\/\/bf-on-tour.de\/m-06\/wp-content\/uploads\/sites\/6\/2017\/02\/02-16-e1486915722184.jpg\" rel=\"lightbox[46]\"><img loading=\"lazy\" decoding=\"async\" class=\"size-medium wp-image-309\" src=\"https:\/\/bf-on-tour.de\/m-06\/wp-content\/uploads\/sites\/6\/2017\/02\/02-16-e1486915722184-300x223.jpg\" alt=\"\" width=\"300\" height=\"223\" srcset=\"https:\/\/bf-on-tour.de\/m-06\/wp-content\/uploads\/sites\/6\/2017\/02\/02-16-e1486915722184-300x223.jpg 300w, https:\/\/bf-on-tour.de\/m-06\/wp-content\/uploads\/sites\/6\/2017\/02\/02-16-e1486915722184.jpg 690w\" sizes=\"auto, (max-width: 300px) 85vw, 300px\" \/><\/a><figcaption id=\"caption-attachment-309\" class=\"wp-caption-text\">Am Strand von Hudiksvall<\/figcaption><\/figure>\n<p style=\"text-align: justify;\">Kurz hinter Sundsvall machen wir eine Kaffee-\/Teepause und besuchen eine K\u00fcnstlerwerkstatt, in der aus selbst gesch\u00f6pftem Papier allerlei K\u00fcnstliches entsteht. Wortreich wird uns erkl\u00e4rt und vorgef\u00fchrt, wie man mit einfachsten Mitteln Papier sch\u00f6pft und mit welchen Hilfsmitteln, z.B. Backformen, man dieses dann zu Kunst macht, die mit normalem DIN A4 nichts zu tun hat.<\/p>\n<p style=\"text-align: justify;\">Am Nachmittag bleiben wir in der Herberge von Hudiksvall. Sie ist sehr sch\u00f6n an einer tiefen Ostseebucht gelegen, dem Hudiksvallfjord, allerdings auf dem Gel\u00e4nde eines ziemlich belegten Campingplatzes.<\/p>\n","protected":false},"excerpt":{"rendered":"<p>Dienstag, 18. Juli 2006 &#8211; Strecke: 341 km &#8211; Fahrzeit ca. 5 1\/2 Std. In der Herberge empfehlen uns zwei Radler, als Alternative zur E4 lieber den K\u00fcstenradweg zu fahren. Dieser f\u00fchre \u00fcber kleine Stra\u00dfen und werde mehr von Motorradfahrern benutzt als von Radlern. &#8222;Einfach im Ort nach links, dann findet ihr den Weg; er &hellip; <a href=\"https:\/\/bf-on-tour.de\/m-06\/page-17\/\" class=\"more-link\"><span class=\"screen-reader-text\">\u201eEntlang der K\u00fcste\u201c <\/span>weiterlesen<\/a><\/p>\n","protected":false},"author":1,"featured_media":0,"parent":0,"menu_order":17,"comment_status":"open","ping_status":"closed","template":"","meta":{"footnotes":""},"class_list":["post-46","page","type-page","status-publish","hentry"],"_links":{"self":[{"href":"https:\/\/bf-on-tour.de\/m-06\/wp-json\/wp\/v2\/pages\/46","targetHints":{"allow":["GET"]}}],"collection":[{"href":"https:\/\/bf-on-tour.de\/m-06\/wp-json\/wp\/v2\/pages"}],"about":[{"href":"https:\/\/bf-on-tour.de\/m-06\/wp-json\/wp\/v2\/types\/page"}],"author":[{"embeddable":true,"href":"https:\/\/bf-on-tour.de\/m-06\/wp-json\/wp\/v2\/users\/1"}],"replies":[{"embeddable":true,"href":"https:\/\/bf-on-tour.de\/m-06\/wp-json\/wp\/v2\/comments?post=46"}],"version-history":[{"count":5,"href":"https:\/\/bf-on-tour.de\/m-06\/wp-json\/wp\/v2\/pages\/46\/revisions"}],"predecessor-version":[{"id":429,"href":"https:\/\/bf-on-tour.de\/m-06\/wp-json\/wp\/v2\/pages\/46\/revisions\/429"}],"wp:attachment":[{"href":"https:\/\/bf-on-tour.de\/m-06\/wp-json\/wp\/v2\/media?parent=46"}],"curies":[{"name":"wp","href":"https:\/\/api.w.org\/{rel}","templated":true}]}}