{"id":42,"date":"2017-02-12T16:52:34","date_gmt":"2017-02-12T15:52:34","guid":{"rendered":"http:\/\/blog.family-riders.de\/nordkap\/?page_id=42"},"modified":"2020-04-03T11:27:38","modified_gmt":"2020-04-03T09:27:38","slug":"page-15","status":"publish","type":"page","link":"https:\/\/bf-on-tour.de\/m-06\/page-15\/","title":{"rendered":"Noch ein Tag Finnland"},"content":{"rendered":"<p style=\"text-align: justify;\"><strong>Sonntag, 16. Juli 2006 &#8211; Strecke: 454 km &#8211; Fahrzeit ca. 7 1\/2 Std.<\/strong><\/p>\n<figure id=\"attachment_289\" aria-describedby=\"caption-attachment-289\" style=\"width: 300px\" class=\"wp-caption alignright\"><a href=\"https:\/\/bf-on-tour.de\/m-06\/wp-content\/uploads\/sites\/6\/2017\/02\/00-14-e1486914254916.jpg\" rel=\"lightbox[42]\"><img loading=\"lazy\" decoding=\"async\" class=\"size-medium wp-image-289\" src=\"https:\/\/bf-on-tour.de\/m-06\/wp-content\/uploads\/sites\/6\/2017\/02\/00-14-e1486914254916-300x245.jpg\" alt=\"\" width=\"300\" height=\"245\" srcset=\"https:\/\/bf-on-tour.de\/m-06\/wp-content\/uploads\/sites\/6\/2017\/02\/00-14-e1486914254916-300x245.jpg 300w, https:\/\/bf-on-tour.de\/m-06\/wp-content\/uploads\/sites\/6\/2017\/02\/00-14-e1486914254916.jpg 632w\" sizes=\"auto, (max-width: 300px) 85vw, 300px\" \/><\/a><figcaption id=\"caption-attachment-289\" class=\"wp-caption-text\">Von Kiilop\u00e4\u00e4 nach Kalix<\/figcaption><\/figure>\n<p style=\"text-align: justify;\">Die Rentiere besch\u00e4ftigen uns auch heute. Sie stehen n\u00e4mlich \u00fcberall an und auf den Stra\u00dfen herum und sind durch ihre Tarnfarbe und die geduckte Figur, die deshalb mit Sicherheit den Designpreis der Evolution verdient h\u00e4tte, sehr schlecht zu erkennen. Jetzt im Sommer haben sie auch keine rot gl\u00fchenden Nasen, was zweifellos daran liegt, da\u00df es zur Zeit keinen Gl\u00fchweinausschank gibt. Da hei\u00dft es dann: Aufpassen, abbremsen und abwarten. Bis das Tier oder das Rudel geneigt ist, die Fahrbahn zu verlassen. Ein probates Mittel, diesen Vorgang etwas zu beschleunigen, ist das Hervorsuchen eines Fotoapparates. Sp\u00e4ter merken wir, da\u00df es mit kurzem Hupen noch schneller geht.<\/p>\n<figure id=\"attachment_290\" aria-describedby=\"caption-attachment-290\" style=\"width: 300px\" class=\"wp-caption alignleft\"><a href=\"https:\/\/bf-on-tour.de\/m-06\/wp-content\/uploads\/sites\/6\/2017\/02\/01-13-e1486914284846.jpg\" rel=\"lightbox[42]\"><img loading=\"lazy\" decoding=\"async\" class=\"size-medium wp-image-290\" src=\"https:\/\/bf-on-tour.de\/m-06\/wp-content\/uploads\/sites\/6\/2017\/02\/01-13-e1486914284846-300x168.jpg\" alt=\"\" width=\"300\" height=\"168\" srcset=\"https:\/\/bf-on-tour.de\/m-06\/wp-content\/uploads\/sites\/6\/2017\/02\/01-13-e1486914284846-300x168.jpg 300w, https:\/\/bf-on-tour.de\/m-06\/wp-content\/uploads\/sites\/6\/2017\/02\/01-13-e1486914284846.jpg 690w\" sizes=\"auto, (max-width: 300px) 85vw, 300px\" \/><\/a><figcaption id=\"caption-attachment-290\" class=\"wp-caption-text\">Einsames Rentier<\/figcaption><\/figure>\n<p style=\"text-align: justify;\">Was macht man, wenn die Strecke gut 250 Kilometer lang durch Nadelb\u00e4ume f\u00fchrt, von denen jeder so aussieht wie sein Nachbar? Kartenlesen? Nicht, wenn es ohnehin immer geradeaus geht und Alternativrouten au\u00dfer f\u00fcr Endurofahrer nicht verf\u00fcgbar sind. Ich frage mich, wie viele Milliarden Streichh\u00f6lzer man aus dem Bewuchs dieses Landes wohl schnitzen kann und wie lange die paar Finnen, die hier wohnen, dazu brauchen w\u00fcrden.<\/p>\n<p style=\"text-align: justify;\">Ob die B\u00e4ume schneller nachwachsen als sie bei Vollbesch\u00e4ftigung weggeschnitzt werden? Das zu berechnen scheitert an den vielen Nullen &#8211; ich kann ja nichts aufschreiben w\u00e4hrend der Fahrt &#8211; und an der Unkenntnis, wie viele Finnen es im arbeitsf\u00e4higen Alter \u00fcberhaupt gibt.\u00a0Kinderarbeit ist hier sicher auch verboten\u2026<\/p>\n<figure id=\"attachment_292\" aria-describedby=\"caption-attachment-292\" style=\"width: 300px\" class=\"wp-caption alignright\"><a href=\"https:\/\/bf-on-tour.de\/m-06\/wp-content\/uploads\/sites\/6\/2017\/02\/03-14-e1486914362852.jpg\" rel=\"lightbox[42]\"><img loading=\"lazy\" decoding=\"async\" class=\"size-medium wp-image-292\" src=\"https:\/\/bf-on-tour.de\/m-06\/wp-content\/uploads\/sites\/6\/2017\/02\/03-14-e1486914362852-300x155.jpg\" alt=\"\" width=\"300\" height=\"155\" srcset=\"https:\/\/bf-on-tour.de\/m-06\/wp-content\/uploads\/sites\/6\/2017\/02\/03-14-e1486914362852-300x155.jpg 300w, https:\/\/bf-on-tour.de\/m-06\/wp-content\/uploads\/sites\/6\/2017\/02\/03-14-e1486914362852.jpg 692w\" sizes=\"auto, (max-width: 300px) 85vw, 300px\" \/><\/a><figcaption id=\"caption-attachment-292\" class=\"wp-caption-text\">Immer noch endlos geradeaus<\/figcaption><\/figure>\n<p>Nach 120 Kilometern haben wir endlich Sodankyl\u00e4 erreicht. Liest man im Internet nach, ist hier richtig was los, in Form von Sommerfestivals etc. F\u00fcr uns ist es eher eine Stadt ohne offensichtliche Reize. Eine Stra\u00dfe zweigt ab, die nach Ru\u00dfland f\u00fchrt. Na sch\u00f6n&#8230;<\/p>\n<p style=\"text-align: justify;\">Wir wollen tanken. 1,57 Euro pro Liter. Es ist Sonntag und der Tankautomat nimmt keine unserer Kreditkarten. Die digitale Erkl\u00e4rung in Form einer Ausschrift auf der Tanks\u00e4ule: L\u00e4nglich, aber unergr\u00fcndlich &#8211; siehe Stra\u00dfenschilder. Am Ortsausgang dann eine Tankstelle, die ge\u00f6ffnet hat. Dann ab nach Rovaniemi, der Stadt am Polarkreis. Dort wohnt der Weihnachtsmann. Noch 130 Kilometer. Wie war das gleich mit den Streichh\u00f6lzern???<\/p>\n<figure id=\"attachment_293\" aria-describedby=\"caption-attachment-293\" style=\"width: 535px\" class=\"wp-caption aligncenter\"><a href=\"https:\/\/bf-on-tour.de\/m-06\/wp-content\/uploads\/sites\/6\/2017\/02\/04-13-e1486914391354.jpg\" rel=\"lightbox[42]\"><img loading=\"lazy\" decoding=\"async\" class=\"size-full wp-image-293\" src=\"https:\/\/bf-on-tour.de\/m-06\/wp-content\/uploads\/sites\/6\/2017\/02\/04-13-e1486914391354.jpg\" alt=\"\" width=\"535\" height=\"514\" srcset=\"https:\/\/bf-on-tour.de\/m-06\/wp-content\/uploads\/sites\/6\/2017\/02\/04-13-e1486914391354.jpg 535w, https:\/\/bf-on-tour.de\/m-06\/wp-content\/uploads\/sites\/6\/2017\/02\/04-13-e1486914391354-300x288.jpg 300w\" sizes=\"auto, (max-width: 535px) 85vw, 535px\" \/><\/a><figcaption id=\"caption-attachment-293\" class=\"wp-caption-text\">Am Polarkreis<\/figcaption><\/figure>\n<p style=\"text-align: justify;\">Eine Stunde sp\u00e4ter haben wir den Polarkreis erreicht. Man kann ihn diesmal nicht \u00fcbersehen. Die Stra\u00dfenschilder sind mit Grafiken verziert, damit selbst die wenigen Leute, die kein Finnisch verstehen, sich rechtzeitig links einordnen um von der E75 abzubiegen. Nat\u00fcrlich tun wir das auch und landen in einem ziemlich riesigen Rummelplatz f\u00fcr das Gemeinschaftserlebnis &#8222;Weihnachtsmann und Polarkreis&#8220;. Der Polarkreis geht dabei fast unter. Wir m\u00fcssen ihn erst einmal suchen. Dann allerdings stellen wir unsere Maschinen demonstrativ auf den am Boden aufgemalten Strich und machen Fotos.<\/p>\n<figure id=\"attachment_294\" aria-describedby=\"caption-attachment-294\" style=\"width: 300px\" class=\"wp-caption alignleft\"><a href=\"https:\/\/bf-on-tour.de\/m-06\/wp-content\/uploads\/sites\/6\/2017\/02\/05-12-e1486914420903.jpg\" rel=\"lightbox[42]\"><img loading=\"lazy\" decoding=\"async\" class=\"size-medium wp-image-294\" src=\"https:\/\/bf-on-tour.de\/m-06\/wp-content\/uploads\/sites\/6\/2017\/02\/05-12-e1486914420903-300x221.jpg\" alt=\"\" width=\"300\" height=\"221\" srcset=\"https:\/\/bf-on-tour.de\/m-06\/wp-content\/uploads\/sites\/6\/2017\/02\/05-12-e1486914420903-300x221.jpg 300w, https:\/\/bf-on-tour.de\/m-06\/wp-content\/uploads\/sites\/6\/2017\/02\/05-12-e1486914420903.jpg 687w\" sizes=\"auto, (max-width: 300px) 85vw, 300px\" \/><\/a><figcaption id=\"caption-attachment-294\" class=\"wp-caption-text\">Beim Weihnachtsmann<\/figcaption><\/figure>\n<p style=\"text-align: justify;\">Und der Weihnachtsmann? Der ist scheinbar geflohen vor dem ganzen Rummel, denn das hier erinnert eher an Jahrmarkt als an Weihnachten oder an den Wechsel zum Reich der Mitternachtssonne. Sp\u00e4ter erfahren wir, da\u00df er nach Kopenhagen zum allj\u00e4hrlichen Weihnachtsmannkongre\u00df gefahren sein mu\u00df. OK, wir machen trotzdem ein paar Fotos und fahren dann rasch weiter.<\/p>\n<figure id=\"attachment_295\" aria-describedby=\"caption-attachment-295\" style=\"width: 300px\" class=\"wp-caption alignright\"><a href=\"https:\/\/bf-on-tour.de\/m-06\/wp-content\/uploads\/sites\/6\/2017\/02\/06-11-e1486914448111.jpg\" rel=\"lightbox[42]\"><img loading=\"lazy\" decoding=\"async\" class=\"size-medium wp-image-295\" src=\"https:\/\/bf-on-tour.de\/m-06\/wp-content\/uploads\/sites\/6\/2017\/02\/06-11-e1486914448111-300x222.jpg\" alt=\"\" width=\"300\" height=\"222\" srcset=\"https:\/\/bf-on-tour.de\/m-06\/wp-content\/uploads\/sites\/6\/2017\/02\/06-11-e1486914448111-300x222.jpg 300w, https:\/\/bf-on-tour.de\/m-06\/wp-content\/uploads\/sites\/6\/2017\/02\/06-11-e1486914448111.jpg 688w\" sizes=\"auto, (max-width: 300px) 85vw, 300px\" \/><\/a><figcaption id=\"caption-attachment-295\" class=\"wp-caption-text\">Weihnachtsmannshop<\/figcaption><\/figure>\n<p style=\"text-align: justify;\">Noch 125 Kilometer bis Haparanda, dem ersten Ort in Schweden. Jetzt sind deutlich mehr Fahrzeuge auf den Stra\u00dfen als zuvor. Es herrscht Sonntagnachmittagsverkehr und wir \u00fcben uns im \u00dcberholen von brabbelnden Choppern und schleichenden Ausfl\u00fcglern. Da vergeht die Zeit schon etwas schneller und die langen Geraden sind jetzt gar nicht mal so \u00fcbel.<\/p>\n<p style=\"text-align: justify;\">Die Grenze zu Schweden ist bald erreicht. Schnell noch einmal tanken, denn der Sprit ist mit 1,36 Euro pro Liter relativ g\u00fcnstig. Wer wei\u00df, wie das in Schweden ist. Aber der Tankautomat spuckt auch hier unsere Karten wieder aus. Begr\u00fcndung, diesmal sogar zweisprachig auch auf Englisch: Er nimmt nur finnische Karten. Also tanken wir f\u00fcr drei Cent mehr an der letzten ge\u00f6ffneten Tankstelle in Finnland.<\/p>\n<figure id=\"attachment_296\" aria-describedby=\"caption-attachment-296\" style=\"width: 687px\" class=\"wp-caption aligncenter\"><a href=\"https:\/\/bf-on-tour.de\/m-06\/wp-content\/uploads\/sites\/6\/2017\/02\/07-8-e1486914475173.jpg\" rel=\"lightbox[42]\"><img loading=\"lazy\" decoding=\"async\" class=\"size-full wp-image-296\" src=\"https:\/\/bf-on-tour.de\/m-06\/wp-content\/uploads\/sites\/6\/2017\/02\/07-8-e1486914475173.jpg\" alt=\"\" width=\"687\" height=\"395\" srcset=\"https:\/\/bf-on-tour.de\/m-06\/wp-content\/uploads\/sites\/6\/2017\/02\/07-8-e1486914475173.jpg 687w, https:\/\/bf-on-tour.de\/m-06\/wp-content\/uploads\/sites\/6\/2017\/02\/07-8-e1486914475173-300x172.jpg 300w\" sizes=\"auto, (max-width: 687px) 85vw, 687px\" \/><\/a><figcaption id=\"caption-attachment-296\" class=\"wp-caption-text\">Haparanda<\/figcaption><\/figure>\n<p style=\"text-align: justify;\">In Haparanda wollten wir in der Jugendherberge bleiben, aber das \u00fcberlegen wir uns, denn die Stadt ist absolut reizlos; eine Zusammenstellung mehr oder weniger verkommener Holz- und Betonbuden umgeben von tristen Wohnblocks. Selbst die G\u00e4rten und das Stra\u00dfengr\u00fcn helfen nicht, ein besseres Bild zu schaffen. Der Bahnhof ist noch ganz ansehnlich, aber das war&#8217;s dann auch.<\/p>\n<p style=\"text-align: justify;\">Wir machen einen Abstecher zum Yachthafen. Dem n\u00f6rdlichsten Yachthafen der Ostsee, der nur sechs Wochen im Jahr eisfrei sein soll. Er stellt eine besondere Herausforderung f\u00fcr jeden Segler dar,\u00a0denn auf eigenem Kiel hierher zu kommen, bedarf nicht nur einer gewissen Ausdauer &#8211; d.h. man mu\u00df reichlich Zeit mitbringen &#8211; sondern bedeutet auch das Vordringen in Regionen, die dem normalen deutschen Ostseesegler weitgehend verschlossen bleiben. Mit dem eigenen Schiff hier einzulaufen ist in etwa gleichbedeutend mit unserer Ankunft am Nordkap.<\/p>\n<figure id=\"attachment_297\" aria-describedby=\"caption-attachment-297\" style=\"width: 300px\" class=\"wp-caption alignright\"><a href=\"https:\/\/bf-on-tour.de\/m-06\/wp-content\/uploads\/sites\/6\/2017\/02\/08-5-e1486914506505.jpg\" rel=\"lightbox[42]\"><img loading=\"lazy\" decoding=\"async\" class=\"size-medium wp-image-297\" src=\"https:\/\/bf-on-tour.de\/m-06\/wp-content\/uploads\/sites\/6\/2017\/02\/08-5-e1486914506505-300x198.jpg\" alt=\"\" width=\"300\" height=\"198\" srcset=\"https:\/\/bf-on-tour.de\/m-06\/wp-content\/uploads\/sites\/6\/2017\/02\/08-5-e1486914506505-300x198.jpg 300w, https:\/\/bf-on-tour.de\/m-06\/wp-content\/uploads\/sites\/6\/2017\/02\/08-5-e1486914506505.jpg 688w\" sizes=\"auto, (max-width: 300px) 85vw, 300px\" \/><\/a><figcaption id=\"caption-attachment-297\" class=\"wp-caption-text\">Jugendherberge in Kalix<\/figcaption><\/figure>\n<p style=\"text-align: justify;\">Und tats\u00e4chlich liegt eine deutsche Yacht im Hafen &#8211; eine HR36, die &#8222;Kairos&#8220; &#8211; kurioser Weise aus dem niederl\u00e4ndischen Ort Bruinisse. Leider ist niemand an Bord, ich h\u00e4tte gern nach dem Reiseverlauf gefragt. Dann fahren wir weiter nach Kalix und \u00fcbernachten in der sehr sch\u00f6nen JH, einem alten Herrenhaus.<\/p>\n","protected":false},"excerpt":{"rendered":"<p>Sonntag, 16. Juli 2006 &#8211; Strecke: 454 km &#8211; Fahrzeit ca. 7 1\/2 Std. Die Rentiere besch\u00e4ftigen uns auch heute. Sie stehen n\u00e4mlich \u00fcberall an und auf den Stra\u00dfen herum und sind durch ihre Tarnfarbe und die geduckte Figur, die deshalb mit Sicherheit den Designpreis der Evolution verdient h\u00e4tte, sehr schlecht zu erkennen. Jetzt im &hellip; <a href=\"https:\/\/bf-on-tour.de\/m-06\/page-15\/\" class=\"more-link\"><span class=\"screen-reader-text\">\u201eNoch ein Tag Finnland\u201c <\/span>weiterlesen<\/a><\/p>\n","protected":false},"author":1,"featured_media":0,"parent":0,"menu_order":15,"comment_status":"open","ping_status":"closed","template":"","meta":{"footnotes":""},"class_list":["post-42","page","type-page","status-publish","hentry"],"_links":{"self":[{"href":"https:\/\/bf-on-tour.de\/m-06\/wp-json\/wp\/v2\/pages\/42","targetHints":{"allow":["GET"]}}],"collection":[{"href":"https:\/\/bf-on-tour.de\/m-06\/wp-json\/wp\/v2\/pages"}],"about":[{"href":"https:\/\/bf-on-tour.de\/m-06\/wp-json\/wp\/v2\/types\/page"}],"author":[{"embeddable":true,"href":"https:\/\/bf-on-tour.de\/m-06\/wp-json\/wp\/v2\/users\/1"}],"replies":[{"embeddable":true,"href":"https:\/\/bf-on-tour.de\/m-06\/wp-json\/wp\/v2\/comments?post=42"}],"version-history":[{"count":7,"href":"https:\/\/bf-on-tour.de\/m-06\/wp-json\/wp\/v2\/pages\/42\/revisions"}],"predecessor-version":[{"id":427,"href":"https:\/\/bf-on-tour.de\/m-06\/wp-json\/wp\/v2\/pages\/42\/revisions\/427"}],"wp:attachment":[{"href":"https:\/\/bf-on-tour.de\/m-06\/wp-json\/wp\/v2\/media?parent=42"}],"curies":[{"name":"wp","href":"https:\/\/api.w.org\/{rel}","templated":true}]}}