{"id":34,"date":"2017-02-02T21:38:30","date_gmt":"2017-02-02T20:38:30","guid":{"rendered":"http:\/\/blog.family-riders.de\/nordkap\/?page_id=34"},"modified":"2020-04-03T11:26:26","modified_gmt":"2020-04-03T09:26:26","slug":"page-11","status":"publish","type":"page","link":"https:\/\/bf-on-tour.de\/m-06\/page-11\/","title":{"rendered":"Dickes Wetter auf den Lofoten"},"content":{"rendered":"<p style=\"text-align: justify;\"><strong>Mittwoch, 12. Juli 2006 &#8211; Strecke: 345 km &#8211; Fahrzeit ca. 9 Std.<\/strong><\/p>\n<figure id=\"attachment_243\" aria-describedby=\"caption-attachment-243\" style=\"width: 300px\" class=\"wp-caption alignright\"><a href=\"https:\/\/bf-on-tour.de\/m-06\/wp-content\/uploads\/sites\/6\/2017\/02\/00-10-e1486909681971.jpg\" rel=\"lightbox[34]\"><img loading=\"lazy\" decoding=\"async\" class=\"size-medium wp-image-243\" src=\"https:\/\/bf-on-tour.de\/m-06\/wp-content\/uploads\/sites\/6\/2017\/02\/00-10-e1486909681971-300x244.jpg\" alt=\"\" width=\"300\" height=\"244\" srcset=\"https:\/\/bf-on-tour.de\/m-06\/wp-content\/uploads\/sites\/6\/2017\/02\/00-10-e1486909681971-300x244.jpg 300w, https:\/\/bf-on-tour.de\/m-06\/wp-content\/uploads\/sites\/6\/2017\/02\/00-10-e1486909681971.jpg 633w\" sizes=\"auto, (max-width: 300px) 85vw, 300px\" \/><\/a><figcaption id=\"caption-attachment-243\" class=\"wp-caption-text\">Von \u00c5 nach Harstadt<\/figcaption><\/figure>\n<p style=\"text-align: justify;\">Um 5:00 Uhr wache ich auf: 14\u00b0 Celsius und es regnet. Die gestern noch hoch aufragenden Berge sind ebenso verschwunden wie der Sonnenschein. Wolkenfetzen wabern dicht \u00fcber dem Museumsdach. Schlechter Traum oder Wirklichkeit?\u00a0Schnell noch einmal umgedreht. Wenn&#8217;s ein Traum war, will ich ihn schnell zu Ende tr\u00e4umen, sollte es das Wetter gewesen sein, ist ohnehin nichts daran zu \u00e4ndern.<\/p>\n<figure id=\"attachment_244\" aria-describedby=\"caption-attachment-244\" style=\"width: 300px\" class=\"wp-caption alignleft\"><a href=\"https:\/\/bf-on-tour.de\/m-06\/wp-content\/uploads\/sites\/6\/2017\/02\/01-9-e1486909663245.jpg\" rel=\"lightbox[34]\"><img loading=\"lazy\" decoding=\"async\" class=\"size-medium wp-image-244\" src=\"https:\/\/bf-on-tour.de\/m-06\/wp-content\/uploads\/sites\/6\/2017\/02\/01-9-e1486909663245-300x171.jpg\" alt=\"\" width=\"300\" height=\"171\" srcset=\"https:\/\/bf-on-tour.de\/m-06\/wp-content\/uploads\/sites\/6\/2017\/02\/01-9-e1486909663245-300x171.jpg 300w, https:\/\/bf-on-tour.de\/m-06\/wp-content\/uploads\/sites\/6\/2017\/02\/01-9-e1486909663245.jpg 680w\" sizes=\"auto, (max-width: 300px) 85vw, 300px\" \/><\/a><figcaption id=\"caption-attachment-244\" class=\"wp-caption-text\">Lofoten im\u00a0Regen &#8211; trostlos&#8230;<\/figcaption><\/figure>\n<p style=\"text-align: justify;\">Nat\u00fcrlich ist es das Wetter. Wir fr\u00fchst\u00fccken in der kalten K\u00fcche, wobei das Elchbrot von gestern heute durch eine halbe Tafel Schokolade ersetzt wird, packen unsere sieben Sachen auf die nassen Maschinen und fahren in die dunkle Wand aus Regen und tief h\u00e4ngenden Wolken. Wo sind blo\u00df die Berge geblieben?<\/p>\n<p style=\"text-align: justify;\">Heute wollen wir bis Sortland der E10 folgen, dann auf die 82 wechseln und in Andesnes in der Jugendherberge bleiben. Bei sch\u00f6nem Wetter h\u00e4tten wir sicher noch die 815 befahren, aber heute w\u00e4re das kaum interessanter als die E10.<\/p>\n<figure id=\"attachment_245\" aria-describedby=\"caption-attachment-245\" style=\"width: 300px\" class=\"wp-caption alignright\"><a href=\"https:\/\/bf-on-tour.de\/m-06\/wp-content\/uploads\/sites\/6\/2017\/02\/02-10-e1486909647183.jpg\" rel=\"lightbox[34]\"><img loading=\"lazy\" decoding=\"async\" class=\"size-medium wp-image-245\" src=\"https:\/\/bf-on-tour.de\/m-06\/wp-content\/uploads\/sites\/6\/2017\/02\/02-10-e1486909647183-300x189.jpg\" alt=\"\" width=\"300\" height=\"189\" srcset=\"https:\/\/bf-on-tour.de\/m-06\/wp-content\/uploads\/sites\/6\/2017\/02\/02-10-e1486909647183-300x189.jpg 300w, https:\/\/bf-on-tour.de\/m-06\/wp-content\/uploads\/sites\/6\/2017\/02\/02-10-e1486909647183.jpg 685w\" sizes=\"auto, (max-width: 300px) 85vw, 300px\" \/><\/a><figcaption id=\"caption-attachment-245\" class=\"wp-caption-text\">Zeitweilig regnet es weniger<\/figcaption><\/figure>\n<p style=\"text-align: justify;\">Die entpuppt sich zun\u00e4chst als besserer Feldweg. Einspurig klebt sie zwischen den unsichtbaren Felsen und dem Atlantik. Die Randbegrenzung zum Wasser ist l\u00fcckenhaft und besteht, wenn \u00fcberhaupt, nur aus ein paar Steinquadern. Der Belag ist na\u00df und ziemlich rutschig. Vor uns schleicht ein Bus, der zur F\u00e4hre in S\u00f8rv\u00e5gen will. Wir schleichen hinterher.\u00a0An \u00dcberholen ist gar nicht zu denken. Was soll aus diesem Tag blo\u00df werden, wenn wir immer hinter irgendwelchen Schleichern oder stinkenden Dieseln herfahren m\u00fcssen.<\/p>\n<p style=\"text-align: justify;\">Na, wenigstens lockert die Regenfront etwas auf als wir bei R\u00f8mberg die Nordseite der Lofoten erreichen und die Stra\u00dfe wird breiter, fast sogar zweispurig. Daf\u00fcr weht es hier m\u00e4chtig und wir frieren. Bei etwa 8 Bft. &#8211; meine Sch\u00e4tzung beruht darauf, da\u00df wir bei guten 60 km\/h und R\u00fcckenwind keinen Fahrtwind mehr sp\u00fcren &#8211; liegt die gef\u00fchlte Temperatur durch den Chillfaktor bei ca. 3\u00b0. Da hilft auch das bereits eingezogene Winterfell in Jacke und Hose meiner Tourenkombi nur noch bedingt. Hendrik hat es mit seiner winddichten Regenkombi auch nicht viel besser, ihm fehlt Warmes zum Unterziehen.<\/p>\n<figure id=\"attachment_246\" aria-describedby=\"caption-attachment-246\" style=\"width: 683px\" class=\"wp-caption aligncenter\"><a href=\"https:\/\/bf-on-tour.de\/m-06\/wp-content\/uploads\/sites\/6\/2017\/02\/03-10-e1486909630117.jpg\" rel=\"lightbox[34]\"><img loading=\"lazy\" decoding=\"async\" class=\"wp-image-246 size-full\" src=\"https:\/\/bf-on-tour.de\/m-06\/wp-content\/uploads\/sites\/6\/2017\/02\/03-10-e1486909630117.jpg\" width=\"683\" height=\"374\" srcset=\"https:\/\/bf-on-tour.de\/m-06\/wp-content\/uploads\/sites\/6\/2017\/02\/03-10-e1486909630117.jpg 683w, https:\/\/bf-on-tour.de\/m-06\/wp-content\/uploads\/sites\/6\/2017\/02\/03-10-e1486909630117-300x164.jpg 300w\" sizes=\"auto, (max-width: 683px) 85vw, 683px\" \/><\/a><figcaption id=\"caption-attachment-246\" class=\"wp-caption-text\">Regen und Sturm<\/figcaption><\/figure>\n<p style=\"text-align: justify;\">Und: Der Wind kommt nicht konstant aus einer Richtung. Er f\u00e4llt in kurzen aber heftigen Sch\u00fcben ein, bricht sich laufend an den steilen Bergw\u00e4nden, wird durch schmale T\u00e4ler und Einschnitte in den Felsen umgeleitet und kommt damit f\u00fcr uns von allen Seiten abwechselnd.\u00a0Es ist nicht ganz einfach, sich fahrtechnisch darauf einzustellen. Wir haben M\u00fche, nicht auf die Gegenfahrbahn oder an die Felsen geweht zu werden. Jedenfalls werden wir richtig durchgesch\u00fcttelt und kommen auch auf freien Strecken nur langsam voran.<\/p>\n<p style=\"text-align: justify;\">Zur Verbindung der vielen einzelnen Inseln treffen wir hier allerorten auf die typischen Lofotenbr\u00fccken. Sie sehen aus, wie eine Gau\u00dfglocke und die gro\u00dfen unter ihnen sind in der Mitte so hoch, da\u00df ein Postschiff darunter hindurch fahren kann, also etwa 20 bis 30 Meter. Zun\u00e4chst sind diese Br\u00fccken lediglich interessante Objekte zum Fotografieren. Als wir jedoch selbst dar\u00fcber m\u00fcssen, zeigen sie sich von einer h\u00f6chst unangenehmen Seite: Einige liegen n\u00e4mlich quer zur Windrichtung, haben kaum eine Seitenbegrenzung und wenn sie dann noch extrem schmal sind, so da\u00df sie nur mit einer Ampelschaltung im Wechsel einspurig zu befahren sind,\u00a0haben wir berechtigte Angst, von diesen Bauwerken heruntergeweht zu werden.<\/p>\n<figure id=\"attachment_247\" aria-describedby=\"caption-attachment-247\" style=\"width: 300px\" class=\"wp-caption alignright\"><a href=\"https:\/\/bf-on-tour.de\/m-06\/wp-content\/uploads\/sites\/6\/2017\/02\/04-9-e1486909611802.jpg\" rel=\"lightbox[34]\"><img loading=\"lazy\" decoding=\"async\" class=\"size-medium wp-image-247\" src=\"https:\/\/bf-on-tour.de\/m-06\/wp-content\/uploads\/sites\/6\/2017\/02\/04-9-e1486909611802-300x155.jpg\" alt=\"\" width=\"300\" height=\"155\" srcset=\"https:\/\/bf-on-tour.de\/m-06\/wp-content\/uploads\/sites\/6\/2017\/02\/04-9-e1486909611802-300x155.jpg 300w, https:\/\/bf-on-tour.de\/m-06\/wp-content\/uploads\/sites\/6\/2017\/02\/04-9-e1486909611802.jpg 685w\" sizes=\"auto, (max-width: 300px) 85vw, 300px\" \/><\/a><figcaption id=\"caption-attachment-247\" class=\"wp-caption-text\">Die Wolken ziehen nur knapp \u00fcber uns hinweg<\/figcaption><\/figure>\n<p style=\"text-align: justify;\">Fahren wir langsam, dauert die Passage und wir m\u00fcssen viele B\u00f6en parieren, fahren wir schneller, m\u00fcssen wir noch heftiger und konsequenter darauf reagieren, was auch nicht ungef\u00e4hrlich ist. Wir tr\u00f6sten uns damit, da\u00df die meisten dieser Br\u00fccken doch zweispurig sind, uns selten ein Fahrzeug entgegen kommt und wir damit den Platz der Gegenfahrbahn einfach zum Ausgleichen der Balance mit nutzen k\u00f6nnen.\u00a0Trotzdem sind wir nach jeder Br\u00fccke froh, sie hinter uns zu haben.<\/p>\n<figure id=\"attachment_248\" aria-describedby=\"caption-attachment-248\" style=\"width: 300px\" class=\"wp-caption alignleft\"><a href=\"https:\/\/bf-on-tour.de\/m-06\/wp-content\/uploads\/sites\/6\/2017\/02\/05-8-e1486909590516.jpg\" rel=\"lightbox[34]\"><img loading=\"lazy\" decoding=\"async\" class=\"size-medium wp-image-248\" src=\"https:\/\/bf-on-tour.de\/m-06\/wp-content\/uploads\/sites\/6\/2017\/02\/05-8-e1486909590516-300x215.jpg\" alt=\"\" width=\"300\" height=\"215\" srcset=\"https:\/\/bf-on-tour.de\/m-06\/wp-content\/uploads\/sites\/6\/2017\/02\/05-8-e1486909590516-300x215.jpg 300w, https:\/\/bf-on-tour.de\/m-06\/wp-content\/uploads\/sites\/6\/2017\/02\/05-8-e1486909590516.jpg 688w\" sizes=\"auto, (max-width: 300px) 85vw, 300px\" \/><\/a><figcaption id=\"caption-attachment-248\" class=\"wp-caption-text\">Vertser\u00e5len<\/figcaption><\/figure>\n<p style=\"text-align: justify;\">Als wir die Insel Austv\u00e5g\u00f8y erreicht haben, hat es mit dem Regen ein Ende und auch der Wind ist deutlich abgeflaut. Jetzt sehen wir etwas mehr von der Landschaft, wenngleich die H\u00f6he der Berge noch immer nicht auszumachen ist. In Fiskeb\u00f8l \u00fcberlegen wir kurz, die Stra\u00dfe nach Gullesfjordbottn zu nehmen, aber sie ist leider noch im Bau. Also fahren wir mit der F\u00e4hre hin\u00fcber zu den Vester\u00e5len nach Melbu auf der Insel Lang\u00f8ya. Schade, da\u00df wir das Fahrzeugdeck nicht verlassen d\u00fcrfen. So sehen wir nichts von der \u00dcberfahrt.\u00a0Aber der Kapit\u00e4n hat diese Anweisung erlassen, weil die See auf dem Hadselfjord heute durch den Sturm so aufgew\u00fchlt ist. Die F\u00e4hre hat n\u00e4mlich keine Zurrgurte und wir m\u00fcssen die Maschinen selbst festhalten.<\/p>\n<figure id=\"attachment_249\" aria-describedby=\"caption-attachment-249\" style=\"width: 300px\" class=\"wp-caption alignright\"><a href=\"https:\/\/bf-on-tour.de\/m-06\/wp-content\/uploads\/sites\/6\/2017\/02\/06-7-e1486909569104.jpg\" rel=\"lightbox[34]\"><img loading=\"lazy\" decoding=\"async\" class=\"size-medium wp-image-249\" src=\"https:\/\/bf-on-tour.de\/m-06\/wp-content\/uploads\/sites\/6\/2017\/02\/06-7-e1486909569104-300x172.jpg\" alt=\"\" width=\"300\" height=\"172\" srcset=\"https:\/\/bf-on-tour.de\/m-06\/wp-content\/uploads\/sites\/6\/2017\/02\/06-7-e1486909569104-300x172.jpg 300w, https:\/\/bf-on-tour.de\/m-06\/wp-content\/uploads\/sites\/6\/2017\/02\/06-7-e1486909569104.jpg 687w\" sizes=\"auto, (max-width: 300px) 85vw, 300px\" \/><\/a><figcaption id=\"caption-attachment-249\" class=\"wp-caption-text\">Stockmarknes, das Wetter wird ruhiger<\/figcaption><\/figure>\n<p style=\"text-align: justify;\">Die Vester\u00e5len kommen uns etwas lieblicher vor als die Lofoten. Hier sind die T\u00e4ler weiter und der Himmel ist wieder etwas h\u00f6her, sprich, das Wetter hat sich noch einmal gebessert. Allerdings ist es noch immer bitter kalt und es weht in Sortland auf der Br\u00fccke nach Hinn\u00f8ya durchaus noch mit amtlich angezeigten 11 m\/sec.<\/p>\n<p style=\"text-align: justify;\">Hendrik will nicht mehr nach Norden. Und er will auch morgen nicht mit der F\u00e4hre von Andesnes nach Gryllefjord fahren. Er will nach S\u00fcden und die E10 f\u00fchrt nach S\u00fcden. Die 82 nicht. Etwas schade ist das schon,\u00a0denn die JH Andesnes ist die letzte Jugendherberge auf dem Festlandshelf und die Insel Senja w\u00e4re sicher auch noch ein kleiner Leckerbissen gewesen. Aber man mu\u00df flexibel bleiben. Daher hei\u00dft die Richtung S\u00fcd und die Stra\u00dfe weiterhin E10.<\/p>\n<figure id=\"attachment_250\" aria-describedby=\"caption-attachment-250\" style=\"width: 569px\" class=\"wp-caption aligncenter\"><a href=\"https:\/\/bf-on-tour.de\/m-06\/wp-content\/uploads\/sites\/6\/2017\/02\/07-5-e1486909552355.jpg\" rel=\"lightbox[34]\"><img loading=\"lazy\" decoding=\"async\" class=\"wp-image-250 size-full\" src=\"https:\/\/bf-on-tour.de\/m-06\/wp-content\/uploads\/sites\/6\/2017\/02\/07-5-e1486909552355.jpg\" width=\"569\" height=\"335\" srcset=\"https:\/\/bf-on-tour.de\/m-06\/wp-content\/uploads\/sites\/6\/2017\/02\/07-5-e1486909552355.jpg 569w, https:\/\/bf-on-tour.de\/m-06\/wp-content\/uploads\/sites\/6\/2017\/02\/07-5-e1486909552355-300x177.jpg 300w\" sizes=\"auto, (max-width: 569px) 85vw, 569px\" \/><\/a><figcaption id=\"caption-attachment-250\" class=\"wp-caption-text\">&#8222;Die Br\u00fccke der Entscheidung&#8220;<\/figcaption><\/figure>\n<p style=\"text-align: justify;\">Das f\u00fchrt jedoch zu einem Problem mit der \u00dcbernachtung. F\u00fcr Camping ist es uns zu kalt und die n\u00e4chste Jugendherberge liegt in Harstad, einer kleinen Industriestadt am n\u00f6rdlichen Zipfel der Insel Hinn\u00f8ya. Als wir das in Steinsland merken, \u00e4rgern wir uns doch ein wenig, denn dorthin h\u00e4tten wir \u00fcber die 830 sicher schneller und landschaftlich reizvoller fahren k\u00f6nnen. Egal, wir fahren das kleine St\u00fcckchen E10 bis zum Abzweig der 83 zur\u00fcck und erreichen problemlos die Jugendherberge. Wir beziehen ein Zimmer mit Meeresblick, es scheint sogar wirklich die Sonne und die dunklen Wolken verschwinden hinter dem Horizont. Jetzt f\u00fcr gute 20 Minuten ab unter die herrlich warme Dusche und der Rest des Tages ist gerettet!<\/p>\n","protected":false},"excerpt":{"rendered":"<p>Mittwoch, 12. Juli 2006 &#8211; Strecke: 345 km &#8211; Fahrzeit ca. 9 Std. Um 5:00 Uhr wache ich auf: 14\u00b0 Celsius und es regnet. Die gestern noch hoch aufragenden Berge sind ebenso verschwunden wie der Sonnenschein. Wolkenfetzen wabern dicht \u00fcber dem Museumsdach. Schlechter Traum oder Wirklichkeit?\u00a0Schnell noch einmal umgedreht. Wenn&#8217;s ein Traum war, will ich &hellip; <a href=\"https:\/\/bf-on-tour.de\/m-06\/page-11\/\" class=\"more-link\"><span class=\"screen-reader-text\">\u201eDickes Wetter auf den Lofoten\u201c <\/span>weiterlesen<\/a><\/p>\n","protected":false},"author":1,"featured_media":0,"parent":0,"menu_order":11,"comment_status":"open","ping_status":"closed","template":"","meta":{"footnotes":""},"class_list":["post-34","page","type-page","status-publish","hentry"],"_links":{"self":[{"href":"https:\/\/bf-on-tour.de\/m-06\/wp-json\/wp\/v2\/pages\/34","targetHints":{"allow":["GET"]}}],"collection":[{"href":"https:\/\/bf-on-tour.de\/m-06\/wp-json\/wp\/v2\/pages"}],"about":[{"href":"https:\/\/bf-on-tour.de\/m-06\/wp-json\/wp\/v2\/types\/page"}],"author":[{"embeddable":true,"href":"https:\/\/bf-on-tour.de\/m-06\/wp-json\/wp\/v2\/users\/1"}],"replies":[{"embeddable":true,"href":"https:\/\/bf-on-tour.de\/m-06\/wp-json\/wp\/v2\/comments?post=34"}],"version-history":[{"count":8,"href":"https:\/\/bf-on-tour.de\/m-06\/wp-json\/wp\/v2\/pages\/34\/revisions"}],"predecessor-version":[{"id":423,"href":"https:\/\/bf-on-tour.de\/m-06\/wp-json\/wp\/v2\/pages\/34\/revisions\/423"}],"wp:attachment":[{"href":"https:\/\/bf-on-tour.de\/m-06\/wp-json\/wp\/v2\/media?parent=34"}],"curies":[{"name":"wp","href":"https:\/\/api.w.org\/{rel}","templated":true}]}}