{"id":32,"date":"2017-02-02T21:34:40","date_gmt":"2017-02-02T20:34:40","guid":{"rendered":"http:\/\/blog.family-riders.de\/nordkap\/?page_id=32"},"modified":"2020-04-03T11:26:08","modified_gmt":"2020-04-03T09:26:08","slug":"page-10","status":"publish","type":"page","link":"https:\/\/bf-on-tour.de\/m-06\/page-10\/","title":{"rendered":"Ins Museum"},"content":{"rendered":"<p style=\"text-align: justify;\"><strong>Dienstag, 11. Juli 2006 &#8211; Strecke: 184 km &#8211; Fahrzeit ca. 8 Std.<\/strong><\/p>\n<figure id=\"attachment_230\" aria-describedby=\"caption-attachment-230\" style=\"width: 300px\" class=\"wp-caption alignright\"><a href=\"https:\/\/bf-on-tour.de\/m-06\/wp-content\/uploads\/sites\/6\/2017\/02\/00-9-e1486908400531.jpg\" rel=\"lightbox[32]\"><img loading=\"lazy\" decoding=\"async\" class=\"size-medium wp-image-230\" src=\"https:\/\/bf-on-tour.de\/m-06\/wp-content\/uploads\/sites\/6\/2017\/02\/00-9-e1486908400531-300x245.jpg\" alt=\"\" width=\"300\" height=\"245\" srcset=\"https:\/\/bf-on-tour.de\/m-06\/wp-content\/uploads\/sites\/6\/2017\/02\/00-9-e1486908400531-300x245.jpg 300w, https:\/\/bf-on-tour.de\/m-06\/wp-content\/uploads\/sites\/6\/2017\/02\/00-9-e1486908400531.jpg 630w\" sizes=\"auto, (max-width: 300px) 85vw, 300px\" \/><\/a><figcaption id=\"caption-attachment-230\" class=\"wp-caption-text\">Von Fur\u00f6y nach \u00c5<\/figcaption><\/figure>\n<p style=\"text-align: justify;\">&#8222;<em>Heute Nacht ist hier die Welt untergegangen und Du hast selig geschlafen.<\/em>&#8220; Mit diesen netten Worten werde ich von Hendrik am Morgen begr\u00fc\u00dft. &#8222;<em>Unser K\u00fcchenfenster w\u00e4re fast aus den Angeln geflogen, ich hatte Angst, da\u00df die Maschinen umgeweht werden und die Camper haben ihre Autos sch\u00fctzend vor die Zelte gestellt, damit sie nicht fortwehen.<\/em>&#8222;<\/p>\n<p style=\"text-align: justify;\">Merkw\u00fcrdig!?! Das Wetter ist gut, die Sonne scheint. Ich glaube Hendrik will mich \u00e4rgern. Allerdings stehen die Autos wirklich anders als gestern abend\u2026<\/p>\n<p style=\"text-align: justify;\">Egal! Bei dem Wetter mu\u00df es schnell weitergehen! Das eilige Fr\u00fchst\u00fcck besteht aus Kaffee f\u00fcr Hendrik, Earl-Grey-Tee f\u00fcr mich (was sonst?) und Elchbrot f\u00fcr uns beide. Elchbrot sind runde, pappige Brotscheiben, die aussehen wie Kn\u00e4ckebrot aber aus Hefeteig gemacht sind.\u00a0Sie schmecken etwas s\u00fc\u00dflich, eigentlich nach gar nichts, machen im wahrsten Sinne des Wortes papp-satt und sind das Einzige, was hier zu bekommen war.<\/p>\n<figure id=\"attachment_232\" aria-describedby=\"caption-attachment-232\" style=\"width: 1006px\" class=\"wp-caption aligncenter\"><a href=\"https:\/\/bf-on-tour.de\/m-06\/wp-content\/uploads\/sites\/6\/2017\/02\/02-9-e1486908478868.jpg\" rel=\"lightbox[32]\"><img loading=\"lazy\" decoding=\"async\" class=\"wp-image-232 size-full\" src=\"https:\/\/bf-on-tour.de\/m-06\/wp-content\/uploads\/sites\/6\/2017\/02\/02-9-e1486908478868.jpg\" width=\"1006\" height=\"475\" srcset=\"https:\/\/bf-on-tour.de\/m-06\/wp-content\/uploads\/sites\/6\/2017\/02\/02-9-e1486908478868.jpg 1006w, https:\/\/bf-on-tour.de\/m-06\/wp-content\/uploads\/sites\/6\/2017\/02\/02-9-e1486908478868-300x142.jpg 300w, https:\/\/bf-on-tour.de\/m-06\/wp-content\/uploads\/sites\/6\/2017\/02\/02-9-e1486908478868-768x363.jpg 768w\" sizes=\"auto, (max-width: 709px) 85vw, (max-width: 909px) 67vw, (max-width: 1362px) 62vw, 840px\" \/><\/a><figcaption id=\"caption-attachment-232\" class=\"wp-caption-text\">Gegen\u00fcber vom Svartisengletscher<\/figcaption><\/figure>\n<p style=\"text-align: justify;\">Dann geht es los, immer weiter auf dem RV17, der auf diesem Teilst\u00fcck nun wirklich die Bezeichnung sch\u00f6nste K\u00fcstenstra\u00dfe Norwegens\u00a0verdient hat! Zuerst kommen wir zum Svartisengletscher, der wahrhaftig sehenswert ist. Er ist zwar nicht so gro\u00df wie der Jostedalsbre aber immer noch das gr\u00f6\u00dfte Firnmassiv Nordskandinaviens. Nat\u00fcrlich sehen wir auch von diesem Gletscher nur den allerkleinsten Teil, n\u00e4mlich eine Zunge und eine Kante vom Engabre,\u00a0einem Teilgletscher n\u00f6rdlich des Sn\u00f8tinden, aber irgendwie fasziniert er uns mehr als der Josterdalsbre. Anschlie\u00dfend fahren wir wieder einmal mehrere Kilometer durch einen Tunnel und kommen am Glomfjord wieder aus dem Berg heraus.<\/p>\n<figure id=\"attachment_233\" aria-describedby=\"caption-attachment-233\" style=\"width: 690px\" class=\"wp-caption aligncenter\"><a href=\"https:\/\/bf-on-tour.de\/m-06\/wp-content\/uploads\/sites\/6\/2017\/02\/03-9-e1486908519741.jpg\" rel=\"lightbox[32]\"><img loading=\"lazy\" decoding=\"async\" class=\"size-full wp-image-233\" src=\"https:\/\/bf-on-tour.de\/m-06\/wp-content\/uploads\/sites\/6\/2017\/02\/03-9-e1486908519741.jpg\" alt=\"\" width=\"690\" height=\"384\" srcset=\"https:\/\/bf-on-tour.de\/m-06\/wp-content\/uploads\/sites\/6\/2017\/02\/03-9-e1486908519741.jpg 690w, https:\/\/bf-on-tour.de\/m-06\/wp-content\/uploads\/sites\/6\/2017\/02\/03-9-e1486908519741-300x167.jpg 300w\" sizes=\"auto, (max-width: 690px) 85vw, 690px\" \/><\/a><figcaption id=\"caption-attachment-233\" class=\"wp-caption-text\">Um jede Bucht herum&#8230;<\/figcaption><\/figure>\n<p style=\"text-align: justify;\">Allein die Fahrt entlang dieses Fjords ist ein Leckerbissen. Immer wieder schieben sich steile Felsinseln in die Aussicht von der den Fjord begleitenden Stra\u00dfe zum offenen Atlantik.\u00a0Und kommt man um die letzte Ecke, pr\u00e4sentiert sich der massive Felsen der Insel Fugl\u00f8ya wie ein von Riesen ins Meer geworfener Stein. Das in diesem Land Sagen von Trollen und Huldren entstehen, wen wundert&#8217;s.<\/p>\n<figure id=\"attachment_234\" aria-describedby=\"caption-attachment-234\" style=\"width: 688px\" class=\"wp-caption aligncenter\"><a href=\"https:\/\/bf-on-tour.de\/m-06\/wp-content\/uploads\/sites\/6\/2017\/02\/04-8-e1486908587213.jpg\" rel=\"lightbox[32]\"><img loading=\"lazy\" decoding=\"async\" class=\"wp-image-234 size-full\" src=\"https:\/\/bf-on-tour.de\/m-06\/wp-content\/uploads\/sites\/6\/2017\/02\/04-8-e1486908587213.jpg\" width=\"688\" height=\"462\" srcset=\"https:\/\/bf-on-tour.de\/m-06\/wp-content\/uploads\/sites\/6\/2017\/02\/04-8-e1486908587213.jpg 688w, https:\/\/bf-on-tour.de\/m-06\/wp-content\/uploads\/sites\/6\/2017\/02\/04-8-e1486908587213-300x201.jpg 300w\" sizes=\"auto, (max-width: 688px) 85vw, 688px\" \/><\/a><figcaption id=\"caption-attachment-234\" class=\"wp-caption-text\">Fugel\u00f6ya<\/figcaption><\/figure>\n<p style=\"text-align: justify;\">Pl\u00f6tzlich sind wir in der S\u00fcdsee. Ein schmales Tal mit gr\u00fcn bewachsenen Bergen, ein paar H\u00e4uschen und wei\u00dfer Strand, an den friedlich die blauen Wellen des Atlantiks mit kleinen wei\u00dfen Schaumkronen auflaufen. Storvik hei\u00dft der Flecken.\u00a0F\u00fcr wahr, ein verwunschenes Land, dieses Norwegen. Es ist heute morgen nur etwas zu kalt f\u00fcr den glei\u00dfenden Sonnenschein.<\/p>\n<figure id=\"attachment_235\" aria-describedby=\"caption-attachment-235\" style=\"width: 300px\" class=\"wp-caption alignright\"><a href=\"https:\/\/bf-on-tour.de\/m-06\/wp-content\/uploads\/sites\/6\/2017\/02\/05-7-e1486908620601.jpg\" rel=\"lightbox[32]\"><img loading=\"lazy\" decoding=\"async\" class=\"size-medium wp-image-235\" src=\"https:\/\/bf-on-tour.de\/m-06\/wp-content\/uploads\/sites\/6\/2017\/02\/05-7-e1486908620601-300x223.jpg\" alt=\"\" width=\"300\" height=\"223\" srcset=\"https:\/\/bf-on-tour.de\/m-06\/wp-content\/uploads\/sites\/6\/2017\/02\/05-7-e1486908620601-300x223.jpg 300w, https:\/\/bf-on-tour.de\/m-06\/wp-content\/uploads\/sites\/6\/2017\/02\/05-7-e1486908620601.jpg 690w\" sizes=\"auto, (max-width: 300px) 85vw, 300px\" \/><\/a><figcaption id=\"caption-attachment-235\" class=\"wp-caption-text\">Norwegische S\u00fcdsee<\/figcaption><\/figure>\n<p style=\"text-align: justify;\">In der Folge wechseln sich Tunnel und herrliche Aussichten mit traumhaften Panoramen ab. Hinzu kommt, da\u00df diese Stra\u00dfe kaum einmal\u00a0geradeaus verl\u00e4uft &#8211; aber das mu\u00df wohl nicht extra erw\u00e4hnt werden. Wenn es denn wirklich ab und zu mal einen knappen Kilometer geradeaus geht, ist das schon fast ein Grund zum Anhalten und Fotografieren.<\/p>\n<p style=\"text-align: justify;\">Gegen Mittag kommen wir an die Straumen. Das sind Tidestr\u00f6me, die durch die geographischen Gegebenheiten dieser K\u00fcste gef\u00e4hrlich schnell und mit rei\u00dfenden Strudeln durch Felsengen str\u00f6men. Zuerst fahren wir \u00fcber den Kj\u00f8pstadstraumen und sp\u00e4ter \u00fcber den Saltstraumen. Bei letzterem halten wir an und gehen zu Fu\u00df auf die Br\u00fccke zur\u00fcck.\u00a0Das Schauspiel des rei\u00dfenden Wassers und der gef\u00e4hrlichen Wirbel wollen wir uns doch einmal direkt anschauen. Schlie\u00dflich ist es der st\u00e4rkste Tidenstrom der Welt: Hier werden im Wechsel der Gezeiten jeweils 370 Mio. Kubikmeter Wasser durch eine Enge von 150 Meter Breite und 50 Meter Tiefe gepre\u00dft &#8211; unvorstellbar, aber faszinierend!<\/p>\n<figure id=\"attachment_236\" aria-describedby=\"caption-attachment-236\" style=\"width: 948px\" class=\"wp-caption aligncenter\"><a href=\"https:\/\/bf-on-tour.de\/m-06\/wp-content\/uploads\/sites\/6\/2017\/02\/06-6-e1486908689117.jpg\" rel=\"lightbox[32]\"><img loading=\"lazy\" decoding=\"async\" class=\"size-full wp-image-236\" src=\"https:\/\/bf-on-tour.de\/m-06\/wp-content\/uploads\/sites\/6\/2017\/02\/06-6-e1486908689117.jpg\" alt=\"\" width=\"948\" height=\"326\" srcset=\"https:\/\/bf-on-tour.de\/m-06\/wp-content\/uploads\/sites\/6\/2017\/02\/06-6-e1486908689117.jpg 948w, https:\/\/bf-on-tour.de\/m-06\/wp-content\/uploads\/sites\/6\/2017\/02\/06-6-e1486908689117-300x103.jpg 300w, https:\/\/bf-on-tour.de\/m-06\/wp-content\/uploads\/sites\/6\/2017\/02\/06-6-e1486908689117-768x264.jpg 768w\" sizes=\"auto, (max-width: 709px) 85vw, (max-width: 909px) 67vw, (max-width: 1362px) 62vw, 840px\" \/><\/a><figcaption id=\"caption-attachment-236\" class=\"wp-caption-text\">Saltstraumen<\/figcaption><\/figure>\n<p style=\"text-align: justify;\">Unter der Br\u00fccke auf den Felsen und mitten zwischen den wirbelnden Fluten in winzigen Booten versuchen Angler ihr Gl\u00fcck. Nat\u00fcrlich kennen die Bootsf\u00fchrer die Orte st\u00e4rkerer und schw\u00e4cherer Verwirbelungen, aber ob das alles wirklich ungef\u00e4hrlich ist, wage ich zu bezweifeln, denn das Wasser kocht und brodelt. Wo eben noch ein relativ ruhiges Flie\u00dfen zu sehen war, wirbelt im n\u00e4chsten Moment eine wei\u00dfe Schaumspirale, wandert nach S\u00fcden aus und verschwindet wieder. Das passiert hier \u00fcberall und andauernd, dazu in nahezu beliebigen Richtungen. Wie gesagt: Faszinierend!<\/p>\n<p style=\"text-align: justify;\">Wir rei\u00dfen uns von diesem Schauspiel los und fahren weiter direkt nach Bod\u00f8, wo wir die 14:00 Uhr-F\u00e4hre zu den Lofoten erreichen. Die See ist spiegelglatt, es ist immer noch sonnig und nahezu windstill. Das wird eine prima \u00dcberfahrt werden. Seekrankheit ist absolut nicht zu bef\u00fcrchten &#8211; obwohl im Internet immer darauf hingewiesen wurde,<\/p>\n<figure id=\"attachment_237\" aria-describedby=\"caption-attachment-237\" style=\"width: 300px\" class=\"wp-caption alignright\"><a href=\"https:\/\/bf-on-tour.de\/m-06\/wp-content\/uploads\/sites\/6\/2017\/02\/07-4-e1486908721245.jpg\" rel=\"lightbox[32]\"><img loading=\"lazy\" decoding=\"async\" class=\"size-medium wp-image-237\" src=\"https:\/\/bf-on-tour.de\/m-06\/wp-content\/uploads\/sites\/6\/2017\/02\/07-4-e1486908721245-300x212.jpg\" alt=\"\" width=\"300\" height=\"212\" srcset=\"https:\/\/bf-on-tour.de\/m-06\/wp-content\/uploads\/sites\/6\/2017\/02\/07-4-e1486908721245-300x212.jpg 300w, https:\/\/bf-on-tour.de\/m-06\/wp-content\/uploads\/sites\/6\/2017\/02\/07-4-e1486908721245.jpg 690w\" sizes=\"auto, (max-width: 300px) 85vw, 300px\" \/><\/a><figcaption id=\"caption-attachment-237\" class=\"wp-caption-text\">\u00dcberfahrt von Bodo zu den Lofoten<\/figcaption><\/figure>\n<p style=\"text-align: justify;\">da\u00df gerade diese F\u00e4hrstrecke eine heftige Belastung f\u00fcr den Magen und das Wohlbefinden der Passagiere sein kann.<\/p>\n<p style=\"text-align: justify;\">Die Einweiser im Schiff bedeuten uns, die Maschinen quer zur Fahrtrichtung aufzustellen und sie jeweils mit zwei Gurten fest zu verzurren. So ein Unsinn. Die k\u00f6nnten hier bei dem Wetter doch auch ohne Riemen stehen. Und dann noch quer zur Fahrtrichtung. Na ja, wir machen das, was die wollen und begeben uns kopfsch\u00fcttelnd nach oben. Kurz darauf legt die F\u00e4hre ab. Die Bar \u00f6ffnet und wir bestellen uns etwas zu Essen.<\/p>\n<p style=\"text-align: justify;\">Langsam gleitet das Schiff durch die vielen, dem Hafen von Bod\u00f8 vorgelagerten Felsen hinaus auf den Atlantik. Und mit einem Mal wissen wir, warum die Einweiser auf dem Verzurren und auf der Querrichtung zum Schiff bestanden haben. Die lange Atlantikd\u00fcnung rollt unser 50 bis 60 Meter langes Schiff wie eine Nu\u00dfschale hin und her, auf und nieder. Meist quer zur Fahrtrichtung, ab und an aber auch richtig rund, alle Freiheitsgrade der Bewegung ausnutzend.\u00a0Unseren M\u00e4gen macht das nichts aus, aber wir sind heil froh, den Anweisungen gefolgt zu sein! Ich m\u00f6chte nicht wissen, wie das hier bei Schlechtwetter oder im Winter zugeht\u2026<\/p>\n<figure id=\"attachment_238\" aria-describedby=\"caption-attachment-238\" style=\"width: 945px\" class=\"wp-caption aligncenter\"><a href=\"https:\/\/bf-on-tour.de\/m-06\/wp-content\/uploads\/sites\/6\/2017\/02\/08-3-e1486908744538.jpg\" rel=\"lightbox[32]\"><img loading=\"lazy\" decoding=\"async\" class=\"size-full wp-image-238\" src=\"https:\/\/bf-on-tour.de\/m-06\/wp-content\/uploads\/sites\/6\/2017\/02\/08-3-e1486908744538.jpg\" alt=\"\" width=\"945\" height=\"412\" srcset=\"https:\/\/bf-on-tour.de\/m-06\/wp-content\/uploads\/sites\/6\/2017\/02\/08-3-e1486908744538.jpg 945w, https:\/\/bf-on-tour.de\/m-06\/wp-content\/uploads\/sites\/6\/2017\/02\/08-3-e1486908744538-300x131.jpg 300w, https:\/\/bf-on-tour.de\/m-06\/wp-content\/uploads\/sites\/6\/2017\/02\/08-3-e1486908744538-768x335.jpg 768w\" sizes=\"auto, (max-width: 709px) 85vw, (max-width: 909px) 67vw, (max-width: 1362px) 62vw, 840px\" \/><\/a><figcaption id=\"caption-attachment-238\" class=\"wp-caption-text\">Lofoten<\/figcaption><\/figure>\n<p style=\"text-align: justify;\">Ziemlich genau nach vier Stunden erreichen wir S\u00f8rv\u00e5gen auf den Lofoten und fahren von dort direkt nach \u00c5,\u00a0denn ich habe in der Jugendherberge noch von Bod\u00f8 aus ein Zimmer vorgebucht. Das aber hat man gerade an andere Leute vergeben. Peinlich, peinlich! So sieht es der Herbergsvater auch und \u00fcberl\u00e4\u00dft uns ein anderes, sein allerletztes Zimmer. Es befindet sich nicht im Geb\u00e4ude der Jugendherberge sondern gegen\u00fcber im Museum f\u00fcr Fischerei, das aber offenbar wie selbstverst\u00e4ndlich f\u00fcr die Herberge mitgenutzt wird. Wir sind n\u00e4mlich nicht die einzigen G\u00e4ste in dem Haus.<\/p>\n<figure id=\"attachment_239\" aria-describedby=\"caption-attachment-239\" style=\"width: 227px\" class=\"wp-caption alignright\"><a href=\"https:\/\/bf-on-tour.de\/m-06\/wp-content\/uploads\/sites\/6\/2017\/02\/09-2-e1486908783547.jpg\" rel=\"lightbox[32]\"><img loading=\"lazy\" decoding=\"async\" class=\"size-medium wp-image-239\" src=\"https:\/\/bf-on-tour.de\/m-06\/wp-content\/uploads\/sites\/6\/2017\/02\/09-2-e1486908783547-227x300.jpg\" alt=\"\" width=\"227\" height=\"300\" srcset=\"https:\/\/bf-on-tour.de\/m-06\/wp-content\/uploads\/sites\/6\/2017\/02\/09-2-e1486908783547-227x300.jpg 227w, https:\/\/bf-on-tour.de\/m-06\/wp-content\/uploads\/sites\/6\/2017\/02\/09-2-e1486908783547.jpg 424w\" sizes=\"auto, (max-width: 227px) 85vw, 227px\" \/><\/a><figcaption id=\"caption-attachment-239\" class=\"wp-caption-text\">Museum als &#8222;Jugendherberge&#8220;<\/figcaption><\/figure>\n<p style=\"text-align: justify;\">Ja, und so sieht es dann auch aus. Nicht nur, da\u00df es \u00fcberall nach Stockfisch stinkt, alles ist mit musealem Interieur vollgestellt.<\/p>\n<p style=\"text-align: justify;\">Ein alter, kaputter Holzofen, ein etwas j\u00fcngeres G\u00e4stebett f\u00fcr mich, ein ausziehbares Kinderbett aus dem vorletzten Jahrhundert f\u00fcr Hendrik und allerlei anderes klappriges Zeugs, das wohl einst als Mobiliar fungierte. Wir registrieren diese Unterkunft als Kuriosit\u00e4t und richten uns ein. Das Paar \u00fcber uns hat nicht einmal eine T\u00fcr zum Zumachen. Die schlafen einfach im Museumsflur.<\/p>\n<p style=\"text-align: justify;\">Nicht ganz so kurios und alt sind die K\u00fcche und die Sanit\u00e4ranlagen im Haupthaus; sie sind zwar auch etwas skurril aber insgesamt in Ordnung. Trotzdem: Das hier ist eine v\u00f6llig andere Welt als auf dem Festland.<\/p>\n<figure id=\"attachment_240\" aria-describedby=\"caption-attachment-240\" style=\"width: 687px\" class=\"wp-caption aligncenter\"><a href=\"https:\/\/bf-on-tour.de\/m-06\/wp-content\/uploads\/sites\/6\/2017\/02\/10-1-e1486908806564.jpg\" rel=\"lightbox[32]\"><img loading=\"lazy\" decoding=\"async\" class=\"wp-image-240 size-full\" src=\"https:\/\/bf-on-tour.de\/m-06\/wp-content\/uploads\/sites\/6\/2017\/02\/10-1-e1486908806564.jpg\" width=\"687\" height=\"506\" srcset=\"https:\/\/bf-on-tour.de\/m-06\/wp-content\/uploads\/sites\/6\/2017\/02\/10-1-e1486908806564.jpg 687w, https:\/\/bf-on-tour.de\/m-06\/wp-content\/uploads\/sites\/6\/2017\/02\/10-1-e1486908806564-300x221.jpg 300w\" sizes=\"auto, (max-width: 687px) 85vw, 687px\" \/><\/a><figcaption id=\"caption-attachment-240\" class=\"wp-caption-text\">\u00c5 &#8211; das Ende der (Lofoten-)Welt<\/figcaption><\/figure>\n","protected":false},"excerpt":{"rendered":"<p>Dienstag, 11. Juli 2006 &#8211; Strecke: 184 km &#8211; Fahrzeit ca. 8 Std. &#8222;Heute Nacht ist hier die Welt untergegangen und Du hast selig geschlafen.&#8220; Mit diesen netten Worten werde ich von Hendrik am Morgen begr\u00fc\u00dft. &#8222;Unser K\u00fcchenfenster w\u00e4re fast aus den Angeln geflogen, ich hatte Angst, da\u00df die Maschinen umgeweht werden und die Camper &hellip; <a href=\"https:\/\/bf-on-tour.de\/m-06\/page-10\/\" class=\"more-link\"><span class=\"screen-reader-text\">\u201eIns Museum\u201c <\/span>weiterlesen<\/a><\/p>\n","protected":false},"author":1,"featured_media":0,"parent":0,"menu_order":10,"comment_status":"open","ping_status":"closed","template":"","meta":{"footnotes":""},"class_list":["post-32","page","type-page","status-publish","hentry"],"_links":{"self":[{"href":"https:\/\/bf-on-tour.de\/m-06\/wp-json\/wp\/v2\/pages\/32","targetHints":{"allow":["GET"]}}],"collection":[{"href":"https:\/\/bf-on-tour.de\/m-06\/wp-json\/wp\/v2\/pages"}],"about":[{"href":"https:\/\/bf-on-tour.de\/m-06\/wp-json\/wp\/v2\/types\/page"}],"author":[{"embeddable":true,"href":"https:\/\/bf-on-tour.de\/m-06\/wp-json\/wp\/v2\/users\/1"}],"replies":[{"embeddable":true,"href":"https:\/\/bf-on-tour.de\/m-06\/wp-json\/wp\/v2\/comments?post=32"}],"version-history":[{"count":9,"href":"https:\/\/bf-on-tour.de\/m-06\/wp-json\/wp\/v2\/pages\/32\/revisions"}],"predecessor-version":[{"id":422,"href":"https:\/\/bf-on-tour.de\/m-06\/wp-json\/wp\/v2\/pages\/32\/revisions\/422"}],"wp:attachment":[{"href":"https:\/\/bf-on-tour.de\/m-06\/wp-json\/wp\/v2\/media?parent=32"}],"curies":[{"name":"wp","href":"https:\/\/api.w.org\/{rel}","templated":true}]}}