{"id":28,"date":"2017-02-02T21:22:22","date_gmt":"2017-02-02T20:22:22","guid":{"rendered":"http:\/\/blog.family-riders.de\/nordkap\/?page_id=28"},"modified":"2020-04-03T11:25:33","modified_gmt":"2020-04-03T09:25:33","slug":"page-08","status":"publish","type":"page","link":"https:\/\/bf-on-tour.de\/m-06\/page-08\/","title":{"rendered":"Auf zum RV17, dem Kystriksveien"},"content":{"rendered":"<p style=\"text-align: justify;\"><strong>Sonntag, 9. Juli 2006 &#8211; Strecke: 336 km &#8211; Fahrzeit ca. 6 1\/2 Std.<\/strong><\/p>\n<figure id=\"attachment_212\" aria-describedby=\"caption-attachment-212\" style=\"width: 300px\" class=\"wp-caption alignright\"><a href=\"https:\/\/bf-on-tour.de\/m-06\/wp-content\/uploads\/sites\/6\/2017\/02\/00-7-e1486907180435.jpg\" rel=\"lightbox[28]\"><img loading=\"lazy\" decoding=\"async\" class=\"wp-image-212 size-medium\" src=\"https:\/\/bf-on-tour.de\/m-06\/wp-content\/uploads\/sites\/6\/2017\/02\/00-7-e1486907180435-300x243.jpg\" width=\"300\" height=\"243\" srcset=\"https:\/\/bf-on-tour.de\/m-06\/wp-content\/uploads\/sites\/6\/2017\/02\/00-7-e1486907180435-300x243.jpg 300w, https:\/\/bf-on-tour.de\/m-06\/wp-content\/uploads\/sites\/6\/2017\/02\/00-7-e1486907180435.jpg 625w\" sizes=\"auto, (max-width: 300px) 85vw, 300px\" \/><\/a><figcaption id=\"caption-attachment-212\" class=\"wp-caption-text\">Von Inder\u00f8y nach Br\u00f8nn\u00f8ysund<\/figcaption><\/figure>\n<p style=\"text-align: justify;\">Das Wetter hat sich endg\u00fcltig beruhigt. Vom Regen keine Spur mehr. Die vergeistigten Musiker g\u00f6nnen sich ein opulentes Fr\u00fchst\u00fcck und nehmen uns profane Erdlinge \u00fcberhaupt nicht zur Kenntnis. Wir hatten n\u00e4mlich, zwar unwissend aber pa\u00dfgenau, gestern unsere Teilnahme am Fr\u00fchst\u00fcck mitbezahlt.<\/p>\n<p style=\"text-align: justify;\">Volltreffer! Was f\u00fcr ein Tagesanfang: Lachs, mehrere Sorten Shrimps, W\u00fcrstchen und Fleischkl\u00f6\u00dfchen, diverse K\u00e4se- und Wurstsorten, R\u00fchrei und S\u00fc\u00dfes, was das Herz begehrt &#8211; z.B. Erdbeermarmelade, um sie auf den Geitost, den braunen norwegischen Ziegenk\u00e4se, zu streichen. Wir schlemmen bis zum Abwinken!<\/p>\n<figure id=\"attachment_213\" aria-describedby=\"caption-attachment-213\" style=\"width: 687px\" class=\"wp-caption aligncenter\"><a href=\"https:\/\/bf-on-tour.de\/m-06\/wp-content\/uploads\/sites\/6\/2017\/02\/01-6-e1486907212143.jpg\" rel=\"lightbox[28]\"><img loading=\"lazy\" decoding=\"async\" class=\"size-full wp-image-213\" src=\"https:\/\/bf-on-tour.de\/m-06\/wp-content\/uploads\/sites\/6\/2017\/02\/01-6-e1486907212143.jpg\" alt=\"\" width=\"687\" height=\"497\" srcset=\"https:\/\/bf-on-tour.de\/m-06\/wp-content\/uploads\/sites\/6\/2017\/02\/01-6-e1486907212143.jpg 687w, https:\/\/bf-on-tour.de\/m-06\/wp-content\/uploads\/sites\/6\/2017\/02\/01-6-e1486907212143-300x217.jpg 300w\" sizes=\"auto, (max-width: 687px) 85vw, 687px\" \/><\/a><figcaption id=\"caption-attachment-213\" class=\"wp-caption-text\">&#8222;Jugendherberge&#8220; auf Inder\u00f8y<\/figcaption><\/figure>\n<p style=\"text-align: justify;\">Dann geht es zum RV17, dem so genannten Kystriksvei. Dieser soll uns f\u00fcr die n\u00e4chsten drei Tage die Sch\u00f6nheiten der norwegischen Atlantikk\u00fcste nahebringen &#8211;\u00a0quasi als Pendant zum RV13, der uns ja mehr durch das innere Bergland gef\u00fchrt hatte. Gleich hinter Steinkjer biegen wir nach links von der E6 ab.<\/p>\n<figure id=\"attachment_214\" aria-describedby=\"caption-attachment-214\" style=\"width: 940px\" class=\"wp-caption aligncenter\"><a href=\"https:\/\/bf-on-tour.de\/m-06\/wp-content\/uploads\/sites\/6\/2017\/02\/02-7-e1486907232865.jpg\" rel=\"lightbox[28]\"><img loading=\"lazy\" decoding=\"async\" class=\"size-full wp-image-214\" src=\"https:\/\/bf-on-tour.de\/m-06\/wp-content\/uploads\/sites\/6\/2017\/02\/02-7-e1486907232865.jpg\" alt=\"\" width=\"940\" height=\"470\" srcset=\"https:\/\/bf-on-tour.de\/m-06\/wp-content\/uploads\/sites\/6\/2017\/02\/02-7-e1486907232865.jpg 940w, https:\/\/bf-on-tour.de\/m-06\/wp-content\/uploads\/sites\/6\/2017\/02\/02-7-e1486907232865-300x150.jpg 300w, https:\/\/bf-on-tour.de\/m-06\/wp-content\/uploads\/sites\/6\/2017\/02\/02-7-e1486907232865-768x384.jpg 768w\" sizes=\"auto, (max-width: 709px) 85vw, (max-width: 909px) 67vw, (max-width: 1362px) 62vw, 840px\" \/><\/a><figcaption id=\"caption-attachment-214\" class=\"wp-caption-text\">Abschied vom Inland<\/figcaption><\/figure>\n<p style=\"text-align: justify;\">Zun\u00e4chst sieht die Landschaft auch hier aus, wie in \u00d6sterreich oder in den flacheren Teilen der Schweiz. Die Berge sind eher vom Format eines Mittelgebirges und die T\u00e4ler gr\u00fcn und weit. Ab und an finden sich Hinweisschilder f\u00fcr besonders gute Angelpl\u00e4tze in den kleinen, aber schnell flie\u00dfenden Fl\u00fcssen. Ehrlich gesagt, bin ich etwas entt\u00e4uscht:\u00a0Hier ist weit und breit kein\u00a0Atlantik. Daf\u00fcr aber mehrere geschlossene Tankstellen.\u00a0Es ist Sonntag!<\/p>\n<figure id=\"attachment_215\" aria-describedby=\"caption-attachment-215\" style=\"width: 943px\" class=\"wp-caption aligncenter\"><a href=\"https:\/\/bf-on-tour.de\/m-06\/wp-content\/uploads\/sites\/6\/2017\/02\/03-7-e1486907255293.jpg\" rel=\"lightbox[28]\"><img loading=\"lazy\" decoding=\"async\" class=\"size-full wp-image-215\" src=\"https:\/\/bf-on-tour.de\/m-06\/wp-content\/uploads\/sites\/6\/2017\/02\/03-7-e1486907255293.jpg\" alt=\"\" width=\"943\" height=\"412\" srcset=\"https:\/\/bf-on-tour.de\/m-06\/wp-content\/uploads\/sites\/6\/2017\/02\/03-7-e1486907255293.jpg 943w, https:\/\/bf-on-tour.de\/m-06\/wp-content\/uploads\/sites\/6\/2017\/02\/03-7-e1486907255293-300x131.jpg 300w, https:\/\/bf-on-tour.de\/m-06\/wp-content\/uploads\/sites\/6\/2017\/02\/03-7-e1486907255293-768x336.jpg 768w\" sizes=\"auto, (max-width: 709px) 85vw, (max-width: 909px) 67vw, (max-width: 1362px) 62vw, 840px\" \/><\/a><figcaption id=\"caption-attachment-215\" class=\"wp-caption-text\">RV17: DIE K\u00fcstenstra\u00dfe<\/figcaption><\/figure>\n<p style=\"text-align: justify;\">Irgendwann werden die Berge wieder h\u00f6her, die T\u00e4ler wieder enger und schlie\u00dflich kommen wir in Holm an, dem Abfahrtsort der F\u00e4hre nach Vennesund auf der Insel S\u00f8mna. Jetzt sind wir wirklich am Atlantik und pl\u00f6tzlich \u00e4ndert sich das Panorama.<\/p>\n<figure id=\"attachment_216\" aria-describedby=\"caption-attachment-216\" style=\"width: 300px\" class=\"wp-caption alignright\"><a href=\"https:\/\/bf-on-tour.de\/m-06\/wp-content\/uploads\/sites\/6\/2017\/02\/04-6-e1486907276360.jpg\" rel=\"lightbox[28]\"><img loading=\"lazy\" decoding=\"async\" class=\"size-medium wp-image-216\" src=\"https:\/\/bf-on-tour.de\/m-06\/wp-content\/uploads\/sites\/6\/2017\/02\/04-6-e1486907276360-300x219.jpg\" alt=\"\" width=\"300\" height=\"219\" srcset=\"https:\/\/bf-on-tour.de\/m-06\/wp-content\/uploads\/sites\/6\/2017\/02\/04-6-e1486907276360-300x219.jpg 300w, https:\/\/bf-on-tour.de\/m-06\/wp-content\/uploads\/sites\/6\/2017\/02\/04-6-e1486907276360.jpg 685w\" sizes=\"auto, (max-width: 300px) 85vw, 300px\" \/><\/a><figcaption id=\"caption-attachment-216\" class=\"wp-caption-text\">F\u00e4hren, F\u00e4hren, F\u00e4hren&#8230;<\/figcaption><\/figure>\n<p style=\"text-align: justify;\">Es ist nur ein kurzer \u00dcbergang zwischen bewaldetem Mittelgebirge und steilen Felsen, die direkt ins Meer fallen und es sieht zun\u00e4chst sogar ganz danach aus, als w\u00fcrden auf S\u00f8mna kaum noch bewaldete Berge sein. So schlimm ist es dann doch nicht. Auch hier gibt es noch liebliche Ecken. Dennoch wird die Landschaft zunehmend rauher und wilder.<\/p>\n<p style=\"text-align: justify;\">In Br\u00f8nn\u00f8ysund suchen wir ziemlich verzweifelt den Campingplatz Skogmo &#8211; an dem wir tats\u00e4chlich l\u00e4ngst vorbei gefahren sind\u2026 Nun, das beschert uns einen Ausflug zum Torghatten, dem so genannten &#8222;Lochfelsen&#8220;. Der hei\u00dft so, weil er mitten drin ein gro\u00dfes Loch hat, von dem niemand recht wei\u00df, woher es stammt. Der Sage nach soll ein Pfeil des Hestemannen den Berg durchschlagen haben. Man kann das heute nur noch schwer nachvollziehen, denn der ist inzwischen selbst zu einem Berg auf der Polarkreisinsel Hestmona geworden,\u00a0rund 130 Kilometer Luftlinie n\u00f6rdlich von hier, weil er sich &#8211; ein Riese aus Jotunheimen &#8211; nicht rechtzeitig vor dem Sonnenaufgang versteckt hatte, wie es die elbischen Wesen eben tun sollen.<\/p>\n<figure id=\"attachment_217\" aria-describedby=\"caption-attachment-217\" style=\"width: 943px\" class=\"wp-caption aligncenter\"><a href=\"https:\/\/bf-on-tour.de\/m-06\/wp-content\/uploads\/sites\/6\/2017\/02\/05-5-e1486907300227.jpg\" rel=\"lightbox[28]\"><img loading=\"lazy\" decoding=\"async\" class=\"size-full wp-image-217\" src=\"https:\/\/bf-on-tour.de\/m-06\/wp-content\/uploads\/sites\/6\/2017\/02\/05-5-e1486907300227.jpg\" alt=\"\" width=\"943\" height=\"285\" srcset=\"https:\/\/bf-on-tour.de\/m-06\/wp-content\/uploads\/sites\/6\/2017\/02\/05-5-e1486907300227.jpg 943w, https:\/\/bf-on-tour.de\/m-06\/wp-content\/uploads\/sites\/6\/2017\/02\/05-5-e1486907300227-300x91.jpg 300w, https:\/\/bf-on-tour.de\/m-06\/wp-content\/uploads\/sites\/6\/2017\/02\/05-5-e1486907300227-768x232.jpg 768w\" sizes=\"auto, (max-width: 709px) 85vw, (max-width: 909px) 67vw, (max-width: 1362px) 62vw, 840px\" \/><\/a><figcaption id=\"caption-attachment-217\" class=\"wp-caption-text\">Die K\u00fcste bei Br\u00f8nn\u00f8ysund<\/figcaption><\/figure>\n<p style=\"text-align: justify;\">Wie dem auch sei, immerhin ist das Loch 166 Meter lang, 75 Meter hoch und zwischen 15 und 28 Metern breit. Das waren noch Pfeile damals! Und was sind angesichts dessen schon 130 Kilometer&#8230;<\/p>\n<figure id=\"attachment_218\" aria-describedby=\"caption-attachment-218\" style=\"width: 300px\" class=\"wp-caption alignleft\"><a href=\"https:\/\/bf-on-tour.de\/m-06\/wp-content\/uploads\/sites\/6\/2017\/02\/06-4-e1486907324842.jpg\" rel=\"lightbox[28]\"><img loading=\"lazy\" decoding=\"async\" class=\"size-medium wp-image-218\" src=\"https:\/\/bf-on-tour.de\/m-06\/wp-content\/uploads\/sites\/6\/2017\/02\/06-4-e1486907324842-300x208.jpg\" alt=\"\" width=\"300\" height=\"208\" srcset=\"https:\/\/bf-on-tour.de\/m-06\/wp-content\/uploads\/sites\/6\/2017\/02\/06-4-e1486907324842-300x208.jpg 300w, https:\/\/bf-on-tour.de\/m-06\/wp-content\/uploads\/sites\/6\/2017\/02\/06-4-e1486907324842.jpg 688w\" sizes=\"auto, (max-width: 300px) 85vw, 300px\" \/><\/a><figcaption id=\"caption-attachment-218\" class=\"wp-caption-text\">Gem\u00fctliches Camping in Br\u00f8nn\u00f8ysund<\/figcaption><\/figure>\n<p style=\"text-align: justify;\">Durch diese Fahrt machen wir au\u00dferdem Bekanntschaft mit einer abenteuerlichen Br\u00fcckenkonstruktion, die, aus Beton, mit steilen Rampen und von filigraner Erscheinung ein eher nebens\u00e4chlich erscheinendes Gew\u00e4sser \u00fcberspannt. Sp\u00e4ter erfahren wir, da\u00df unter genau dieser Br\u00fccke das Postschiff hindurch f\u00e4hrt, das t\u00e4glich um 16:00 Uhr Br\u00f8nn\u00f8ysund anl\u00e4uft. Da hier sonst nicht allzuviel los zu sein scheint, ist die Schiffsankunft nat\u00fcrlich eine der ganz gro\u00dfen Attraktionen des Ortes f\u00fcr die Touristen.<\/p>\n<p style=\"text-align: justify;\">Eigentlich sind wir daf\u00fcr sogar ziemlich pa\u00dfgenau an Ort und Stelle, aber weil wir zu diesem Zeitpunkt noch nichts von dem Spektakel wissen, fallen uns lediglich die Leute auf, die zum Hafen gehen. Bislang war die Stadt n\u00e4mlich wie ausgestorben gewesen.<\/p>\n","protected":false},"excerpt":{"rendered":"<p>Sonntag, 9. Juli 2006 &#8211; Strecke: 336 km &#8211; Fahrzeit ca. 6 1\/2 Std. Das Wetter hat sich endg\u00fcltig beruhigt. Vom Regen keine Spur mehr. Die vergeistigten Musiker g\u00f6nnen sich ein opulentes Fr\u00fchst\u00fcck und nehmen uns profane Erdlinge \u00fcberhaupt nicht zur Kenntnis. Wir hatten n\u00e4mlich, zwar unwissend aber pa\u00dfgenau, gestern unsere Teilnahme am Fr\u00fchst\u00fcck mitbezahlt. &hellip; <a href=\"https:\/\/bf-on-tour.de\/m-06\/page-08\/\" class=\"more-link\"><span class=\"screen-reader-text\">\u201eAuf zum RV17, dem Kystriksveien\u201c <\/span>weiterlesen<\/a><\/p>\n","protected":false},"author":1,"featured_media":0,"parent":0,"menu_order":8,"comment_status":"open","ping_status":"closed","template":"","meta":{"footnotes":""},"class_list":["post-28","page","type-page","status-publish","hentry"],"_links":{"self":[{"href":"https:\/\/bf-on-tour.de\/m-06\/wp-json\/wp\/v2\/pages\/28","targetHints":{"allow":["GET"]}}],"collection":[{"href":"https:\/\/bf-on-tour.de\/m-06\/wp-json\/wp\/v2\/pages"}],"about":[{"href":"https:\/\/bf-on-tour.de\/m-06\/wp-json\/wp\/v2\/types\/page"}],"author":[{"embeddable":true,"href":"https:\/\/bf-on-tour.de\/m-06\/wp-json\/wp\/v2\/users\/1"}],"replies":[{"embeddable":true,"href":"https:\/\/bf-on-tour.de\/m-06\/wp-json\/wp\/v2\/comments?post=28"}],"version-history":[{"count":9,"href":"https:\/\/bf-on-tour.de\/m-06\/wp-json\/wp\/v2\/pages\/28\/revisions"}],"predecessor-version":[{"id":420,"href":"https:\/\/bf-on-tour.de\/m-06\/wp-json\/wp\/v2\/pages\/28\/revisions\/420"}],"wp:attachment":[{"href":"https:\/\/bf-on-tour.de\/m-06\/wp-json\/wp\/v2\/media?parent=28"}],"curies":[{"name":"wp","href":"https:\/\/api.w.org\/{rel}","templated":true}]}}