{"id":95,"date":"2019-10-08T11:14:37","date_gmt":"2019-10-08T09:14:37","guid":{"rendered":"http:\/\/bf-on-tour.de\/kurztouren\/?page_id=95"},"modified":"2020-06-29T20:33:40","modified_gmt":"2020-06-29T18:33:40","slug":"5-2","status":"publish","type":"page","link":"https:\/\/bf-on-tour.de\/kurztouren\/2019-meran\/5-2\/","title":{"rendered":"R\u00fcckreise"},"content":{"rendered":"<p><a href=\"https:\/\/bf-on-tour.de\/kurztouren\/wp-content\/uploads\/sites\/21\/2019\/10\/5-1.jpg\" rel=\"lightbox[95]\"><img loading=\"lazy\" decoding=\"async\" class=\"alignright size-medium wp-image-128\" src=\"https:\/\/bf-on-tour.de\/kurztouren\/wp-content\/uploads\/sites\/21\/2019\/10\/5-1-300x202.jpg\" alt=\"\" width=\"300\" height=\"202\" srcset=\"https:\/\/bf-on-tour.de\/kurztouren\/wp-content\/uploads\/sites\/21\/2019\/10\/5-1-300x202.jpg 300w, https:\/\/bf-on-tour.de\/kurztouren\/wp-content\/uploads\/sites\/21\/2019\/10\/5-1-768x516.jpg 768w, https:\/\/bf-on-tour.de\/kurztouren\/wp-content\/uploads\/sites\/21\/2019\/10\/5-1.jpg 865w\" sizes=\"auto, (max-width: 300px) 85vw, 300px\" \/><\/a>Unsere R\u00fcckreise beginnt. Nachdem wir abends die Notwendigkeit von Vorschriften bei einem Glas Chardonnay ausdiskutiert haben (mein Standpunkt: Vorschriften sind f\u00fcr Menschen, die nicht denken sollen, wobei sie nur allzu gern missbraucht werden von jenen, die es nicht wollen), sind heute morgen unsere Koffer gepackt, die Unterkunft bezahlt und eine wahre \u201eVorfreude\u201c auf die schmalen, steilen Kehren vom Moarhof bergab, ist dem einen oder auch anderen Reiseteilnehmer deutlich ins Gesicht geschrieben.<\/p>\n<p>In St. Leonhard wird noch rasch getankt. Wir h\u00e4tten wegen der horrenden Preise damit gern bis \u00d6sterreich gewartet, aber auf dem Jaufenpass liegen zu bleiben, erscheint keinem als Alternative \u2013 zumindest nicht im Anstieg.<\/p>\n<p><a href=\"https:\/\/bf-on-tour.de\/kurztouren\/wp-content\/uploads\/sites\/21\/2019\/10\/5-2.jpg\" rel=\"lightbox[95]\"><img loading=\"lazy\" decoding=\"async\" class=\"alignleft size-medium wp-image-129\" src=\"https:\/\/bf-on-tour.de\/kurztouren\/wp-content\/uploads\/sites\/21\/2019\/10\/5-2-300x202.jpg\" alt=\"\" width=\"300\" height=\"202\" srcset=\"https:\/\/bf-on-tour.de\/kurztouren\/wp-content\/uploads\/sites\/21\/2019\/10\/5-2-300x202.jpg 300w, https:\/\/bf-on-tour.de\/kurztouren\/wp-content\/uploads\/sites\/21\/2019\/10\/5-2-768x516.jpg 768w, https:\/\/bf-on-tour.de\/kurztouren\/wp-content\/uploads\/sites\/21\/2019\/10\/5-2.jpg 865w\" sizes=\"auto, (max-width: 300px) 85vw, 300px\" \/><\/a>Ja, der Jaufenpass. 2099 m hoch, 39 km lang und mit 23 Kehren versehen. Da muss ich mich, trotz des einfachen Schwierigkeitsgrades, an einigen Stellen wieder ziemlich hart an die Kandarre nehmen, um meine H\u00f6henangst zu beherrschen. Aber im Gegensatz zum Timmelsjoch ist dieser Pass wirklich einfach sch\u00f6n zu fahren: Die Kehren, weit und bestens einsehbar, Zwischenst\u00fccke elegant mit Wechselkurven garniert und zu meiner gro\u00dfen Freude verl\u00e4uft die Stra\u00dfe auch \u00fcber l\u00e4ngere Strecken schattig mit talseitigem Baumbewuchs.<\/p>\n<p><a href=\"https:\/\/bf-on-tour.de\/kurztouren\/wp-content\/uploads\/sites\/21\/2019\/10\/5-3.jpg\" rel=\"lightbox[95]\"><img loading=\"lazy\" decoding=\"async\" class=\"alignright size-medium wp-image-130\" src=\"https:\/\/bf-on-tour.de\/kurztouren\/wp-content\/uploads\/sites\/21\/2019\/10\/5-3-202x300.jpg\" alt=\"\" width=\"202\" height=\"300\" srcset=\"https:\/\/bf-on-tour.de\/kurztouren\/wp-content\/uploads\/sites\/21\/2019\/10\/5-3-202x300.jpg 202w, https:\/\/bf-on-tour.de\/kurztouren\/wp-content\/uploads\/sites\/21\/2019\/10\/5-3.jpg 581w\" sizes=\"auto, (max-width: 202px) 85vw, 202px\" \/><\/a>Oben angekommen, geht sogar ein kleines L\u00fcftchen und mit knapp unter 30\u00b0C ist es angenehm k\u00fchl. Nachdem wir das obligatorische Passfoto gemacht haben, rollen wir hinab nach Sterzing.<\/p>\n<p>Inzwischen steigt die Temperatur, je weiter wir uns dem Tal n\u00e4hern. Unten im Ort habe ich bereits knapp 34\u00b0C auf dem Thermometer und die vielen Kreisverkehre auf dem Weg zur Brennerstra\u00dfe lassen kaum k\u00fchlenden Fahrtwind aufkommen.<\/p>\n<p><a href=\"https:\/\/bf-on-tour.de\/kurztouren\/wp-content\/uploads\/sites\/21\/2019\/10\/5-4.jpg\" rel=\"lightbox[95]\"><img loading=\"lazy\" decoding=\"async\" class=\"alignleft size-medium wp-image-131\" src=\"https:\/\/bf-on-tour.de\/kurztouren\/wp-content\/uploads\/sites\/21\/2019\/10\/5-4-300x202.jpg\" alt=\"\" width=\"300\" height=\"202\" srcset=\"https:\/\/bf-on-tour.de\/kurztouren\/wp-content\/uploads\/sites\/21\/2019\/10\/5-4-300x202.jpg 300w, https:\/\/bf-on-tour.de\/kurztouren\/wp-content\/uploads\/sites\/21\/2019\/10\/5-4-768x516.jpg 768w, https:\/\/bf-on-tour.de\/kurztouren\/wp-content\/uploads\/sites\/21\/2019\/10\/5-4.jpg 865w\" sizes=\"auto, (max-width: 300px) 85vw, 300px\" \/><\/a>Auf der Brennerstra\u00dfe selbst ist fast nichts los. Alle fahren wie selbstverst\u00e4ndlich die Autobahn entlang. Wie sch\u00f6n f\u00fcr uns! Keine Maut, kein Verkehr, ein paar h\u00fcbsche kleine D\u00f6rfer und die durchaus sehenswerten St\u00e4dtchen Steinach und Matrei am Brenner.<\/p>\n<p>Hier und insbesondere auch in den Ellenb\u00f6gen, die wir vor Jahren einmal quasi aus Versehen durchfahren hatten als unser Navi unbemerkt auf \u201ek\u00fcrzeste Strecke\u201c eingestellt war, ist man ganz sicher nicht sehr begeistert vom Autobahn-Ausweichverkehr und ich kann es gut nachvollziehen, dass Tirol seine Abfahren von der Brennerautobahn an Wochenenden f\u00fcr eben jenen Ausweichverkehr gesperrt hat. Wir jedenfalls sind am Donnerstag von derartigen Beschr\u00e4nkungen unber\u00fchrt und freuen uns auf Kurven ohne Ende, zahlenm\u00e4\u00dfig deutlich zunehmend, je n\u00e4her wir an Innsbruck heran kommen.<\/p>\n<p>Dort stecken wir allerdings im mitt\u00e4glichen Stop&amp;Go bei inzwischen 39\u00b0C. Schlappmachen gilt nicht, Umfallen geht nicht, Auskneifen geht auch nicht und Rettungswagen f\u00fcr \u00fcberhitzte Biker h\u00e4tten ohnehin keine Chance durch zu kommen. Die Autos stehen dicht an dicht. Also wacker von Ampel zu Ampel weiter schleichen bis das \u00fcble Theater endlich ein Ende hat\u2026<\/p>\n<p>Am Zirler Berg geht es zun\u00e4chst flott voran, was unserer Betriebstemperatur sehr zutr\u00e4glich ist, bis zwei voraus kriechende LKW nur noch eine H\u00f6chstgeschwindigkeit von 14 km\/h f\u00fcr die ihnen Nachfolgenden zulassen. Da muss man dann schon mal jede sich bietende L\u00fccke nutzen, um Kolonnenhopping zu machen.<\/p>\n<p><a href=\"https:\/\/bf-on-tour.de\/kurztouren\/wp-content\/uploads\/sites\/21\/2019\/10\/5-5.jpg\" rel=\"lightbox[95]\"><img loading=\"lazy\" decoding=\"async\" class=\"alignleft size-medium wp-image-132\" src=\"https:\/\/bf-on-tour.de\/kurztouren\/wp-content\/uploads\/sites\/21\/2019\/10\/5-5-300x202.jpg\" alt=\"\" width=\"300\" height=\"202\" srcset=\"https:\/\/bf-on-tour.de\/kurztouren\/wp-content\/uploads\/sites\/21\/2019\/10\/5-5-300x202.jpg 300w, https:\/\/bf-on-tour.de\/kurztouren\/wp-content\/uploads\/sites\/21\/2019\/10\/5-5-768x516.jpg 768w, https:\/\/bf-on-tour.de\/kurztouren\/wp-content\/uploads\/sites\/21\/2019\/10\/5-5.jpg 865w\" sizes=\"auto, (max-width: 300px) 85vw, 300px\" \/><\/a>Ein Highlight des Nachmittags ist die Fahrt entlang des Walchensees und der wunderbar kurvige \u00dcbergang zum Kochelsee. Vor Jahren musste ich hier mit 10 km\/h hinter einem Linienbus herfahren, der wegen des Gegenverkehrs nicht zu \u00fcberholen war, und vor zwei Jahren krochen wir im PKW hinter einem Supervorsichtigen her, der bei 25 km\/h bereits an seine fahrerischen Grenzen stie\u00df. Heute ist alles anders! Heute macht es hier richtig Spa\u00df!<\/p>\n<p>Schlie\u00dflich landen wir in M\u00fcnchen. Feierabendverkehr. Auf dem Mittleren Ring Richtung Norden ist alles dicht. Wieder 39\u00b0C. Die Maschinen kochen, wir sind auch fast gar. Und das Navi? Es l\u00e4sst uns nicht im Stich, f\u00fchrt uns durch kleine und kleinste Stra\u00dfen am Stau vorbei. Nur schleichen wir hier wieder von Ampel zu Ampel \u2013 wir sind n\u00e4mlich nicht die einzigen, die ein Navi haben. Vielleicht w\u00e4re ein Stehen im Stau, in irgend einem der vielen M\u00fcnchner Tunnel, doch angenehmer gewesen\u2026?<\/p>\n<p>Nach etwa einer Stunde sind wir endlich auf der A9 Richtung N\u00fcrnberg und haben das Gef\u00fchl zwischen Lebensm\u00fcden zu fahren. Ab Freimann k\u00f6nnten alle vier Spuren z\u00fcgig in Kolonne fahren, wenn da eben nicht die Superschlauen w\u00e4ren, die, l\u00e4ssig einen Arm aus dem offenen Fenster h\u00e4ngend, im Spurenhopping ein Auto links, ein weiteres rechts, wieder eines links, na, und so weiter \u00fcberholen. Macht das einer, sch\u00fcttelt man innerlich den Kopf. Hier ist das offenbar Volkssport f\u00fcr diejenigen, die den Slogan \u201eVorsprung durch Technik\u201c falsch verstanden haben.<\/p>\n<p><a href=\"https:\/\/bf-on-tour.de\/kurztouren\/wp-content\/uploads\/sites\/21\/2019\/10\/5-6.jpg\" rel=\"lightbox[95]\"><img loading=\"lazy\" decoding=\"async\" class=\"aligncenter size-medium wp-image-133\" src=\"https:\/\/bf-on-tour.de\/kurztouren\/wp-content\/uploads\/sites\/21\/2019\/10\/5-6-300x300.jpg\" alt=\"\" width=\"300\" height=\"300\" srcset=\"https:\/\/bf-on-tour.de\/kurztouren\/wp-content\/uploads\/sites\/21\/2019\/10\/5-6-300x300.jpg 300w, https:\/\/bf-on-tour.de\/kurztouren\/wp-content\/uploads\/sites\/21\/2019\/10\/5-6-150x150.jpg 150w, https:\/\/bf-on-tour.de\/kurztouren\/wp-content\/uploads\/sites\/21\/2019\/10\/5-6-768x768.jpg 768w, https:\/\/bf-on-tour.de\/kurztouren\/wp-content\/uploads\/sites\/21\/2019\/10\/5-6.jpg 865w\" sizes=\"auto, (max-width: 300px) 85vw, 300px\" \/><\/a>Irgendwann sind wir bei Suse in Freising angekommen, v\u00f6llig \u00fcberhitzt, v\u00f6llig ausgetrocknet. Ich parke meine Maschine vor dem Haus, Nicoline kriegt die Kurve nicht mehr, f\u00e4hrt geradeaus den Berg hoch. Im Helm h\u00f6re ich: \u201eIch wende oben. Komme gleich.\u201c Dann folgt l\u00e4ngere Stille. Mein Handy meldet sich. \u201eMeine Maschine steht oben im Erdbeerfeld \u2013 aber sie liegt nicht! Holst Du sie?\u201c Etwas bem\u00fcht schleppe ich mich den Berg hoch und lege zum kr\u00f6nenden Abschluss des Tages noch eine kleine OffRoad-Tour durch das Erdbeerfeld ein.<\/p>\n<p>Morgen geht\u2019s durch den Bayerischen Wald nach Hause. Es waren trotz allem sch\u00f6ne und harmonische Tage! Danke an Dennis und Yasmin, die die Vorbereitungen getroffen, den Moarhof gebucht und die Touren vorbereitet hatten. Einfach mal hinterher zu fahren macht auch Spa\u00df!<\/p>\n<p><a href=\"https:\/\/bf-on-tour.de\/kurztouren\/2019-meran\/4-2\/\"><img loading=\"lazy\" decoding=\"async\" class=\"alignleft wp-image-65\" src=\"https:\/\/bf-on-tour.de\/kurztouren\/wp-content\/uploads\/sites\/21\/2019\/10\/zurueck.png\" alt=\"\" width=\"50\" height=\"37\" \/><\/a><\/p>\n","protected":false},"excerpt":{"rendered":"<p>Unsere R\u00fcckreise beginnt. Nachdem wir abends die Notwendigkeit von Vorschriften bei einem Glas Chardonnay ausdiskutiert haben (mein Standpunkt: Vorschriften sind f\u00fcr Menschen, die nicht denken sollen, wobei sie nur allzu gern missbraucht werden von jenen, die es nicht wollen), sind heute morgen unsere Koffer gepackt, die Unterkunft bezahlt und eine wahre \u201eVorfreude\u201c auf die schmalen, &hellip; <a href=\"https:\/\/bf-on-tour.de\/kurztouren\/2019-meran\/5-2\/\" class=\"more-link\"><span class=\"screen-reader-text\">\u201eR\u00fcckreise\u201c <\/span>weiterlesen<\/a><\/p>\n","protected":false},"author":1,"featured_media":0,"parent":38,"menu_order":4,"comment_status":"open","ping_status":"closed","template":"","meta":{"footnotes":""},"class_list":["post-95","page","type-page","status-publish","hentry"],"_links":{"self":[{"href":"https:\/\/bf-on-tour.de\/kurztouren\/wp-json\/wp\/v2\/pages\/95","targetHints":{"allow":["GET"]}}],"collection":[{"href":"https:\/\/bf-on-tour.de\/kurztouren\/wp-json\/wp\/v2\/pages"}],"about":[{"href":"https:\/\/bf-on-tour.de\/kurztouren\/wp-json\/wp\/v2\/types\/page"}],"author":[{"embeddable":true,"href":"https:\/\/bf-on-tour.de\/kurztouren\/wp-json\/wp\/v2\/users\/1"}],"replies":[{"embeddable":true,"href":"https:\/\/bf-on-tour.de\/kurztouren\/wp-json\/wp\/v2\/comments?post=95"}],"version-history":[{"count":6,"href":"https:\/\/bf-on-tour.de\/kurztouren\/wp-json\/wp\/v2\/pages\/95\/revisions"}],"predecessor-version":[{"id":177,"href":"https:\/\/bf-on-tour.de\/kurztouren\/wp-json\/wp\/v2\/pages\/95\/revisions\/177"}],"up":[{"embeddable":true,"href":"https:\/\/bf-on-tour.de\/kurztouren\/wp-json\/wp\/v2\/pages\/38"}],"wp:attachment":[{"href":"https:\/\/bf-on-tour.de\/kurztouren\/wp-json\/wp\/v2\/media?parent=95"}],"curies":[{"name":"wp","href":"https:\/\/api.w.org\/{rel}","templated":true}]}}