{"id":85,"date":"2019-10-08T10:05:35","date_gmt":"2019-10-08T08:05:35","guid":{"rendered":"http:\/\/bf-on-tour.de\/kurztouren\/?page_id=85"},"modified":"2020-06-29T20:30:33","modified_gmt":"2020-06-29T18:30:33","slug":"3-2","status":"publish","type":"page","link":"https:\/\/bf-on-tour.de\/kurztouren\/2019-meran\/3-2\/","title":{"rendered":"Drei-P\u00e4sse-Tag"},"content":{"rendered":"<p><a href=\"https:\/\/bf-on-tour.de\/kurztouren\/wp-content\/uploads\/sites\/21\/2019\/10\/3-1.jpg\" rel=\"lightbox[85]\"><img loading=\"lazy\" decoding=\"async\" class=\"size-medium wp-image-105 alignright\" src=\"https:\/\/bf-on-tour.de\/kurztouren\/wp-content\/uploads\/sites\/21\/2019\/10\/3-1-300x202.jpg\" alt=\"\" width=\"300\" height=\"202\" srcset=\"https:\/\/bf-on-tour.de\/kurztouren\/wp-content\/uploads\/sites\/21\/2019\/10\/3-1-300x202.jpg 300w, https:\/\/bf-on-tour.de\/kurztouren\/wp-content\/uploads\/sites\/21\/2019\/10\/3-1-768x516.jpg 768w, https:\/\/bf-on-tour.de\/kurztouren\/wp-content\/uploads\/sites\/21\/2019\/10\/3-1.jpg 865w\" sizes=\"auto, (max-width: 300px) 85vw, 300px\" \/><\/a>Montagmorgen. Heute stehen drei P\u00e4sse an, um ins Passeiertal zu kommen: Das Oberjoch, diesmal bergauf ins Tannheimer Tal, das Hahntennjoch vom Lechtal nach Imst und das Timmelsjoch vom \u00d6tztal ins Passeiertal. Sch\u00f6ne Gr\u00fc\u00dfe an meine H\u00f6henangst\u2026<\/p>\n<p>In Haldensee tanken wir und zu meiner gro\u00dfen \u00dcberraschung steht zwei H\u00e4user weiter die Pension Aggenstein, in der ich 1962 mit meinen Eltern Urlaub gemacht habe. Was f\u00fcr ein netter Zufall.<\/p>\n<p><a href=\"https:\/\/bf-on-tour.de\/kurztouren\/wp-content\/uploads\/sites\/21\/2019\/10\/3-2.jpg\" rel=\"lightbox[85]\"><img loading=\"lazy\" decoding=\"async\" class=\"alignleft size-medium wp-image-106\" src=\"https:\/\/bf-on-tour.de\/kurztouren\/wp-content\/uploads\/sites\/21\/2019\/10\/3-2-300x202.jpg\" alt=\"\" width=\"300\" height=\"202\" srcset=\"https:\/\/bf-on-tour.de\/kurztouren\/wp-content\/uploads\/sites\/21\/2019\/10\/3-2-300x202.jpg 300w, https:\/\/bf-on-tour.de\/kurztouren\/wp-content\/uploads\/sites\/21\/2019\/10\/3-2-768x516.jpg 768w, https:\/\/bf-on-tour.de\/kurztouren\/wp-content\/uploads\/sites\/21\/2019\/10\/3-2.jpg 865w\" sizes=\"auto, (max-width: 300px) 85vw, 300px\" \/><\/a><a href=\"https:\/\/bf-on-tour.de\/kurztouren\/wp-content\/uploads\/sites\/21\/2019\/10\/3-3.jpg\" rel=\"lightbox[85]\"><img loading=\"lazy\" decoding=\"async\" class=\"alignright size-medium wp-image-107\" src=\"https:\/\/bf-on-tour.de\/kurztouren\/wp-content\/uploads\/sites\/21\/2019\/10\/3-3-300x202.jpg\" alt=\"\" width=\"300\" height=\"202\" srcset=\"https:\/\/bf-on-tour.de\/kurztouren\/wp-content\/uploads\/sites\/21\/2019\/10\/3-3-300x202.jpg 300w, https:\/\/bf-on-tour.de\/kurztouren\/wp-content\/uploads\/sites\/21\/2019\/10\/3-3-768x516.jpg 768w, https:\/\/bf-on-tour.de\/kurztouren\/wp-content\/uploads\/sites\/21\/2019\/10\/3-3.jpg 865w\" sizes=\"auto, (max-width: 300px) 85vw, 300px\" \/><\/a>Weiter geht\u2019s durch das Tannheimer ins Lechtal, wo das Hahntennjoch auf uns wartet. 1.894 m H\u00f6he und 15 Kehren sind nicht gerade rekordverd\u00e4chtig, aber die weiten Aussichten in die Bergwelt fordern mir einiges ab, insbesondere, wenn wir auf der Talseite der Stra\u00dfe fahren. Eisern konzentriere ich mich auf das Asphaltband, vermeide, davon aufzuschauen. Schlie\u00dflich l\u00e4uft die GoPro mit und ich kann mir die Berge sp\u00e4ter zu Hause ansehen.<\/p>\n<p><a href=\"https:\/\/bf-on-tour.de\/kurztouren\/wp-content\/uploads\/sites\/21\/2019\/10\/3-4.jpg\" rel=\"lightbox[85]\"><img loading=\"lazy\" decoding=\"async\" class=\"alignright wp-image-108 size-medium\" src=\"https:\/\/bf-on-tour.de\/kurztouren\/wp-content\/uploads\/sites\/21\/2019\/10\/3-4-300x300.jpg\" alt=\"\" width=\"300\" height=\"300\" srcset=\"https:\/\/bf-on-tour.de\/kurztouren\/wp-content\/uploads\/sites\/21\/2019\/10\/3-4-300x300.jpg 300w, https:\/\/bf-on-tour.de\/kurztouren\/wp-content\/uploads\/sites\/21\/2019\/10\/3-4-150x150.jpg 150w, https:\/\/bf-on-tour.de\/kurztouren\/wp-content\/uploads\/sites\/21\/2019\/10\/3-4-768x768.jpg 768w, https:\/\/bf-on-tour.de\/kurztouren\/wp-content\/uploads\/sites\/21\/2019\/10\/3-4.jpg 865w\" sizes=\"auto, (max-width: 300px) 85vw, 300px\" \/><\/a>In Imst gibt es einen Imbiss beim Schachtelwirt \u2013 nicht sehr lecker, aber zweckm\u00e4\u00dfig: kurz und s\u00e4ttigend. Dann biegen wir ins \u00d6tztal ein. Inzwischen ist die Fahrt zur Hitzeschlacht mutiert, denn die dekorativen Wolken haben sich l\u00e4ngst aus dem Staub gemacht. Da versprechen die knapp 2.500 m des Timmelsjoches doch etwas K\u00fchlung, auch wenn daf\u00fcr 44 Kehren und 14 EUR Maut auf der Soll-Seite anstehen.<\/p>\n<p><a href=\"https:\/\/bf-on-tour.de\/kurztouren\/wp-content\/uploads\/sites\/21\/2019\/10\/3-5.jpg\" rel=\"lightbox[85]\"><img loading=\"lazy\" decoding=\"async\" class=\"alignleft size-medium wp-image-109\" src=\"https:\/\/bf-on-tour.de\/kurztouren\/wp-content\/uploads\/sites\/21\/2019\/10\/3-5-300x202.jpg\" alt=\"\" width=\"300\" height=\"202\" srcset=\"https:\/\/bf-on-tour.de\/kurztouren\/wp-content\/uploads\/sites\/21\/2019\/10\/3-5-300x202.jpg 300w, https:\/\/bf-on-tour.de\/kurztouren\/wp-content\/uploads\/sites\/21\/2019\/10\/3-5-768x516.jpg 768w, https:\/\/bf-on-tour.de\/kurztouren\/wp-content\/uploads\/sites\/21\/2019\/10\/3-5.jpg 865w\" sizes=\"auto, (max-width: 300px) 85vw, 300px\" \/><\/a>Und ich bin erstaunt. Die Auffahrt bis zur Mautstelle, sowie weiter bis zum Scheitelpunkt verlaufen durch zum Teil weite Talschneisen, die selbst mir angenehm sind! Damit hatte ich nicht gerechnet. Sch\u00f6n, sch\u00f6n! Auch abw\u00e4rts fahren wir eine ganze Weile wunderbare Wechselkurven auf der richtigen Stra\u00dfenseite \u2013 n\u00e4mlich am Berg.<\/p>\n<p>Bis, ja bis eben die ersten Kehren kommen und wir deutlich l\u00e4ngere Strecken auf der Talseite der Stra\u00dfe zur\u00fcck legen m\u00fcssen. Da ist dann wieder der Mittelstrich mein Freund und Blicke in die Landschaft verbieten sich. Aber ich komme ohne Panik runter.<\/p>\n<p><a href=\"https:\/\/bf-on-tour.de\/kurztouren\/wp-content\/uploads\/sites\/21\/2019\/10\/3-6.jpg\" rel=\"lightbox[85]\"><img loading=\"lazy\" decoding=\"async\" class=\"alignleft wp-image-110 size-medium\" src=\"https:\/\/bf-on-tour.de\/kurztouren\/wp-content\/uploads\/sites\/21\/2019\/10\/3-6-300x300.jpg\" alt=\"\" width=\"300\" height=\"300\" srcset=\"https:\/\/bf-on-tour.de\/kurztouren\/wp-content\/uploads\/sites\/21\/2019\/10\/3-6-300x300.jpg 300w, https:\/\/bf-on-tour.de\/kurztouren\/wp-content\/uploads\/sites\/21\/2019\/10\/3-6-150x150.jpg 150w, https:\/\/bf-on-tour.de\/kurztouren\/wp-content\/uploads\/sites\/21\/2019\/10\/3-6-768x768.jpg 768w, https:\/\/bf-on-tour.de\/kurztouren\/wp-content\/uploads\/sites\/21\/2019\/10\/3-6.jpg 865w\" sizes=\"auto, (max-width: 300px) 85vw, 300px\" \/><\/a><\/p>\n<p>Am Ende des Tages bin nicht nur ich platt und als wir im Moarhof, hoch \u00fcber St. Martin im Passeiertal, unsere Zimmer beziehen, laden die frisch gemachten rot-karierten Betten doch sehr intensiv zu einem Nickerchen ein. Wer w\u00e4ren wir, wenn wir dieser Einladung nicht nachk\u00e4men\u2026!<\/p>\n<p><a href=\"https:\/\/bf-on-tour.de\/kurztouren\/wp-content\/uploads\/sites\/21\/2019\/10\/3-7.jpg\" rel=\"lightbox[85]\"><img loading=\"lazy\" decoding=\"async\" class=\"alignright size-medium wp-image-111\" src=\"https:\/\/bf-on-tour.de\/kurztouren\/wp-content\/uploads\/sites\/21\/2019\/10\/3-7-300x300.jpg\" alt=\"\" width=\"300\" height=\"300\" srcset=\"https:\/\/bf-on-tour.de\/kurztouren\/wp-content\/uploads\/sites\/21\/2019\/10\/3-7-300x300.jpg 300w, https:\/\/bf-on-tour.de\/kurztouren\/wp-content\/uploads\/sites\/21\/2019\/10\/3-7-150x150.jpg 150w, https:\/\/bf-on-tour.de\/kurztouren\/wp-content\/uploads\/sites\/21\/2019\/10\/3-7-768x768.jpg 768w, https:\/\/bf-on-tour.de\/kurztouren\/wp-content\/uploads\/sites\/21\/2019\/10\/3-7.jpg 865w\" sizes=\"auto, (max-width: 300px) 85vw, 300px\" \/><\/a>Ach ja, der Moarhof. Eine \u201eEntdeckung\u201c von Dennis, die durchaus auch von meinem Vater h\u00e4tte stammen k\u00f6nnen: Viel weiter weg von irgendeinem Ort geht kaum \u2013 wir befinden uns ca. 1,5 km Luftlinie (!) \u00fcber St. Martin, die Anfahrt eine steile, einspurige Arie von gef\u00fchlten 100 Kehren. Der Lohn: Eine einfach atemberaubende Aussicht und herzliche Gastleut bei schlichter, aber frisch und mit Liebe zubereiteter Verpflegung. Und der Preis? Zumindest im Verh\u00e4ltnis zum Aufenthalt im Kleinwalsertal, kaum der Rede wert. Da zeigen sich bei Dennis deutlich die Familiengene\u2026<\/p>\n<p><a href=\"https:\/\/bf-on-tour.de\/kurztouren\/2019-meran\/2-2\/\"><img loading=\"lazy\" decoding=\"async\" class=\"alignleft wp-image-65\" src=\"https:\/\/bf-on-tour.de\/kurztouren\/wp-content\/uploads\/sites\/21\/2019\/10\/zurueck.png\" alt=\"\" width=\"50\" height=\"37\" \/><\/a> <a href=\"https:\/\/bf-on-tour.de\/kurztouren\/2019-meran\/4-2\/\"><img loading=\"lazy\" decoding=\"async\" class=\"alignright wp-image-64\" src=\"https:\/\/bf-on-tour.de\/kurztouren\/wp-content\/uploads\/sites\/21\/2019\/10\/weiter.png\" alt=\"\" width=\"50\" height=\"37\" \/><\/a><\/p>\n","protected":false},"excerpt":{"rendered":"<p>Montagmorgen. Heute stehen drei P\u00e4sse an, um ins Passeiertal zu kommen: Das Oberjoch, diesmal bergauf ins Tannheimer Tal, das Hahntennjoch vom Lechtal nach Imst und das Timmelsjoch vom \u00d6tztal ins Passeiertal. Sch\u00f6ne Gr\u00fc\u00dfe an meine H\u00f6henangst\u2026 In Haldensee tanken wir und zu meiner gro\u00dfen \u00dcberraschung steht zwei H\u00e4user weiter die Pension Aggenstein, in der ich &hellip; <a href=\"https:\/\/bf-on-tour.de\/kurztouren\/2019-meran\/3-2\/\" class=\"more-link\"><span class=\"screen-reader-text\">\u201eDrei-P\u00e4sse-Tag\u201c <\/span>weiterlesen<\/a><\/p>\n","protected":false},"author":1,"featured_media":0,"parent":38,"menu_order":2,"comment_status":"open","ping_status":"closed","template":"","meta":{"footnotes":""},"class_list":["post-85","page","type-page","status-publish","hentry"],"_links":{"self":[{"href":"https:\/\/bf-on-tour.de\/kurztouren\/wp-json\/wp\/v2\/pages\/85","targetHints":{"allow":["GET"]}}],"collection":[{"href":"https:\/\/bf-on-tour.de\/kurztouren\/wp-json\/wp\/v2\/pages"}],"about":[{"href":"https:\/\/bf-on-tour.de\/kurztouren\/wp-json\/wp\/v2\/types\/page"}],"author":[{"embeddable":true,"href":"https:\/\/bf-on-tour.de\/kurztouren\/wp-json\/wp\/v2\/users\/1"}],"replies":[{"embeddable":true,"href":"https:\/\/bf-on-tour.de\/kurztouren\/wp-json\/wp\/v2\/comments?post=85"}],"version-history":[{"count":13,"href":"https:\/\/bf-on-tour.de\/kurztouren\/wp-json\/wp\/v2\/pages\/85\/revisions"}],"predecessor-version":[{"id":175,"href":"https:\/\/bf-on-tour.de\/kurztouren\/wp-json\/wp\/v2\/pages\/85\/revisions\/175"}],"up":[{"embeddable":true,"href":"https:\/\/bf-on-tour.de\/kurztouren\/wp-json\/wp\/v2\/pages\/38"}],"wp:attachment":[{"href":"https:\/\/bf-on-tour.de\/kurztouren\/wp-json\/wp\/v2\/media?parent=85"}],"curies":[{"name":"wp","href":"https:\/\/api.w.org\/{rel}","templated":true}]}}