{"id":80,"date":"2019-10-07T15:13:58","date_gmt":"2019-10-07T13:13:58","guid":{"rendered":"http:\/\/bf-on-tour.de\/kurztouren\/?page_id=80"},"modified":"2020-06-29T20:27:31","modified_gmt":"2020-06-29T18:27:31","slug":"2-2","status":"publish","type":"page","link":"https:\/\/bf-on-tour.de\/kurztouren\/2019-meran\/2-2\/","title":{"rendered":"Der Tag danach&#8230;"},"content":{"rendered":"<p>6:30 Uhr: Hirschegg ist explodiert!<\/p>\n<p><a href=\"https:\/\/bf-on-tour.de\/kurztouren\/wp-content\/uploads\/sites\/21\/2019\/10\/Tg-2-1.jpg\" rel=\"lightbox[80]\"><img loading=\"lazy\" decoding=\"async\" class=\"alignright size-medium wp-image-48\" src=\"https:\/\/bf-on-tour.de\/kurztouren\/wp-content\/uploads\/sites\/21\/2019\/10\/Tg-2-1-300x202.jpg\" alt=\"\" width=\"300\" height=\"202\" srcset=\"https:\/\/bf-on-tour.de\/kurztouren\/wp-content\/uploads\/sites\/21\/2019\/10\/Tg-2-1-300x202.jpg 300w, https:\/\/bf-on-tour.de\/kurztouren\/wp-content\/uploads\/sites\/21\/2019\/10\/Tg-2-1-768x516.jpg 768w, https:\/\/bf-on-tour.de\/kurztouren\/wp-content\/uploads\/sites\/21\/2019\/10\/Tg-2-1.jpg 865w\" sizes=\"auto, (max-width: 300px) 85vw, 300px\" \/><\/a>Ein aberwitziger Knall rei\u00dft mich aus den morgendlichen T\u00e4umen, l\u00e4sst mich zum Balkon taumeln. Nein, Hirschegg steht noch, die Berge sind auch noch da!<\/p>\n<p>Das Gewitter ist weiter gezogen und der Ausblick in das graue, wolkenverhangene Kleinwalsertal k\u00f6nnte Katerstimmung kaum besser sichtbar machen \u2013 nur, ich habe gar keinen Kater.<\/p>\n<p><a href=\"https:\/\/bf-on-tour.de\/kurztouren\/wp-content\/uploads\/sites\/21\/2019\/10\/Tg-2-2.jpg\" rel=\"lightbox[80]\"><img loading=\"lazy\" decoding=\"async\" class=\"alignleft size-medium wp-image-49\" src=\"https:\/\/bf-on-tour.de\/kurztouren\/wp-content\/uploads\/sites\/21\/2019\/10\/Tg-2-2-300x202.jpg\" alt=\"\" width=\"300\" height=\"202\" srcset=\"https:\/\/bf-on-tour.de\/kurztouren\/wp-content\/uploads\/sites\/21\/2019\/10\/Tg-2-2-300x202.jpg 300w, https:\/\/bf-on-tour.de\/kurztouren\/wp-content\/uploads\/sites\/21\/2019\/10\/Tg-2-2-768x516.jpg 768w, https:\/\/bf-on-tour.de\/kurztouren\/wp-content\/uploads\/sites\/21\/2019\/10\/Tg-2-2.jpg 865w\" sizes=\"auto, (max-width: 300px) 85vw, 300px\" \/><\/a>Das Sommerfest gestern Abend? Absolut gelungen! Tolle Stimmung, bestes Essen, gute Gespr\u00e4che mit Leuten, die man vorher gar nicht kannte, ebenso, wie mit jenen, die man seit Jahren kennt und gern hat.<\/p>\n<p><a href=\"https:\/\/bf-on-tour.de\/kurztouren\/wp-content\/uploads\/sites\/21\/2019\/10\/Tg-2-3.jpg\" rel=\"lightbox[80]\"><img loading=\"lazy\" decoding=\"async\" class=\"alignright size-medium wp-image-50\" src=\"https:\/\/bf-on-tour.de\/kurztouren\/wp-content\/uploads\/sites\/21\/2019\/10\/Tg-2-3-300x202.jpg\" alt=\"\" width=\"300\" height=\"202\" srcset=\"https:\/\/bf-on-tour.de\/kurztouren\/wp-content\/uploads\/sites\/21\/2019\/10\/Tg-2-3-300x202.jpg 300w, https:\/\/bf-on-tour.de\/kurztouren\/wp-content\/uploads\/sites\/21\/2019\/10\/Tg-2-3-768x516.jpg 768w, https:\/\/bf-on-tour.de\/kurztouren\/wp-content\/uploads\/sites\/21\/2019\/10\/Tg-2-3.jpg 865w\" sizes=\"auto, (max-width: 300px) 85vw, 300px\" \/><\/a>Da waren Prosecco und Gin-Mare diesmal also keine Spielverderber. Auch gut! Und weil im Regen heute niemand wandern will, wird es ein Wellnesstag: Schwimmen, Sauna, Massage, Gutgehenlassen!<\/p>\n<p>Morgen geht es weiter nach Meran. Das Sakko wird wieder in den Motorradkoffer gefaltet, das Schminkt\u00e4schchen landet zwischen den Schuhbeuteln. Erstaunlich, was man alles auf dem Motorrad transportieren kann, wenn man sich M\u00fche gibt. Nur Yasmins Hut, den sie gestern Abend spontan in der Hotelboutique erstanden hat, der wird wohl mit der Post nach kommen m\u00fcssen.<\/p>\n<p><a href=\"https:\/\/bf-on-tour.de\/kurztouren\/2019-meran\/3-2\"><img loading=\"lazy\" decoding=\"async\" class=\"alignright wp-image-64\" src=\"https:\/\/bf-on-tour.de\/kurztouren\/wp-content\/uploads\/sites\/21\/2019\/10\/weiter.png\" alt=\"\" width=\"50\" height=\"37\" \/><\/a> <a href=\"https:\/\/bf-on-tour.de\/kurztouren\/2019-meran\"><img loading=\"lazy\" decoding=\"async\" class=\"alignleft wp-image-65\" src=\"https:\/\/bf-on-tour.de\/kurztouren\/wp-content\/uploads\/sites\/21\/2019\/10\/zurueck.png\" alt=\"\" width=\"50\" height=\"37\" \/><\/a><\/p>\n","protected":false},"excerpt":{"rendered":"<p>6:30 Uhr: Hirschegg ist explodiert! Ein aberwitziger Knall rei\u00dft mich aus den morgendlichen T\u00e4umen, l\u00e4sst mich zum Balkon taumeln. Nein, Hirschegg steht noch, die Berge sind auch noch da! Das Gewitter ist weiter gezogen und der Ausblick in das graue, wolkenverhangene Kleinwalsertal k\u00f6nnte Katerstimmung kaum besser sichtbar machen \u2013 nur, ich habe gar keinen Kater. &hellip; <a href=\"https:\/\/bf-on-tour.de\/kurztouren\/2019-meran\/2-2\/\" class=\"more-link\"><span class=\"screen-reader-text\">\u201eDer Tag danach&#8230;\u201c <\/span>weiterlesen<\/a><\/p>\n","protected":false},"author":1,"featured_media":0,"parent":38,"menu_order":1,"comment_status":"open","ping_status":"closed","template":"","meta":{"footnotes":""},"class_list":["post-80","page","type-page","status-publish","hentry"],"_links":{"self":[{"href":"https:\/\/bf-on-tour.de\/kurztouren\/wp-json\/wp\/v2\/pages\/80","targetHints":{"allow":["GET"]}}],"collection":[{"href":"https:\/\/bf-on-tour.de\/kurztouren\/wp-json\/wp\/v2\/pages"}],"about":[{"href":"https:\/\/bf-on-tour.de\/kurztouren\/wp-json\/wp\/v2\/types\/page"}],"author":[{"embeddable":true,"href":"https:\/\/bf-on-tour.de\/kurztouren\/wp-json\/wp\/v2\/users\/1"}],"replies":[{"embeddable":true,"href":"https:\/\/bf-on-tour.de\/kurztouren\/wp-json\/wp\/v2\/comments?post=80"}],"version-history":[{"count":5,"href":"https:\/\/bf-on-tour.de\/kurztouren\/wp-json\/wp\/v2\/pages\/80\/revisions"}],"predecessor-version":[{"id":172,"href":"https:\/\/bf-on-tour.de\/kurztouren\/wp-json\/wp\/v2\/pages\/80\/revisions\/172"}],"up":[{"embeddable":true,"href":"https:\/\/bf-on-tour.de\/kurztouren\/wp-json\/wp\/v2\/pages\/38"}],"wp:attachment":[{"href":"https:\/\/bf-on-tour.de\/kurztouren\/wp-json\/wp\/v2\/media?parent=80"}],"curies":[{"name":"wp","href":"https:\/\/api.w.org\/{rel}","templated":true}]}}