{"id":61,"date":"2019-10-07T14:43:05","date_gmt":"2019-10-07T12:43:05","guid":{"rendered":"http:\/\/bf-on-tour.de\/kurztouren\/?page_id=61"},"modified":"2020-06-29T20:25:07","modified_gmt":"2020-06-29T18:25:07","slug":"4-2","status":"publish","type":"page","link":"https:\/\/bf-on-tour.de\/kurztouren\/2009-glockner\/4-2\/","title":{"rendered":"Gerlospass und Hintertux"},"content":{"rendered":"<p><img loading=\"lazy\" decoding=\"async\" class=\"alignright size-medium wp-image-13\" src=\"https:\/\/bf-on-tour.de\/kurztouren\/wp-content\/uploads\/sites\/21\/2019\/07\/Img-09-300x300.jpg\" alt=\"\" width=\"300\" height=\"300\" srcset=\"https:\/\/bf-on-tour.de\/kurztouren\/wp-content\/uploads\/sites\/21\/2019\/07\/Img-09-300x300.jpg 300w, https:\/\/bf-on-tour.de\/kurztouren\/wp-content\/uploads\/sites\/21\/2019\/07\/Img-09-150x150.jpg 150w, https:\/\/bf-on-tour.de\/kurztouren\/wp-content\/uploads\/sites\/21\/2019\/07\/Img-09-768x768.jpg 768w, https:\/\/bf-on-tour.de\/kurztouren\/wp-content\/uploads\/sites\/21\/2019\/07\/Img-09.jpg 864w\" sizes=\"auto, (max-width: 300px) 85vw, 300px\" \/>Es regnet. Die <a href=\"https:\/\/www.wasserwelten-krimml.at\/wk\/de\/krimmlerwasserfaelle\/diekrimmlerwasserfaelle\" target=\"_blank\" rel=\"noopener noreferrer\">Krimmler Wasserf\u00e4lle<\/a> laden deshalb nicht gerade zu einem Spaziergang ein. Au\u00dferdem war jeder von uns schon mindestens einmal hier. Wir kennen das Spektakel also und entscheiden nach kurzer Absprache, weiter zum Gerlospass zu fahren. Der ist im Regen allerdings auch nicht so besonders sch\u00f6n. Aber da wir am Wetter nichts \u00e4ndern k\u00f6nnen, genie\u00dfen wir die Kurven bis hinunter nach <a href=\"https:\/\/www.zillertalarena.com\/de\/gerlos\/sommer\/start_sommer.html\" target=\"_blank\" rel=\"noopener noreferrer\">Gerlos<\/a> eben etwas vorsichtiger als sonst.<\/p>\n<p>Und siehe da, je weiter wir ins Tal kommen, desto besser wird es. Der Regen h\u00f6rt fast ganz auf, die Stra\u00dfen trocknen ab und jetzt fehlen eigentlich nur noch Sonne, ein Caf\u00e9 mit Terrasse und ein Cappucchino. Leider sind die Orte, die wir durchfahren wie ausgestorben. Scheinbar machen alle Hoteliers und deren Bedienstete jetzt, nach der Wintersaison, selbst Urlaub.<\/p>\n<p>Daran \u00e4ndert sich wenig, nachdem wir in Mayrhofen in Richtung <a href=\"https:\/\/www.hintertux.at\/home\/\" target=\"_blank\" rel=\"noopener noreferrer\">Hintertux<\/a> abgebogen sind. Auch hier ist man eher auf Winter eingestellt und der gro\u00dfe Parkplatz am Ende des Tales ist nahezu g\u00e4hnend leer. Trotzdem setzen wir uns auf den Balkon der <a href=\"https:\/\/www.tenne.com\/hohenhaus-tenne-hintertux\/\" target=\"_blank\" rel=\"noopener noreferrer\">Hohenhaus Tenne<\/a> und trinken etwas. Etwas verlassen kommen wir uns allerdings schon vor, so als einzige G\u00e4ste in diesem Riesenhaus. Innen ist es f\u00fcr wahre G\u00e4stemassen ausgelegt und ich kann mir sehr gut vorstellen, dass ich hier im Winter nicht zum Apr\u00e8s-Ski einkehren m\u00f6chte. Mir sind kleine urige H\u00fctten lieber als solche auf Show getrimmten Etablissements.<\/p>\n<p>Egal, nach kurzem Verweilen soll es wieder los gehen, und vorher nat\u00fcrlich der obligate Gang zum stillen \u00d6rtchen. Alles ist hier verspiegelt, ich komme mir vor, wie im Irrgarten auf dem Hamburger Dom. Mich da an eines der Urinale zu stellen, will ich nicht wirklich. Also ab in eine der Boxen und gen\u00fcsslich niedergesetzt. Aber kaum unten, schnelle ich entsetzt wieder hoch. Hier verbrennt man sich ja den Allerwertesten. Entsetzt fasse ich unter mich und stelle fest, die steinerne Klobrille ist beheizt. Im Winter mag das ja ganz angenehm sein, aber jetzt, um diese Jahreszeit, ist es doch etwas zu viel des Guten. Wieder oben, erz\u00e4hle ich das \u201eErlebnis\u201c und nun wollen alle die eigenen Erfahrungen machen. Ein sch\u00f6ner Spa\u00df.<\/p>\n<p>Dann machen wir uns tats\u00e4chlich auf den R\u00fcckweg, finden in Gerlos auch wirklich noch ein ge\u00f6ffnetes Lokal f\u00fcr den obligaten Nachmittagscappuccino und kommen aus dem besseren wieder in schlechteres Wetter. Direkt oben auf dem Gerlospass erwischt uns ein heftiges Gewitter und wir verziehen uns f\u00fcr 20 Minuten unter das Vordach der verlassenen Mautstelle.<\/p>\n<p><img loading=\"lazy\" decoding=\"async\" class=\"aligncenter size-full wp-image-17\" src=\"https:\/\/bf-on-tour.de\/kurztouren\/wp-content\/uploads\/sites\/21\/2019\/07\/Img-13.jpg\" alt=\"\" width=\"3312\" height=\"864\" srcset=\"https:\/\/bf-on-tour.de\/kurztouren\/wp-content\/uploads\/sites\/21\/2019\/07\/Img-13.jpg 3312w, https:\/\/bf-on-tour.de\/kurztouren\/wp-content\/uploads\/sites\/21\/2019\/07\/Img-13-300x78.jpg 300w, https:\/\/bf-on-tour.de\/kurztouren\/wp-content\/uploads\/sites\/21\/2019\/07\/Img-13-768x200.jpg 768w, https:\/\/bf-on-tour.de\/kurztouren\/wp-content\/uploads\/sites\/21\/2019\/07\/Img-13-1024x267.jpg 1024w, https:\/\/bf-on-tour.de\/kurztouren\/wp-content\/uploads\/sites\/21\/2019\/07\/Img-13-1200x313.jpg 1200w\" sizes=\"auto, (max-width: 709px) 85vw, (max-width: 909px) 67vw, (max-width: 1362px) 62vw, 840px\" \/>Am Abend wir R\u00e9sum\u00e9 gezogen: Es waren vier sch\u00f6ne Tage \u2013 selbst, wenn das Wetter nicht immer auf unserer Seite stand. Die Unterkunft war sehr ok, Essen und Trinken auch und die Touren haben allen Spa\u00df gemacht. Was will man also mehr&#8230;?<\/p>\n<p><a href=\"https:\/\/bf-on-tour.de\/kurztouren\/2009-glockner\/3-2\"><img loading=\"lazy\" decoding=\"async\" class=\"alignleft wp-image-65\" src=\"https:\/\/bf-on-tour.de\/kurztouren\/wp-content\/uploads\/sites\/21\/2019\/10\/zurueck.png\" alt=\"\" width=\"50\" height=\"37\" \/><\/a><\/p>\n","protected":false},"excerpt":{"rendered":"<p>Es regnet. Die Krimmler Wasserf\u00e4lle laden deshalb nicht gerade zu einem Spaziergang ein. Au\u00dferdem war jeder von uns schon mindestens einmal hier. Wir kennen das Spektakel also und entscheiden nach kurzer Absprache, weiter zum Gerlospass zu fahren. Der ist im Regen allerdings auch nicht so besonders sch\u00f6n. Aber da wir am Wetter nichts \u00e4ndern k\u00f6nnen, &hellip; <a href=\"https:\/\/bf-on-tour.de\/kurztouren\/2009-glockner\/4-2\/\" class=\"more-link\"><span class=\"screen-reader-text\">\u201eGerlospass und Hintertux\u201c <\/span>weiterlesen<\/a><\/p>\n","protected":false},"author":1,"featured_media":0,"parent":54,"menu_order":3,"comment_status":"open","ping_status":"closed","template":"","meta":{"footnotes":""},"class_list":["post-61","page","type-page","status-publish","hentry"],"_links":{"self":[{"href":"https:\/\/bf-on-tour.de\/kurztouren\/wp-json\/wp\/v2\/pages\/61","targetHints":{"allow":["GET"]}}],"collection":[{"href":"https:\/\/bf-on-tour.de\/kurztouren\/wp-json\/wp\/v2\/pages"}],"about":[{"href":"https:\/\/bf-on-tour.de\/kurztouren\/wp-json\/wp\/v2\/types\/page"}],"author":[{"embeddable":true,"href":"https:\/\/bf-on-tour.de\/kurztouren\/wp-json\/wp\/v2\/users\/1"}],"replies":[{"embeddable":true,"href":"https:\/\/bf-on-tour.de\/kurztouren\/wp-json\/wp\/v2\/comments?post=61"}],"version-history":[{"count":9,"href":"https:\/\/bf-on-tour.de\/kurztouren\/wp-json\/wp\/v2\/pages\/61\/revisions"}],"predecessor-version":[{"id":170,"href":"https:\/\/bf-on-tour.de\/kurztouren\/wp-json\/wp\/v2\/pages\/61\/revisions\/170"}],"up":[{"embeddable":true,"href":"https:\/\/bf-on-tour.de\/kurztouren\/wp-json\/wp\/v2\/pages\/54"}],"wp:attachment":[{"href":"https:\/\/bf-on-tour.de\/kurztouren\/wp-json\/wp\/v2\/media?parent=61"}],"curies":[{"name":"wp","href":"https:\/\/api.w.org\/{rel}","templated":true}]}}