{"id":57,"date":"2019-10-07T14:43:05","date_gmt":"2019-10-07T12:43:05","guid":{"rendered":"http:\/\/bf-on-tour.de\/kurztouren\/?page_id=57"},"modified":"2020-06-29T20:14:05","modified_gmt":"2020-06-29T18:14:05","slug":"2-2","status":"publish","type":"page","link":"https:\/\/bf-on-tour.de\/kurztouren\/2009-glockner\/2-2\/","title":{"rendered":"Liechtensteinklamm und Pillerseetal"},"content":{"rendered":"<p>Ein gutes Fr\u00fchst\u00fcck, dann starten wir nach <a href=\"https:\/\/www.dienten.salzburg.at\" target=\"_blank\" rel=\"noopener noreferrer\">Dienten am Hochk\u00f6nig<\/a>, fahren weiter bis Bischofshofen und danach zur Liechtensteinklamm. Sch\u00f6ne Kurven, nette kleine D\u00f6rfer und viel Wald erwarten uns dort oben in den Bergen. Das Wetter k\u00f6nnte besser sein, aber wir wollen uns mal nicht beklagen. Es geht auch schlechter.<\/p>\n<p><img loading=\"lazy\" decoding=\"async\" class=\"alignleft size-medium wp-image-6\" src=\"https:\/\/bf-on-tour.de\/kurztouren\/wp-content\/uploads\/sites\/21\/2019\/07\/Img-02-300x300.jpg\" alt=\"\" width=\"300\" height=\"300\" srcset=\"https:\/\/bf-on-tour.de\/kurztouren\/wp-content\/uploads\/sites\/21\/2019\/07\/Img-02-300x300.jpg 300w, https:\/\/bf-on-tour.de\/kurztouren\/wp-content\/uploads\/sites\/21\/2019\/07\/Img-02-150x150.jpg 150w, https:\/\/bf-on-tour.de\/kurztouren\/wp-content\/uploads\/sites\/21\/2019\/07\/Img-02-768x768.jpg 768w, https:\/\/bf-on-tour.de\/kurztouren\/wp-content\/uploads\/sites\/21\/2019\/07\/Img-02.jpg 864w\" sizes=\"auto, (max-width: 300px) 85vw, 300px\" \/>In <a href=\"https:\/\/www.bischofshofen.at\/startseite.html\" target=\"_blank\" rel=\"noopener noreferrer\">Bischofshofen<\/a> m\u00fcssen wir einen Abstecher zu den Sprungschanzen machen, mein langj\u00e4hriger Tourbegleiter Hendrik will unbedingt dorthin. Er scheint diese Art Aus- und Ansichten zu sammeln, denn vor f\u00fcnf Jahren mussten wir in Falun ebenfalls und unbedingt einen Abstecher zu den dortigen Sprungschanzen machen. Er, der mit Wintersport ansonsten gar nichts am Hut hat. Na ja, auch hier hat eben jeder seine Welt&#8230;<\/p>\n<p>Und dann sind wir an der\u00a0<a href=\"https:\/\/www.sanktjohann.com\/de\/sommer\/liechtensteinklamm\" target=\"_blank\" rel=\"noopener noreferrer\">Liechtensteinklamm<\/a>. Die geht langsam los und steigert sich. <img loading=\"lazy\" decoding=\"async\" class=\"alignright size-medium wp-image-7\" src=\"https:\/\/bf-on-tour.de\/kurztouren\/wp-content\/uploads\/sites\/21\/2019\/07\/Img-03-300x300.jpg\" alt=\"\" width=\"300\" height=\"300\" srcset=\"https:\/\/bf-on-tour.de\/kurztouren\/wp-content\/uploads\/sites\/21\/2019\/07\/Img-03-300x300.jpg 300w, https:\/\/bf-on-tour.de\/kurztouren\/wp-content\/uploads\/sites\/21\/2019\/07\/Img-03-150x150.jpg 150w, https:\/\/bf-on-tour.de\/kurztouren\/wp-content\/uploads\/sites\/21\/2019\/07\/Img-03-768x768.jpg 768w, https:\/\/bf-on-tour.de\/kurztouren\/wp-content\/uploads\/sites\/21\/2019\/07\/Img-03.jpg 864w\" sizes=\"auto, (max-width: 300px) 85vw, 300px\" \/>Ich glaube, so kann man es beschreiben. Inzwischen ist es richtig sonnig geworden und wir laufen durch eine bizarre Felsenlandschaft, in der unter uns der Gro\u00dfarlbach tost. Immer wieder ergeben sich phantastische Ausblicke. Immer wieder fasziniert es, wenn man selbst in finsterer H\u00f6hle steht und der Bach sonnenbeschienen zwischen den steilen Felsen hindurch schie\u00dft. Am Ende des Weges finden wir noch einen Wasserfall, aber der ist weitaus weniger spektakul\u00e4r als der Weg dorthin. Trotzdem machen wir ein Foto, bevor es auf den R\u00fcckweg geht.<\/p>\n<p><img loading=\"lazy\" decoding=\"async\" class=\"alignleft size-medium wp-image-8\" src=\"https:\/\/bf-on-tour.de\/kurztouren\/wp-content\/uploads\/sites\/21\/2019\/07\/Img-04-300x300.jpg\" alt=\"\" width=\"300\" height=\"300\" srcset=\"https:\/\/bf-on-tour.de\/kurztouren\/wp-content\/uploads\/sites\/21\/2019\/07\/Img-04-300x300.jpg 300w, https:\/\/bf-on-tour.de\/kurztouren\/wp-content\/uploads\/sites\/21\/2019\/07\/Img-04-150x150.jpg 150w, https:\/\/bf-on-tour.de\/kurztouren\/wp-content\/uploads\/sites\/21\/2019\/07\/Img-04-768x768.jpg 768w, https:\/\/bf-on-tour.de\/kurztouren\/wp-content\/uploads\/sites\/21\/2019\/07\/Img-04.jpg 864w\" sizes=\"auto, (max-width: 300px) 85vw, 300px\" \/> Im Gartenlokal vor dem Ausgang dann noch eine Erfrischung (Dietmar besteht auf kalter Buttermilch, uns sch\u00fcttelt es allein bei dem Gedanken daran) und schon geht es weiter. Das gute Wetter will genutzt sein!<\/p>\n<p>Wir fahren zur\u00fcck nach Bischofshofen und freuen uns, die sch\u00f6ne Strecke bis Dienten noch einmal in die Gegenrichtung und dann weiter bis <a href=\"https:\/\/www.saalfelden-leogang.com\/de\" target=\"_blank\" rel=\"noopener noreferrer\">Saalfelden am Steinernen Meer<\/a> absolvieren zu k\u00f6nnen. Unser n\u00e4chstes Ziel ist St. Johann in Tirol. Allerdings nehmen wir nicht den direkten Weg \u00fcber Bad Leogang und Hochfilzen, sondern fahren zun\u00e4chst nach Lofer und dann die 178.<\/p>\n<p>Hier und heute begegnen uns durchaus viele Zweizylinder aus den USA, aber als es kurz vor St. Johann wieder anf\u00e4ngt zu regnen, sind die alle pl\u00f6tzlich verschwunden. Wir fragen uns, wie man derart schnell aus der Landschaft verschwinden kann. <img loading=\"lazy\" decoding=\"async\" class=\"size-medium wp-image-16 alignright\" src=\"https:\/\/bf-on-tour.de\/kurztouren\/wp-content\/uploads\/sites\/21\/2019\/07\/Img-12-300x251.jpg\" alt=\"\" width=\"300\" height=\"251\" srcset=\"https:\/\/bf-on-tour.de\/kurztouren\/wp-content\/uploads\/sites\/21\/2019\/07\/Img-12-300x251.jpg 300w, https:\/\/bf-on-tour.de\/kurztouren\/wp-content\/uploads\/sites\/21\/2019\/07\/Img-12-768x642.jpg 768w, https:\/\/bf-on-tour.de\/kurztouren\/wp-content\/uploads\/sites\/21\/2019\/07\/Img-12.jpg 864w\" sizes=\"auto, (max-width: 300px) 85vw, 300px\" \/>Na, egal. Wir stellen die Maschinen in einer ungenutzten Waschanlage ab (wie passend) und wettern den Schauer in einer Tanke ab, erfreuen uns an einem Cappuccino.<\/p>\n<p>Nachdem sich das Wetter gebessert hat, geht es weiter nach <a href=\"https:\/\/www.kitzbuehel.com\" target=\"_blank\" rel=\"noopener noreferrer\">Kitzb\u00fchel<\/a> und wegen des dortigen Verkehrs sowie der allgegenw\u00e4rtigen Verkehrsberuhigung im Schleichtempo durch diesen Urlaubsort hindurch. Das n\u00e4chste Ziel hei\u00dft <a href=\"https:\/\/www.kaprun.at\/de\" target=\"_blank\" rel=\"noopener noreferrer\">Kaprun<\/a>. Da wollen wir mal nach den Resten der Gletscherbahn schauen. Die Berichte \u00fcber den <a href=\"https:\/\/de.wikipedia.org\/wiki\/Brandkatastrophe_der_Gletscherbahn_Kaprun_2\" target=\"_blank\" rel=\"noopener noreferrer\">gro\u00dfen Brand im Jahre 2000<\/a>, bei dem so viele Menschen an Rauchvergiftung starben, sind uns allen noch in Erinnerung. Und tats\u00e4chlich: Die alte Talstation steht noch \u2013 verlassen und abgesperrt. Ein wenig gespenstisch ist das schon. Lars will trotzdem Skilaufen und es kostet uns einige M\u00fche, ihn davon zu \u00fcberzeugen, dass es morgen zum Gro\u00dfglockner gehen soll und nicht auf den Gletscher.<\/p>\n<p><a href=\"https:\/\/bf-on-tour.de\/kurztouren\/2009-glockner\"><img loading=\"lazy\" decoding=\"async\" class=\"alignleft wp-image-65\" src=\"https:\/\/bf-on-tour.de\/kurztouren\/wp-content\/uploads\/sites\/21\/2019\/10\/zurueck.png\" alt=\"\" width=\"50\" height=\"37\" \/><\/a><a href=\"https:\/\/bf-on-tour.de\/kurztouren\/k-2009-glockner\/3-2\"><img loading=\"lazy\" decoding=\"async\" class=\"alignright wp-image-64\" src=\"https:\/\/bf-on-tour.de\/kurztouren\/wp-content\/uploads\/sites\/21\/2019\/10\/weiter.png\" alt=\"\" width=\"50\" height=\"37\" \/><\/a><\/p>\n","protected":false},"excerpt":{"rendered":"<p>Ein gutes Fr\u00fchst\u00fcck, dann starten wir nach Dienten am Hochk\u00f6nig, fahren weiter bis Bischofshofen und danach zur Liechtensteinklamm. Sch\u00f6ne Kurven, nette kleine D\u00f6rfer und viel Wald erwarten uns dort oben in den Bergen. Das Wetter k\u00f6nnte besser sein, aber wir wollen uns mal nicht beklagen. Es geht auch schlechter. In Bischofshofen m\u00fcssen wir einen Abstecher &hellip; <a href=\"https:\/\/bf-on-tour.de\/kurztouren\/2009-glockner\/2-2\/\" class=\"more-link\"><span class=\"screen-reader-text\">\u201eLiechtensteinklamm und Pillerseetal\u201c <\/span>weiterlesen<\/a><\/p>\n","protected":false},"author":1,"featured_media":0,"parent":54,"menu_order":1,"comment_status":"open","ping_status":"closed","template":"","meta":{"footnotes":""},"class_list":["post-57","page","type-page","status-publish","hentry"],"_links":{"self":[{"href":"https:\/\/bf-on-tour.de\/kurztouren\/wp-json\/wp\/v2\/pages\/57","targetHints":{"allow":["GET"]}}],"collection":[{"href":"https:\/\/bf-on-tour.de\/kurztouren\/wp-json\/wp\/v2\/pages"}],"about":[{"href":"https:\/\/bf-on-tour.de\/kurztouren\/wp-json\/wp\/v2\/types\/page"}],"author":[{"embeddable":true,"href":"https:\/\/bf-on-tour.de\/kurztouren\/wp-json\/wp\/v2\/users\/1"}],"replies":[{"embeddable":true,"href":"https:\/\/bf-on-tour.de\/kurztouren\/wp-json\/wp\/v2\/comments?post=57"}],"version-history":[{"count":9,"href":"https:\/\/bf-on-tour.de\/kurztouren\/wp-json\/wp\/v2\/pages\/57\/revisions"}],"predecessor-version":[{"id":161,"href":"https:\/\/bf-on-tour.de\/kurztouren\/wp-json\/wp\/v2\/pages\/57\/revisions\/161"}],"up":[{"embeddable":true,"href":"https:\/\/bf-on-tour.de\/kurztouren\/wp-json\/wp\/v2\/pages\/54"}],"wp:attachment":[{"href":"https:\/\/bf-on-tour.de\/kurztouren\/wp-json\/wp\/v2\/media?parent=57"}],"curies":[{"name":"wp","href":"https:\/\/api.w.org\/{rel}","templated":true}]}}