{"id":54,"date":"2019-10-07T14:43:05","date_gmt":"2019-10-07T12:43:05","guid":{"rendered":"http:\/\/bf-on-tour.de\/kurztouren\/?page_id=54"},"modified":"2020-06-29T20:08:47","modified_gmt":"2020-06-29T18:08:47","slug":"2009-glockner","status":"publish","type":"page","link":"https:\/\/bf-on-tour.de\/kurztouren\/2009-glockner\/","title":{"rendered":"2009 &#8211; Gro\u00dfglocknertour: Anreise und Bikertreff"},"content":{"rendered":"<p><a href=\"https:\/\/bf-on-tour.de\/kurztouren\/wp-content\/uploads\/sites\/21\/2019\/07\/Img-00.jpg\" rel=\"lightbox[54]\"><img loading=\"lazy\" decoding=\"async\" class=\"alignright size-medium wp-image-4\" src=\"https:\/\/bf-on-tour.de\/kurztouren\/wp-content\/uploads\/sites\/21\/2019\/07\/Img-00-300x300.jpg\" alt=\"\" width=\"300\" height=\"300\" srcset=\"https:\/\/bf-on-tour.de\/kurztouren\/wp-content\/uploads\/sites\/21\/2019\/07\/Img-00-300x300.jpg 300w, https:\/\/bf-on-tour.de\/kurztouren\/wp-content\/uploads\/sites\/21\/2019\/07\/Img-00-150x150.jpg 150w, https:\/\/bf-on-tour.de\/kurztouren\/wp-content\/uploads\/sites\/21\/2019\/07\/Img-00-768x768.jpg 768w, https:\/\/bf-on-tour.de\/kurztouren\/wp-content\/uploads\/sites\/21\/2019\/07\/Img-00.jpg 865w\" sizes=\"auto, (max-width: 300px) 85vw, 300px\" \/><\/a>21. Mai 2009, 2:45 Uhr. Anst\u00e4ndige Menschen schlafen um diese Zeit. Unser Dorf tut es auch &#8211; bis auf f\u00fcnf bleiche, unrasierte Gestalten (Hendrik, Dietmar, Lars, Stefan und mich) die sich in m\u00fcden Dialogen ergehen: \u201eDu siehst schlecht aus!\u201c, \u201eIch hab \u00fcberhaupt nicht geschlafen.\u201c oder \u201eWenn ich jetzt was esse, wird mir schlecht.\u201c Zwei der dazu geh\u00f6rigen Frauen stehen kopfsch\u00fcttelnd dabei: \u201eFahrt blo\u00df endlich los!\u201c. Ich gehe stark davon aus, dass sie wieder ins warme Bett m\u00f6chten&#8230;<\/p>\n<p>Gehorsam schleppt sich die Truppe zu den am Vortag beladenen Fahrzeugen, einem Sprinter mit drei Maschinen im Bauch und einem PKW mit Anh\u00e4nger, der zwei weitere Motorr\u00e4der transportiert. Unser Ziel ist das Rauriser Tal. Der Gro\u00dfglockner ist seit gut einer Woche wieder ge\u00f6ffnet und da wir wollen hin!<\/p>\n<p>Klar k\u00f6nnten wir mit den Maschinen hinfahren, aber erstens sind nicht alle von uns Langstreckenfahrer und zweitens w\u00e4ren auch nicht alle Maschinen daf\u00fcr geeignet.<\/p>\n<p><a href=\"https:\/\/bf-on-tour.de\/kurztouren\/wp-content\/uploads\/sites\/21\/2019\/07\/Img-01.jpg\" rel=\"lightbox[54]\"><img loading=\"lazy\" decoding=\"async\" class=\"alignleft size-medium wp-image-5\" src=\"https:\/\/bf-on-tour.de\/kurztouren\/wp-content\/uploads\/sites\/21\/2019\/07\/Img-01-300x300.jpg\" alt=\"\" width=\"300\" height=\"300\" srcset=\"https:\/\/bf-on-tour.de\/kurztouren\/wp-content\/uploads\/sites\/21\/2019\/07\/Img-01-300x300.jpg 300w, https:\/\/bf-on-tour.de\/kurztouren\/wp-content\/uploads\/sites\/21\/2019\/07\/Img-01-150x150.jpg 150w, https:\/\/bf-on-tour.de\/kurztouren\/wp-content\/uploads\/sites\/21\/2019\/07\/Img-01-768x768.jpg 768w, https:\/\/bf-on-tour.de\/kurztouren\/wp-content\/uploads\/sites\/21\/2019\/07\/Img-01.jpg 864w\" sizes=\"auto, (max-width: 300px) 85vw, 300px\" \/><\/a>6:30 Uhr. M\u00fcnchen liegt bereits hinter uns und der kleine Hunger meldet sich. Als Goodie haben wir einen riesigen Fresskorb mit bekommen, der jetzt auf der Terrasse einer Autobahnrastst\u00e4tte bei bestem Wetter gepl\u00fcndert wird. Bald sind wir am Ziel.<\/p>\n<p>11:45 Uhr. Angekommen! Ein kurzer, herzlicher Empfang in der <a href=\"https:\/\/www.pension-schwab.at\" target=\"_blank\" rel=\"noopener noreferrer\">Pension Schwab<\/a>, unserem Domizil f\u00fcr die n\u00e4chsten Tage, dann werden die Maschinen ausgeladen und es geht auf zur ersten Runde.<\/p>\n<p>Und die geht nach <a href=\"https:\/\/www.saalbach.com\" target=\"_blank\" rel=\"noopener noreferrer\">Saalbach\/Hinterglemm<\/a>. Dort ist ein gro\u00dfes Harley-Treffen und wir wollen \u2013 wenigstens von weitem \u2013 mal sehen, ob wirklich viele gekommen sind und was das so los ist. Uns ist schon klar, dass wir mit unseren Reiskochern bei den R\u00fcttelplattenfahreren nicht willkommen sein werden. Aber Versuch macht bekanntlich klug und wenn wir die Maschinen weit genug entfernt parken, merkt vielleicht keiner, dass wir gar nicht dazu geh\u00f6ren.<\/p>\n<p>Soweit unser Plan. Die Wirklichkeit sieht dann allerdings etwas anders aus. Zun\u00e4chst wundern wir uns, dass wir nur sehr sporadisch auf die Schlachtschiffe aus Milwaukee treffen (Wo sind die? Ist das vielleicht doch kein so gro\u00dfes Treffen?). In <a href=\"https:\/\/www.zellamsee-kaprun.com\/de\" target=\"_blank\" rel=\"noopener noreferrer\">Zell am See<\/a> ist gar nichts los. Man h\u00e4tte erwarten k\u00f6nnen, dass der See eine gewisse touristische Anziehungskraft aus\u00fcbt, aber selbst auf der Stra\u00dfe nach Saalbach begegnen uns kaum Maschinen. Merkw\u00fcrdig.<\/p>\n<p>Schlie\u00dflich erreichen wir Hinterglemm und stehen vor einer Barrikade. Der Ort ist quasi abgesperrt. Dahinter endlose Reihen geparkter Harleys. Alle fein sauber, fast wie aus dem Laden. Noch weiter hinten die dazu geh\u00f6rigen Menschen. Viele sind ziemlich martialisch herausgeputzt, einige eher karnevalistisch. Wie die wohl im Job rumlaufen&#8230;? Mit Anzug und Kravatte? Schlie\u00dflich sind die Objekte ihres Begehrs ja nicht als wirklich preisg\u00fcnstig zu bezeichnen.<\/p>\n<p>Wir schauen uns an und drehen einfach um. Das ist nichts f\u00fcr uns. Wir wollen fahren und wenn unsere Maschinen dabei dreckig werden, ist das normal. Auch haben wir \u00fcberhaupt kein Verlangen, uns zu verkleiden. Na ja, so hat eben jeder seine eigene Welt&#8230;<\/p>\n<p>Also umdrehen und um den See herum wieder zur\u00fcck ins Rauriser Tal. Das ist allerdings eine Sackgasse und so kommen wir zwar bis zum Talschluss, m\u00fcssen aber feststellen, dass dort (ganz im Gegensatz zu Hinterglemm) \u00fcberhaupt nichts los ist. Was nun? Die Antwort ist eindeutig: &#8222;Bier auf der Terrasse der Pension.&#8220; Es gibt keine Einw\u00e4nde!<\/p>\n<p><a href=\"https:\/\/bf-on-tour.de\/kurztouren\/2009-glockner\/2-2\"><img loading=\"lazy\" decoding=\"async\" class=\"alignright wp-image-64\" src=\"https:\/\/bf-on-tour.de\/kurztouren\/wp-content\/uploads\/sites\/21\/2019\/10\/weiter.png\" alt=\"\" width=\"50\" height=\"37\" \/><\/a><\/p>\n","protected":false},"excerpt":{"rendered":"<p>21. Mai 2009, 2:45 Uhr. Anst\u00e4ndige Menschen schlafen um diese Zeit. Unser Dorf tut es auch &#8211; bis auf f\u00fcnf bleiche, unrasierte Gestalten (Hendrik, Dietmar, Lars, Stefan und mich) die sich in m\u00fcden Dialogen ergehen: \u201eDu siehst schlecht aus!\u201c, \u201eIch hab \u00fcberhaupt nicht geschlafen.\u201c oder \u201eWenn ich jetzt was esse, wird mir schlecht.\u201c Zwei der &hellip; <a href=\"https:\/\/bf-on-tour.de\/kurztouren\/2009-glockner\/\" class=\"more-link\"><span class=\"screen-reader-text\">\u201e2009 &#8211; Gro\u00dfglocknertour: Anreise und Bikertreff\u201c <\/span>weiterlesen<\/a><\/p>\n","protected":false},"author":1,"featured_media":0,"parent":0,"menu_order":0,"comment_status":"open","ping_status":"closed","template":"","meta":{"footnotes":""},"class_list":["post-54","page","type-page","status-publish","hentry"],"_links":{"self":[{"href":"https:\/\/bf-on-tour.de\/kurztouren\/wp-json\/wp\/v2\/pages\/54","targetHints":{"allow":["GET"]}}],"collection":[{"href":"https:\/\/bf-on-tour.de\/kurztouren\/wp-json\/wp\/v2\/pages"}],"about":[{"href":"https:\/\/bf-on-tour.de\/kurztouren\/wp-json\/wp\/v2\/types\/page"}],"author":[{"embeddable":true,"href":"https:\/\/bf-on-tour.de\/kurztouren\/wp-json\/wp\/v2\/users\/1"}],"replies":[{"embeddable":true,"href":"https:\/\/bf-on-tour.de\/kurztouren\/wp-json\/wp\/v2\/comments?post=54"}],"version-history":[{"count":20,"href":"https:\/\/bf-on-tour.de\/kurztouren\/wp-json\/wp\/v2\/pages\/54\/revisions"}],"predecessor-version":[{"id":159,"href":"https:\/\/bf-on-tour.de\/kurztouren\/wp-json\/wp\/v2\/pages\/54\/revisions\/159"}],"wp:attachment":[{"href":"https:\/\/bf-on-tour.de\/kurztouren\/wp-json\/wp\/v2\/media?parent=54"}],"curies":[{"name":"wp","href":"https:\/\/api.w.org\/{rel}","templated":true}]}}