{"id":406,"date":"2025-04-17T19:23:48","date_gmt":"2025-04-17T17:23:48","guid":{"rendered":"https:\/\/bf-on-tour.de\/kurztouren\/?page_id=406"},"modified":"2025-04-18T15:13:48","modified_gmt":"2025-04-18T13:13:48","slug":"2-2","status":"publish","type":"page","link":"https:\/\/bf-on-tour.de\/kurztouren\/2023-bretagne\/2-2\/","title":{"rendered":"Am Golf von Morbihan"},"content":{"rendered":"<p>Heute ist Mittwoch und das Restaurant hat ge\u00f6ffnet! Also buchen wir noch eine Nacht und hoffen auf einen Platz dort heute Abend.<\/p>\n<p>Nach dem Fr\u00fchst\u00fcck beginnt es allerdings im ganzen Haus \u00e4u\u00dferst intensiv nach sehr totem Fisch zu riechen und da der Geruch &#8211; wie w\u00e4re es anders zu erwarten\u00a0 &#8211; der Hotelk\u00fcche entstammt, kommen uns erste Zweifel, ob das Vorhaben so richtig ist. Wirklich frischer Fisch riecht n\u00e4mlich \u00fcberhaupt nicht! Auch nicht bei der Verarbeitung. Also stellen wir die Platzreservierung erstmal zur\u00fcck und machen uns auf den Weg zum Golf von Morbihan, einer der sch\u00f6nsten Regionen in der s\u00fcdlichen Bretagne.<\/p>\n<p>Und ja, die Gegend ist tats\u00e4chlich sch\u00f6n,\u00a0 obwohl Ebbe herrscht und die K\u00fcste bei Flut wohl noch ein gutes St\u00fcck smarter wirken w\u00fcrde. Aber was soll&#8217;s, man kann ja nicht alles haben.<\/p>\n<p><img loading=\"lazy\" decoding=\"async\" class=\"alignleft wp-image-438\" src=\"https:\/\/bf-on-tour.de\/kurztouren\/wp-content\/uploads\/sites\/21\/2025\/04\/Morbihan1-scaled-1-300x135.jpg\" alt=\"\" width=\"385\" height=\"173\" srcset=\"https:\/\/bf-on-tour.de\/kurztouren\/wp-content\/uploads\/sites\/21\/2025\/04\/Morbihan1-scaled-1-300x135.jpg 300w, https:\/\/bf-on-tour.de\/kurztouren\/wp-content\/uploads\/sites\/21\/2025\/04\/Morbihan1-scaled-1-1024x461.jpg 1024w, https:\/\/bf-on-tour.de\/kurztouren\/wp-content\/uploads\/sites\/21\/2025\/04\/Morbihan1-scaled-1-768x346.jpg 768w, https:\/\/bf-on-tour.de\/kurztouren\/wp-content\/uploads\/sites\/21\/2025\/04\/Morbihan1-scaled-1-1536x692.jpg 1536w, https:\/\/bf-on-tour.de\/kurztouren\/wp-content\/uploads\/sites\/21\/2025\/04\/Morbihan1-scaled-1-2048x922.jpg 2048w, https:\/\/bf-on-tour.de\/kurztouren\/wp-content\/uploads\/sites\/21\/2025\/04\/Morbihan1-scaled-1-1200x540.jpg 1200w\" sizes=\"auto, (max-width: 385px) 85vw, 385px\" \/><\/p>\n<p><img loading=\"lazy\" decoding=\"async\" class=\"alignright wp-image-439\" src=\"https:\/\/bf-on-tour.de\/kurztouren\/wp-content\/uploads\/sites\/21\/2025\/04\/Morbihan2-scaled-1-300x135.jpg\" alt=\"\" width=\"385\" height=\"173\" srcset=\"https:\/\/bf-on-tour.de\/kurztouren\/wp-content\/uploads\/sites\/21\/2025\/04\/Morbihan2-scaled-1-300x135.jpg 300w, https:\/\/bf-on-tour.de\/kurztouren\/wp-content\/uploads\/sites\/21\/2025\/04\/Morbihan2-scaled-1-1024x461.jpg 1024w, https:\/\/bf-on-tour.de\/kurztouren\/wp-content\/uploads\/sites\/21\/2025\/04\/Morbihan2-scaled-1-768x346.jpg 768w, https:\/\/bf-on-tour.de\/kurztouren\/wp-content\/uploads\/sites\/21\/2025\/04\/Morbihan2-scaled-1-1536x692.jpg 1536w, https:\/\/bf-on-tour.de\/kurztouren\/wp-content\/uploads\/sites\/21\/2025\/04\/Morbihan2-scaled-1-2048x922.jpg 2048w, https:\/\/bf-on-tour.de\/kurztouren\/wp-content\/uploads\/sites\/21\/2025\/04\/Morbihan2-scaled-1-1200x540.jpg 1200w\" sizes=\"auto, (max-width: 385px) 85vw, 385px\" \/><\/p>\n<p>Wir befinden uns auf der Rue de l&#8217;Oc\u00e9an, der K\u00fcstenstra\u00dfe in Kernevest, einem der zahlreichen Landzipfel, die in den Golf reichen, parken das Auto und schauen uns um.<\/p>\n<p>Niedrige, bunte B\u00fcsche s\u00e4umen den K\u00fcstenstreifen und den dazwischen hindurch f\u00fchrenden Wanderweg, bilden den Vordergrund f\u00fcr einen Blick \u00fcber das Wasser, auf dem zahlreiche Segler ihr Vergn\u00fcgen haben.<\/p>\n<p>Weiter geht es, entlang des K\u00fcstenweges: Hier und da eine leuchtend gelbe Sandbucht zum Sonnen und Baden, vorbei an einem alten Fort, das in seinen m\u00e4chtigen Mauern die hippe Schickeria-Bar des Club Nauique Oceane beherbergt und ein St\u00fcckchen weiter die Chapelle Saint Philibert.<\/p>\n<p><img loading=\"lazy\" decoding=\"async\" class=\"aligncenter wp-image-450 size-large\" src=\"https:\/\/bf-on-tour.de\/kurztouren\/wp-content\/uploads\/sites\/21\/2025\/04\/Kapelle1-1024x530.jpg\" alt=\"\" width=\"840\" height=\"435\" srcset=\"https:\/\/bf-on-tour.de\/kurztouren\/wp-content\/uploads\/sites\/21\/2025\/04\/Kapelle1-1024x530.jpg 1024w, https:\/\/bf-on-tour.de\/kurztouren\/wp-content\/uploads\/sites\/21\/2025\/04\/Kapelle1-300x155.jpg 300w, https:\/\/bf-on-tour.de\/kurztouren\/wp-content\/uploads\/sites\/21\/2025\/04\/Kapelle1-768x398.jpg 768w, https:\/\/bf-on-tour.de\/kurztouren\/wp-content\/uploads\/sites\/21\/2025\/04\/Kapelle1-1536x795.jpg 1536w, https:\/\/bf-on-tour.de\/kurztouren\/wp-content\/uploads\/sites\/21\/2025\/04\/Kapelle1-2048x1060.jpg 2048w, https:\/\/bf-on-tour.de\/kurztouren\/wp-content\/uploads\/sites\/21\/2025\/04\/Kapelle1-1200x621.jpg 1200w\" sizes=\"auto, (max-width: 709px) 85vw, (max-width: 909px) 67vw, (max-width: 1362px) 62vw, 840px\" \/><\/p>\n<p>&nbsp;<\/p>\n<figure id=\"attachment_436\" aria-describedby=\"caption-attachment-436\" style=\"width: 169px\" class=\"wp-caption alignleft\"><img loading=\"lazy\" decoding=\"async\" class=\"wp-image-436 size-medium\" src=\"https:\/\/bf-on-tour.de\/kurztouren\/wp-content\/uploads\/sites\/21\/2025\/04\/Maria-scaled-1-169x300.jpg\" alt=\"\" width=\"169\" height=\"300\" srcset=\"https:\/\/bf-on-tour.de\/kurztouren\/wp-content\/uploads\/sites\/21\/2025\/04\/Maria-scaled-1-169x300.jpg 169w, https:\/\/bf-on-tour.de\/kurztouren\/wp-content\/uploads\/sites\/21\/2025\/04\/Maria-scaled-1-576x1024.jpg 576w, https:\/\/bf-on-tour.de\/kurztouren\/wp-content\/uploads\/sites\/21\/2025\/04\/Maria-scaled-1-768x1364.jpg 768w, https:\/\/bf-on-tour.de\/kurztouren\/wp-content\/uploads\/sites\/21\/2025\/04\/Maria-scaled-1-865x1536.jpg 865w, https:\/\/bf-on-tour.de\/kurztouren\/wp-content\/uploads\/sites\/21\/2025\/04\/Maria-scaled-1-1153x2048.jpg 1153w, https:\/\/bf-on-tour.de\/kurztouren\/wp-content\/uploads\/sites\/21\/2025\/04\/Maria-scaled-1-1200x2132.jpg 1200w, https:\/\/bf-on-tour.de\/kurztouren\/wp-content\/uploads\/sites\/21\/2025\/04\/Maria-scaled-1.jpg 1441w\" sizes=\"auto, (max-width: 169px) 85vw, 169px\" \/><figcaption id=\"caption-attachment-436\" class=\"wp-caption-text\">Maria<\/figcaption><\/figure>\n<figure id=\"attachment_432\" aria-describedby=\"caption-attachment-432\" style=\"width: 450px\" class=\"wp-caption alignright\"><img loading=\"lazy\" decoding=\"async\" class=\"wp-image-432\" src=\"https:\/\/bf-on-tour.de\/kurztouren\/wp-content\/uploads\/sites\/21\/2025\/04\/Kapelle-300x200.jpg\" alt=\"\" width=\"450\" height=\"300\" srcset=\"https:\/\/bf-on-tour.de\/kurztouren\/wp-content\/uploads\/sites\/21\/2025\/04\/Kapelle-300x200.jpg 300w, https:\/\/bf-on-tour.de\/kurztouren\/wp-content\/uploads\/sites\/21\/2025\/04\/Kapelle-1024x683.jpg 1024w, https:\/\/bf-on-tour.de\/kurztouren\/wp-content\/uploads\/sites\/21\/2025\/04\/Kapelle-768x512.jpg 768w, https:\/\/bf-on-tour.de\/kurztouren\/wp-content\/uploads\/sites\/21\/2025\/04\/Kapelle-1536x1024.jpg 1536w, https:\/\/bf-on-tour.de\/kurztouren\/wp-content\/uploads\/sites\/21\/2025\/04\/Kapelle-2048x1365.jpg 2048w, https:\/\/bf-on-tour.de\/kurztouren\/wp-content\/uploads\/sites\/21\/2025\/04\/Kapelle-1200x800.jpg 1200w\" sizes=\"auto, (max-width: 450px) 85vw, 450px\" \/><figcaption id=\"caption-attachment-432\" class=\"wp-caption-text\">Altar<\/figcaption><\/figure>\n<p>In ihrem nahezu finsteren Inneren ist Maria mit LED-Hinterleuchtung ein wenig kitschig in Szene gesetzt, aber ein wundersch\u00f6ner Altar unterm Sternenhimmel l\u00e4dt zu besinnlicher Einkehr ein &#8211;\u00a0 unterst\u00fctzt durch &#8222;and\u00e4chtige&#8220; Musik aus einem kontinuierlich dudelnden Lautsprecher.<\/p>\n<p>Dann weiter nach Locmariaquer, Menhire anschauen, die in dieser Gegend so sprichw\u00f6rtlich rumliegen, wie der Sand am Meer. Leider sind die gr\u00f6\u00dften von ihnen eingez\u00e4unt und ihre Bewunderung verlangt einen stattlichen Eintritt. Aber einerseits k\u00f6nnen wir bequem \u00fcber die Einfriedung schauen und Tourihorden beobachten,\u00a0 die and\u00e4chtig um einen gro\u00dfen, rund geschliffenen Felsen pilgern, der deutlich weniger nach Obelix&#8216; Handarbeit als vielmehr nach eiszeitlicher Hinterlassenschaft aussieht und andererseits liegen diese Dinger ja an jeder Ecke &#8211; wenn auch nicht ganz so gro\u00df.<\/p>\n<p>Und wer die Kriminalromane von \u00a0Jean-Luc Bannalec\u00a0 und dessen Kommissar George Dupin kennt, wei\u00df, dass dessen Vorgesetzter nicht nur den Namen dieses \u00d6rtchens tr\u00e4gt, sondern auch, dass die Aussprache eben dieses Namens eines der vielen\u00a0 bretonischen Geheimnisse ist.<\/p>\n<figure id=\"attachment_437\" aria-describedby=\"caption-attachment-437\" style=\"width: 388px\" class=\"wp-caption alignleft\"><img loading=\"lazy\" decoding=\"async\" class=\"wp-image-437\" src=\"https:\/\/bf-on-tour.de\/kurztouren\/wp-content\/uploads\/sites\/21\/2025\/04\/Menhir2-scaled-1-300x229.jpg\" alt=\"\" width=\"388\" height=\"296\" srcset=\"https:\/\/bf-on-tour.de\/kurztouren\/wp-content\/uploads\/sites\/21\/2025\/04\/Menhir2-scaled-1-300x229.jpg 300w, https:\/\/bf-on-tour.de\/kurztouren\/wp-content\/uploads\/sites\/21\/2025\/04\/Menhir2-scaled-1-1024x781.jpg 1024w, https:\/\/bf-on-tour.de\/kurztouren\/wp-content\/uploads\/sites\/21\/2025\/04\/Menhir2-scaled-1-768x586.jpg 768w, https:\/\/bf-on-tour.de\/kurztouren\/wp-content\/uploads\/sites\/21\/2025\/04\/Menhir2-scaled-1-1536x1171.jpg 1536w, https:\/\/bf-on-tour.de\/kurztouren\/wp-content\/uploads\/sites\/21\/2025\/04\/Menhir2-scaled-1-2048x1562.jpg 2048w, https:\/\/bf-on-tour.de\/kurztouren\/wp-content\/uploads\/sites\/21\/2025\/04\/Menhir2-scaled-1-1200x915.jpg 1200w\" sizes=\"auto, (max-width: 388px) 85vw, 388px\" \/><figcaption id=\"caption-attachment-437\" class=\"wp-caption-text\">Menhire liegen \u00fcberall herum<\/figcaption><\/figure>\n<figure id=\"attachment_442\" aria-describedby=\"caption-attachment-442\" style=\"width: 388px\" class=\"wp-caption alignright\"><img loading=\"lazy\" decoding=\"async\" class=\"wp-image-442\" src=\"https:\/\/bf-on-tour.de\/kurztouren\/wp-content\/uploads\/sites\/21\/2025\/04\/Stadt1-scaled-1-300x227.jpg\" alt=\"\" width=\"388\" height=\"293\" srcset=\"https:\/\/bf-on-tour.de\/kurztouren\/wp-content\/uploads\/sites\/21\/2025\/04\/Stadt1-scaled-1-300x227.jpg 300w, https:\/\/bf-on-tour.de\/kurztouren\/wp-content\/uploads\/sites\/21\/2025\/04\/Stadt1-scaled-1-1024x773.jpg 1024w, https:\/\/bf-on-tour.de\/kurztouren\/wp-content\/uploads\/sites\/21\/2025\/04\/Stadt1-scaled-1-768x580.jpg 768w, https:\/\/bf-on-tour.de\/kurztouren\/wp-content\/uploads\/sites\/21\/2025\/04\/Stadt1-scaled-1-1536x1160.jpg 1536w, https:\/\/bf-on-tour.de\/kurztouren\/wp-content\/uploads\/sites\/21\/2025\/04\/Stadt1-scaled-1-2048x1546.jpg 2048w, https:\/\/bf-on-tour.de\/kurztouren\/wp-content\/uploads\/sites\/21\/2025\/04\/Stadt1-scaled-1-1200x906.jpg 1200w\" sizes=\"auto, (max-width: 388px) 85vw, 388px\" \/><figcaption id=\"caption-attachment-442\" class=\"wp-caption-text\">Locmariaquer<\/figcaption><\/figure>\n<p>&nbsp;<\/p>\n<p>&nbsp;<\/p>\n<p>&nbsp;<\/p>\n<p>&nbsp;<\/p>\n<p>&nbsp;<\/p>\n<p>&nbsp;<\/p>\n<p>Das \u00d6rtchen selbst ist dagegen eine kleine Perle: Enge Gassen, in denen Stockrosen und allerlei andere Gew\u00e4chse von der hoch stehenden Sonne verw\u00f6hnt werden, Restaurants mit pr\u00e4chtigem Ausblick \u00fcber den Golf und eine kleine, zur Pr\u00e4sentation von &#8211; zugegeben, recht ansprechender &#8211; Kunst zweckentfremdete Kirche.<\/p>\n<p>Uns wird es langsam zu hei\u00df. Um die schattigen Pl\u00e4tze der Restaurants nutzen zu d\u00fcrfen, m\u00fcssten wir ein umfangreiches &#8222;Plat Du Jour&#8220; verzehren und h\u00e4tten nolens volens die Aussicht mitbezahlt, aber soviel Hunger haben wir gar nicht (au\u00dferdem: die Idee mit dem Sternerestaurant ist trotz des Geruchs noch nicht ganz vom Tisch).<\/p>\n<p>Wir steigen also in unser gut aufgeheiztes Auto und fahren nach Vannes, der &#8222;Hauptstadt des Morbihan&#8220;, von der im Web allerlei reizvolle Fotos mittelalterlicher Gem\u00e4uer kursieren.<\/p>\n<figure id=\"attachment_447\" aria-describedby=\"caption-attachment-447\" style=\"width: 840px\" class=\"wp-caption aligncenter\"><img loading=\"lazy\" decoding=\"async\" class=\"wp-image-447 size-large\" src=\"https:\/\/bf-on-tour.de\/kurztouren\/wp-content\/uploads\/sites\/21\/2025\/04\/Vennes4-scaled-1-1024x428.jpg\" alt=\"\" width=\"840\" height=\"351\" srcset=\"https:\/\/bf-on-tour.de\/kurztouren\/wp-content\/uploads\/sites\/21\/2025\/04\/Vennes4-scaled-1-1024x428.jpg 1024w, https:\/\/bf-on-tour.de\/kurztouren\/wp-content\/uploads\/sites\/21\/2025\/04\/Vennes4-scaled-1-300x125.jpg 300w, https:\/\/bf-on-tour.de\/kurztouren\/wp-content\/uploads\/sites\/21\/2025\/04\/Vennes4-scaled-1-768x321.jpg 768w, https:\/\/bf-on-tour.de\/kurztouren\/wp-content\/uploads\/sites\/21\/2025\/04\/Vennes4-scaled-1-1536x642.jpg 1536w, https:\/\/bf-on-tour.de\/kurztouren\/wp-content\/uploads\/sites\/21\/2025\/04\/Vennes4-scaled-1-2048x856.jpg 2048w, https:\/\/bf-on-tour.de\/kurztouren\/wp-content\/uploads\/sites\/21\/2025\/04\/Vennes4-scaled-1-1200x502.jpg 1200w\" sizes=\"auto, (max-width: 709px) 85vw, (max-width: 909px) 67vw, (max-width: 1362px) 62vw, 840px\" \/><figcaption id=\"caption-attachment-447\" class=\"wp-caption-text\">Vennes Marktplatz<\/figcaption><\/figure>\n<p>Und wieder haben wir ein deja-vue: Hatten wir in NRW die Idee, mit den Kindern auf der Nordhelle Schlitten zu fahren oder bei sommerlichem Wetter den Baldeneysee zu runden, trafen wir stets auf gef\u00fchlte 1,5 Mio. Andere mit derselben Idee.<\/p>\n<p><img loading=\"lazy\" decoding=\"async\" class=\"alignleft wp-image-445\" src=\"https:\/\/bf-on-tour.de\/kurztouren\/wp-content\/uploads\/sites\/21\/2025\/04\/Vennes2-scaled-1-300x248.jpg\" alt=\"\" width=\"266\" height=\"220\" srcset=\"https:\/\/bf-on-tour.de\/kurztouren\/wp-content\/uploads\/sites\/21\/2025\/04\/Vennes2-scaled-1-300x248.jpg 300w, https:\/\/bf-on-tour.de\/kurztouren\/wp-content\/uploads\/sites\/21\/2025\/04\/Vennes2-scaled-1-1024x846.jpg 1024w, https:\/\/bf-on-tour.de\/kurztouren\/wp-content\/uploads\/sites\/21\/2025\/04\/Vennes2-scaled-1-768x635.jpg 768w, https:\/\/bf-on-tour.de\/kurztouren\/wp-content\/uploads\/sites\/21\/2025\/04\/Vennes2-scaled-1-1536x1270.jpg 1536w, https:\/\/bf-on-tour.de\/kurztouren\/wp-content\/uploads\/sites\/21\/2025\/04\/Vennes2-scaled-1-2048x1693.jpg 2048w, https:\/\/bf-on-tour.de\/kurztouren\/wp-content\/uploads\/sites\/21\/2025\/04\/Vennes2-scaled-1-1200x992.jpg 1200w\" sizes=\"auto, (max-width: 266px) 85vw, 266px\" \/><\/p>\n<p><img loading=\"lazy\" decoding=\"async\" class=\"alignright wp-image-446\" src=\"https:\/\/bf-on-tour.de\/kurztouren\/wp-content\/uploads\/sites\/21\/2025\/04\/Vennes3-scaled-1-300x169.jpg\" alt=\"\" width=\"391\" height=\"220\" srcset=\"https:\/\/bf-on-tour.de\/kurztouren\/wp-content\/uploads\/sites\/21\/2025\/04\/Vennes3-scaled-1-300x169.jpg 300w, https:\/\/bf-on-tour.de\/kurztouren\/wp-content\/uploads\/sites\/21\/2025\/04\/Vennes3-scaled-1-1024x576.jpg 1024w, https:\/\/bf-on-tour.de\/kurztouren\/wp-content\/uploads\/sites\/21\/2025\/04\/Vennes3-scaled-1-768x432.jpg 768w, https:\/\/bf-on-tour.de\/kurztouren\/wp-content\/uploads\/sites\/21\/2025\/04\/Vennes3-scaled-1-1536x865.jpg 1536w, https:\/\/bf-on-tour.de\/kurztouren\/wp-content\/uploads\/sites\/21\/2025\/04\/Vennes3-scaled-1-2048x1153.jpg 2048w, https:\/\/bf-on-tour.de\/kurztouren\/wp-content\/uploads\/sites\/21\/2025\/04\/Vennes3-scaled-1-1200x675.jpg 1200w\" sizes=\"auto, (max-width: 391px) 85vw, 391px\" \/><\/p>\n<p>Hier in Vannes sind es vielleicht nicht ganz so viele, aber es reicht, um keinen Platz im Restaurant haben zu m\u00f6chten und im Pulk durch historisch wertvolle Stadttore, Gassen oder Pl\u00e4tze geschoben zu werden; vorbei an einstmals prunkvollen Geb\u00e4uden, die den leicht morbiden Charme mangelnder Pflege in keiner Weise zu verheimlichen suchen, und pr\u00e4chtigen, wohlgepflegten, aber f\u00fcr Touris abgesperrten G\u00e4rten.<\/p>\n<p><img loading=\"lazy\" decoding=\"async\" class=\"aligncenter wp-image-444 size-large\" src=\"https:\/\/bf-on-tour.de\/kurztouren\/wp-content\/uploads\/sites\/21\/2025\/04\/Vennes1-scaled-1-1024x410.jpg\" alt=\"\" width=\"840\" height=\"336\" srcset=\"https:\/\/bf-on-tour.de\/kurztouren\/wp-content\/uploads\/sites\/21\/2025\/04\/Vennes1-scaled-1-1024x410.jpg 1024w, https:\/\/bf-on-tour.de\/kurztouren\/wp-content\/uploads\/sites\/21\/2025\/04\/Vennes1-scaled-1-300x120.jpg 300w, https:\/\/bf-on-tour.de\/kurztouren\/wp-content\/uploads\/sites\/21\/2025\/04\/Vennes1-scaled-1-768x308.jpg 768w, https:\/\/bf-on-tour.de\/kurztouren\/wp-content\/uploads\/sites\/21\/2025\/04\/Vennes1-scaled-1-1536x616.jpg 1536w, https:\/\/bf-on-tour.de\/kurztouren\/wp-content\/uploads\/sites\/21\/2025\/04\/Vennes1-scaled-1-2048x821.jpg 2048w, https:\/\/bf-on-tour.de\/kurztouren\/wp-content\/uploads\/sites\/21\/2025\/04\/Vennes1-scaled-1-1200x481.jpg 1200w\" sizes=\"auto, (max-width: 709px) 85vw, (max-width: 909px) 67vw, (max-width: 1362px) 62vw, 840px\" \/>Wir finden am Hafen, etwas abseits der Massen, eine Bar, m\u00fcmmeln einen Salat, suchen anschlie\u00dfend in den Katakomben der Tiefgarage unter dem &#8222;Place de la R\u00e9publique&#8220; zun\u00e4chst unser &#8211; diesmal herrlich k\u00fchles &#8211; Auto und dann das Weite.<\/p>\n<p>Zur\u00fcck im Hotel hat sich zwar der Fischgeruch verzogen, aber einen Platz im Sternerestaurant bekommen wir trotzdem nicht mehr: nous sommes complets.<\/p>\n<p>Nachdem wir die Speisekarte im Netz gefunden haben, erf\u00fcllt uns die Absage nicht gerade mit Trauer; w\u00e4ren doch 110 Euronen f\u00fcr das komplette Men\u00fc f\u00e4llig geworden und selbst die bis zur kulinarischen Unkenntlichkeit abgespeckte Variante f\u00fcr Geizige h\u00e4tte noch mit 45 zu Buche geschlagen &#8211; nat\u00fcrlich pro Person und ohne Getr\u00e4nke.<\/p>\n<p><img loading=\"lazy\" decoding=\"async\" class=\"aligncenter wp-image-443 size-large\" src=\"https:\/\/bf-on-tour.de\/kurztouren\/wp-content\/uploads\/sites\/21\/2025\/04\/Teller-scaled-1-1024x76.jpg\" alt=\"\" width=\"840\" height=\"62\" srcset=\"https:\/\/bf-on-tour.de\/kurztouren\/wp-content\/uploads\/sites\/21\/2025\/04\/Teller-scaled-1-1024x76.jpg 1024w, https:\/\/bf-on-tour.de\/kurztouren\/wp-content\/uploads\/sites\/21\/2025\/04\/Teller-scaled-1-300x22.jpg 300w, https:\/\/bf-on-tour.de\/kurztouren\/wp-content\/uploads\/sites\/21\/2025\/04\/Teller-scaled-1-768x57.jpg 768w, https:\/\/bf-on-tour.de\/kurztouren\/wp-content\/uploads\/sites\/21\/2025\/04\/Teller-scaled-1-1536x113.jpg 1536w, https:\/\/bf-on-tour.de\/kurztouren\/wp-content\/uploads\/sites\/21\/2025\/04\/Teller-scaled-1-2048x151.jpg 2048w, https:\/\/bf-on-tour.de\/kurztouren\/wp-content\/uploads\/sites\/21\/2025\/04\/Teller-scaled-1-1200x89.jpg 1200w\" sizes=\"auto, (max-width: 709px) 85vw, (max-width: 909px) 67vw, (max-width: 1362px) 62vw, 840px\" \/><\/p>\n<p><img loading=\"lazy\" decoding=\"async\" class=\"alignright wp-image-441\" src=\"https:\/\/bf-on-tour.de\/kurztouren\/wp-content\/uploads\/sites\/21\/2025\/04\/Rest-scaled-1-300x300.jpg\" alt=\"\" width=\"200\" height=\"200\" srcset=\"https:\/\/bf-on-tour.de\/kurztouren\/wp-content\/uploads\/sites\/21\/2025\/04\/Rest-scaled-1-300x300.jpg 300w, https:\/\/bf-on-tour.de\/kurztouren\/wp-content\/uploads\/sites\/21\/2025\/04\/Rest-scaled-1-1024x1024.jpg 1024w, https:\/\/bf-on-tour.de\/kurztouren\/wp-content\/uploads\/sites\/21\/2025\/04\/Rest-scaled-1-150x150.jpg 150w, https:\/\/bf-on-tour.de\/kurztouren\/wp-content\/uploads\/sites\/21\/2025\/04\/Rest-scaled-1-768x768.jpg 768w, https:\/\/bf-on-tour.de\/kurztouren\/wp-content\/uploads\/sites\/21\/2025\/04\/Rest-scaled-1-1536x1536.jpg 1536w, https:\/\/bf-on-tour.de\/kurztouren\/wp-content\/uploads\/sites\/21\/2025\/04\/Rest-scaled-1-2048x2048.jpg 2048w, https:\/\/bf-on-tour.de\/kurztouren\/wp-content\/uploads\/sites\/21\/2025\/04\/Rest-scaled-1-1200x1200.jpg 1200w\" sizes=\"auto, (max-width: 200px) 85vw, 200px\" \/><\/p>\n<p>Wir machen uns lieber auf den Weg zu einem als gut angepriesenen Lokal in der N\u00e4he und lassen uns f\u00fcr weniger als die H\u00e4lfte der 110 Euronen ein feines Entrec\u00f4te f\u00fcr Nicoline und\u00a0 einen &#8222;Assiette du P\u00eacheur&#8220;, eine phantastische Auswahl von Austern, Venusmuscheln, Seeschnecken, diversen Shrimps und ger\u00e4uchertem Lachs, f\u00fcr mich, schmecken &#8211; und das ganz ohne Geruch aber inclusive Vorspeise, einem richtigen Bier, leckerem Ros\u00e9-Wein und einem Espresso als Abschluss.<\/p>\n<p>Und ja, ich gebe zu, noch nie Austern gegessen zu haben. Einfach, weil sich bislang keine Gelegenheit ergab. Und ebenfalls ja, sie haben mir geschmeckt. Aber dass ich jetzt ihr gro\u00dfer Fan geworden w\u00e4re, ist zu viel. Mit Abalone und Jakobsmuschel sind die ersten Pl\u00e4tze meiner Muschelhitliste bereits ganz klar belegt.<\/p>\n<p><a href=\" https:\/\/bf-on-tour.de\/kurztouren\/2023-bretagne\/\"><img loading=\"lazy\" decoding=\"async\" class=\"alignleft wp-image-65\" src=\"https:\/\/bf-on-tour.de\/kurztouren\/wp-content\/uploads\/sites\/21\/2019\/10\/zurueck.png\" alt=\"\" width=\"50\" height=\"37\" \/><\/a><a href=\" https:\/\/bf-on-tour.de\/kurztouren\/2023-bretagne\/3-2\"><img loading=\"lazy\" decoding=\"async\" class=\"alignright wp-image-64\" src=\"https:\/\/bf-on-tour.de\/kurztouren\/wp-content\/uploads\/sites\/21\/2019\/10\/weiter.png\" alt=\"\" width=\"50\" height=\"37\" \/><\/a><\/p>\n","protected":false},"excerpt":{"rendered":"<p>Heute ist Mittwoch und das Restaurant hat ge\u00f6ffnet! Also buchen wir noch eine Nacht und hoffen auf einen Platz dort heute Abend. Nach dem Fr\u00fchst\u00fcck beginnt es allerdings im ganzen Haus \u00e4u\u00dferst intensiv nach sehr totem Fisch zu riechen und da der Geruch &#8211; wie w\u00e4re es anders zu erwarten\u00a0 &#8211; der Hotelk\u00fcche entstammt, kommen &hellip; <a href=\"https:\/\/bf-on-tour.de\/kurztouren\/2023-bretagne\/2-2\/\" class=\"more-link\"><span class=\"screen-reader-text\">\u201eAm Golf von Morbihan\u201c <\/span>weiterlesen<\/a><\/p>\n","protected":false},"author":1,"featured_media":0,"parent":404,"menu_order":1,"comment_status":"closed","ping_status":"closed","template":"","meta":{"footnotes":""},"class_list":["post-406","page","type-page","status-publish","hentry"],"_links":{"self":[{"href":"https:\/\/bf-on-tour.de\/kurztouren\/wp-json\/wp\/v2\/pages\/406","targetHints":{"allow":["GET"]}}],"collection":[{"href":"https:\/\/bf-on-tour.de\/kurztouren\/wp-json\/wp\/v2\/pages"}],"about":[{"href":"https:\/\/bf-on-tour.de\/kurztouren\/wp-json\/wp\/v2\/types\/page"}],"author":[{"embeddable":true,"href":"https:\/\/bf-on-tour.de\/kurztouren\/wp-json\/wp\/v2\/users\/1"}],"replies":[{"embeddable":true,"href":"https:\/\/bf-on-tour.de\/kurztouren\/wp-json\/wp\/v2\/comments?post=406"}],"version-history":[{"count":10,"href":"https:\/\/bf-on-tour.de\/kurztouren\/wp-json\/wp\/v2\/pages\/406\/revisions"}],"predecessor-version":[{"id":465,"href":"https:\/\/bf-on-tour.de\/kurztouren\/wp-json\/wp\/v2\/pages\/406\/revisions\/465"}],"up":[{"embeddable":true,"href":"https:\/\/bf-on-tour.de\/kurztouren\/wp-json\/wp\/v2\/pages\/404"}],"wp:attachment":[{"href":"https:\/\/bf-on-tour.de\/kurztouren\/wp-json\/wp\/v2\/media?parent=406"}],"curies":[{"name":"wp","href":"https:\/\/api.w.org\/{rel}","templated":true}]}}