{"id":404,"date":"2025-04-17T19:23:17","date_gmt":"2025-04-17T17:23:17","guid":{"rendered":"https:\/\/bf-on-tour.de\/kurztouren\/?page_id=404"},"modified":"2025-04-18T15:12:51","modified_gmt":"2025-04-18T13:12:51","slug":"2023-bretagne","status":"publish","type":"page","link":"https:\/\/bf-on-tour.de\/kurztouren\/2023-bretagne\/","title":{"rendered":"2023 &#8211; Bretagne &#8211; ein Versuch&#8230;"},"content":{"rendered":"<p>Unsere Reise beginnt entspannt. Nachdem uns &#8211; quasi als letzte der Mohikaner &#8211; vor gut einer Woche Corona erwischt hatte und wir, zu schlapp f\u00fcr drei Tage \u00e1 500km bei 30\u00b0C auf den Maschinen, den Urlaub um eben diese Woche verschoben und auf das Auto verlegt hatten, geht es heute morgen auf mit einem kleinen Umweg \u00fcber Bayern nach Frankreich.<\/p>\n<p>Wir sind bei Suse in Freising, haben uns gestern Abend wacker bei 35\u00b0C durch das Altstadtfest getrunken (nein, nein, nur Radler und alkoholfreies Bier) und die Enkel bespa\u00dft, in der Nacht das unwetterartige Gewitter verschlafen und sitzen jetzt in einem Auto, in dem sich die Hitze der vergangenen Tage prima gehalten und die restlichen Gummib\u00e4rchen von der Hinfahrt in ihrer T\u00fcte zu einer farblich undefinierbaren Masse zerschmolzen hat &#8211; die machen jetzt weder Kinder noch Erwachs&#8217;ne froh.<\/p>\n<figure id=\"attachment_416\" aria-describedby=\"caption-attachment-416\" style=\"width: 300px\" class=\"wp-caption alignleft\"><img loading=\"lazy\" decoding=\"async\" class=\"wp-image-416 size-medium\" src=\"https:\/\/bf-on-tour.de\/kurztouren\/wp-content\/uploads\/sites\/21\/2025\/04\/IMG-20230716-WA0000-300x123.jpg\" alt=\"\" width=\"300\" height=\"123\" srcset=\"https:\/\/bf-on-tour.de\/kurztouren\/wp-content\/uploads\/sites\/21\/2025\/04\/IMG-20230716-WA0000-300x123.jpg 300w, https:\/\/bf-on-tour.de\/kurztouren\/wp-content\/uploads\/sites\/21\/2025\/04\/IMG-20230716-WA0000-1024x419.jpg 1024w, https:\/\/bf-on-tour.de\/kurztouren\/wp-content\/uploads\/sites\/21\/2025\/04\/IMG-20230716-WA0000-768x314.jpg 768w, https:\/\/bf-on-tour.de\/kurztouren\/wp-content\/uploads\/sites\/21\/2025\/04\/IMG-20230716-WA0000-1200x490.jpg 1200w, https:\/\/bf-on-tour.de\/kurztouren\/wp-content\/uploads\/sites\/21\/2025\/04\/IMG-20230716-WA0000.jpg 1512w\" sizes=\"auto, (max-width: 300px) 85vw, 300px\" \/><figcaption id=\"caption-attachment-416\" class=\"wp-caption-text\">Haribo &#8211; macht niemanden mehr froh&#8230;<\/figcaption><\/figure>\n<p>Also erstmal alle Fenster und das Schiebedach \u00f6ffnen. Dann geht&#8217;s los. Zumindest bis zum ersten Bremsen, bei dem, bergab stehend, der Rest des n\u00e4chtlichen Regens den Weg vom Dach schwallartig in unseren Nacken findet. Morgendusche!<\/p>\n<p>Die A8 nach Stuttgart ist langweilig und voll. Mein Fr\u00fchst\u00fcck m\u00f6chte aussteigen aber die Rastst\u00e4tte wurde gerade passiert &#8211; und den hygienischen (wenn man ihn \u00fcberhaupt so bezeichnen kann) Zustand des n\u00e4chsten PWC m\u00f6chte ich aus R\u00fccksicht auf die geneigte Leserschaft hier lieber nicht beschreiben.<\/p>\n<p>Eine Autobahnkirche wird annonciert. Bei Kirchen gibt&#8217;s auch WCs. Nix wie hin.<\/p>\n<p>Der Gottesdienst ist gerade beendet, der Pfarrer entschwindet wehenden Gewandes in seinen Gem\u00e4chern und ich stehe mit einer \u00e4lteren Dame allein vor dem Gekreuzigten. Was ich denn hier m\u00f6chte, werde ich gefragt &#8211; und antworte wahrheitsgem\u00e4\u00df. Nun, ein WC g\u00e4be es hier schon lange nicht mehr, der Brunnen sei kaputt und es f\u00e4nde sich niemand, der f\u00fcr die Reparatur zust\u00e4ndig w\u00e4re, wird mir erkl\u00e4rt. Nat\u00fcrlich ist das traurig und ich bem\u00fche mich inst\u00e4ndig, der guten Frau bei ihrer Schilderung der regelm\u00e4\u00dfigen Gottesdienste und der Beliebtheit dieser Kirche ruhig zuzuh\u00f6ren, aber mein Fr\u00fchst\u00fcck steht kurz vor der Explosion.<\/p>\n<p>Irgendwie schaffe ich es dann doch zur\u00fcck ins Auto und auf die A8 &#8211; wo die Rettung in Form der n\u00e4chsten, wenngleich v\u00f6llig \u00fcberf\u00fcllten Rastst\u00e4tte &#8211; gl\u00fccklicherweise rasch &#8211; naht.<\/p>\n<p>Ein letztes Tanken in Deutschland (Frankreich ist teurer) und ab \u00fcber den Rhein ins Land der Gallier.<\/p>\n<p>Hier ist es vergleichsweise ruhig. Wenige Fahrzeuge, fast alle halten sich an das Tempolimit, die Landschaft eher unspektakul\u00e4r, rollen wir, mit der M\u00fcdigkeit k\u00e4mpfend, dem noch kurz zuvor via &#8222;Logis de France&#8220; gebuchten Hotel entgegen.<\/p>\n<figure id=\"attachment_414\" aria-describedby=\"caption-attachment-414\" style=\"width: 840px\" class=\"wp-caption aligncenter\"><img loading=\"lazy\" decoding=\"async\" class=\"wp-image-414 size-large\" src=\"https:\/\/bf-on-tour.de\/kurztouren\/wp-content\/uploads\/sites\/21\/2025\/04\/Hotel-1024x578.jpg\" alt=\"\" width=\"840\" height=\"474\" srcset=\"https:\/\/bf-on-tour.de\/kurztouren\/wp-content\/uploads\/sites\/21\/2025\/04\/Hotel-1024x578.jpg 1024w, https:\/\/bf-on-tour.de\/kurztouren\/wp-content\/uploads\/sites\/21\/2025\/04\/Hotel-300x169.jpg 300w, https:\/\/bf-on-tour.de\/kurztouren\/wp-content\/uploads\/sites\/21\/2025\/04\/Hotel-768x433.jpg 768w, https:\/\/bf-on-tour.de\/kurztouren\/wp-content\/uploads\/sites\/21\/2025\/04\/Hotel-1536x866.jpg 1536w, https:\/\/bf-on-tour.de\/kurztouren\/wp-content\/uploads\/sites\/21\/2025\/04\/Hotel-2048x1155.jpg 2048w, https:\/\/bf-on-tour.de\/kurztouren\/wp-content\/uploads\/sites\/21\/2025\/04\/Hotel-1200x677.jpg 1200w\" sizes=\"auto, (max-width: 709px) 85vw, (max-width: 909px) 67vw, (max-width: 1362px) 62vw, 840px\" \/><figcaption id=\"caption-attachment-414\" class=\"wp-caption-text\">Das Hotel &#8211; sieht aus, wie eine Jugendherberge&#8230;<\/figcaption><\/figure>\n<p>P\u00fcnktlich um 19:15 Uhr sitzen wir im dortigen Restaurant, hungrig und durstig, gespannt, ob es uns heute so ergehen wird, wie vor 48 Jahren, als wir mit dem Fahrrad bereits schon einmal in Lothringen waren und ob einer f\u00fcr uns v\u00f6llig unverst\u00e4ndlichen Speisekarte etwas bestellten, das die Bedienung, wie auch die n\u00e4her sitzenden G\u00e4ste zu am\u00fcsiertem Kopfsch\u00fctteln veranlasste.<\/p>\n<p>Nun, heute ist die Speisekarte zweisprachig und es ist ein Leichtes, Linguine mit Shrimps f\u00fcr Nicoline und f\u00fcr mich ein Faux Filet in Gorgonzolaso\u00dfe zu bestellen. Der Ober erinnert dann aber doch sehr an damals. Er spricht ausschlie\u00dflich Franz\u00f6sisch, nuschelt und redet so schnell, dass ich keine Ahnung habe, was er meinen k\u00f6nnte. Da wir uns also gegenseitig nicht verstehen, was die Getr\u00e4nke angeht, ordere ich mehrfach insistierend die Wein- und die Bierkarte.<\/p>\n<p>Und da ist es, das deja-vue: Mit der Weinkarte kommen wir ja noch zurecht &#8211; auch, wenn der Ober nicht begreift, dass Nicoline keine Flasche Wein m\u00f6chte, sondern nur ein Glas und er dann doch die ganze Flasche bringt &#8211; aber mit \u00fcber zehn Biersorten, ausschlie\u00dflich im blumigsten Franz\u00f6sisch beschrieben, bin ich dann doch wieder \u00fcberfordert.<\/p>\n<p><img loading=\"lazy\" decoding=\"async\" class=\"alignleft wp-image-413 size-medium\" src=\"https:\/\/bf-on-tour.de\/kurztouren\/wp-content\/uploads\/sites\/21\/2025\/04\/Bier2-300x300.jpg\" alt=\"\" width=\"300\" height=\"300\" srcset=\"https:\/\/bf-on-tour.de\/kurztouren\/wp-content\/uploads\/sites\/21\/2025\/04\/Bier2-300x300.jpg 300w, https:\/\/bf-on-tour.de\/kurztouren\/wp-content\/uploads\/sites\/21\/2025\/04\/Bier2-1024x1024.jpg 1024w, https:\/\/bf-on-tour.de\/kurztouren\/wp-content\/uploads\/sites\/21\/2025\/04\/Bier2-150x150.jpg 150w, https:\/\/bf-on-tour.de\/kurztouren\/wp-content\/uploads\/sites\/21\/2025\/04\/Bier2-768x768.jpg 768w, https:\/\/bf-on-tour.de\/kurztouren\/wp-content\/uploads\/sites\/21\/2025\/04\/Bier2-1536x1536.jpg 1536w, https:\/\/bf-on-tour.de\/kurztouren\/wp-content\/uploads\/sites\/21\/2025\/04\/Bier2-2048x2048.jpg 2048w, https:\/\/bf-on-tour.de\/kurztouren\/wp-content\/uploads\/sites\/21\/2025\/04\/Bier2-1200x1200.jpg 1200w\" sizes=\"auto, (max-width: 300px) 85vw, 300px\" \/><\/p>\n<figure id=\"attachment_411\" aria-describedby=\"caption-attachment-411\" style=\"width: 231px\" class=\"wp-caption alignright\"><img loading=\"lazy\" decoding=\"async\" class=\"wp-image-411 size-medium\" src=\"https:\/\/bf-on-tour.de\/kurztouren\/wp-content\/uploads\/sites\/21\/2025\/04\/Bier-231x300.jpg\" alt=\"\" width=\"231\" height=\"300\" srcset=\"https:\/\/bf-on-tour.de\/kurztouren\/wp-content\/uploads\/sites\/21\/2025\/04\/Bier-231x300.jpg 231w, https:\/\/bf-on-tour.de\/kurztouren\/wp-content\/uploads\/sites\/21\/2025\/04\/Bier-787x1024.jpg 787w, https:\/\/bf-on-tour.de\/kurztouren\/wp-content\/uploads\/sites\/21\/2025\/04\/Bier-768x999.jpg 768w, https:\/\/bf-on-tour.de\/kurztouren\/wp-content\/uploads\/sites\/21\/2025\/04\/Bier-1181x1536.jpg 1181w, https:\/\/bf-on-tour.de\/kurztouren\/wp-content\/uploads\/sites\/21\/2025\/04\/Bier-1574x2048.jpg 1574w, https:\/\/bf-on-tour.de\/kurztouren\/wp-content\/uploads\/sites\/21\/2025\/04\/Bier-1200x1561.jpg 1200w, https:\/\/bf-on-tour.de\/kurztouren\/wp-content\/uploads\/sites\/21\/2025\/04\/Bier-scaled.jpg 1968w\" sizes=\"auto, (max-width: 231px) 85vw, 231px\" \/><figcaption id=\"caption-attachment-411\" class=\"wp-caption-text\">Ohne Worte&#8230;<\/figcaption><\/figure>\n<p>Ich ordere einfach &#8222;une grande Bi\u00e9re&#8220;, werde aber gen\u00f6tigt, auf eines der blumig beschriebenen zu zeigen &#8211; was ich brav mache &#8211; und worauf ich 0,33 ltr. Heidelbeerbier mit Wasser aus dem Mont-Blanc-Gletscher erhalte, dessen Schaum die Konsistenz festen Milchschaums auf einem Cappuccino glatt in den Schatten gestellt h\u00e4tte und dessen intensiv blauviolette Farbe eher an ein fruchtig s\u00fc\u00dfes Macaron als an ein Bier erinnert. Merkw\u00fcrdigerweise hat es sogar ganz gut geschmeckt&#8230;<\/p>\n<p>Danach beenden wir diesen Tag relativ rasch, m\u00fcssen allerdings an der Rezeption beim Zahlen noch einmal darauf hinweisen, dass wir im Restaurant lediglich ein Glas Wein hatten und nicht die ganze Flasche.<\/p>\n<p>Wir scheinen f\u00fcr franz\u00f6sische Verh\u00e4ltnisse ziemlich aus dem Rahmen zu fallen&#8230;<\/p>\n<p style=\"text-align: center;\"><strong>Am n\u00e4chsten Tag: Es reicht!<\/strong><\/p>\n<p>\u00dcber 500km Autobahn und fast 50 Euronen Maut sind genug. Auch landschaftlich reicht es, denn in dieser Hinsicht gab es bislang wenig bis gar keine Highlights, war es eher ein Kampf mit der Strecke.<\/p>\n<p>Aber jetzt haben wir Orl\u00e9ans erreicht und fahren im Loiretal auf der Landstra\u00dfe weiter, die &#8222;Schl\u00f6sser der Loire&#8220; bewundern.<\/p>\n<p>Zun\u00e4chst sehen wir zwar weder Fluss noch Schl\u00f6sser, merken aber rasch, warum franz\u00f6sische Autos so herrlich weich gefedert sind. Im Gegensatz zu den hervorragend gepflegten Autobahnen sehen die Landstra\u00dfen n\u00e4mlich nur nett aus &#8211; angenehm zu befahren sind sie nicht. Und bei Vmax 80 has&#8217;te &#8217;n Jef\u00fchl wie wenn&#8217;ze fliechst.<\/p>\n<figure id=\"attachment_419\" aria-describedby=\"caption-attachment-419\" style=\"width: 840px\" class=\"wp-caption aligncenter\"><img loading=\"lazy\" decoding=\"async\" class=\"size-large wp-image-419\" src=\"https:\/\/bf-on-tour.de\/kurztouren\/wp-content\/uploads\/sites\/21\/2025\/04\/Fluss-scaled-e1727710130438-2048x1392-1-1024x696.jpg\" alt=\"\" width=\"840\" height=\"571\" srcset=\"https:\/\/bf-on-tour.de\/kurztouren\/wp-content\/uploads\/sites\/21\/2025\/04\/Fluss-scaled-e1727710130438-2048x1392-1-1024x696.jpg 1024w, https:\/\/bf-on-tour.de\/kurztouren\/wp-content\/uploads\/sites\/21\/2025\/04\/Fluss-scaled-e1727710130438-2048x1392-1-300x204.jpg 300w, https:\/\/bf-on-tour.de\/kurztouren\/wp-content\/uploads\/sites\/21\/2025\/04\/Fluss-scaled-e1727710130438-2048x1392-1-768x522.jpg 768w, https:\/\/bf-on-tour.de\/kurztouren\/wp-content\/uploads\/sites\/21\/2025\/04\/Fluss-scaled-e1727710130438-2048x1392-1-1536x1044.jpg 1536w, https:\/\/bf-on-tour.de\/kurztouren\/wp-content\/uploads\/sites\/21\/2025\/04\/Fluss-scaled-e1727710130438-2048x1392-1-1200x816.jpg 1200w, https:\/\/bf-on-tour.de\/kurztouren\/wp-content\/uploads\/sites\/21\/2025\/04\/Fluss-scaled-e1727710130438-2048x1392-1.jpg 2048w\" sizes=\"auto, (max-width: 709px) 85vw, (max-width: 909px) 67vw, (max-width: 1362px) 62vw, 840px\" \/><figcaption id=\"caption-attachment-419\" class=\"wp-caption-text\">An der Loire<\/figcaption><\/figure>\n<p>Das Gef\u00fchl, uns tritt ein Pferd haben wir dann im Hotel &#8222;Cheval Blanc&#8220;, einer Relaistation der Post von 1799, in der fr\u00fcher die Pferde gewechselt wurden wie heute bei Nio die Batterien. Es wird n\u00e4mlich nicht k\u00fchl zur Nacht, eine Klimaanlage gibt es nicht, drau\u00dfen verl\u00e4uft eine vielbefahrene Stra\u00dfe und an erholsamen Schlaf ist damit trotz des guten Weines zum ebenso guten Essen gar nicht zu denken.<\/p>\n<figure id=\"attachment_420\" aria-describedby=\"caption-attachment-420\" style=\"width: 300px\" class=\"wp-caption alignleft\"><img loading=\"lazy\" decoding=\"async\" class=\"wp-image-420 size-medium\" src=\"https:\/\/bf-on-tour.de\/kurztouren\/wp-content\/uploads\/sites\/21\/2025\/04\/Garage-scaled-1-300x300.jpg\" alt=\"\" width=\"300\" height=\"300\" srcset=\"https:\/\/bf-on-tour.de\/kurztouren\/wp-content\/uploads\/sites\/21\/2025\/04\/Garage-scaled-1-300x300.jpg 300w, https:\/\/bf-on-tour.de\/kurztouren\/wp-content\/uploads\/sites\/21\/2025\/04\/Garage-scaled-1-1024x1024.jpg 1024w, https:\/\/bf-on-tour.de\/kurztouren\/wp-content\/uploads\/sites\/21\/2025\/04\/Garage-scaled-1-150x150.jpg 150w, https:\/\/bf-on-tour.de\/kurztouren\/wp-content\/uploads\/sites\/21\/2025\/04\/Garage-scaled-1-768x768.jpg 768w, https:\/\/bf-on-tour.de\/kurztouren\/wp-content\/uploads\/sites\/21\/2025\/04\/Garage-scaled-1-1536x1536.jpg 1536w, https:\/\/bf-on-tour.de\/kurztouren\/wp-content\/uploads\/sites\/21\/2025\/04\/Garage-scaled-1-2048x2048.jpg 2048w, https:\/\/bf-on-tour.de\/kurztouren\/wp-content\/uploads\/sites\/21\/2025\/04\/Garage-scaled-1-1200x1200.jpg 1200w\" sizes=\"auto, (max-width: 300px) 85vw, 300px\" \/><figcaption id=\"caption-attachment-420\" class=\"wp-caption-text\">Unser Auto in der Pferdebox<\/figcaption><\/figure>\n<p>M\u00fcde rollen wir am n\u00e4chsten Morgen wieder gen Loire, vorbei an Maisplantagen und leider schon ziemlich abgebl\u00fchten Sonnenblumenfeldern. Aber je n\u00e4her die Loire kommt, desto h\u00e4ufiger werden die Weing\u00fcter mit ihren zum Teil imposanten Haupth\u00e4usern und den massiven Steinmauern zur Abgrenzung der ausgedehnten Hauslagen. Nur, wo sind die Schl\u00f6sser?<\/p>\n<figure id=\"attachment_425\" aria-describedby=\"caption-attachment-425\" style=\"width: 300px\" class=\"wp-caption alignright\"><img loading=\"lazy\" decoding=\"async\" class=\"wp-image-425 size-medium\" src=\"https:\/\/bf-on-tour.de\/kurztouren\/wp-content\/uploads\/sites\/21\/2025\/04\/Sonenblumen-300x135.jpg\" alt=\"\" width=\"300\" height=\"135\" srcset=\"https:\/\/bf-on-tour.de\/kurztouren\/wp-content\/uploads\/sites\/21\/2025\/04\/Sonenblumen-300x135.jpg 300w, https:\/\/bf-on-tour.de\/kurztouren\/wp-content\/uploads\/sites\/21\/2025\/04\/Sonenblumen-1024x461.jpg 1024w, https:\/\/bf-on-tour.de\/kurztouren\/wp-content\/uploads\/sites\/21\/2025\/04\/Sonenblumen-768x346.jpg 768w, https:\/\/bf-on-tour.de\/kurztouren\/wp-content\/uploads\/sites\/21\/2025\/04\/Sonenblumen-1536x692.jpg 1536w, https:\/\/bf-on-tour.de\/kurztouren\/wp-content\/uploads\/sites\/21\/2025\/04\/Sonenblumen-2048x922.jpg 2048w, https:\/\/bf-on-tour.de\/kurztouren\/wp-content\/uploads\/sites\/21\/2025\/04\/Sonenblumen-1200x540.jpg 1200w\" sizes=\"auto, (max-width: 300px) 85vw, 300px\" \/><figcaption id=\"caption-attachment-425\" class=\"wp-caption-text\">Sonnenblumen wohin das Auge schaut<\/figcaption><\/figure>\n<p>Saumur ist dann richtig sch\u00f6n anzusehen. Ein historisches H\u00e4userensemble entlang der Loire und die dazu passende Br\u00fccke ergeben ein tolles Panorama. Hier vertreten wir uns gern die F\u00fc\u00dfe!<\/p>\n<figure id=\"attachment_424\" aria-describedby=\"caption-attachment-424\" style=\"width: 840px\" class=\"wp-caption aligncenter\"><img loading=\"lazy\" decoding=\"async\" class=\"size-large wp-image-424\" src=\"https:\/\/bf-on-tour.de\/kurztouren\/wp-content\/uploads\/sites\/21\/2025\/04\/Saumure-1024x456.jpg\" alt=\"\" width=\"840\" height=\"374\" srcset=\"https:\/\/bf-on-tour.de\/kurztouren\/wp-content\/uploads\/sites\/21\/2025\/04\/Saumure-1024x456.jpg 1024w, https:\/\/bf-on-tour.de\/kurztouren\/wp-content\/uploads\/sites\/21\/2025\/04\/Saumure-300x134.jpg 300w, https:\/\/bf-on-tour.de\/kurztouren\/wp-content\/uploads\/sites\/21\/2025\/04\/Saumure-768x342.jpg 768w, https:\/\/bf-on-tour.de\/kurztouren\/wp-content\/uploads\/sites\/21\/2025\/04\/Saumure-1536x685.jpg 1536w, https:\/\/bf-on-tour.de\/kurztouren\/wp-content\/uploads\/sites\/21\/2025\/04\/Saumure-2048x913.jpg 2048w, https:\/\/bf-on-tour.de\/kurztouren\/wp-content\/uploads\/sites\/21\/2025\/04\/Saumure-1200x535.jpg 1200w\" sizes=\"auto, (max-width: 709px) 85vw, (max-width: 909px) 67vw, (max-width: 1362px) 62vw, 840px\" \/><figcaption id=\"caption-attachment-424\" class=\"wp-caption-text\">Saumure<\/figcaption><\/figure>\n<p>Das ist es dann aber auch. Die sich anschlie\u00dfende &#8222;Route Panoramique&#8220; ist alles andere als &#8222;panoramique&#8220;. Entweder fahren wir durch winzige D\u00f6rfer, entlang abgeernteter Felder zwischen dichten Knicks oder d\u00fcrfen ganz selten mal ein paar weite Ausblicke ins gelb-br\u00e4unliche Nichts des Loiretales &#8222;genie\u00dfen&#8220;. Weit und breit kein Schloss!<\/p>\n<p>50 Kilometer vor Nantes reicht es wieder. Das Navi darf die Planung via Autobahn durchf\u00fchren und unsere Reisegeschwindigkeit steigt deutlich. Schl\u00f6sser hin, Schl\u00f6sser her! Wir freuen uns auf das zum Hotel geh\u00f6rige Sternerestaurant!<\/p>\n<p>Dummerweise hat eben dieses von Sonntag bis Dienstag geschlossen &#8211; heute ist (!) Dienstag. Also wieder ins Auto gesetzt und nach Port Blanc gefahren, zum &#8222;Le Baden-Roc&#8220;, einer Empfehlung des Hotels mit sch\u00f6ner Terrasse und Aussicht \u00fcber den Hafen.<\/p>\n<p><img loading=\"lazy\" decoding=\"async\" class=\"aligncenter size-large wp-image-421\" src=\"https:\/\/bf-on-tour.de\/kurztouren\/wp-content\/uploads\/sites\/21\/2025\/04\/Hafen-1024x461.jpg\" alt=\"\" width=\"840\" height=\"378\" srcset=\"https:\/\/bf-on-tour.de\/kurztouren\/wp-content\/uploads\/sites\/21\/2025\/04\/Hafen-1024x461.jpg 1024w, https:\/\/bf-on-tour.de\/kurztouren\/wp-content\/uploads\/sites\/21\/2025\/04\/Hafen-300x135.jpg 300w, https:\/\/bf-on-tour.de\/kurztouren\/wp-content\/uploads\/sites\/21\/2025\/04\/Hafen-768x346.jpg 768w, https:\/\/bf-on-tour.de\/kurztouren\/wp-content\/uploads\/sites\/21\/2025\/04\/Hafen-1536x692.jpg 1536w, https:\/\/bf-on-tour.de\/kurztouren\/wp-content\/uploads\/sites\/21\/2025\/04\/Hafen-2048x922.jpg 2048w, https:\/\/bf-on-tour.de\/kurztouren\/wp-content\/uploads\/sites\/21\/2025\/04\/Hafen-1200x540.jpg 1200w\" sizes=\"auto, (max-width: 709px) 85vw, (max-width: 909px) 67vw, (max-width: 1362px) 62vw, 840px\" \/>Aber hier beschleicht uns wieder das Gef\u00fchl, Frankreich immer noch nicht richtig verinnerlicht zu haben: K\u00fcsschen links und K\u00fcsschen rechts, man isst Austern, trinkt Prosecco. Da fallen wir zwei Alten mit Burger, Pizza und alkoholfreiem Mojito wieder mal irgendwie aus dem Rahmen&#8230;<\/p>\n<p><a href=\"https:\/\/bf-on-tour.de\/kurztouren\/2023-bretagne\/2-2\"><img loading=\"lazy\" decoding=\"async\" class=\"alignright wp-image-64\" src=\"https:\/\/bf-on-tour.de\/kurztouren\/wp-content\/uploads\/sites\/21\/2019\/10\/weiter.png\" alt=\"\" width=\"50\" height=\"37\" \/><\/a><\/p>\n","protected":false},"excerpt":{"rendered":"<p>Unsere Reise beginnt entspannt. Nachdem uns &#8211; quasi als letzte der Mohikaner &#8211; vor gut einer Woche Corona erwischt hatte und wir, zu schlapp f\u00fcr drei Tage \u00e1 500km bei 30\u00b0C auf den Maschinen, den Urlaub um eben diese Woche verschoben und auf das Auto verlegt hatten, geht es heute morgen auf mit einem kleinen &hellip; <a href=\"https:\/\/bf-on-tour.de\/kurztouren\/2023-bretagne\/\" class=\"more-link\"><span class=\"screen-reader-text\">\u201e2023 &#8211; Bretagne &#8211; ein Versuch&#8230;\u201c <\/span>weiterlesen<\/a><\/p>\n","protected":false},"author":1,"featured_media":0,"parent":0,"menu_order":0,"comment_status":"closed","ping_status":"closed","template":"","meta":{"footnotes":""},"class_list":["post-404","page","type-page","status-publish","hentry"],"_links":{"self":[{"href":"https:\/\/bf-on-tour.de\/kurztouren\/wp-json\/wp\/v2\/pages\/404","targetHints":{"allow":["GET"]}}],"collection":[{"href":"https:\/\/bf-on-tour.de\/kurztouren\/wp-json\/wp\/v2\/pages"}],"about":[{"href":"https:\/\/bf-on-tour.de\/kurztouren\/wp-json\/wp\/v2\/types\/page"}],"author":[{"embeddable":true,"href":"https:\/\/bf-on-tour.de\/kurztouren\/wp-json\/wp\/v2\/users\/1"}],"replies":[{"embeddable":true,"href":"https:\/\/bf-on-tour.de\/kurztouren\/wp-json\/wp\/v2\/comments?post=404"}],"version-history":[{"count":15,"href":"https:\/\/bf-on-tour.de\/kurztouren\/wp-json\/wp\/v2\/pages\/404\/revisions"}],"predecessor-version":[{"id":464,"href":"https:\/\/bf-on-tour.de\/kurztouren\/wp-json\/wp\/v2\/pages\/404\/revisions\/464"}],"wp:attachment":[{"href":"https:\/\/bf-on-tour.de\/kurztouren\/wp-json\/wp\/v2\/media?parent=404"}],"curies":[{"name":"wp","href":"https:\/\/api.w.org\/{rel}","templated":true}]}}