{"id":185,"date":"2020-10-17T11:28:46","date_gmt":"2020-10-17T09:28:46","guid":{"rendered":"https:\/\/bf-on-tour.de\/kurztouren\/?page_id=185"},"modified":"2020-10-18T11:27:36","modified_gmt":"2020-10-18T09:27:36","slug":"2-2","status":"publish","type":"page","link":"https:\/\/bf-on-tour.de\/kurztouren\/2020-oderneisse\/2-2\/","title":{"rendered":"In der Lausitz"},"content":{"rendered":"<p>Am n\u00e4chsten Morgen machen wir uns bei bestem Wetter und mit schmerzenden R\u00fccken (die Matratzen des Hotels sind eher f\u00fcr Fakire geeignet, zwar ohne N\u00e4gel, daf\u00fcr hart wie Stein) auf den Weg in die Tiefen der Oberlausitz &#8211; immer nach Osten, wobei die Landschaft nicht \u00fcberm\u00e4\u00dfig abwechslungsreich ist: Weite Felder, ziemlich gerade Stra\u00dfen, weithin flaches, gr\u00fcnes Land.<\/p>\n<figure id=\"attachment_337\" aria-describedby=\"caption-attachment-337\" style=\"width: 800px\" class=\"wp-caption aligncenter\"><img loading=\"lazy\" decoding=\"async\" class=\"wp-image-337 size-full\" src=\"https:\/\/bf-on-tour.de\/kurztouren\/wp-content\/uploads\/sites\/21\/2020\/10\/01-Lausitz.jpg\" alt=\"\" width=\"800\" height=\"335\" srcset=\"https:\/\/bf-on-tour.de\/kurztouren\/wp-content\/uploads\/sites\/21\/2020\/10\/01-Lausitz.jpg 800w, https:\/\/bf-on-tour.de\/kurztouren\/wp-content\/uploads\/sites\/21\/2020\/10\/01-Lausitz-300x126.jpg 300w, https:\/\/bf-on-tour.de\/kurztouren\/wp-content\/uploads\/sites\/21\/2020\/10\/01-Lausitz-768x322.jpg 768w\" sizes=\"auto, (max-width: 800px) 85vw, 800px\" \/><figcaption id=\"caption-attachment-337\" class=\"wp-caption-text\">Irgendwo zwischen Bautzen und Niesky in der Lausitz<\/figcaption><\/figure>\n<p>Unser erstes Ziel hei\u00dft Niesky. Die kleinste s\u00e4chsische Stadt mit der Eigenschaft \u201eGro\u00dfe Kreisstadt\u201c zu sein. Allerdings verweigert sie sich vollst\u00e4ndig der Begutachtung, denn die Innenstadt ist wegen Bauarbeiten voll gesperrt und die eingerichtete Umleitung f\u00fchrt uns erbarmungslos durch schlichte Wohnsiedlungen am Stadtkern vorbei. Kaum sind wir in der Stadt, sind wir auch schon wieder drau\u00dfen.<\/p>\n<figure id=\"attachment_324\" aria-describedby=\"caption-attachment-324\" style=\"width: 300px\" class=\"wp-caption alignright\"><img loading=\"lazy\" decoding=\"async\" class=\"wp-image-324 size-full\" src=\"https:\/\/bf-on-tour.de\/kurztouren\/wp-content\/uploads\/sites\/21\/2020\/10\/02-Horka.jpg\" alt=\"\" width=\"300\" height=\"171\" \/><figcaption id=\"caption-attachment-324\" class=\"wp-caption-text\">Horka: Alte und neue Bahnlinie<\/figcaption><\/figure>\n<p>Danach kommt Horka der Ort, in dem eine unserer Freundinnen geboren wurde, Kindheit und Jugend verbrachte. Horka &#8211; obwohl eher Dorf, als Stadt &#8211; findet seine Bedeutung in der Bahn. Hier verl\u00e4uft die wichtige G\u00fctermagistrale Hoyerswerda-Horka-W\u0119gliniec und der lokale G\u00fcterbahnhof dient als Grenzstation zu Polen. Man erkennt es unschwer an den supermodernen Gleis- und Abstellanlagen, die direkt \u00fcber den alten Dorfbahnhof gebaut wurden.<\/p>\n<p>Weiter geht es nach Osten, bis an die Nei\u00dfe. Eigentlich hatten wir gehofft, ein paar Impressionen dieses Grenzflusses zu Polen mit nach Hause nehmen zu k\u00f6nnen und deshalb f\u00fcr unsere Route Stra\u00dfen ausgew\u00e4hlt, die n\u00e4her am Fluss nicht h\u00e4tten sein k\u00f6nnen. Aber man sieht nichts. Dichte W\u00e4lder links und rechts der Stra\u00dfe &#8211; auch hier sind Kurven Mangelware &#8211; spenden bei diesem Wetter zwar angenehmen Schatten, machen aber unsere Hoffnung auf interessante Ausblicke zunichte.<\/p>\n<figure id=\"attachment_325\" aria-describedby=\"caption-attachment-325\" style=\"width: 800px\" class=\"wp-caption aligncenter\"><img loading=\"lazy\" decoding=\"async\" class=\"wp-image-325 size-full\" src=\"https:\/\/bf-on-tour.de\/kurztouren\/wp-content\/uploads\/sites\/21\/2020\/10\/03-Wald.jpg\" alt=\"\" width=\"800\" height=\"388\" srcset=\"https:\/\/bf-on-tour.de\/kurztouren\/wp-content\/uploads\/sites\/21\/2020\/10\/03-Wald.jpg 800w, https:\/\/bf-on-tour.de\/kurztouren\/wp-content\/uploads\/sites\/21\/2020\/10\/03-Wald-300x146.jpg 300w, https:\/\/bf-on-tour.de\/kurztouren\/wp-content\/uploads\/sites\/21\/2020\/10\/03-Wald-768x372.jpg 768w\" sizes=\"auto, (max-width: 800px) 85vw, 800px\" \/><figcaption id=\"caption-attachment-325\" class=\"wp-caption-text\">Entlang der Nei\u00dfe: Wald, Wald und nochmal Wald<\/figcaption><\/figure>\n<p>Bei Pechern, einem der vielen D\u00f6rfer entlang der Bundesstra\u00dfe biegen wir rechts ab zu einem Abstecher zum sog. Schlauchboothafen. Abzweige zu Einsatzstellen f\u00fcr Paddelboote gab es bereits zahlreich und nun sind wir doch mal neugierig. Der Weg f\u00fchrt in den alten Dorfkern mit Kirche (die aber, obwohl als touristisch wertvoll gekennzeichnet, verschlossen ist) in eine Sackgasse. Wir stehen einerseits vor einem Sperrschild und andererseits vor dem wegen der Schweinepest entlang der Nei\u00dfe gezogenen Elektrozaun.<\/p>\n<figure id=\"attachment_335\" aria-describedby=\"caption-attachment-335\" style=\"width: 300px\" class=\"wp-caption alignleft\"><img loading=\"lazy\" decoding=\"async\" class=\"wp-image-335 size-full\" src=\"https:\/\/bf-on-tour.de\/kurztouren\/wp-content\/uploads\/sites\/21\/2020\/10\/05-Neisse.jpg\" alt=\"\" width=\"300\" height=\"300\" srcset=\"https:\/\/bf-on-tour.de\/kurztouren\/wp-content\/uploads\/sites\/21\/2020\/10\/05-Neisse.jpg 300w, https:\/\/bf-on-tour.de\/kurztouren\/wp-content\/uploads\/sites\/21\/2020\/10\/05-Neisse-150x150.jpg 150w\" sizes=\"auto, (max-width: 300px) 85vw, 300px\" \/><figcaption id=\"caption-attachment-335\" class=\"wp-caption-text\">An der Nei\u00dfe<\/figcaption><\/figure>\n<p>Gerade, als wir umdrehen wollen, kommt aus dem gesperrten Weg ein Bulli mit Anh\u00e4nger, auf dem sich etliche Schlauchboote befinden. Der Fahrer \u00f6ffnet ohne zu z\u00f6gern den Zaun und f\u00e4hrt hindurch, was uns dann doch noch die M\u00f6glichkeit bietet, an den Fluss zu kommen und wenigstens einen klitzekeinen Eindruck zu erhaschen.<\/p>\n<p>Danach geht es wie vorher weiter und wir sind gespannt, was die n\u00e4chste gr\u00f6\u00dfere Stadt, Bad Muskau, zu bieten hat.<\/p>\n<p>\u201eNett\u201c, ist unser erster Eindruck: Alter Geb\u00e4udebestand, Stra\u00dfengr\u00fcn, gepflegtes Erscheinungsbild &#8211; aber f\u00fcr einen Abstecher in den Stadtkern reicht es dann doch nicht. Wir haben den Traum vom flussnahen Fahren eben immer noch nicht begraben.<\/p>\n<p>Kurz darauf finden wir uns auf einer Fahrradstra\u00dfe wieder und wundern uns, dass hier au\u00dfer Velos und Anliegern &#8211; gem\u00e4\u00df Beschilderung &#8211; niemand fahren darf. Auf den uns bekannten Fahrradstra\u00dfen d\u00fcrfen sehr wohl alle Verkehrsteilnehmer fahren, nur eben langsam. Und da es hier keine Alternative au\u00dfer der Bundesstra\u00dfe gibt, fahren wir halt vorsichtig weiter\u2026<\/p>\n<p>Nur, au\u00dfer einem wirklich fl\u00fcchtigen Blick auf eine Flussaue, in der man den Nei\u00dfeverlauf zumindest erahnen kann, bietet auch dieser Weg nur Wald, Wiesen und dazwischen sehr vereinzelte H\u00e4user. Langsam macht sich Entt\u00e4uschung breit.<\/p>\n<figure id=\"attachment_326\" aria-describedby=\"caption-attachment-326\" style=\"width: 300px\" class=\"wp-caption alignright\"><img loading=\"lazy\" decoding=\"async\" class=\"wp-image-326 size-full\" src=\"https:\/\/bf-on-tour.de\/kurztouren\/wp-content\/uploads\/sites\/21\/2020\/10\/04-Forst.jpg\" alt=\"\" width=\"300\" height=\"156\" \/><figcaption id=\"caption-attachment-326\" class=\"wp-caption-text\">Auf dem Weg zur Stadtmitte von Forst<\/figcaption><\/figure>\n<p>Dann Forst &#8211; auch nicht gerade dazu geeignet, unsere Stimmung zu verbessern. Vielleicht gibt es sehenswerte Ecken in der Stadt, aber die Planer haben viel daran gesetzt, dass man sie zwischen Plattenbauten umf\u00e4hrt. Wir landen direkt am Markt, runden diesen inklusive Kirche und suchen eine Gelegenheit zum Mittagessen. Aber es bietet sich nichts wirklich Attraktives. Auf die D\u00f6nerbude am Marktplatz steht uns nicht der Sinn. Also weiter.<\/p>\n<p>Kurz darauf f\u00e4llt uns in dem winzigen Flecken Naundorf ein Aufsteller an der Stra\u00dfe ins Auge: \u201eGarten ge\u00f6ffnet, durchgehend warme K\u00fcche.\u201c Der erste Blick zeigt ein v\u00f6llig unscheinbares Haus, \u201eFred Lehmanns Bauernsch\u00e4nke\u201c, wie wir sp\u00e4ter erfahren, aber man darf sich da nicht t\u00e4uschen lassen. Schon \u00f6fter haben wir in solchen H\u00e4usern gut essen k\u00f6nnen. Und genau das tun wir jetzt. Gem\u00fctlich im Garten, in aller Ruhe, bei einem Schw\u00e4tzchen mit dem Wirt und vor allem mit besten Lausitzer Spezialit\u00e4ten (wie z.B. \u201eTote Oma\u201c: reichlich Gr\u00fctzwurst mit Bautz\u2019ner Senf, Kartoffeln und Sauerkraut). Genau so haben wir uns das vorgestellt!<\/p>\n<p>F\u00fcr den Weg bekommen wir noch ein paar Touri-Tipps mit, u.a. den noch aktiven Tagebau J\u00e4nschwalde und die M\u00fcndung der Nei\u00dfe in die Oder bei Ratzdorf. J\u00e4nschwalde ist riesig, ja, sieht aus, wie eine bewirtschaftete Mondlandschaft. Wir schauen eine Weile den weit entfernten Baggern zu, die in dieser riesigen \u00d6dnis Schaufel f\u00fcr Schaufel Braunkohle wegkratzen und von unserem Aussichtspunkt wie Spielzeug aussehen, aber so wirklich viel zu sehen gibt\u2019s dann doch nicht.<\/p>\n<figure id=\"attachment_328\" aria-describedby=\"caption-attachment-328\" style=\"width: 800px\" class=\"wp-caption aligncenter\"><img loading=\"lazy\" decoding=\"async\" class=\"wp-image-328 size-full\" src=\"https:\/\/bf-on-tour.de\/kurztouren\/wp-content\/uploads\/sites\/21\/2020\/10\/06-Jaenschwalde.jpg\" alt=\"\" width=\"800\" height=\"269\" srcset=\"https:\/\/bf-on-tour.de\/kurztouren\/wp-content\/uploads\/sites\/21\/2020\/10\/06-Jaenschwalde.jpg 800w, https:\/\/bf-on-tour.de\/kurztouren\/wp-content\/uploads\/sites\/21\/2020\/10\/06-Jaenschwalde-300x101.jpg 300w, https:\/\/bf-on-tour.de\/kurztouren\/wp-content\/uploads\/sites\/21\/2020\/10\/06-Jaenschwalde-768x258.jpg 768w\" sizes=\"auto, (max-width: 800px) 85vw, 800px\" \/><figcaption id=\"caption-attachment-328\" class=\"wp-caption-text\">Der immer noch aktive Tagebau J\u00e4nschwalde<\/figcaption><\/figure>\n<p>Also weiter zur Nei\u00dfem\u00fcndung. Wir parken auf einer Buswendeschleife und schauen &#8211; soweit es geht &#8211; auf die Flussm\u00fcndung. Sch\u00f6n, aber ansonsten ist auch hier die Welt zu Ende. Es gibt ein Lokal, den Radwanderweg und sonst eigentlich nur gr\u00fcne Flussufer. Nach einer kurzen, erholsamen Pause geht\u2019s weiter nach Guben.<\/p>\n<figure id=\"attachment_329\" aria-describedby=\"caption-attachment-329\" style=\"width: 300px\" class=\"wp-caption alignright\"><img loading=\"lazy\" decoding=\"async\" class=\"wp-image-329 size-full\" src=\"https:\/\/bf-on-tour.de\/kurztouren\/wp-content\/uploads\/sites\/21\/2020\/10\/07-Neissemuendung.jpg\" alt=\"\" width=\"300\" height=\"241\" \/><figcaption id=\"caption-attachment-329\" class=\"wp-caption-text\">An der M\u00fcndung der Nei\u00dfe in die Oder<\/figcaption><\/figure>\n<p>Im Gegensatz zu Forst ist die Stadt ansprechender, sieht nicht so sozialistisch einheitlich aus &#8211; zumindest nicht im Kern -, hat ein paar sch\u00f6ne alte H\u00e4user an durchweg gepflegten Stra\u00dfen zu bieten, aber den ganz gro\u00dfen Renner scheinen wir auch hier nicht gefunden zu haben. Gibt\u2019s den in dieser Gegend \u00fcberhaupt?<\/p>\n<p>Am Horizont taucht ein dunkles Unget\u00fcm auf. Hochh\u00e4user? Ein Industriewerk? Ach, es wird Eisenh\u00fcttenstadt sein und sp\u00e4testens jetzt erkl\u00e4rt sich der Name. Hin? Einmal durchfahren? Nein! Irgendjemand hatte uns letztes Wochenende gesagt, Frankfurt\/Oder sei die h\u00e4sslichste Stadt der DDR gewesen, aber uns beschleicht gerade das Gef\u00fchl, genau jetzt an eben dieser vorbei zu fahren. Unser Bedarf an tristen Plattenbauten ist eigentlich f\u00fcr heute gedeckt.<\/p>\n<p>Kurz darauf dann wirklich Frankfurt\/Oder. Wir hatten zuvor \u00fcber <a href=\"http:\/\/booking.com\">booking.com<\/a> ein Zimmer in Bahnhofsn\u00e4he gebucht, weil dort der Parkplatz f\u00fcr unsere Maschinen kostenlos dabei war. Und nun stehen wir in diesem Upgrade-Zimmer, das immerhin 10 Euronen zus\u00e4tzlich gekostet hat, damit es eine Sitzgelegenheit enth\u00e4lt, auf der wir nachts unsere Klamotten zum Ausl\u00fcften lassen k\u00f6nnen, und stellen fest, dass dieses Upgrade aus zwei roten Kunstledersesseln und einem klapprigen Tischchen vor einer ziemlich gebraucht aussehenden K\u00fcchenzeile mit K\u00fchlschrank, Herd, Sp\u00fcle und allerlei fein darauf drapierten Putzutensilien besteht. Aber da der &#8211; im Grunde recht ordentliche &#8211; Schlafraum das Fenster zum Hof hat, k\u00f6nnen wir wenigstens unsere Maschinen parken sehen. Ein \u201esch\u00f6ner\u201c Auftakt f\u00fcr diese Stadt!<\/p>\n<p>Oft tr\u00fcgt ja der erste Eindruck. Hier nicht. Ist der Weg vom Bahnhof in die Stadt auch noch gut ertr\u00e4glich (die Bauten stammen offensichtlich aus der Vor-Plattenbauzeit), ist die Innenstadt zwar ordentlich und gepflegt, aber tats\u00e4chlich erschreckend uniform. Was f\u00fcr ein Kontrast zu gestern in Bautzen!<\/p>\n<figure id=\"attachment_336\" aria-describedby=\"caption-attachment-336\" style=\"width: 468px\" class=\"wp-caption alignleft\"><img loading=\"lazy\" decoding=\"async\" class=\"wp-image-336 size-full\" src=\"https:\/\/bf-on-tour.de\/kurztouren\/wp-content\/uploads\/sites\/21\/2020\/10\/08-Lichtspielhaus.jpg\" alt=\"\" width=\"468\" height=\"300\" srcset=\"https:\/\/bf-on-tour.de\/kurztouren\/wp-content\/uploads\/sites\/21\/2020\/10\/08-Lichtspielhaus.jpg 468w, https:\/\/bf-on-tour.de\/kurztouren\/wp-content\/uploads\/sites\/21\/2020\/10\/08-Lichtspielhaus-300x192.jpg 300w\" sizes=\"auto, (max-width: 468px) 85vw, 468px\" \/><figcaption id=\"caption-attachment-336\" class=\"wp-caption-text\">Frankfurt\/Oder: Das Lichtspielhaus der Jugend<\/figcaption><\/figure>\n<p>Wir passieren das \u201eLichtspielhaus der Jugend\u201c, in dem wohl schon seit Jahrzehnten kein Licht mehr spielt und dessen einstmals jugendliche Besucher entweder inzwischen unser Alter haben oder aus der Stadt gefl\u00fcchtet sind, und geraten in den Stadtkern. Ein Plattenbau benachbart den n\u00e4chsten, auf dem zentralen Platz in der Mitte des Ensembles nichts als ein riesiger \u00f6der Parkplatz. Der Oderturm wirbt mit einer phantastischen Aus- und Fernsicht &#8211; aber was sollte man da sehen au\u00dfer plattem Land und evtl. wieder der Silhouette von Eisenh\u00fcttenstadt.<\/p>\n<figure id=\"attachment_331\" aria-describedby=\"caption-attachment-331\" style=\"width: 300px\" class=\"wp-caption alignright\"><img loading=\"lazy\" decoding=\"async\" class=\"wp-image-331 size-full\" src=\"https:\/\/bf-on-tour.de\/kurztouren\/wp-content\/uploads\/sites\/21\/2020\/10\/09-Oderturm.jpg\" alt=\"\" width=\"300\" height=\"265\" \/><figcaption id=\"caption-attachment-331\" class=\"wp-caption-text\">Stadtzentrum mit Oderturm<\/figcaption><\/figure>\n<p>Vor uns geht ein junges P\u00e4rchen. Sie, unordentliche, knallrot gef\u00e4rbte Haare (zumindest waren sie es wohl irgendwann einmal), allzu hautenge\u00a0Jack-Daniels-Reklame-Leggings; er, schlurft mit offener Bierdose in der Hand daneben her. Wir neigen durchaus nicht zu Depressionen, aber das in dieser Umgebung\u2026<\/p>\n<p>Der Verzicht auf weitere, ausgedehntere Ausfl\u00fcge in Betonwelten f\u00e4llt nicht schwer. Suchen wir lieber nach einem Rest historischer Geb\u00e4ude in dieser W\u00fcste. Und wahrhaftig, wir finden die Europa-Universit\u00e4t Viadrina, die Marienkirche und das Rathaus quasi als Reliquien einer vielleicht nicht gerade besseren, aber auf jeden Fall vergangenen Zeit.<\/p>\n<figure id=\"attachment_332\" aria-describedby=\"caption-attachment-332\" style=\"width: 202px\" class=\"wp-caption alignleft\"><img loading=\"lazy\" decoding=\"async\" class=\"wp-image-332 size-full\" src=\"https:\/\/bf-on-tour.de\/kurztouren\/wp-content\/uploads\/sites\/21\/2020\/10\/10-Viadrina.jpg\" alt=\"\" width=\"202\" height=\"300\" \/><figcaption id=\"caption-attachment-332\" class=\"wp-caption-text\">Portal der Viadrina<\/figcaption><\/figure>\n<p>Viadrina sieht sich in der \u00fcber 500 Jahre alten Tradition der Brandenburgischen Universit\u00e4t zu Frankfurt, an der immerhin die Br\u00fcder von Humboldt (Friedrich und Alexander) studiert haben, die allerdings 1811 geschlossen, mit der Leopoldina in Breslau zusammengelegt und erst 180 Jahre sp\u00e4ter &#8211; leider etwas schmalspurig &#8211; wiedergegr\u00fcndet wurde (soviel zu den besseren Zeiten). Sie residiert tats\u00e4chlich in einem sch\u00f6nen Geb\u00e4ude.<\/p>\n<figure id=\"attachment_333\" aria-describedby=\"caption-attachment-333\" style=\"width: 300px\" class=\"wp-caption alignright\"><img loading=\"lazy\" decoding=\"async\" class=\"wp-image-333 size-full\" src=\"https:\/\/bf-on-tour.de\/kurztouren\/wp-content\/uploads\/sites\/21\/2020\/10\/11-Marienkirche.jpg\" alt=\"\" width=\"300\" height=\"198\" \/><figcaption id=\"caption-attachment-333\" class=\"wp-caption-text\">Die leere H\u00e4lfte der Marienkirche<\/figcaption><\/figure>\n<p>Gleich daneben die alte Marienkirche, deren Gestalt und M\u00e4chtigkeit uns an die gleichnamige Kirche in Greifswald erinnert. Und, obwohl evengelisch, ist sie ge\u00f6ffnet. Heute ist n\u00e4mlich Tag des offenen Denkmals. Also gehen wir rein und finden\u2026 &#8211; irgendwie nichts. Die H\u00e4lfte des Kirchenschiffs ist leer, in der anderen stehen Stuhlreihen, wie im Konzertsaal. Einen Altar gibt es nicht, das Geb\u00e4ude dient nur noch als sozio-kulturelles Zentrum. Schade.<\/p>\n<p>Und schlie\u00dflich das alte Rathaus aus dem 13. Jahrhundert. Prinzipiell sch\u00f6n, gleicht es doch mit seinen Ziergiebeln zahlreichen Bauten der Hansest\u00e4dte an der Ostsee. Aber auch dieser Bau steht eben inzwischen an der falschen Stelle, eingezw\u00e4ngt von Plattenbauten. Sehr schade!<\/p>\n<p>Nach einem guten Essen beim Griechen zwischen Uni und Kirche, verziehen wir uns in das K\u00fcchens\u00e9par\u00e9e unseres Apartments und beschlie\u00dfen den Tag bei einem tschechischen Bier aus dem Getr\u00e4nkeautomaten des Hotels.<\/p>\n<figure id=\"attachment_334\" aria-describedby=\"caption-attachment-334\" style=\"width: 300px\" class=\"wp-caption alignleft\"><img loading=\"lazy\" decoding=\"async\" class=\"wp-image-334 size-full\" src=\"https:\/\/bf-on-tour.de\/kurztouren\/wp-content\/uploads\/sites\/21\/2020\/10\/12-Kueche.jpg\" alt=\"\" width=\"300\" height=\"202\" \/><figcaption id=\"caption-attachment-334\" class=\"wp-caption-text\">Unser 10 \u20ac-Upgrade&#8230;<\/figcaption><\/figure>\n<p>Unsere n\u00e4chste Station und gleichzeitig Wendepunkt der Kurzreise soll Neubrandenburg sein. Dieses Kleinod st\u00e4dtebaulicher Kunst wollen wir schon lange einmal besuchen. Aber es gibt keine Hotelzimmer mehr. Das einzige noch buchbare w\u00e4re ein Vierbettzimmer in einem Hostel mit Gemeinschaftsdusche und Gemeinschaftsklo &#8211; f\u00fcr 94 Euronen. Nein, da k\u00f6nnen gern andere logieren.<\/p>\n<p>Alternative? Szczecin &#8211; und etwas leichter auszusprechen: Stettin. Das Radisson Blu liegt mitten in der Stadt, ist komfortabel (wir kennen die Hotelkette bereits aus Riga und Tallinn), bezahlbar und wird damit unser morgiges Ziel.<\/p>\n<p><a href=\"https:\/\/bf-on-tour.de\/kurztouren\/2020-oderneisse\/\"><img loading=\"lazy\" decoding=\"async\" class=\"alignleft wp-image-65\" src=\"https:\/\/bf-on-tour.de\/kurztouren\/wp-content\/uploads\/sites\/21\/2019\/10\/zurueck.png\" alt=\"\" width=\"50\" height=\"37\" \/><\/a> <a href=\"https:\/\/bf-on-tour.de\/kurztouren\/2020-oderneisse\/2-3\"><img loading=\"lazy\" decoding=\"async\" class=\"alignright wp-image-64\" src=\"https:\/\/bf-on-tour.de\/kurztouren\/wp-content\/uploads\/sites\/21\/2019\/10\/weiter.png\" alt=\"\" width=\"50\" height=\"37\" \/><\/a><\/p>\n","protected":false},"excerpt":{"rendered":"<p>Am n\u00e4chsten Morgen machen wir uns bei bestem Wetter und mit schmerzenden R\u00fccken (die Matratzen des Hotels sind eher f\u00fcr Fakire geeignet, zwar ohne N\u00e4gel, daf\u00fcr hart wie Stein) auf den Weg in die Tiefen der Oberlausitz &#8211; immer nach Osten, wobei die Landschaft nicht \u00fcberm\u00e4\u00dfig abwechslungsreich ist: Weite Felder, ziemlich gerade Stra\u00dfen, weithin flaches, &hellip; <a href=\"https:\/\/bf-on-tour.de\/kurztouren\/2020-oderneisse\/2-2\/\" class=\"more-link\"><span class=\"screen-reader-text\">\u201eIn der Lausitz\u201c <\/span>weiterlesen<\/a><\/p>\n","protected":false},"author":1,"featured_media":0,"parent":180,"menu_order":1,"comment_status":"open","ping_status":"closed","template":"","meta":{"footnotes":""},"class_list":["post-185","page","type-page","status-publish","hentry"],"_links":{"self":[{"href":"https:\/\/bf-on-tour.de\/kurztouren\/wp-json\/wp\/v2\/pages\/185","targetHints":{"allow":["GET"]}}],"collection":[{"href":"https:\/\/bf-on-tour.de\/kurztouren\/wp-json\/wp\/v2\/pages"}],"about":[{"href":"https:\/\/bf-on-tour.de\/kurztouren\/wp-json\/wp\/v2\/types\/page"}],"author":[{"embeddable":true,"href":"https:\/\/bf-on-tour.de\/kurztouren\/wp-json\/wp\/v2\/users\/1"}],"replies":[{"embeddable":true,"href":"https:\/\/bf-on-tour.de\/kurztouren\/wp-json\/wp\/v2\/comments?post=185"}],"version-history":[{"count":44,"href":"https:\/\/bf-on-tour.de\/kurztouren\/wp-json\/wp\/v2\/pages\/185\/revisions"}],"predecessor-version":[{"id":393,"href":"https:\/\/bf-on-tour.de\/kurztouren\/wp-json\/wp\/v2\/pages\/185\/revisions\/393"}],"up":[{"embeddable":true,"href":"https:\/\/bf-on-tour.de\/kurztouren\/wp-json\/wp\/v2\/pages\/180"}],"wp:attachment":[{"href":"https:\/\/bf-on-tour.de\/kurztouren\/wp-json\/wp\/v2\/media?parent=185"}],"curies":[{"name":"wp","href":"https:\/\/api.w.org\/{rel}","templated":true}]}}