{"id":71,"date":"2018-09-06T19:06:29","date_gmt":"2018-09-06T17:06:29","guid":{"rendered":"http:\/\/blog.family-riders.de\/k-18\/?page_id=71"},"modified":"2020-04-03T11:14:16","modified_gmt":"2020-04-03T09:14:16","slug":"p-04","status":"publish","type":"page","link":"https:\/\/bf-on-tour.de\/k-18\/p-04\/","title":{"rendered":"Rentnerprogramm"},"content":{"rendered":"<p><img loading=\"lazy\" decoding=\"async\" class=\"alignright wp-image-76 size-medium\" src=\"https:\/\/bf-on-tour.de\/k-18\/wp-content\/uploads\/sites\/17\/2018\/09\/Schild-300x225.jpg\" alt=\"\" width=\"300\" height=\"225\" srcset=\"https:\/\/bf-on-tour.de\/k-18\/wp-content\/uploads\/sites\/17\/2018\/09\/Schild-300x225.jpg 300w, https:\/\/bf-on-tour.de\/k-18\/wp-content\/uploads\/sites\/17\/2018\/09\/Schild-768x576.jpg 768w, https:\/\/bf-on-tour.de\/k-18\/wp-content\/uploads\/sites\/17\/2018\/09\/Schild-1024x768.jpg 1024w, https:\/\/bf-on-tour.de\/k-18\/wp-content\/uploads\/sites\/17\/2018\/09\/Schild-1200x900.jpg 1200w\" sizes=\"auto, (max-width: 300px) 85vw, 300px\" \/>Nachdem wir uns gestern f\u00fcnf Stunden lang die F\u00fc\u00dfe krumm gelaufen haben, steht heute die Alternative f\u00fcr Rentner auf dem Programm: Eine Bahnfahrt durch den Nationalpark Snowdonia. Wir sind in Wales.<\/p>\n<p>Starten tun wir in Holyhead, unserem Anlaufhafen, in dem aber wieder einmal der Hund begraben ist. Die kreuzfahrertauglichen H\u00e4fen an der englischen Westk\u00fcste scheinen alle ziemlich herunter gekommen und langweilig zu sein.<\/p>\n<p>Mit dem Bus geht es \u00fcber die Halbinsel Anglesey in Richtung Bergland, Richtung Bangor. Nat\u00fcrlich erweist sich der lokale Tourif\u00fchrer als walisischer Patriot und preist die Vorz\u00fcge seines Landes &#8211; uns erinnert die Landschaft allerdings eher an D\u00e4nemark, wobei die H\u00fcgelchen hier etwas deutlicher ausgefallen sind als dort. Und bedauerlicherweise enden seine Ausf\u00fchrungen allzu h\u00e4ufig im geistigen, vermurmelten Nirwana als in einer abgeschlossenen Aussage. So dass wir rasch erm\u00fcden.<\/p>\n<figure id=\"attachment_73\" aria-describedby=\"caption-attachment-73\" style=\"width: 4591px\" class=\"wp-caption aligncenter\"><img loading=\"lazy\" decoding=\"async\" class=\"wp-image-73 size-full\" src=\"https:\/\/bf-on-tour.de\/k-18\/wp-content\/uploads\/sites\/17\/2018\/09\/Br\u00fccke-e1536221811377.jpg\" alt=\"\" width=\"4591\" height=\"2318\" srcset=\"https:\/\/bf-on-tour.de\/k-18\/wp-content\/uploads\/sites\/17\/2018\/09\/Br\u00fccke-e1536221811377.jpg 4591w, https:\/\/bf-on-tour.de\/k-18\/wp-content\/uploads\/sites\/17\/2018\/09\/Br\u00fccke-e1536221811377-300x151.jpg 300w, https:\/\/bf-on-tour.de\/k-18\/wp-content\/uploads\/sites\/17\/2018\/09\/Br\u00fccke-e1536221811377-768x388.jpg 768w, https:\/\/bf-on-tour.de\/k-18\/wp-content\/uploads\/sites\/17\/2018\/09\/Br\u00fccke-e1536221811377-1024x517.jpg 1024w, https:\/\/bf-on-tour.de\/k-18\/wp-content\/uploads\/sites\/17\/2018\/09\/Br\u00fccke-e1536221811377-1200x606.jpg 1200w\" sizes=\"auto, (max-width: 709px) 85vw, (max-width: 909px) 67vw, (max-width: 1362px) 62vw, 840px\" \/><figcaption id=\"caption-attachment-73\" class=\"wp-caption-text\">Die Britannia Bridge<\/figcaption><\/figure>\n<p>In Bangor \u00fcberqueren wir auf der Britannia Bridge die Menai Strait und erfahren, dass es die erste Hohlkastenbr\u00fccke der Welt ist &#8211; was immer uns das auch bedeuten mag. Und wie zu erwarten war, verga\u00df Konfusius zu erw\u00e4hnen, das eben diese Originalbr\u00fccke 1970 abbrannte und die heutige Konnstruktion nahezu nichts mehr mit der alten gemein hat.<\/p>\n<p>Interessanter ist dann die Fahrt durch den Nationalpark, die uns tats\u00e4chlich sehr sch\u00f6ne Aussichten beschert. Unterdessen erfahren wir ein paar seiner verhuschten Gedanken \u00fcber G\u00e4lisch als Sprache, was aber keineswegs dazu f\u00fchrt, dass wir uns die Ortsnamen merken oder sie gar aussprechen k\u00f6nnten.<\/p>\n<figure id=\"attachment_77\" aria-describedby=\"caption-attachment-77\" style=\"width: 4592px\" class=\"wp-caption aligncenter\"><img loading=\"lazy\" decoding=\"async\" class=\"size-full wp-image-77\" src=\"https:\/\/bf-on-tour.de\/k-18\/wp-content\/uploads\/sites\/17\/2018\/09\/Snowdonia.jpg\" alt=\"\" width=\"4592\" height=\"1271\" srcset=\"https:\/\/bf-on-tour.de\/k-18\/wp-content\/uploads\/sites\/17\/2018\/09\/Snowdonia.jpg 4592w, https:\/\/bf-on-tour.de\/k-18\/wp-content\/uploads\/sites\/17\/2018\/09\/Snowdonia-300x83.jpg 300w, https:\/\/bf-on-tour.de\/k-18\/wp-content\/uploads\/sites\/17\/2018\/09\/Snowdonia-768x213.jpg 768w, https:\/\/bf-on-tour.de\/k-18\/wp-content\/uploads\/sites\/17\/2018\/09\/Snowdonia-1024x283.jpg 1024w, https:\/\/bf-on-tour.de\/k-18\/wp-content\/uploads\/sites\/17\/2018\/09\/Snowdonia-1200x332.jpg 1200w\" sizes=\"auto, (max-width: 709px) 85vw, (max-width: 909px) 67vw, (max-width: 1362px) 62vw, 840px\" \/><figcaption id=\"caption-attachment-77\" class=\"wp-caption-text\">Snowdonia Nationalpark<\/figcaption><\/figure>\n<p>Schlie\u00dflich erreichen wir Blaenau Ffestiniog, ein ehemaliges Zentrum f\u00fcr Schieferabbau in dieser Gegend und Startpunkt unserer Bahnfahrt. An vielen Orten gab und gibt es hier Bahnstrecken, denn der Schiefer wurde auf ihnen aus den Bergen ans Meer transportiert, von wo aus er verschifft wurde. So auch diese, die nach Porthmadog f\u00fchrt.<\/p>\n<p><img loading=\"lazy\" decoding=\"async\" class=\"wp-image-78 size-medium alignright\" src=\"https:\/\/bf-on-tour.de\/k-18\/wp-content\/uploads\/sites\/17\/2018\/09\/Snowdonia1-Komposition-300x300.jpg\" alt=\"\" width=\"300\" height=\"300\" srcset=\"https:\/\/bf-on-tour.de\/k-18\/wp-content\/uploads\/sites\/17\/2018\/09\/Snowdonia1-Komposition-300x300.jpg 300w, https:\/\/bf-on-tour.de\/k-18\/wp-content\/uploads\/sites\/17\/2018\/09\/Snowdonia1-Komposition-150x150.jpg 150w, https:\/\/bf-on-tour.de\/k-18\/wp-content\/uploads\/sites\/17\/2018\/09\/Snowdonia1-Komposition.jpg 640w\" sizes=\"auto, (max-width: 300px) 85vw, 300px\" \/><\/p>\n<p>Urspr\u00fcnglich gab es daf\u00fcr keine Lokomotiven, denn die Strecke war absch\u00fcssig und der Lasttransport somit durch die Schwerkraft garantiert. Die leeren Wagen wurden dann von Pferden wieder hinauf gezogen. Eine teure Angelegenheit. Deshalb kaufte man sehr fr\u00fch schon Lokomotiven &#8211; u.a. eine Doppelkessel-Lok, eine sog. Double Fairlie.<\/p>\n<p><img loading=\"lazy\" decoding=\"async\" class=\"alignleft wp-image-79 size-medium\" src=\"https:\/\/bf-on-tour.de\/k-18\/wp-content\/uploads\/sites\/17\/2018\/09\/Snowdonia2-Komposition-300x300.jpg\" alt=\"\" width=\"300\" height=\"300\" srcset=\"https:\/\/bf-on-tour.de\/k-18\/wp-content\/uploads\/sites\/17\/2018\/09\/Snowdonia2-Komposition-300x300.jpg 300w, https:\/\/bf-on-tour.de\/k-18\/wp-content\/uploads\/sites\/17\/2018\/09\/Snowdonia2-Komposition-150x150.jpg 150w, https:\/\/bf-on-tour.de\/k-18\/wp-content\/uploads\/sites\/17\/2018\/09\/Snowdonia2-Komposition.jpg 640w\" sizes=\"auto, (max-width: 300px) 85vw, 300px\" \/><\/p>\n<p>Und genau mit so einer Lok voraus geht unsere Fahrt jetzt los nach Porthmadog. Die Wagen sind im viktorianischen Stil gehalten und zusammen mit der unebenen Strecke sowie der doch recht ansehnlichen Geschwindigkeit des Zuges, werden wir kr\u00e4ftig durch gesch\u00fcttelt. Abenteuerlich enge Tunnel, weite Schleifen, um gro\u00dfe Steigungen bzw. Gef\u00e4lle meistern zu k\u00f6nnen, gro\u00dfartige Aussichten und kleine vertr\u00e4umte Bahnh\u00f6fe liegen auf dem Weg. Eine sch\u00f6ne Fahrt von etwa einer Stunde.<\/p>\n<figure id=\"attachment_75\" aria-describedby=\"caption-attachment-75\" style=\"width: 3072px\" class=\"wp-caption aligncenter\"><img loading=\"lazy\" decoding=\"async\" class=\"size-full wp-image-75\" src=\"https:\/\/bf-on-tour.de\/k-18\/wp-content\/uploads\/sites\/17\/2018\/09\/Minford.jpg\" alt=\"\" width=\"3072\" height=\"3071\" srcset=\"https:\/\/bf-on-tour.de\/k-18\/wp-content\/uploads\/sites\/17\/2018\/09\/Minford.jpg 3072w, https:\/\/bf-on-tour.de\/k-18\/wp-content\/uploads\/sites\/17\/2018\/09\/Minford-150x150.jpg 150w, https:\/\/bf-on-tour.de\/k-18\/wp-content\/uploads\/sites\/17\/2018\/09\/Minford-300x300.jpg 300w, https:\/\/bf-on-tour.de\/k-18\/wp-content\/uploads\/sites\/17\/2018\/09\/Minford-768x768.jpg 768w, https:\/\/bf-on-tour.de\/k-18\/wp-content\/uploads\/sites\/17\/2018\/09\/Minford-1024x1024.jpg 1024w, https:\/\/bf-on-tour.de\/k-18\/wp-content\/uploads\/sites\/17\/2018\/09\/Minford-1200x1200.jpg 1200w\" sizes=\"auto, (max-width: 709px) 85vw, (max-width: 909px) 67vw, (max-width: 1362px) 62vw, 840px\" \/><figcaption id=\"caption-attachment-75\" class=\"wp-caption-text\">Minford Station<\/figcaption><\/figure>\n<p>Anschlie\u00dfend geht es mit dem Bus wieder zur\u00fcck &#8211; nat\u00fcrlich nicht, ohne den Ort mit dem l\u00e4ngsten Namen Europas, <b>Llanfairpwll\u00adgwyngyllgogery\u00adchwyrndrobwll\u00adllantysilio\u00adgogogoc,<\/b>\u00a0wenigstens kurz besucht zu haben. Denn etwas anderes h\u00e4tte der Nationalstolz unseres Reisef\u00fchrers, der dieses Wortunget\u00fcm selbstverst\u00e4ndlich flie\u00dfend und wirklich bis zum Ende Aussprechen kann, wohl kaum zugelassen.<\/p>\n<figure id=\"attachment_74\" aria-describedby=\"caption-attachment-74\" style=\"width: 1197px\" class=\"wp-caption aligncenter\"><img loading=\"lazy\" decoding=\"async\" class=\"wp-image-74 size-full\" src=\"https:\/\/bf-on-tour.de\/k-18\/wp-content\/uploads\/sites\/17\/2018\/09\/GoGoGock-e1536221983805.jpg\" alt=\"\" width=\"1197\" height=\"621\" srcset=\"https:\/\/bf-on-tour.de\/k-18\/wp-content\/uploads\/sites\/17\/2018\/09\/GoGoGock-e1536221983805.jpg 1197w, https:\/\/bf-on-tour.de\/k-18\/wp-content\/uploads\/sites\/17\/2018\/09\/GoGoGock-e1536221983805-300x156.jpg 300w, https:\/\/bf-on-tour.de\/k-18\/wp-content\/uploads\/sites\/17\/2018\/09\/GoGoGock-e1536221983805-768x398.jpg 768w, https:\/\/bf-on-tour.de\/k-18\/wp-content\/uploads\/sites\/17\/2018\/09\/GoGoGock-e1536221983805-1024x531.jpg 1024w\" sizes=\"auto, (max-width: 709px) 85vw, (max-width: 909px) 67vw, (max-width: 1362px) 62vw, 840px\" \/><figcaption id=\"caption-attachment-74\" class=\"wp-caption-text\">Der l\u00e4ngste Ortsname Europas<\/figcaption><\/figure>\n<p><a href=\"https:\/\/bf-on-tour.de\/k-18\/p-03\"><img loading=\"lazy\" decoding=\"async\" class=\"alignleft wp-image-21\" src=\"https:\/\/bf-on-tour.de\/k-18\/wp-content\/uploads\/sites\/17\/2018\/09\/zurueck.png\" alt=\"\" width=\"50\" height=\"37\" \/><\/a> <a href=\"https:\/\/bf-on-tour.de\/k-18\/p-05\"><img loading=\"lazy\" decoding=\"async\" class=\"alignright wp-image-20\" src=\"https:\/\/bf-on-tour.de\/k-18\/wp-content\/uploads\/sites\/17\/2018\/09\/weiter.png\" alt=\"\" width=\"50\" height=\"37\" \/><\/a><\/p>\n","protected":false},"excerpt":{"rendered":"<p>Nachdem wir uns gestern f\u00fcnf Stunden lang die F\u00fc\u00dfe krumm gelaufen haben, steht heute die Alternative f\u00fcr Rentner auf dem Programm: Eine Bahnfahrt durch den Nationalpark Snowdonia. Wir sind in Wales. Starten tun wir in Holyhead, unserem Anlaufhafen, in dem aber wieder einmal der Hund begraben ist. Die kreuzfahrertauglichen H\u00e4fen an der englischen Westk\u00fcste scheinen &hellip; <a href=\"https:\/\/bf-on-tour.de\/k-18\/p-04\/\" class=\"more-link\"><span class=\"screen-reader-text\">\u201eRentnerprogramm\u201c <\/span>weiterlesen<\/a><\/p>\n","protected":false},"author":1,"featured_media":0,"parent":0,"menu_order":4,"comment_status":"open","ping_status":"closed","template":"","meta":{"footnotes":""},"class_list":["post-71","page","type-page","status-publish","hentry"],"_links":{"self":[{"href":"https:\/\/bf-on-tour.de\/k-18\/wp-json\/wp\/v2\/pages\/71","targetHints":{"allow":["GET"]}}],"collection":[{"href":"https:\/\/bf-on-tour.de\/k-18\/wp-json\/wp\/v2\/pages"}],"about":[{"href":"https:\/\/bf-on-tour.de\/k-18\/wp-json\/wp\/v2\/types\/page"}],"author":[{"embeddable":true,"href":"https:\/\/bf-on-tour.de\/k-18\/wp-json\/wp\/v2\/users\/1"}],"replies":[{"embeddable":true,"href":"https:\/\/bf-on-tour.de\/k-18\/wp-json\/wp\/v2\/comments?post=71"}],"version-history":[{"count":8,"href":"https:\/\/bf-on-tour.de\/k-18\/wp-json\/wp\/v2\/pages\/71\/revisions"}],"predecessor-version":[{"id":175,"href":"https:\/\/bf-on-tour.de\/k-18\/wp-json\/wp\/v2\/pages\/71\/revisions\/175"}],"wp:attachment":[{"href":"https:\/\/bf-on-tour.de\/k-18\/wp-json\/wp\/v2\/media?parent=71"}],"curies":[{"name":"wp","href":"https:\/\/api.w.org\/{rel}","templated":true}]}}