{"id":54,"date":"2018-09-06T19:06:29","date_gmt":"2018-09-06T17:06:29","guid":{"rendered":"http:\/\/blog.family-riders.de\/k-18\/?page_id=54"},"modified":"2020-04-03T11:13:56","modified_gmt":"2020-04-03T09:13:56","slug":"p-03","status":"publish","type":"page","link":"https:\/\/bf-on-tour.de\/k-18\/p-03\/","title":{"rendered":"Scotland the Brave"},"content":{"rendered":"<p>Der Kapit\u00e4n flieht aus Belfast &#8211; nein, nicht weil es ihm dort ebenso wenig gefallen hat, wie uns (zumindest wissen wir es nicht). Es ist das Wetter, das ihm zu denken gibt. F\u00fcr die Nacht sind 9, f\u00fcr den Morgen sogar bis zu 10 Windst\u00e4rken angesagt und da m\u00f6chte er so rasch, wie m\u00f6glich \u00fcber die Irische See zum n\u00e4chsten Hafen fahren.<\/p>\n<p>Der hei\u00dft Greenock, liegt wieder in Schottland und bietet an Sehenswertem: Nichts. Aber er ist ein relativ guter Ausgangspunkt, um nach Glasgow, Schottlands gr\u00f6\u00dfter Stadt, oder nach Edinburgh, Schottlands Hauptstadt, zu fahren.<\/p>\n<p>Wir haben uns f\u00fcr letzteres entschieden, auch wenn es eine Busfahrt von vier Stunden beinhaltet, zwei hin und zwei retour. In Edinburgh selbst wollen wir dann auf eigene Faust losziehen, und mit guten Tipps eines Freundes ausgestattet, Sehenswertes erkunden.<\/p>\n<p>Um 7:30 Uhr geht es los. Es regnet und st\u00fcrmt wie bl\u00f6de. Der Bus sch\u00fcttelt sich w\u00e4hrend der Autobahnfahrt und wird immer mal wieder von harten B\u00f6en erfasst. Toll! Echt tolles Ausflugswetter!<\/p>\n<p>Edinburgh. Der Regen hat aufgeh\u00f6rt, aber der Sturm ist heftig. Unsere Basecaps sind rasch im Rucksack verstaut, sonst w\u00e4ren sie weg geflogen. Wir dr\u00e4ngeln uns mit tausenden anderer Touristen \u00fcber die North Bridge, biegen in die High Street, die Royal Mile ein, qu\u00e4len uns bis zum Castle hinauf &#8211; und stehen vor rot-wei\u00dfem Flatterband. \u201eNo entry because of the wind.\u201c, werde ich von der Wache beschieden, \u201eCome back at 1 o\u2019clock. Then we will see.\u201c Na, das f\u00e4ngt ja gut an.<\/p>\n<figure id=\"attachment_57\" aria-describedby=\"caption-attachment-57\" style=\"width: 640px\" class=\"wp-caption aligncenter\"><img loading=\"lazy\" decoding=\"async\" class=\"size-full wp-image-57\" src=\"https:\/\/bf-on-tour.de\/k-18\/wp-content\/uploads\/sites\/17\/2018\/09\/Schottland1-Komposition.jpg\" alt=\"\" width=\"640\" height=\"640\" srcset=\"https:\/\/bf-on-tour.de\/k-18\/wp-content\/uploads\/sites\/17\/2018\/09\/Schottland1-Komposition.jpg 640w, https:\/\/bf-on-tour.de\/k-18\/wp-content\/uploads\/sites\/17\/2018\/09\/Schottland1-Komposition-150x150.jpg 150w, https:\/\/bf-on-tour.de\/k-18\/wp-content\/uploads\/sites\/17\/2018\/09\/Schottland1-Komposition-300x300.jpg 300w\" sizes=\"auto, (max-width: 640px) 85vw, 640px\" \/><figcaption id=\"caption-attachment-57\" class=\"wp-caption-text\">The Royal Mile<\/figcaption><\/figure>\n<p>Also wieder zur\u00fcck. Dann wollen wir wenigstens zum Palace of Holyroodhouse, dem Palast am anderen Ende der Royal Mile, in dem die Queen zu n\u00e4chtigen pflegt, wenn sie mal hier ist. Genau das wollen die frustrierten anderen nat\u00fcrlich auch und so schieben wir uns jetzt bergab in \u00e4hnlichem Schleichtempo, wie zuvor bergauf.<\/p>\n<figure id=\"attachment_56\" aria-describedby=\"caption-attachment-56\" style=\"width: 169px\" class=\"wp-caption alignleft\"><img loading=\"lazy\" decoding=\"async\" class=\"wp-image-56 size-medium\" src=\"https:\/\/bf-on-tour.de\/k-18\/wp-content\/uploads\/sites\/17\/2018\/09\/Bierdose-169x300.jpg\" alt=\"\" width=\"169\" height=\"300\" srcset=\"https:\/\/bf-on-tour.de\/k-18\/wp-content\/uploads\/sites\/17\/2018\/09\/Bierdose-169x300.jpg 169w, https:\/\/bf-on-tour.de\/k-18\/wp-content\/uploads\/sites\/17\/2018\/09\/Bierdose-768x1365.jpg 768w, https:\/\/bf-on-tour.de\/k-18\/wp-content\/uploads\/sites\/17\/2018\/09\/Bierdose-576x1024.jpg 576w, https:\/\/bf-on-tour.de\/k-18\/wp-content\/uploads\/sites\/17\/2018\/09\/Bierdose-1200x2132.jpg 1200w\" sizes=\"auto, (max-width: 169px) 85vw, 169px\" \/><figcaption id=\"caption-attachment-56\" class=\"wp-caption-text\">Scottish Beer<\/figcaption><\/figure>\n<p>Ziemlich in der Mitte der Strecke treffen wir den kleinen Hunger und finden tats\u00e4chlich einen Pub mit moderaten Preisen und einem sehr regionalen Publikum &#8211; einer sogar im Kilt, wahrscheinlich ein Tourianimateur in der Mittagspause. Da fast alle Tische voll besetzt sind, kann das Essen so schlecht nicht sein. Wir bleiben, bestellen Fish&amp;Chips mit einem ordentlichen schottischen Bier und f\u00fchlen uns pl\u00f6tzlich richtig wohl in dieser Stadt.<\/p>\n<p>Danach streben wir zum Palast, der \u00fcbrigens genau gegen\u00fcber vom Landesparlament liegt. Oder besser gesagt, es ist wieder eine der schottischen Schrulligkeiten, dass man das relativ neue Parlamentsgeb\u00e4ude genau gegen\u00fcber vom k\u00f6niglichen Palast gebaut hat und es damit zwangsweise im Blickfeld Queen liegt, wenn sie hier aus dem Fenster schauen sollte. Nun, heute wird hier lautstark demonstriert und es wimmelt nur so von schottischen Fahnen.<\/p>\n<figure id=\"attachment_67\" aria-describedby=\"caption-attachment-67\" style=\"width: 420px\" class=\"wp-caption alignright\"><img loading=\"lazy\" decoding=\"async\" class=\"wp-image-67\" src=\"https:\/\/bf-on-tour.de\/k-18\/wp-content\/uploads\/sites\/17\/2018\/09\/Parliament-1024x951.jpg\" alt=\"\" width=\"420\" height=\"390\" srcset=\"https:\/\/bf-on-tour.de\/k-18\/wp-content\/uploads\/sites\/17\/2018\/09\/Parliament-1024x951.jpg 1024w, https:\/\/bf-on-tour.de\/k-18\/wp-content\/uploads\/sites\/17\/2018\/09\/Parliament-300x279.jpg 300w, https:\/\/bf-on-tour.de\/k-18\/wp-content\/uploads\/sites\/17\/2018\/09\/Parliament-768x713.jpg 768w, https:\/\/bf-on-tour.de\/k-18\/wp-content\/uploads\/sites\/17\/2018\/09\/Parliament-1200x1115.jpg 1200w\" sizes=\"auto, (max-width: 420px) 85vw, 420px\" \/><figcaption id=\"caption-attachment-67\" class=\"wp-caption-text\">At the Parliament<\/figcaption><\/figure>\n<p>Ich frage einen der Demonstranten, worum es geht. Er erkl\u00e4rt mir, dass die Konservativen im Unterhaus einen Antrag eingebracht h\u00e4tten, wonach das schottische Landesparlament aufgel\u00f6st werden soll und das ginge ja nun gar nicht! Die Logik ist klar: England will den Brexit, Schottland nicht. Geht England aus der EU, ist ein neues Unabh\u00e4ngigkeitsreferendum in Schottland absehbar. Und wo kein Parlament, da auch kein Referendum. So einfach kann die Welt sein, wenn man in England Konservativer ist.<\/p>\n<p>Wir sparen uns den Besuch des Holyroodhauses, denn in der Schlange vor dem Schalter f\u00fcr die Eintrittskarten treffen wir all diejenigen, die uns w\u00e4hrend des Mittagessens quasi \u00fcberholt hatten. Dann lieber in die Calton Road und rechts hinauf \u00fcber den alten, offenbar aufgelassenen Friedhof zur Regent Road. Es ist ein wunderbar morbides Gel\u00e4nde mit einem kleinen Turm von dem herab fr\u00fcher beobachtet wurde, ob sich<span class=\"Apple-converted-space\">\u00a0 <\/span>Grabsch\u00e4nder ans Werk machten. Und es ist ein Ort ungewohnter Stille. Hierher verirren sich nur ganz ganz wenige. Wir!<\/p>\n<figure id=\"attachment_66\" aria-describedby=\"caption-attachment-66\" style=\"width: 5184px\" class=\"wp-caption aligncenter\"><img loading=\"lazy\" decoding=\"async\" class=\"size-full wp-image-66\" src=\"https:\/\/bf-on-tour.de\/k-18\/wp-content\/uploads\/sites\/17\/2018\/09\/Friedhof.jpg\" alt=\"\" width=\"5184\" height=\"3888\" srcset=\"https:\/\/bf-on-tour.de\/k-18\/wp-content\/uploads\/sites\/17\/2018\/09\/Friedhof.jpg 5184w, https:\/\/bf-on-tour.de\/k-18\/wp-content\/uploads\/sites\/17\/2018\/09\/Friedhof-300x225.jpg 300w, https:\/\/bf-on-tour.de\/k-18\/wp-content\/uploads\/sites\/17\/2018\/09\/Friedhof-768x576.jpg 768w, https:\/\/bf-on-tour.de\/k-18\/wp-content\/uploads\/sites\/17\/2018\/09\/Friedhof-1024x768.jpg 1024w, https:\/\/bf-on-tour.de\/k-18\/wp-content\/uploads\/sites\/17\/2018\/09\/Friedhof-1200x900.jpg 1200w\" sizes=\"auto, (max-width: 709px) 85vw, (max-width: 909px) 67vw, (max-width: 1362px) 62vw, 840px\" \/><figcaption id=\"caption-attachment-66\" class=\"wp-caption-text\">Auf dem Friedhof<\/figcaption><\/figure>\n<p>Oben angekommen, schlendern wir in Richtung Princess Street, der hiesigen Einkaufsmeile und stellen wieder einmal fest, dass auch in dieser Stadt der Gesch\u00e4ftemix weitgehend dem inzwischen europaweiten Einheitsbrei aus gro\u00dfen Handels- und Fast-Food-Ketten entspricht. Mit zumindest aber einer Ausnahme: Jenners. Klar, es ist nur ein Kaufhaus, wenn auch aus der Klasse des KaDeWe in Berlin, des Alsterhauses in Hamburg oder des Oberpollinger in M\u00fcnchen, aber der gro\u00dfe Freiraum in der Mitte mit seinen, die Stockwerke st\u00fctzenden Karyatiden und der sch\u00f6nen Glaskuppel erinnern uns an das Lafayette in Paris. Nicht so gro\u00df, nicht so gewaltig, aber sch\u00f6n. Ein wenig sparsamer halt. Wir sind ja auch in Schottland.<\/p>\n<figure id=\"attachment_59\" aria-describedby=\"caption-attachment-59\" style=\"width: 640px\" class=\"wp-caption aligncenter\"><img loading=\"lazy\" decoding=\"async\" class=\"size-full wp-image-59\" src=\"https:\/\/bf-on-tour.de\/k-18\/wp-content\/uploads\/sites\/17\/2018\/09\/Schottland3-Komposition.jpg\" alt=\"\" width=\"640\" height=\"640\" srcset=\"https:\/\/bf-on-tour.de\/k-18\/wp-content\/uploads\/sites\/17\/2018\/09\/Schottland3-Komposition.jpg 640w, https:\/\/bf-on-tour.de\/k-18\/wp-content\/uploads\/sites\/17\/2018\/09\/Schottland3-Komposition-150x150.jpg 150w, https:\/\/bf-on-tour.de\/k-18\/wp-content\/uploads\/sites\/17\/2018\/09\/Schottland3-Komposition-300x300.jpg 300w\" sizes=\"auto, (max-width: 640px) 85vw, 640px\" \/><figcaption id=\"caption-attachment-59\" class=\"wp-caption-text\">Princess Road<\/figcaption><\/figure>\n<p>Zum Castle hinauf gehen wir nicht noch einmal, denn inzwischen sind auch unten in der Stadt zahlreiche Sehensw\u00fcrdigkeiten wegen des immer noch tobenden Sturmes mit Schl\u00f6ssern verh\u00e4ngt. Also zu Starbucks, schnell noch einen Espresso und einen Cappuccino trinken, bevor es mit dem Bus die zwei Stunden wieder zur\u00fcck gehen soll &#8211; und noch einen Abstecher zum WC machen.<\/p>\n<p>Das Einlass-System gleicht dem bei uns von SaniFair bekannten &#8211; nur, dass es ausschlie\u00dflich mit Penny-M\u00fcnzen funktioniert. Jetzt ist die Not gro\u00df, denn bislang konnten wir \u00fcberall und alles mit Plastikgeld bezahlen. Hier nicht! Einer der Wartenden empfiehlt uns die Wechselstube gleich um die Ecke, aber will ich wirklich 10 oder 20 Euro tauschen, nur um sicherheitshalber noch einmal&#8230;?<\/p>\n<p>Nun, es kommt <i>very British<\/i>: Ich habe mein Spr\u00fcchlein von dem Automaten, der nur Penny-St\u00fccke nimmt noch gar nicht zu Ende aufgesagt, da fordert mich die Mitarbeiterin der Wechselstube sehr h\u00f6flich auf, ihr bitte einen (!) Euro zu geben. Anschlie\u00dfend bekomme ich wie selbstverst\u00e4ndlich 85 Pence in automatengerechter St\u00fcckelung. Ob das in Deutschland auch so freundlich und so einfach gewesen w\u00e4re&#8230;?<\/p>\n<p><a href=\"https:\/\/bf-on-tour.de\/k-18\/p-02\"><img loading=\"lazy\" decoding=\"async\" class=\"alignleft wp-image-21\" src=\"https:\/\/bf-on-tour.de\/k-18\/wp-content\/uploads\/sites\/17\/2018\/09\/zurueck.png\" alt=\"\" width=\"50\" height=\"37\" \/><\/a> <a href=\"https:\/\/bf-on-tour.de\/k-18\/p-04\"><img loading=\"lazy\" decoding=\"async\" class=\"alignright wp-image-20\" src=\"https:\/\/bf-on-tour.de\/k-18\/wp-content\/uploads\/sites\/17\/2018\/09\/weiter.png\" alt=\"\" width=\"50\" height=\"37\" \/><\/a><\/p>\n","protected":false},"excerpt":{"rendered":"<p>Der Kapit\u00e4n flieht aus Belfast &#8211; nein, nicht weil es ihm dort ebenso wenig gefallen hat, wie uns (zumindest wissen wir es nicht). Es ist das Wetter, das ihm zu denken gibt. F\u00fcr die Nacht sind 9, f\u00fcr den Morgen sogar bis zu 10 Windst\u00e4rken angesagt und da m\u00f6chte er so rasch, wie m\u00f6glich \u00fcber &hellip; <a href=\"https:\/\/bf-on-tour.de\/k-18\/p-03\/\" class=\"more-link\"><span class=\"screen-reader-text\">\u201eScotland the Brave\u201c <\/span>weiterlesen<\/a><\/p>\n","protected":false},"author":1,"featured_media":0,"parent":0,"menu_order":3,"comment_status":"open","ping_status":"closed","template":"","meta":{"footnotes":""},"class_list":["post-54","page","type-page","status-publish","hentry"],"_links":{"self":[{"href":"https:\/\/bf-on-tour.de\/k-18\/wp-json\/wp\/v2\/pages\/54","targetHints":{"allow":["GET"]}}],"collection":[{"href":"https:\/\/bf-on-tour.de\/k-18\/wp-json\/wp\/v2\/pages"}],"about":[{"href":"https:\/\/bf-on-tour.de\/k-18\/wp-json\/wp\/v2\/types\/page"}],"author":[{"embeddable":true,"href":"https:\/\/bf-on-tour.de\/k-18\/wp-json\/wp\/v2\/users\/1"}],"replies":[{"embeddable":true,"href":"https:\/\/bf-on-tour.de\/k-18\/wp-json\/wp\/v2\/comments?post=54"}],"version-history":[{"count":12,"href":"https:\/\/bf-on-tour.de\/k-18\/wp-json\/wp\/v2\/pages\/54\/revisions"}],"predecessor-version":[{"id":174,"href":"https:\/\/bf-on-tour.de\/k-18\/wp-json\/wp\/v2\/pages\/54\/revisions\/174"}],"wp:attachment":[{"href":"https:\/\/bf-on-tour.de\/k-18\/wp-json\/wp\/v2\/media?parent=54"}],"curies":[{"name":"wp","href":"https:\/\/api.w.org\/{rel}","templated":true}]}}