{"id":4,"date":"2018-09-06T19:06:29","date_gmt":"2018-09-06T17:06:29","guid":{"rendered":"http:\/\/blog.family-riders.de\/k-18\/?page_id=4"},"modified":"2020-04-03T11:13:03","modified_gmt":"2020-04-03T09:13:03","slug":"p-00","status":"publish","type":"page","link":"https:\/\/bf-on-tour.de\/k-18\/","title":{"rendered":"In ein Land vor unserer Zeit"},"content":{"rendered":"<p>Freitag, die Dekadenz ist nicht aufzuhalten: Gestern haben wir unsere Kabine auf der <em>Mein Schiff 3<\/em> bezogen. Jetzt schauen wir dabei zu, wie der Kapit\u00e4n und seine Crew f\u00fcr uns und 2.504 Mitreisende auf der Nordsee Schwer\u00f6l verbrennen. <em>Heute wollen wir ein Liedlein singen &#8230; denn wir fahren, denn wir fahren gegen Engeland<\/em>. Stimmt allerdings nicht ganz, denn unsere Reise geht nach Schottland und jeder Schotte n\u00e4hme es uns zu recht \u00fcbel, bezeichneten wir ihn als Engl\u00e4nder. Andererseits geht es nach Invergordon, einem der bedeutendsten H\u00e4fen der K\u00f6niglichen Marine im WW1&#8230; <em>Bitte stellen Sie heute Nacht Ihre Uhren eine Stunde zur\u00fcck<\/em>. Also los! Good bye Germany. Good bye Political Correctness!<\/p>\n<figure id=\"attachment_12\" aria-describedby=\"caption-attachment-12\" style=\"width: 7504px\" class=\"wp-caption aligncenter\"><img loading=\"lazy\" decoding=\"async\" class=\"size-full wp-image-12\" src=\"https:\/\/bf-on-tour.de\/k-18\/wp-content\/uploads\/sites\/17\/2018\/09\/Kabinenpano.jpg\" alt=\"\" width=\"7504\" height=\"2560\" srcset=\"https:\/\/bf-on-tour.de\/k-18\/wp-content\/uploads\/sites\/17\/2018\/09\/Kabinenpano.jpg 7504w, https:\/\/bf-on-tour.de\/k-18\/wp-content\/uploads\/sites\/17\/2018\/09\/Kabinenpano-300x102.jpg 300w, https:\/\/bf-on-tour.de\/k-18\/wp-content\/uploads\/sites\/17\/2018\/09\/Kabinenpano-768x262.jpg 768w, https:\/\/bf-on-tour.de\/k-18\/wp-content\/uploads\/sites\/17\/2018\/09\/Kabinenpano-1024x349.jpg 1024w, https:\/\/bf-on-tour.de\/k-18\/wp-content\/uploads\/sites\/17\/2018\/09\/Kabinenpano-1200x409.jpg 1200w\" sizes=\"auto, (max-width: 709px) 85vw, (max-width: 909px) 67vw, (max-width: 1362px) 62vw, 840px\" \/><figcaption id=\"caption-attachment-12\" class=\"wp-caption-text\">Unsere Kabine<\/figcaption><\/figure>\n<p>Invergordon. Wir kommen in friedlicher Absicht, bringen frisch gepresste Euronen ins Reich Ihrer Majest\u00e4t &#8211; und in dieses 800 Seelen-Nest, das von \u00d6ltanks aus eben jener Zeit optisch dominiert wird und heute vom Abwracken alter Bohrinseln lebt. Wie rostige Perlen auf einer unsichtbaren Kette reihen sie sich im Cromarty Firth aneinander. Hier ganz in der N\u00e4he lebt Nessie, Schottlands ber\u00fchmtester Einwohner.<\/p>\n<figure id=\"attachment_10\" aria-describedby=\"caption-attachment-10\" style=\"width: 179px\" class=\"wp-caption alignleft\"><img loading=\"lazy\" decoding=\"async\" class=\"wp-image-10\" src=\"https:\/\/bf-on-tour.de\/k-18\/wp-content\/uploads\/sites\/17\/2018\/09\/Dudelsackpfeiffer-478x1024.jpg\" alt=\"\" width=\"179\" height=\"384\" srcset=\"https:\/\/bf-on-tour.de\/k-18\/wp-content\/uploads\/sites\/17\/2018\/09\/Dudelsackpfeiffer-478x1024.jpg 478w, https:\/\/bf-on-tour.de\/k-18\/wp-content\/uploads\/sites\/17\/2018\/09\/Dudelsackpfeiffer-140x300.jpg 140w, https:\/\/bf-on-tour.de\/k-18\/wp-content\/uploads\/sites\/17\/2018\/09\/Dudelsackpfeiffer-768x1646.jpg 768w, https:\/\/bf-on-tour.de\/k-18\/wp-content\/uploads\/sites\/17\/2018\/09\/Dudelsackpfeiffer-1200x2572.jpg 1200w\" sizes=\"auto, (max-width: 179px) 85vw, 179px\" \/><figcaption id=\"caption-attachment-10\" class=\"wp-caption-text\">Zur Begr\u00fc\u00dfung der G\u00e4ste: Dudelsackpfeifen<\/figcaption><\/figure>\n<p>Hier wickelten sich die \u00fcbrigen Bewohner in bunt karierte Wolldecken, deren Farben die Familienzugeh\u00f6rigkeit anzeigte, die Zugeh\u00f6rigkeit zu einem Clan. Und es soll (ausgerechnet) ein Engl\u00e4nder gewesen sein, der ihnen den Rat gab, die Decke kurz \u00fcber dem Knie abzuschneiden, um schneller laufen zu k\u00f6nnen und seltener zu stolpern.<\/p>\n<p>Hier verkaufte der K\u00f6nig einem Clanoberhaupt eine komplette Landschaft f\u00fcr ein Pfund unter der Bedingung, dass er zu jeder Tages- und Jahreszeit kommen und sich einen Schneeball holen k\u00f6nne &#8211; nicht ahnend, dass zu eben dieser Landschaft ein Berg geh\u00f6rt, dessen Nordflanke nie Sonne abbekommt.<\/p>\n<figure id=\"attachment_13\" aria-describedby=\"caption-attachment-13\" style=\"width: 300px\" class=\"wp-caption alignright\"><img loading=\"lazy\" decoding=\"async\" class=\"wp-image-13 size-medium\" src=\"https:\/\/bf-on-tour.de\/k-18\/wp-content\/uploads\/sites\/17\/2018\/09\/Schottland1-Kompsition-300x300.jpg\" alt=\"\" width=\"300\" height=\"300\" srcset=\"https:\/\/bf-on-tour.de\/k-18\/wp-content\/uploads\/sites\/17\/2018\/09\/Schottland1-Kompsition-300x300.jpg 300w, https:\/\/bf-on-tour.de\/k-18\/wp-content\/uploads\/sites\/17\/2018\/09\/Schottland1-Kompsition-150x150.jpg 150w, https:\/\/bf-on-tour.de\/k-18\/wp-content\/uploads\/sites\/17\/2018\/09\/Schottland1-Kompsition-768x768.jpg 768w, https:\/\/bf-on-tour.de\/k-18\/wp-content\/uploads\/sites\/17\/2018\/09\/Schottland1-Kompsition.jpg 1024w\" sizes=\"auto, (max-width: 300px) 85vw, 300px\" \/><figcaption id=\"caption-attachment-13\" class=\"wp-caption-text\">In der Damlore-Destillerie<\/figcaption><\/figure>\n<p>Hier kreiert der Chef einer Destillerie anl\u00e4sslich seiner Pensionierung eine Komposition aus 12 Flaschen Whisky, die bei Harrod\u2018s f\u00fcr fast 1 Mio. Pfund angeboten wird &#8211; Versand nat\u00fcrlich nicht inbegriffen.<\/p>\n<p>Nein, geizig sind die Menschen hier nicht, sie geben nur kein Geld aus. Funktioniert die T\u00fcrklingel nicht, weist ein in edlem Holz gerahmtes Schild darauf hin, dass man deswegen laut und mehrfach an der Nachbart\u00fcr klopfen m\u00f6ge &#8211; reparieren&#8230;?<\/p>\n<p>Das Angebot in den Shops legt den Schluss nahe, die Einwohner k\u00f6nnten Selbstversorger sein. In der Kirche gibt es freies Internet &#8211; aber nur f\u00fcr Besatzungsmitglieder der Kreuzfahrtschiffe. Und nicht zuletzt leistet man sich ein geschlossenes Museum im Andenken an die gro\u00dfe Zeit des WW1.<\/p>\n<figure id=\"attachment_11\" aria-describedby=\"caption-attachment-11\" style=\"width: 4592px\" class=\"wp-caption aligncenter\"><img loading=\"lazy\" decoding=\"async\" class=\"wp-image-11 size-full\" src=\"https:\/\/bf-on-tour.de\/k-18\/wp-content\/uploads\/sites\/17\/2018\/09\/Invergordon1.jpg\" alt=\"\" width=\"4592\" height=\"3448\" srcset=\"https:\/\/bf-on-tour.de\/k-18\/wp-content\/uploads\/sites\/17\/2018\/09\/Invergordon1.jpg 4592w, https:\/\/bf-on-tour.de\/k-18\/wp-content\/uploads\/sites\/17\/2018\/09\/Invergordon1-300x225.jpg 300w, https:\/\/bf-on-tour.de\/k-18\/wp-content\/uploads\/sites\/17\/2018\/09\/Invergordon1-768x577.jpg 768w, https:\/\/bf-on-tour.de\/k-18\/wp-content\/uploads\/sites\/17\/2018\/09\/Invergordon1-1024x769.jpg 1024w, https:\/\/bf-on-tour.de\/k-18\/wp-content\/uploads\/sites\/17\/2018\/09\/Invergordon1-1200x901.jpg 1200w\" sizes=\"auto, (max-width: 709px) 85vw, (max-width: 909px) 67vw, (max-width: 1362px) 62vw, 840px\" \/><figcaption id=\"caption-attachment-11\" class=\"wp-caption-text\">Caledonian Grafitti<\/figcaption><\/figure>\n<p>Und nein, spleenig ist man auch nicht, nur eben ein wenig anders. Und wenn Invergordon schon sonst nichts zu bieten hat, malt man halt die Hausw\u00e4nde bunt an. Caledonian Grafitti&#8230;<\/p>\n<figure id=\"attachment_14\" aria-describedby=\"caption-attachment-14\" style=\"width: 1024px\" class=\"wp-caption aligncenter\"><img loading=\"lazy\" decoding=\"async\" class=\"size-full wp-image-14\" src=\"https:\/\/bf-on-tour.de\/k-18\/wp-content\/uploads\/sites\/17\/2018\/09\/Schottland2-Kompsition.jpg\" alt=\"\" width=\"1024\" height=\"1024\" srcset=\"https:\/\/bf-on-tour.de\/k-18\/wp-content\/uploads\/sites\/17\/2018\/09\/Schottland2-Kompsition.jpg 1024w, https:\/\/bf-on-tour.de\/k-18\/wp-content\/uploads\/sites\/17\/2018\/09\/Schottland2-Kompsition-150x150.jpg 150w, https:\/\/bf-on-tour.de\/k-18\/wp-content\/uploads\/sites\/17\/2018\/09\/Schottland2-Kompsition-300x300.jpg 300w, https:\/\/bf-on-tour.de\/k-18\/wp-content\/uploads\/sites\/17\/2018\/09\/Schottland2-Kompsition-768x768.jpg 768w\" sizes=\"auto, (max-width: 709px) 85vw, (max-width: 909px) 67vw, (max-width: 1362px) 62vw, 840px\" \/><figcaption id=\"caption-attachment-14\" class=\"wp-caption-text\">Loch Ness und andere Ruinen<\/figcaption><\/figure>\n<p>Nessie haben wir \u00fcbrigens nicht gesehen und von der gro\u00dfartigen Szenerie der Highlands blieb angesichts des diesigen Hochnebels auch nicht allzu viel \u00fcbrig. Aber in den Kleinigkeiten, in der gelebten Schrulligkeit und in der allerorts pr\u00e4senten Vergangenheit lassen sich Ans\u00e4tze erkennen, dass man hier weit entfernt vom europ\u00e4ischen Festland ist, dass man anders denkt. Warum sollte man dann nicht auch falsch herum in einen Keisverkehr fahren&#8230;<\/p>\n<p><a href=\"https:\/\/bf-on-tour.de\/k-18\/p-01\"><img loading=\"lazy\" decoding=\"async\" class=\"alignright wp-image-20\" src=\"https:\/\/bf-on-tour.de\/k-18\/wp-content\/uploads\/sites\/17\/2018\/09\/weiter.png\" alt=\"\" width=\"50\" height=\"37\" \/><\/a><\/p>\n","protected":false},"excerpt":{"rendered":"<p>Freitag, die Dekadenz ist nicht aufzuhalten: Gestern haben wir unsere Kabine auf der Mein Schiff 3 bezogen. Jetzt schauen wir dabei zu, wie der Kapit\u00e4n und seine Crew f\u00fcr uns und 2.504 Mitreisende auf der Nordsee Schwer\u00f6l verbrennen. Heute wollen wir ein Liedlein singen &#8230; denn wir fahren, denn wir fahren gegen Engeland. Stimmt allerdings &hellip; <a href=\"https:\/\/bf-on-tour.de\/k-18\/\" class=\"more-link\"><span class=\"screen-reader-text\">\u201eIn ein Land vor unserer Zeit\u201c <\/span>weiterlesen<\/a><\/p>\n","protected":false},"author":1,"featured_media":0,"parent":0,"menu_order":0,"comment_status":"open","ping_status":"closed","template":"","meta":{"footnotes":""},"class_list":["post-4","page","type-page","status-publish","hentry"],"_links":{"self":[{"href":"https:\/\/bf-on-tour.de\/k-18\/wp-json\/wp\/v2\/pages\/4","targetHints":{"allow":["GET"]}}],"collection":[{"href":"https:\/\/bf-on-tour.de\/k-18\/wp-json\/wp\/v2\/pages"}],"about":[{"href":"https:\/\/bf-on-tour.de\/k-18\/wp-json\/wp\/v2\/types\/page"}],"author":[{"embeddable":true,"href":"https:\/\/bf-on-tour.de\/k-18\/wp-json\/wp\/v2\/users\/1"}],"replies":[{"embeddable":true,"href":"https:\/\/bf-on-tour.de\/k-18\/wp-json\/wp\/v2\/comments?post=4"}],"version-history":[{"count":9,"href":"https:\/\/bf-on-tour.de\/k-18\/wp-json\/wp\/v2\/pages\/4\/revisions"}],"predecessor-version":[{"id":171,"href":"https:\/\/bf-on-tour.de\/k-18\/wp-json\/wp\/v2\/pages\/4\/revisions\/171"}],"wp:attachment":[{"href":"https:\/\/bf-on-tour.de\/k-18\/wp-json\/wp\/v2\/media?parent=4"}],"curies":[{"name":"wp","href":"https:\/\/api.w.org\/{rel}","templated":true}]}}