{"id":39,"date":"2018-09-06T19:06:29","date_gmt":"2018-09-06T17:06:29","guid":{"rendered":"http:\/\/blog.family-riders.de\/k-18\/?page_id=39"},"modified":"2020-04-03T11:13:39","modified_gmt":"2020-04-03T09:13:39","slug":"p-02","status":"publish","type":"page","link":"https:\/\/bf-on-tour.de\/k-18\/p-02\/","title":{"rendered":"Der Friede des HERRN"},"content":{"rendered":"<p>Belfast. Der Name sagt alles, ist Programm. Wer vor 1998 Nachrichten geh\u00f6rt oder gesehen hat, wei\u00df, wof\u00fcr er steht: Nordirlandkonflikt, mittelatlerlicher Glaubenskrieg mitten im 20. Jahrhundert, mitten in Europa. Um den verstanden haben zu k\u00f6nnen, h\u00e4tte man sich tief in die Geschichte Irlands und Englands einlesen m\u00fcssen, h\u00e4tte Begriffe wie Gerechtigkeit, soziale Not, staatliche Arroganz und klerikalen Machterhalt im Kontext der Jahrhunderte bewerten &#8211; vielleicht auch neu bewerten m\u00fcssen.<\/p>\n<p>Und danach? Nach Karfreitag 1998? Friede? Konfliktende? Keinesfalls! Sicher, das Morden und Bomben hat ein Ende gefunden, aber diese Stadt und ihre Bewohner leben den Konflikt, die Spaltung, die Zerr\u00fcttung; bewusst, vielleicht auch einfach aus Gewohnheit &#8211; vielleicht inzwischen sogar gern, beinahe so, als sei er eine Touristenattraktion (&#8230;?).<\/p>\n<figure id=\"attachment_42\" aria-describedby=\"caption-attachment-42\" style=\"width: 4592px\" class=\"wp-caption aligncenter\"><img loading=\"lazy\" decoding=\"async\" class=\"size-full wp-image-42\" src=\"https:\/\/bf-on-tour.de\/k-18\/wp-content\/uploads\/sites\/17\/2018\/09\/Friedensmauer.jpg\" alt=\"\" width=\"4592\" height=\"2584\" srcset=\"https:\/\/bf-on-tour.de\/k-18\/wp-content\/uploads\/sites\/17\/2018\/09\/Friedensmauer.jpg 4592w, https:\/\/bf-on-tour.de\/k-18\/wp-content\/uploads\/sites\/17\/2018\/09\/Friedensmauer-300x169.jpg 300w, https:\/\/bf-on-tour.de\/k-18\/wp-content\/uploads\/sites\/17\/2018\/09\/Friedensmauer-768x432.jpg 768w, https:\/\/bf-on-tour.de\/k-18\/wp-content\/uploads\/sites\/17\/2018\/09\/Friedensmauer-1024x576.jpg 1024w, https:\/\/bf-on-tour.de\/k-18\/wp-content\/uploads\/sites\/17\/2018\/09\/Friedensmauer-1200x675.jpg 1200w\" sizes=\"auto, (max-width: 709px) 85vw, (max-width: 909px) 67vw, (max-width: 1362px) 62vw, 840px\" \/><figcaption id=\"caption-attachment-42\" class=\"wp-caption-text\">Friedensmauer<\/figcaption><\/figure>\n<p>Es gibt eine Friedensmauer, h\u00f6her als die ehemalige in Berlin und sie erf\u00fcllt ihren Zweck, die Stra\u00dfenfeindschaft der Konfliktparteien zu kanalisieren, recht ordentlich. Auf der einen Seite die Katholiken mit den Fahnen der Republik Irland und den Wandbildern von M\u00e4rtyrern und Freiheitsk\u00e4mpfern aller Nationen, auf der anderen die Evangelischen, die kalvinistisch orangenen, die britisch k\u00f6nigstreuen, die ohne ihren UnionJack im Garten und das Konterfei der Queen an der Wand nicht gl\u00fccklich sind.<\/p>\n<p>Tags\u00fcber kommt man miteinander aus, aber abends ab 19:00 Uhr und an Sonntagen sind die Mauertore aus Sicherheitsgr\u00fcnden geschlossen.<\/p>\n<figure id=\"attachment_43\" aria-describedby=\"caption-attachment-43\" style=\"width: 4592px\" class=\"wp-caption aligncenter\"><img loading=\"lazy\" decoding=\"async\" class=\"size-full wp-image-43\" src=\"https:\/\/bf-on-tour.de\/k-18\/wp-content\/uploads\/sites\/17\/2018\/09\/Friedensmauer2.jpg\" alt=\"\" width=\"4592\" height=\"2584\" srcset=\"https:\/\/bf-on-tour.de\/k-18\/wp-content\/uploads\/sites\/17\/2018\/09\/Friedensmauer2.jpg 4592w, https:\/\/bf-on-tour.de\/k-18\/wp-content\/uploads\/sites\/17\/2018\/09\/Friedensmauer2-300x169.jpg 300w, https:\/\/bf-on-tour.de\/k-18\/wp-content\/uploads\/sites\/17\/2018\/09\/Friedensmauer2-768x432.jpg 768w, https:\/\/bf-on-tour.de\/k-18\/wp-content\/uploads\/sites\/17\/2018\/09\/Friedensmauer2-1024x576.jpg 1024w, https:\/\/bf-on-tour.de\/k-18\/wp-content\/uploads\/sites\/17\/2018\/09\/Friedensmauer2-1200x675.jpg 1200w\" sizes=\"auto, (max-width: 709px) 85vw, (max-width: 909px) 67vw, (max-width: 1362px) 62vw, 840px\" \/><figcaption id=\"caption-attachment-43\" class=\"wp-caption-text\">Friedensmauer &#8211; die andere Seite<\/figcaption><\/figure>\n<p>Wir besuchen diese Mauer, fahren durch eines der Tore von einem zum anderen Stadtviertel, tauschen eine martialische Optik gegen die andere. H\u00f6ren von der Stadtf\u00fchrerin, wie schlecht es den Katholiken fr\u00fcher ging und wie schlecht den Evangelischen heute. Man bleibt sich eben in alter Feindschaft abgeneigt. Pl\u00f6tzlich geht mir die liturgische Formel <i>Der Friede des HERRN sei mit Euch!<\/i> durch den Kopf und ebenso pl\u00f6tzlich dr\u00e4ngt sich mir auf, dass hier das <i><b>Euch<\/b><\/i> immer die anderen kategorisch auszuschlie\u00dfen scheint.<\/p>\n<figure id=\"attachment_46\" aria-describedby=\"caption-attachment-46\" style=\"width: 3064px\" class=\"wp-caption aligncenter\"><img loading=\"lazy\" decoding=\"async\" class=\"size-full wp-image-46\" src=\"https:\/\/bf-on-tour.de\/k-18\/wp-content\/uploads\/sites\/17\/2018\/09\/Rathaus.jpg\" alt=\"\" width=\"3064\" height=\"4146\" srcset=\"https:\/\/bf-on-tour.de\/k-18\/wp-content\/uploads\/sites\/17\/2018\/09\/Rathaus.jpg 3064w, https:\/\/bf-on-tour.de\/k-18\/wp-content\/uploads\/sites\/17\/2018\/09\/Rathaus-222x300.jpg 222w, https:\/\/bf-on-tour.de\/k-18\/wp-content\/uploads\/sites\/17\/2018\/09\/Rathaus-768x1039.jpg 768w, https:\/\/bf-on-tour.de\/k-18\/wp-content\/uploads\/sites\/17\/2018\/09\/Rathaus-757x1024.jpg 757w, https:\/\/bf-on-tour.de\/k-18\/wp-content\/uploads\/sites\/17\/2018\/09\/Rathaus-1200x1624.jpg 1200w\" sizes=\"auto, (max-width: 709px) 85vw, (max-width: 909px) 67vw, (max-width: 1362px) 62vw, 840px\" \/><figcaption id=\"caption-attachment-46\" class=\"wp-caption-text\">Das Rathaus im Zentrum von Belfast<\/figcaption><\/figure>\n<p>Spaziergang durch die City. Hier ist von Konflikt nicht allzu viel zu merken. Hier dominiert in der Mitte das ziemlich protzig ausgefallene Rathaus, umgeben von zum Teil altehrw\u00fcrdigen Bauten im typisch englischen Baustil, ebenso wie von modernen Einkaufstempeln, internationalen Fast Food Ketten und Shopping Malls. Europa eben. Dazwischen, in den Seitenstra\u00dfen kleine Pubs, die nicht immer den \u00e4u\u00dferen Eindruck vermitteln, den man von ihnen innen erwarten m\u00f6chte.<\/p>\n<figure id=\"attachment_45\" aria-describedby=\"caption-attachment-45\" style=\"width: 2876px\" class=\"wp-caption aligncenter\"><img loading=\"lazy\" decoding=\"async\" class=\"size-full wp-image-45\" src=\"https:\/\/bf-on-tour.de\/k-18\/wp-content\/uploads\/sites\/17\/2018\/09\/Pub.jpg\" alt=\"\" width=\"2876\" height=\"2595\" srcset=\"https:\/\/bf-on-tour.de\/k-18\/wp-content\/uploads\/sites\/17\/2018\/09\/Pub.jpg 2876w, https:\/\/bf-on-tour.de\/k-18\/wp-content\/uploads\/sites\/17\/2018\/09\/Pub-300x271.jpg 300w, https:\/\/bf-on-tour.de\/k-18\/wp-content\/uploads\/sites\/17\/2018\/09\/Pub-768x693.jpg 768w, https:\/\/bf-on-tour.de\/k-18\/wp-content\/uploads\/sites\/17\/2018\/09\/Pub-1024x924.jpg 1024w, https:\/\/bf-on-tour.de\/k-18\/wp-content\/uploads\/sites\/17\/2018\/09\/Pub-1200x1083.jpg 1200w\" sizes=\"auto, (max-width: 709px) 85vw, (max-width: 909px) 67vw, (max-width: 1362px) 62vw, 840px\" \/><figcaption id=\"caption-attachment-45\" class=\"wp-caption-text\">Ener der zahlreichen Pubs<\/figcaption><\/figure>\n<p>Klein ist diese Mitte. So klein, wie die Gemeinsamkeiten. Zu Fu\u00df sind wir in knapp 15 Minuten durch, stehen entweder in h\u00e4sslichen Industrievierteln oder in uniformen Wohnstra\u00dfen. H\u00fcbsch, im Sinne unserer heimischen Stadt- oder Dorfgestaltung, wohnt man hier nicht. Ein Haus sieht aus, wie das des Nachbarn, die Grundst\u00fccke sind mit kleinen Mauern im Vorgarten und hohen Z\u00e4unen dahinter abgeteilt; man lebt Gleichf\u00f6rmigkeit und explizite Grenzen. Individualit\u00e4t bleibt vermutlich dem Inneren des Hauses vorbehalten.<\/p>\n<figure id=\"attachment_44\" aria-describedby=\"caption-attachment-44\" style=\"width: 3353px\" class=\"wp-caption aligncenter\"><img loading=\"lazy\" decoding=\"async\" class=\"size-full wp-image-44\" src=\"https:\/\/bf-on-tour.de\/k-18\/wp-content\/uploads\/sites\/17\/2018\/09\/Parlament.jpg\" alt=\"\" width=\"3353\" height=\"1634\" srcset=\"https:\/\/bf-on-tour.de\/k-18\/wp-content\/uploads\/sites\/17\/2018\/09\/Parlament.jpg 3353w, https:\/\/bf-on-tour.de\/k-18\/wp-content\/uploads\/sites\/17\/2018\/09\/Parlament-300x146.jpg 300w, https:\/\/bf-on-tour.de\/k-18\/wp-content\/uploads\/sites\/17\/2018\/09\/Parlament-768x374.jpg 768w, https:\/\/bf-on-tour.de\/k-18\/wp-content\/uploads\/sites\/17\/2018\/09\/Parlament-1024x499.jpg 1024w, https:\/\/bf-on-tour.de\/k-18\/wp-content\/uploads\/sites\/17\/2018\/09\/Parlament-1200x585.jpg 1200w\" sizes=\"auto, (max-width: 709px) 85vw, (max-width: 909px) 67vw, (max-width: 1362px) 62vw, 840px\" \/><figcaption id=\"caption-attachment-44\" class=\"wp-caption-text\">Das Parlamentsgeb\u00e4ude vor der Stadt<\/figcaption><\/figure>\n<p>Weit au\u00dferhalb der Stadt dann das 1932 fertig gestellte Parlamentsgeb\u00e4ude. Weit au\u00dferhalb deswegen, weil man auch hier auf eine gewisse Protzigkeit nicht verzichten wollte und in der Stadt selbst daf\u00fcr ganze Stadtteile h\u00e4tte roden m\u00fcssen. 365 Fu\u00df misst das Geb\u00e4ude &#8211; einen Fu\u00df f\u00fcr jeden Tag des Jahres. Und sechs S\u00e4ulen st\u00fctzen sein Eingangsportal &#8211; eine f\u00fcr jede Grafschaft der Provinz Ulster, die nach hiesigem Verst\u00e4ndnis Nordirland ausmacht (in aller Bescheidenheit versteht sich, denn Ulster besteht aus neun Grafschaften &#8211; drei davon In der Republik Irland&#8230;).<\/p>\n<p>Aber auch dieses Lokalparlament leidet unter dem stets pr\u00e4senten Misstrauen der beteiligten Parteien, weshalb es fortw\u00e4hrende Parlamentsaufl\u00f6sungen gibt und bereits seit Jahren keine aktive Provinzregierung.<\/p>\n<p>Der langsam einsetzende Nieselregen macht uns den Stadtbummel nicht angenehmer. Irgendwie bekommen wir kein richtiges Verh\u00e4ltnis zu dieser Provinzhauptstadt. Irgendwie dr\u00e4ngt sich uns \u00fcberall der Verdacht auf, hier habe jeder die Weisheit f\u00fcr sich gepachtet und tr\u00e4gt das geradezu zwanghaft zur Schau &#8211; vom Stadtplaner \u00fcber Parlamentarier und klerikale Machthaber bis zum einfachen Ordens- oder Gemeindemitglied.<\/p>\n<p><strong><i>Der Friede des HERRN<\/i> f\u00fcr ALLE<\/strong> in Nordirland, er wird wohl noch lange auf sich warten lassen..<\/p>\n<p><img loading=\"lazy\" decoding=\"async\" class=\"aligncenter wp-image-41 size-full\" src=\"https:\/\/bf-on-tour.de\/k-18\/wp-content\/uploads\/sites\/17\/2018\/09\/Abend-e1536162615514.jpg\" alt=\"\" width=\"4021\" height=\"1421\" srcset=\"https:\/\/bf-on-tour.de\/k-18\/wp-content\/uploads\/sites\/17\/2018\/09\/Abend-e1536162615514.jpg 4021w, https:\/\/bf-on-tour.de\/k-18\/wp-content\/uploads\/sites\/17\/2018\/09\/Abend-e1536162615514-300x106.jpg 300w, https:\/\/bf-on-tour.de\/k-18\/wp-content\/uploads\/sites\/17\/2018\/09\/Abend-e1536162615514-768x271.jpg 768w, https:\/\/bf-on-tour.de\/k-18\/wp-content\/uploads\/sites\/17\/2018\/09\/Abend-e1536162615514-1024x362.jpg 1024w, https:\/\/bf-on-tour.de\/k-18\/wp-content\/uploads\/sites\/17\/2018\/09\/Abend-e1536162615514-1200x424.jpg 1200w\" sizes=\"auto, (max-width: 709px) 85vw, (max-width: 909px) 67vw, (max-width: 1362px) 62vw, 840px\" \/><\/p>\n<p><a href=\"https:\/\/bf-on-tour.de\/k-18\/p-01\"><img loading=\"lazy\" decoding=\"async\" class=\"alignleft wp-image-21\" src=\"https:\/\/bf-on-tour.de\/k-18\/wp-content\/uploads\/sites\/17\/2018\/09\/zurueck.png\" alt=\"\" width=\"50\" height=\"37\" \/><\/a> <a href=\"https:\/\/bf-on-tour.de\/k-18\/p-03\"><img loading=\"lazy\" decoding=\"async\" class=\"alignright wp-image-20\" src=\"https:\/\/bf-on-tour.de\/k-18\/wp-content\/uploads\/sites\/17\/2018\/09\/weiter.png\" alt=\"\" width=\"50\" height=\"37\" \/><\/a><\/p>\n","protected":false},"excerpt":{"rendered":"<p>Belfast. Der Name sagt alles, ist Programm. Wer vor 1998 Nachrichten geh\u00f6rt oder gesehen hat, wei\u00df, wof\u00fcr er steht: Nordirlandkonflikt, mittelatlerlicher Glaubenskrieg mitten im 20. Jahrhundert, mitten in Europa. Um den verstanden haben zu k\u00f6nnen, h\u00e4tte man sich tief in die Geschichte Irlands und Englands einlesen m\u00fcssen, h\u00e4tte Begriffe wie Gerechtigkeit, soziale Not, staatliche Arroganz &hellip; <a href=\"https:\/\/bf-on-tour.de\/k-18\/p-02\/\" class=\"more-link\"><span class=\"screen-reader-text\">\u201eDer Friede des HERRN\u201c <\/span>weiterlesen<\/a><\/p>\n","protected":false},"author":1,"featured_media":0,"parent":0,"menu_order":2,"comment_status":"open","ping_status":"closed","template":"","meta":{"footnotes":""},"class_list":["post-39","page","type-page","status-publish","hentry"],"_links":{"self":[{"href":"https:\/\/bf-on-tour.de\/k-18\/wp-json\/wp\/v2\/pages\/39","targetHints":{"allow":["GET"]}}],"collection":[{"href":"https:\/\/bf-on-tour.de\/k-18\/wp-json\/wp\/v2\/pages"}],"about":[{"href":"https:\/\/bf-on-tour.de\/k-18\/wp-json\/wp\/v2\/types\/page"}],"author":[{"embeddable":true,"href":"https:\/\/bf-on-tour.de\/k-18\/wp-json\/wp\/v2\/users\/1"}],"replies":[{"embeddable":true,"href":"https:\/\/bf-on-tour.de\/k-18\/wp-json\/wp\/v2\/comments?post=39"}],"version-history":[{"count":8,"href":"https:\/\/bf-on-tour.de\/k-18\/wp-json\/wp\/v2\/pages\/39\/revisions"}],"predecessor-version":[{"id":173,"href":"https:\/\/bf-on-tour.de\/k-18\/wp-json\/wp\/v2\/pages\/39\/revisions\/173"}],"wp:attachment":[{"href":"https:\/\/bf-on-tour.de\/k-18\/wp-json\/wp\/v2\/media?parent=39"}],"curies":[{"name":"wp","href":"https:\/\/api.w.org\/{rel}","templated":true}]}}