{"id":24,"date":"2018-09-06T19:06:29","date_gmt":"2018-09-06T17:06:29","guid":{"rendered":"http:\/\/blog.family-riders.de\/k-18\/?page_id=24"},"modified":"2020-04-03T11:13:21","modified_gmt":"2020-04-03T09:13:21","slug":"p-01","status":"publish","type":"page","link":"https:\/\/bf-on-tour.de\/k-18\/p-01\/","title":{"rendered":"Eine Insel mit zwei Bergen"},"content":{"rendered":"<p>Seetag. Wir treiben durch den wind- und wellenlosen Nordatlantik, d\u00f6sen vor uns hin, wechseln w\u00e4hrend dessen die Majest\u00e4t, tauschen Lisbeth gegen Alfons den Viertelvorzw\u00f6lften &#8211; und sind am Morgen in Lummerland.<\/p>\n<p><strong><em>Aufwachen!<\/em><\/strong><\/p>\n<p>Tats\u00e4chlich haben wir nur Lisbeth gegen Margret getauscht, finden viele Inseln und viele Berge. Unser Lummerland sind die F\u00e4r\u00f6er, die Schafsinseln!<\/p>\n<figure id=\"attachment_35\" aria-describedby=\"caption-attachment-35\" style=\"width: 4592px\" class=\"wp-caption aligncenter\"><img loading=\"lazy\" decoding=\"async\" class=\"size-full wp-image-35\" src=\"https:\/\/bf-on-tour.de\/k-18\/wp-content\/uploads\/sites\/17\/2018\/09\/Torshavn.jpg\" alt=\"\" width=\"4592\" height=\"2363\" srcset=\"https:\/\/bf-on-tour.de\/k-18\/wp-content\/uploads\/sites\/17\/2018\/09\/Torshavn.jpg 4592w, https:\/\/bf-on-tour.de\/k-18\/wp-content\/uploads\/sites\/17\/2018\/09\/Torshavn-300x154.jpg 300w, https:\/\/bf-on-tour.de\/k-18\/wp-content\/uploads\/sites\/17\/2018\/09\/Torshavn-768x395.jpg 768w, https:\/\/bf-on-tour.de\/k-18\/wp-content\/uploads\/sites\/17\/2018\/09\/Torshavn-1024x527.jpg 1024w, https:\/\/bf-on-tour.de\/k-18\/wp-content\/uploads\/sites\/17\/2018\/09\/Torshavn-1200x618.jpg 1200w\" sizes=\"auto, (max-width: 709px) 85vw, (max-width: 909px) 67vw, (max-width: 1362px) 62vw, 840px\" \/><figcaption id=\"caption-attachment-35\" class=\"wp-caption-text\">Torshavn<\/figcaption><\/figure>\n<p>Hier f\u00e4hrt man wieder richtig herum im Kreisverkehr und ist weder spleenig noch schrullig. Man ist Wikinger! 120.000 Einwohner, davon 70.000 Schafe auf 18 Inseln. Man ist autonom, bezahlt mit eigener, sonst nirgends g\u00fcltiger W\u00e4hrung, hat eine eigene Flagge und ist nicht Mitglied der EU, alles andere, das Weltpolitische, \u00fcberl\u00e4sst man D\u00e4nemark &#8211; Margret eben.<\/p>\n<figure id=\"attachment_32\" aria-describedby=\"caption-attachment-32\" style=\"width: 4592px\" class=\"wp-caption aligncenter\"><img loading=\"lazy\" decoding=\"async\" class=\"size-full wp-image-32\" src=\"https:\/\/bf-on-tour.de\/k-18\/wp-content\/uploads\/sites\/17\/2018\/09\/Regierungsviertel.jpg\" alt=\"\" width=\"4592\" height=\"3064\" srcset=\"https:\/\/bf-on-tour.de\/k-18\/wp-content\/uploads\/sites\/17\/2018\/09\/Regierungsviertel.jpg 4592w, https:\/\/bf-on-tour.de\/k-18\/wp-content\/uploads\/sites\/17\/2018\/09\/Regierungsviertel-300x200.jpg 300w, https:\/\/bf-on-tour.de\/k-18\/wp-content\/uploads\/sites\/17\/2018\/09\/Regierungsviertel-768x512.jpg 768w, https:\/\/bf-on-tour.de\/k-18\/wp-content\/uploads\/sites\/17\/2018\/09\/Regierungsviertel-1024x683.jpg 1024w, https:\/\/bf-on-tour.de\/k-18\/wp-content\/uploads\/sites\/17\/2018\/09\/Regierungsviertel-1200x801.jpg 1200w\" sizes=\"auto, (max-width: 709px) 85vw, (max-width: 909px) 67vw, (max-width: 1362px) 62vw, 840px\" \/><figcaption id=\"caption-attachment-32\" class=\"wp-caption-text\">Das lokale Regierungsviertel<\/figcaption><\/figure>\n<p>Wir fallen mal wieder aus dem Bett, denn unser Landausflug beginnt um 7:45 Uhr. Kollafj\u00f8rdur und Saksun, zwei traditionelle D\u00f6rfer stehen auf dem touristischen Programm und Ursula, eine urspr\u00fcnglich aus der Schweiz stammende Reiseleiterin begleitet uns.<\/p>\n<p>Von ihr erfahren wir, dass die F\u00e4r\u00f6er durch irische M\u00f6nche besiedelt wurden, die aber &#8211; nur M\u00e4nner und in Ermangelung einer Urbev\u00f6lkerung &#8211; nach einiger Zeit ausstarben. Was sie hinterlie\u00dfen und die Wikinger sp\u00e4ter vorfanden, waren Schafe. Viele Schafe, denn in den Jahrhunderten ohne Menschen hatten sie sich pr\u00e4chtig vermehrt.<\/p>\n<p>Zahlenm\u00e4\u00dfig nicht ganz so pr\u00e4chtig, aber mit 50.000 immerhin respektabel vermehrten sich \u00fcber die Zeit auch die Wikinger, die heutige Bev\u00f6lkerung &#8211; mit ihren Traditionen, der altnorwegischen Sprache und vielen urspr\u00fcnglichen Lebensgewohnheiten. Zum Beispiel dem Walfang.<\/p>\n<p>Gefangen wird der Grindwal, der weder unter Artenschutz steht, noch zahlenm\u00e4\u00dfig bedroht ist, traditionell per Hand. Sieht ein Dorfbewohner einen Wal in der Bucht seines Dorfes, ist er verpflichtet, alle Dorfbewohner zu alarmieren, damit sie an der Jagd teilnehmen. Zum Lohn erh\u00e4lt jede Familie einen kostenlosen Fleischanteil, der einerseits als Nahrung und andererseits als wichtiger Vitamin-D-Spender in dieser sonnenarmen Gegend ben\u00f6tigt wird. Verkauft wird nichts.<\/p>\n<figure id=\"attachment_29\" aria-describedby=\"caption-attachment-29\" style=\"width: 3424px\" class=\"wp-caption aligncenter\"><img loading=\"lazy\" decoding=\"async\" class=\"size-full wp-image-29\" src=\"https:\/\/bf-on-tour.de\/k-18\/wp-content\/uploads\/sites\/17\/2018\/09\/Bucht.jpg\" alt=\"\" width=\"3424\" height=\"3424\" srcset=\"https:\/\/bf-on-tour.de\/k-18\/wp-content\/uploads\/sites\/17\/2018\/09\/Bucht.jpg 3424w, https:\/\/bf-on-tour.de\/k-18\/wp-content\/uploads\/sites\/17\/2018\/09\/Bucht-150x150.jpg 150w, https:\/\/bf-on-tour.de\/k-18\/wp-content\/uploads\/sites\/17\/2018\/09\/Bucht-300x300.jpg 300w, https:\/\/bf-on-tour.de\/k-18\/wp-content\/uploads\/sites\/17\/2018\/09\/Bucht-768x768.jpg 768w, https:\/\/bf-on-tour.de\/k-18\/wp-content\/uploads\/sites\/17\/2018\/09\/Bucht-1024x1024.jpg 1024w, https:\/\/bf-on-tour.de\/k-18\/wp-content\/uploads\/sites\/17\/2018\/09\/Bucht-1200x1200.jpg 1200w\" sizes=\"auto, (max-width: 709px) 85vw, (max-width: 909px) 67vw, (max-width: 1362px) 62vw, 840px\" \/><figcaption id=\"caption-attachment-29\" class=\"wp-caption-text\">Eine der vielen Buchten<\/figcaption><\/figure>\n<p>Vielleicht sollten die gut bezahlten Tiersch\u00fctzer und die ach so emp\u00f6rten Touristikmanager, die wegen des Walfanges die F\u00e4r\u00f6er stigmatisieren oder sie demn\u00e4chst meiden wollen, beim Verzehr ihres n\u00e4chsten Sirloin-Steaks einmal dar\u00fcber nachdenken&#8230;<\/p>\n<figure id=\"attachment_30\" aria-describedby=\"caption-attachment-30\" style=\"width: 640px\" class=\"wp-caption aligncenter\"><img loading=\"lazy\" decoding=\"async\" class=\"wp-image-30 size-full\" src=\"https:\/\/bf-on-tour.de\/k-18\/wp-content\/uploads\/sites\/17\/2018\/09\/Far\u00f6er1-Komposition.jpg\" alt=\"\" width=\"640\" height=\"640\" srcset=\"https:\/\/bf-on-tour.de\/k-18\/wp-content\/uploads\/sites\/17\/2018\/09\/Far\u00f6er1-Komposition.jpg 640w, https:\/\/bf-on-tour.de\/k-18\/wp-content\/uploads\/sites\/17\/2018\/09\/Far\u00f6er1-Komposition-150x150.jpg 150w, https:\/\/bf-on-tour.de\/k-18\/wp-content\/uploads\/sites\/17\/2018\/09\/Far\u00f6er1-Komposition-300x300.jpg 300w\" sizes=\"auto, (max-width: 640px) 85vw, 640px\" \/><figcaption id=\"caption-attachment-30\" class=\"wp-caption-text\">Die Kirche von Kollafj\u00f8rdur<\/figcaption><\/figure>\n<p>Wir erreichen die Kirche von Kollafj\u00f8rdur. Ein schlichter Holzbau mit ebenso schlichtem Interieur. Nicht besonders interessant, in der Tat, aber eines von vielen Beispielen daf\u00fcr, wie hier mit nordischer Sturheit f\u00fcr die eigene Sache gek\u00e4mpft wird: Einst wollte D\u00e4nemark den Gottesdienst auf F\u00e4ringisch verbieten und D\u00e4nisch durchsetzen. Da die F\u00e4ringer kein D\u00e4nisch wollten, schwiegen sich Pastoren und Gemeinde im Gottesdienst jahrelang an, bis D\u00e4nemark schlie\u00dflich nachgab.<\/p>\n<figure id=\"attachment_33\" aria-describedby=\"caption-attachment-33\" style=\"width: 4592px\" class=\"wp-caption aligncenter\"><img loading=\"lazy\" decoding=\"async\" class=\"wp-image-33 size-full\" src=\"https:\/\/bf-on-tour.de\/k-18\/wp-content\/uploads\/sites\/17\/2018\/09\/Saksun.jpg\" alt=\"\" width=\"4592\" height=\"3064\" srcset=\"https:\/\/bf-on-tour.de\/k-18\/wp-content\/uploads\/sites\/17\/2018\/09\/Saksun.jpg 4592w, https:\/\/bf-on-tour.de\/k-18\/wp-content\/uploads\/sites\/17\/2018\/09\/Saksun-300x200.jpg 300w, https:\/\/bf-on-tour.de\/k-18\/wp-content\/uploads\/sites\/17\/2018\/09\/Saksun-768x512.jpg 768w, https:\/\/bf-on-tour.de\/k-18\/wp-content\/uploads\/sites\/17\/2018\/09\/Saksun-1024x683.jpg 1024w, https:\/\/bf-on-tour.de\/k-18\/wp-content\/uploads\/sites\/17\/2018\/09\/Saksun-1200x801.jpg 1200w\" sizes=\"auto, (max-width: 709px) 85vw, (max-width: 909px) 67vw, (max-width: 1362px) 62vw, 840px\" \/><figcaption id=\"caption-attachment-33\" class=\"wp-caption-text\">Saksun &#8211; viel einsamer geht nicht<\/figcaption><\/figure>\n<p>Unsere n\u00e4chste Station ist Saksun, mitten in den Bergen gelegen. Strom, Fernsehen und Telefon gibt es noch nicht sehr lange und selbst die einzige schmale Zufahrtsstra\u00dfe stammt erst aus den 1970er Jahren.<\/p>\n<p>Als Bauer lebt man hier traditionell von Schafen und neuerdings ein klein wenig auch von Touristen, die wie wir, das winzige Heimatmuseum besuchen. Wer keine Schafe besitzt, darf sich allerdings deren abgesto\u00dfene, \u00fcberall herumliegende Wolle sammeln, um daraus nach dem Spinnen Handwerksware herzustellen &#8211; entweder f\u00fcr sich oder zum Verkauf.<\/p>\n<figure id=\"attachment_31\" aria-describedby=\"caption-attachment-31\" style=\"width: 640px\" class=\"wp-caption aligncenter\"><img loading=\"lazy\" decoding=\"async\" class=\"size-full wp-image-31\" src=\"https:\/\/bf-on-tour.de\/k-18\/wp-content\/uploads\/sites\/17\/2018\/09\/Far\u00f6er2-Komposition.jpg\" alt=\"\" width=\"640\" height=\"640\" srcset=\"https:\/\/bf-on-tour.de\/k-18\/wp-content\/uploads\/sites\/17\/2018\/09\/Far\u00f6er2-Komposition.jpg 640w, https:\/\/bf-on-tour.de\/k-18\/wp-content\/uploads\/sites\/17\/2018\/09\/Far\u00f6er2-Komposition-150x150.jpg 150w, https:\/\/bf-on-tour.de\/k-18\/wp-content\/uploads\/sites\/17\/2018\/09\/Far\u00f6er2-Komposition-300x300.jpg 300w\" sizes=\"auto, (max-width: 640px) 85vw, 640px\" \/><figcaption id=\"caption-attachment-31\" class=\"wp-caption-text\">Heimatmuseum<\/figcaption><\/figure>\n<p>Und schlie\u00dflich der Torf; mit ihm wird geheizt. Es gibt ihn \u00fcberall direkt unter der Grasnarbe und jeder darf ihn stechen, egal, wem das Land geh\u00f6rt, denn niemand soll frieren. Einzige Bedingung: Die vor dem Stechen abgetragene Grasdecke ist nach dem Stechen wieder dort hin zu legen, wo sie war. Dann kann der Grundbesitzer ohne Verlust weiter seine Schafe weiden lassen.<\/p>\n<figure id=\"attachment_34\" aria-describedby=\"caption-attachment-34\" style=\"width: 4592px\" class=\"wp-caption aligncenter\"><img loading=\"lazy\" decoding=\"async\" class=\"size-full wp-image-34\" src=\"https:\/\/bf-on-tour.de\/k-18\/wp-content\/uploads\/sites\/17\/2018\/09\/Schuppen.jpg\" alt=\"\" width=\"4592\" height=\"3064\" srcset=\"https:\/\/bf-on-tour.de\/k-18\/wp-content\/uploads\/sites\/17\/2018\/09\/Schuppen.jpg 4592w, https:\/\/bf-on-tour.de\/k-18\/wp-content\/uploads\/sites\/17\/2018\/09\/Schuppen-300x200.jpg 300w, https:\/\/bf-on-tour.de\/k-18\/wp-content\/uploads\/sites\/17\/2018\/09\/Schuppen-768x512.jpg 768w, https:\/\/bf-on-tour.de\/k-18\/wp-content\/uploads\/sites\/17\/2018\/09\/Schuppen-1024x683.jpg 1024w, https:\/\/bf-on-tour.de\/k-18\/wp-content\/uploads\/sites\/17\/2018\/09\/Schuppen-1200x801.jpg 1200w\" sizes=\"auto, (max-width: 709px) 85vw, (max-width: 909px) 67vw, (max-width: 1362px) 62vw, 840px\" \/><figcaption id=\"caption-attachment-34\" class=\"wp-caption-text\">Typische Schafstallung<\/figcaption><\/figure>\n<p>Ja, es ist ein eigenartiges und eigenwilliges Land, dieses winzige, weit abgelegene Inselreich mitten im Nordatlantik. Und man k\u00f6nnte denken, dass die Jungen scharenweise nach D\u00e4nemark auswandern oder nach einem Studium dort bleiben, wodurch die Bev\u00f6lkerung abn\u00e4hme. Aber das gerade Gegenteil ist der Fall. Kaum einer geht und wer schon gegangen war, kommt meist wieder.<\/p>\n<p>Vielleicht doch ein Wenig Gemeinsamkeit mit Lummerland&#8230;?<\/p>\n<p><a href=\"https:\/\/bf-on-tour.de\/k-18\/p-00\"><img loading=\"lazy\" decoding=\"async\" class=\"alignleft wp-image-21\" src=\"https:\/\/bf-on-tour.de\/k-18\/wp-content\/uploads\/sites\/17\/2018\/09\/zurueck.png\" alt=\"\" width=\"50\" height=\"37\" \/><\/a> <a href=\"https:\/\/bf-on-tour.de\/k-18\/p-02\"><img loading=\"lazy\" decoding=\"async\" class=\"alignright wp-image-20\" src=\"https:\/\/bf-on-tour.de\/k-18\/wp-content\/uploads\/sites\/17\/2018\/09\/weiter.png\" alt=\"\" width=\"50\" height=\"37\" \/><\/a><\/p>\n","protected":false},"excerpt":{"rendered":"<p>Seetag. Wir treiben durch den wind- und wellenlosen Nordatlantik, d\u00f6sen vor uns hin, wechseln w\u00e4hrend dessen die Majest\u00e4t, tauschen Lisbeth gegen Alfons den Viertelvorzw\u00f6lften &#8211; und sind am Morgen in Lummerland. Aufwachen! Tats\u00e4chlich haben wir nur Lisbeth gegen Margret getauscht, finden viele Inseln und viele Berge. Unser Lummerland sind die F\u00e4r\u00f6er, die Schafsinseln! Hier f\u00e4hrt &hellip; <a href=\"https:\/\/bf-on-tour.de\/k-18\/p-01\/\" class=\"more-link\"><span class=\"screen-reader-text\">\u201eEine Insel mit zwei Bergen\u201c <\/span>weiterlesen<\/a><\/p>\n","protected":false},"author":1,"featured_media":0,"parent":0,"menu_order":1,"comment_status":"open","ping_status":"closed","template":"","meta":{"footnotes":""},"class_list":["post-24","page","type-page","status-publish","hentry"],"_links":{"self":[{"href":"https:\/\/bf-on-tour.de\/k-18\/wp-json\/wp\/v2\/pages\/24","targetHints":{"allow":["GET"]}}],"collection":[{"href":"https:\/\/bf-on-tour.de\/k-18\/wp-json\/wp\/v2\/pages"}],"about":[{"href":"https:\/\/bf-on-tour.de\/k-18\/wp-json\/wp\/v2\/types\/page"}],"author":[{"embeddable":true,"href":"https:\/\/bf-on-tour.de\/k-18\/wp-json\/wp\/v2\/users\/1"}],"replies":[{"embeddable":true,"href":"https:\/\/bf-on-tour.de\/k-18\/wp-json\/wp\/v2\/comments?post=24"}],"version-history":[{"count":11,"href":"https:\/\/bf-on-tour.de\/k-18\/wp-json\/wp\/v2\/pages\/24\/revisions"}],"predecessor-version":[{"id":172,"href":"https:\/\/bf-on-tour.de\/k-18\/wp-json\/wp\/v2\/pages\/24\/revisions\/172"}],"wp:attachment":[{"href":"https:\/\/bf-on-tour.de\/k-18\/wp-json\/wp\/v2\/media?parent=24"}],"curies":[{"name":"wp","href":"https:\/\/api.w.org\/{rel}","templated":true}]}}