{"id":120,"date":"2018-09-06T19:06:29","date_gmt":"2018-09-06T17:06:29","guid":{"rendered":"http:\/\/blog.family-riders.de\/k-18\/?page_id=120"},"modified":"2020-04-03T11:15:08","modified_gmt":"2020-04-03T09:15:08","slug":"p-07","status":"publish","type":"page","link":"https:\/\/bf-on-tour.de\/k-18\/p-07\/","title":{"rendered":"Eine Insel auf der Insel"},"content":{"rendered":"<p><img loading=\"lazy\" decoding=\"async\" class=\"alignright size-medium wp-image-123\" src=\"https:\/\/bf-on-tour.de\/k-18\/wp-content\/uploads\/sites\/17\/2018\/09\/City-300x276.jpg\" alt=\"\" width=\"300\" height=\"276\" srcset=\"https:\/\/bf-on-tour.de\/k-18\/wp-content\/uploads\/sites\/17\/2018\/09\/City-300x276.jpg 300w, https:\/\/bf-on-tour.de\/k-18\/wp-content\/uploads\/sites\/17\/2018\/09\/City-768x707.jpg 768w, https:\/\/bf-on-tour.de\/k-18\/wp-content\/uploads\/sites\/17\/2018\/09\/City-1024x943.jpg 1024w, https:\/\/bf-on-tour.de\/k-18\/wp-content\/uploads\/sites\/17\/2018\/09\/City-1200x1105.jpg 1200w, https:\/\/bf-on-tour.de\/k-18\/wp-content\/uploads\/sites\/17\/2018\/09\/City.jpg 1822w\" sizes=\"auto, (max-width: 300px) 85vw, 300px\" \/>Ok, wir m\u00fcssen zwei Stunden im Bus von Southampton nach London fahren, aber diese Tour ist Pflicht. Drei oder sogar vier Anl\u00e4ufe hatten wir in den vergangenen Jahrzehnten unternommen, um einmal nach London oder nach England zu kommen. Immer kam irgend etwas dazwischen. Da wird man schon fast abergl\u00e4ubisch. Aber jetzt sind wir endlich in Reichweite.<\/p>\n<p>Bereits auf dem Weg \u00fcber die Autobahn k\u00f6nnen wir uns wieder \u00fcber den britischen Humor am\u00fcsieren, wenn auf einem Schild mit der Anzeige von Sehensw\u00fcrdigkeiten (analog zu den braunen Schildern an unseren Autobahnen) Westminster, Legoland und Ascot in einem Zuge genannt werden. Was f\u00fcr eine reizende Mischung!<\/p>\n<p>Und dann, als wollte sich London doch noch einmal vor uns verstecken, Stau, Stau und noch einmal Stau. Auf der Autobahn in den Vororten und in der Stadt selbst. Wir stecken im morgendlichen Berufsverkehr. Unser erster Eindruck von dieser Metropole.<\/p>\n<p><img loading=\"lazy\" decoding=\"async\" class=\"size-medium wp-image-124 alignleft\" src=\"https:\/\/bf-on-tour.de\/k-18\/wp-content\/uploads\/sites\/17\/2018\/09\/London1-Komposition-300x300.jpg\" alt=\"\" width=\"300\" height=\"300\" srcset=\"https:\/\/bf-on-tour.de\/k-18\/wp-content\/uploads\/sites\/17\/2018\/09\/London1-Komposition-300x300.jpg 300w, https:\/\/bf-on-tour.de\/k-18\/wp-content\/uploads\/sites\/17\/2018\/09\/London1-Komposition-150x150.jpg 150w, https:\/\/bf-on-tour.de\/k-18\/wp-content\/uploads\/sites\/17\/2018\/09\/London1-Komposition.jpg 640w\" sizes=\"auto, (max-width: 300px) 85vw, 300px\" \/><\/p>\n<p>Wir haben uns bei der Buchung des Ausfluges von dem Gedanken leiten lassen, einen London-Schnupperkurs zu belegen: Panoramafahrt. Das allerdings hei\u00dft auch, dass wir eigentlich nirgends aussteigen, um etwas direkt anschauen zu k\u00f6nnen. Wir merken es zu sp\u00e4t&#8230;<\/p>\n<p>Andererseits ist die Stadt derart \u00fcberf\u00fcllt, dass wir wohl ohnehin nichts h\u00e4tten im Detail besuchen k\u00f6nnen: Vor dem in Bauger\u00fcste eingepackten Parlamentsgeb\u00e4ude (man erkennt fast nichts vom Geb\u00e4ude) der ebenfalls einger\u00fcstete Queen Elisabeth Tower mit der zur Zeit still gelegten Glocke Big Ben (sie schl\u00e4gt erst wieder in ein paar Jahren), die Westminster Abbey und die St Margaret\u2019s Church. \u00dcberall lange Menschenschlangen davor, deren Bewegungsgeschwindigkeit auf Wartezeiten von mehreren Stunden schlie\u00dfen l\u00e4sst. Wir huschen kurz \u00fcber den Parliament Square und machen rasch ein paar Fotos.<\/p>\n<p><img loading=\"lazy\" decoding=\"async\" class=\"aligncenter wp-image-126 size-large\" src=\"https:\/\/bf-on-tour.de\/k-18\/wp-content\/uploads\/sites\/17\/2018\/09\/P1010727-1024x683.jpg\" alt=\"\" width=\"840\" height=\"560\" srcset=\"https:\/\/bf-on-tour.de\/k-18\/wp-content\/uploads\/sites\/17\/2018\/09\/P1010727-1024x683.jpg 1024w, https:\/\/bf-on-tour.de\/k-18\/wp-content\/uploads\/sites\/17\/2018\/09\/P1010727-300x200.jpg 300w, https:\/\/bf-on-tour.de\/k-18\/wp-content\/uploads\/sites\/17\/2018\/09\/P1010727-768x512.jpg 768w, https:\/\/bf-on-tour.de\/k-18\/wp-content\/uploads\/sites\/17\/2018\/09\/P1010727-1200x801.jpg 1200w\" sizes=\"auto, (max-width: 709px) 85vw, (max-width: 909px) 67vw, (max-width: 1362px) 62vw, 840px\" \/><\/p>\n<p><img loading=\"lazy\" decoding=\"async\" class=\"alignright size-medium wp-image-125\" src=\"https:\/\/bf-on-tour.de\/k-18\/wp-content\/uploads\/sites\/17\/2018\/09\/London2-Komposition-300x300.jpg\" alt=\"\" width=\"300\" height=\"300\" srcset=\"https:\/\/bf-on-tour.de\/k-18\/wp-content\/uploads\/sites\/17\/2018\/09\/London2-Komposition-300x300.jpg 300w, https:\/\/bf-on-tour.de\/k-18\/wp-content\/uploads\/sites\/17\/2018\/09\/London2-Komposition-150x150.jpg 150w, https:\/\/bf-on-tour.de\/k-18\/wp-content\/uploads\/sites\/17\/2018\/09\/London2-Komposition.jpg 640w\" sizes=\"auto, (max-width: 300px) 85vw, 300px\" \/>Es geht weiter zum Convent Garden und zur St Paul\u2019s Cathedral, zur Tower Bridge und zum Tower selbst. Dann geht\u2019s weiter zum Mittag in einen Pub, in dem es (nat\u00fcrlich, was wohl sonst) Fish &amp; Chips gibt.<\/p>\n<p>Irgendwie war dieses Essen in Edinburgh authentischer, obwohl wir dort ja in Schottland waren. Aber gut, zum Nachtisch gibt es ein warmes Apfelt\u00f6rtchen mit Schlagsahne; angeblich auch typisch englisch, aber deutlich europ\u00e4ischer als Marzipantorte mit warmer Pfefferminzso\u00dfe, was ich als etwas typisch Englisches bef\u00fcrchtet hatte.<\/p>\n<p>Auf der Weiterfahrt versorgt uns &#8211; wie \u00fcblich &#8211; die Reisef\u00fchrerin mit allerlei Historischem, was wir &#8211; ebenso \u00fcblich &#8211; fast sofort wieder vergessen. Und die Tower Bridge zu fotografieren, ist nicht ganz einfach: An guten Aussichtspunkten ist absolutes Halteverbot! Und obwohl der Bus dort trotzdem h\u00e4lt, m\u00fcssen wir erst \u00fcber eine hohe Balustrade zwischen Fahr- und Fu\u00dfweg klettern, um ein Bild zu machen. So kann man die Touris auch zwingen, Postkarten zu kaufen&#8230;<\/p>\n<figure id=\"attachment_128\" aria-describedby=\"caption-attachment-128\" style=\"width: 840px\" class=\"wp-caption aligncenter\"><img loading=\"lazy\" decoding=\"async\" class=\"wp-image-128 size-large\" src=\"https:\/\/bf-on-tour.de\/k-18\/wp-content\/uploads\/sites\/17\/2018\/09\/Tower-Bridge-1024x579.jpg\" alt=\"\" width=\"840\" height=\"475\" srcset=\"https:\/\/bf-on-tour.de\/k-18\/wp-content\/uploads\/sites\/17\/2018\/09\/Tower-Bridge-1024x579.jpg 1024w, https:\/\/bf-on-tour.de\/k-18\/wp-content\/uploads\/sites\/17\/2018\/09\/Tower-Bridge-300x170.jpg 300w, https:\/\/bf-on-tour.de\/k-18\/wp-content\/uploads\/sites\/17\/2018\/09\/Tower-Bridge-768x434.jpg 768w, https:\/\/bf-on-tour.de\/k-18\/wp-content\/uploads\/sites\/17\/2018\/09\/Tower-Bridge-1200x679.jpg 1200w\" sizes=\"auto, (max-width: 709px) 85vw, (max-width: 909px) 67vw, (max-width: 1362px) 62vw, 840px\" \/><figcaption id=\"caption-attachment-128\" class=\"wp-caption-text\">Tower Bridge<\/figcaption><\/figure>\n<p>Beim Tower of London verbleiben ihre Schilderungen all der Geh\u00e4nkten und Gek\u00f6pften, der Kronjuwelen und der Beefeater, diesen ulkig bunt gekleideten Wachen, die eigentlich gar nicht die wirklichen Beefeater sind (das sind n\u00e4mlich die Raben im Tower, die t\u00e4glich mit Rindfleisch gef\u00fcttert und durch Kupieren ihrer Federn am Fortfliegen gehindert werden) etwas l\u00e4nger im Kopf. Aber vielleicht liegt es auch daran, dass wir gleich gegen\u00fcber dieses Bauwerks an einem Pub vorbei kommen, der den Namen <i>The Hung, Drawn &amp; Quartered<\/i> tr\u00e4gt. Der \u00dcbersetzung unserer Reiseleiterin gem\u00e4\u00df <i>Die Geh\u00e4nkten, Ausgeweideten\u00a0&amp; Gevierteilten<\/i>. Wieder mal britischer Humor eben&#8230;<\/p>\n<figure id=\"attachment_129\" aria-describedby=\"caption-attachment-129\" style=\"width: 840px\" class=\"wp-caption aligncenter\"><img loading=\"lazy\" decoding=\"async\" class=\"size-large wp-image-129\" src=\"https:\/\/bf-on-tour.de\/k-18\/wp-content\/uploads\/sites\/17\/2018\/09\/Tower-1024x931.jpg\" alt=\"\" width=\"840\" height=\"764\" srcset=\"https:\/\/bf-on-tour.de\/k-18\/wp-content\/uploads\/sites\/17\/2018\/09\/Tower-1024x931.jpg 1024w, https:\/\/bf-on-tour.de\/k-18\/wp-content\/uploads\/sites\/17\/2018\/09\/Tower-300x273.jpg 300w, https:\/\/bf-on-tour.de\/k-18\/wp-content\/uploads\/sites\/17\/2018\/09\/Tower-768x698.jpg 768w, https:\/\/bf-on-tour.de\/k-18\/wp-content\/uploads\/sites\/17\/2018\/09\/Tower-1200x1091.jpg 1200w\" sizes=\"auto, (max-width: 709px) 85vw, (max-width: 909px) 67vw, (max-width: 1362px) 62vw, 840px\" \/><figcaption id=\"caption-attachment-129\" class=\"wp-caption-text\">Tower of London<\/figcaption><\/figure>\n<p>Wir sind fast schon auf der R\u00fcckfahrt, aber zuvor statten wir noch der Queen einen Besuch ab. Einmal den Buckingham Palace gesehen zu haben sollte doch m\u00f6glich &#8211; heute morgen war die Zufahrt gesperrt &#8211; und geradezu Pflicht sein. Und tats\u00e4chlich, Lisbeth ist zu Hause. Ihre Fahne weht \u00fcber dem Schloss. Leider nimmt sie von uns keine Notiz. Sie l\u00e4sst sich nicht sehen. Auch Phil, der ja nun seit einiger Zeit Rentner ist, taucht nicht auf &#8211; tja, Rentner haben eben nie Zeit&#8230;<\/p>\n<figure id=\"attachment_122\" aria-describedby=\"caption-attachment-122\" style=\"width: 840px\" class=\"wp-caption aligncenter\"><img loading=\"lazy\" decoding=\"async\" class=\"size-large wp-image-122\" src=\"https:\/\/bf-on-tour.de\/k-18\/wp-content\/uploads\/sites\/17\/2018\/09\/Buckingham-1024x560.jpg\" alt=\"\" width=\"840\" height=\"459\" srcset=\"https:\/\/bf-on-tour.de\/k-18\/wp-content\/uploads\/sites\/17\/2018\/09\/Buckingham-1024x560.jpg 1024w, https:\/\/bf-on-tour.de\/k-18\/wp-content\/uploads\/sites\/17\/2018\/09\/Buckingham-300x164.jpg 300w, https:\/\/bf-on-tour.de\/k-18\/wp-content\/uploads\/sites\/17\/2018\/09\/Buckingham-768x420.jpg 768w, https:\/\/bf-on-tour.de\/k-18\/wp-content\/uploads\/sites\/17\/2018\/09\/Buckingham-1200x656.jpg 1200w\" sizes=\"auto, (max-width: 709px) 85vw, (max-width: 909px) 67vw, (max-width: 1362px) 62vw, 840px\" \/><figcaption id=\"caption-attachment-122\" class=\"wp-caption-text\">Buckingham Palace<\/figcaption><\/figure>\n<figure id=\"attachment_130\" aria-describedby=\"caption-attachment-130\" style=\"width: 300px\" class=\"wp-caption alignleft\"><img loading=\"lazy\" decoding=\"async\" class=\"wp-image-130 size-medium\" src=\"https:\/\/bf-on-tour.de\/k-18\/wp-content\/uploads\/sites\/17\/2018\/09\/Vorstadt-300x193.jpg\" alt=\"\" width=\"300\" height=\"193\" srcset=\"https:\/\/bf-on-tour.de\/k-18\/wp-content\/uploads\/sites\/17\/2018\/09\/Vorstadt-300x193.jpg 300w, https:\/\/bf-on-tour.de\/k-18\/wp-content\/uploads\/sites\/17\/2018\/09\/Vorstadt-768x494.jpg 768w, https:\/\/bf-on-tour.de\/k-18\/wp-content\/uploads\/sites\/17\/2018\/09\/Vorstadt-1024x659.jpg 1024w, https:\/\/bf-on-tour.de\/k-18\/wp-content\/uploads\/sites\/17\/2018\/09\/Vorstadt-1200x772.jpg 1200w\" sizes=\"auto, (max-width: 300px) 85vw, 300px\" \/><figcaption id=\"caption-attachment-130\" class=\"wp-caption-text\">Knightsbridge<\/figcaption><\/figure>\n<p>Wir verlassen London auf dem Weg durch allerlei Nobelviertel, wie z.B. Knightsbridge, und vorbei an Harrods &#8211; ja, ja das ist das Kaufhaus mit der Geschichte von Diana und Dodi. Hier w\u00e4ren wir gern noch einmal ausgestiegen.<\/p>\n<p>Aber ehrlich, die M\u00fcdigkeit beutelt uns! Und nicht nur uns: der Kopf meines Vordermannes f\u00e4llt ab und an mit einem dumpfen <i>pfluff<\/i> auf die Sitzlehne seines Vordermannes. Er schl\u00e4ft.<\/p>\n<p><a href=\"https:\/\/bf-on-tour.de\/k-18\/p-06\"><img loading=\"lazy\" decoding=\"async\" class=\"alignleft wp-image-21\" src=\"https:\/\/bf-on-tour.de\/k-18\/wp-content\/uploads\/sites\/17\/2018\/09\/zurueck.png\" alt=\"\" width=\"50\" height=\"37\" \/><\/a> <a href=\"https:\/\/bf-on-tour.de\/k-18\/p-08\"><img loading=\"lazy\" decoding=\"async\" class=\"alignright wp-image-20\" src=\"https:\/\/bf-on-tour.de\/k-18\/wp-content\/uploads\/sites\/17\/2018\/09\/weiter.png\" alt=\"\" width=\"50\" height=\"37\" \/><\/a><\/p>\n","protected":false},"excerpt":{"rendered":"<p>Ok, wir m\u00fcssen zwei Stunden im Bus von Southampton nach London fahren, aber diese Tour ist Pflicht. Drei oder sogar vier Anl\u00e4ufe hatten wir in den vergangenen Jahrzehnten unternommen, um einmal nach London oder nach England zu kommen. Immer kam irgend etwas dazwischen. Da wird man schon fast abergl\u00e4ubisch. Aber jetzt sind wir endlich in &hellip; <a href=\"https:\/\/bf-on-tour.de\/k-18\/p-07\/\" class=\"more-link\"><span class=\"screen-reader-text\">\u201eEine Insel auf der Insel\u201c <\/span>weiterlesen<\/a><\/p>\n","protected":false},"author":1,"featured_media":0,"parent":0,"menu_order":7,"comment_status":"open","ping_status":"closed","template":"","meta":{"footnotes":""},"class_list":["post-120","page","type-page","status-publish","hentry"],"_links":{"self":[{"href":"https:\/\/bf-on-tour.de\/k-18\/wp-json\/wp\/v2\/pages\/120","targetHints":{"allow":["GET"]}}],"collection":[{"href":"https:\/\/bf-on-tour.de\/k-18\/wp-json\/wp\/v2\/pages"}],"about":[{"href":"https:\/\/bf-on-tour.de\/k-18\/wp-json\/wp\/v2\/types\/page"}],"author":[{"embeddable":true,"href":"https:\/\/bf-on-tour.de\/k-18\/wp-json\/wp\/v2\/users\/1"}],"replies":[{"embeddable":true,"href":"https:\/\/bf-on-tour.de\/k-18\/wp-json\/wp\/v2\/comments?post=120"}],"version-history":[{"count":14,"href":"https:\/\/bf-on-tour.de\/k-18\/wp-json\/wp\/v2\/pages\/120\/revisions"}],"predecessor-version":[{"id":178,"href":"https:\/\/bf-on-tour.de\/k-18\/wp-json\/wp\/v2\/pages\/120\/revisions\/178"}],"wp:attachment":[{"href":"https:\/\/bf-on-tour.de\/k-18\/wp-json\/wp\/v2\/media?parent=120"}],"curies":[{"name":"wp","href":"https:\/\/api.w.org\/{rel}","templated":true}]}}