{"id":109,"date":"2018-09-06T19:06:29","date_gmt":"2018-09-06T17:06:29","guid":{"rendered":"http:\/\/blog.family-riders.de\/k-18\/?page_id=109"},"modified":"2020-04-03T11:14:51","modified_gmt":"2020-04-03T09:14:51","slug":"p-06","status":"publish","type":"page","link":"https:\/\/bf-on-tour.de\/k-18\/p-06\/","title":{"rendered":"Alte Steine"},"content":{"rendered":"<p>Von Dublin bis nach Portland genie\u00dfen wir einen Seetag. Ausschlafen, lange fr\u00fchst\u00fccken, Geschichten schreiben, Mittag essen, d\u00f6sen, wieder Geschichten schreiben, wieder d\u00f6sen, zu Abend essen, einen Cocktail genie\u00dfen und den Tag beschlie\u00dfen. Ich zumindest k\u00f6nnte das tagelang wiederholen.<\/p>\n<p>Portland ist die vierte Hafenstadt auf unserer Reise, die den Eindruck macht, Gro\u00dfbritannien habe den Strukturwandel von einer Schiffbaunation zu irgendetwas anderem nicht wirklich hin bekommen. Hier ist sogar das jahrzehntelang dominierende Milit\u00e4r inzwischen abgezogen. Ein f\u00fcr die kleine Stadt riesiges unfertiges Wohn- oder B\u00fcrohaus verziert die Skyline mit etwa 100 Metern finsterer, glasloser Ruinenansicht und auch die olympischen Spiele von 2012, bei denen die Segelwettbewerbe in Portland und dem benachbarten Weymouth ausgetragen wurden, haben au\u00dfer der h\u00e4sslichen, im typisch englischen Einheitsstil erbauten und als unvermarktbar geltenden Wohnsiedlung <i>Osprey<\/i> <i>Quay<\/i>, kaum etwas hinterlassen. Man fragt sich &#8211; und nicht nur wir tun das -, wie man demn\u00e4chst auch noch den Brexit meistern will&#8230;<\/p>\n<figure id=\"attachment_111\" aria-describedby=\"caption-attachment-111\" style=\"width: 840px\" class=\"wp-caption aligncenter\"><img loading=\"lazy\" decoding=\"async\" class=\"size-large wp-image-111\" src=\"https:\/\/bf-on-tour.de\/k-18\/wp-content\/uploads\/sites\/17\/2018\/09\/Quay-1024x520.jpg\" alt=\"\" width=\"840\" height=\"427\" srcset=\"https:\/\/bf-on-tour.de\/k-18\/wp-content\/uploads\/sites\/17\/2018\/09\/Quay-1024x520.jpg 1024w, https:\/\/bf-on-tour.de\/k-18\/wp-content\/uploads\/sites\/17\/2018\/09\/Quay-300x152.jpg 300w, https:\/\/bf-on-tour.de\/k-18\/wp-content\/uploads\/sites\/17\/2018\/09\/Quay-768x390.jpg 768w, https:\/\/bf-on-tour.de\/k-18\/wp-content\/uploads\/sites\/17\/2018\/09\/Quay-1200x610.jpg 1200w\" sizes=\"auto, (max-width: 709px) 85vw, (max-width: 909px) 67vw, (max-width: 1362px) 62vw, 840px\" \/><figcaption id=\"caption-attachment-111\" class=\"wp-caption-text\">Osprey Quay<\/figcaption><\/figure>\n<p>Kontrastprogramm Stonehenge. Man wei\u00df nicht, wof\u00fcr dieses Steinrund erbaut wurde; ob es als Observatorium, als Sanatorium oder als Kultst\u00e4tte diente (der Audioguide \u00fcberl\u00e4sst die Auswahl in der Regel dem Besucher mit den Worten: \u201e&#8230;und was meinen Sie?\u201c). Man wei\u00df auch nicht, wie es gelungen sein konnte, \u00fcber 300 Jahre an dieser St\u00e4tte ohne gro\u00dfe technische Hilfsmittel gebaut und die Massen von Arbeitern versorgt zu haben. R\u00e4tsel \u00fcber R\u00e4tsel, denn aus der damaligen Zeit gibt es so gut wie keine erhaltenen Zeugnisse \u00fcber gesellschaftliche, klerikale oder spirituelle Strukturen. Man kann graben und finden, was nicht vergangen ist, alles andere ist Spekulation (wird man \u00fcber unsere Zeit in 5.000 Jahren auch so r\u00e4tseln, wenn keine CD, keine DVD mehr lesbar ist und niemand mehr Festplatten auslesen kann?).<\/p>\n<figure id=\"attachment_113\" aria-describedby=\"caption-attachment-113\" style=\"width: 840px\" class=\"wp-caption aligncenter\"><img loading=\"lazy\" decoding=\"async\" class=\"size-large wp-image-113\" src=\"https:\/\/bf-on-tour.de\/k-18\/wp-content\/uploads\/sites\/17\/2018\/09\/Stones-1024x458.jpg\" alt=\"\" width=\"840\" height=\"376\" srcset=\"https:\/\/bf-on-tour.de\/k-18\/wp-content\/uploads\/sites\/17\/2018\/09\/Stones-1024x458.jpg 1024w, https:\/\/bf-on-tour.de\/k-18\/wp-content\/uploads\/sites\/17\/2018\/09\/Stones-300x134.jpg 300w, https:\/\/bf-on-tour.de\/k-18\/wp-content\/uploads\/sites\/17\/2018\/09\/Stones-768x344.jpg 768w, https:\/\/bf-on-tour.de\/k-18\/wp-content\/uploads\/sites\/17\/2018\/09\/Stones-1200x537.jpg 1200w\" sizes=\"auto, (max-width: 709px) 85vw, (max-width: 909px) 67vw, (max-width: 1362px) 62vw, 840px\" \/><figcaption id=\"caption-attachment-113\" class=\"wp-caption-text\">Stonehenge<\/figcaption><\/figure>\n<p>Wir gehen um das Steinmonument einmal herum und betrachten es damit aus unterschiedlichen Winkeln. Zusammen mit besagtem Audioguide und dessen Erl\u00e4uterungen ergibt sich f\u00fcr uns schon das Bild einer St\u00e4tte, die etwas mit dem Sonnenlauf zu tun hat. Aber ob nun dadurch und durch die &#8211; aus unserer Sicht eher esoterische &#8211; Kraft der sog. Blausteine das Ganze auch den Charakter einer Heilst\u00e4tte hatte? Wer wei\u00df? Sicher erscheint uns jedenfalls, dass hinter diesem Bau eine ungeheure gesellschaftliche Machtstruktur gestanden haben muss &#8211; \u00e4hnlich der der katholischen Kirche, die einst zum Bau unserer vielen Dome und Kathedralen gef\u00fchrt hat. Also doch eher eine spirituelle St\u00e4tte?<\/p>\n<p><img loading=\"lazy\" decoding=\"async\" class=\"aligncenter wp-image-114 size-full\" src=\"https:\/\/bf-on-tour.de\/k-18\/wp-content\/uploads\/sites\/17\/2018\/09\/Stones2.jpg\" alt=\"\" width=\"4592\" height=\"3064\" srcset=\"https:\/\/bf-on-tour.de\/k-18\/wp-content\/uploads\/sites\/17\/2018\/09\/Stones2.jpg 4592w, https:\/\/bf-on-tour.de\/k-18\/wp-content\/uploads\/sites\/17\/2018\/09\/Stones2-300x200.jpg 300w, https:\/\/bf-on-tour.de\/k-18\/wp-content\/uploads\/sites\/17\/2018\/09\/Stones2-768x512.jpg 768w, https:\/\/bf-on-tour.de\/k-18\/wp-content\/uploads\/sites\/17\/2018\/09\/Stones2-1024x683.jpg 1024w, https:\/\/bf-on-tour.de\/k-18\/wp-content\/uploads\/sites\/17\/2018\/09\/Stones2-1200x801.jpg 1200w\" sizes=\"auto, (max-width: 709px) 85vw, (max-width: 909px) 67vw, (max-width: 1362px) 62vw, 840px\" \/><\/p>\n<p><img loading=\"lazy\" decoding=\"async\" class=\"size-medium wp-image-112 alignright\" src=\"https:\/\/bf-on-tour.de\/k-18\/wp-content\/uploads\/sites\/17\/2018\/09\/Stone1-Komposition-300x300.jpg\" alt=\"\" width=\"300\" height=\"300\" srcset=\"https:\/\/bf-on-tour.de\/k-18\/wp-content\/uploads\/sites\/17\/2018\/09\/Stone1-Komposition-300x300.jpg 300w, https:\/\/bf-on-tour.de\/k-18\/wp-content\/uploads\/sites\/17\/2018\/09\/Stone1-Komposition-150x150.jpg 150w, https:\/\/bf-on-tour.de\/k-18\/wp-content\/uploads\/sites\/17\/2018\/09\/Stone1-Komposition.jpg 640w\" sizes=\"auto, (max-width: 300px) 85vw, 300px\" \/><\/p>\n<p>Letztendlich ist es auch egal. Wir sind keine Arch\u00e4ologen und haben auch kein inniges Verh\u00e4ltnis zum Druidentum (dem Stonehenge von denjenigen zugeschrieben wird, denen es gleichg\u00fcltig ist, dass Druiden erst viel sp\u00e4ter entstanden sind, die aber gern einmal im Jahr zur Sonnenwende hierher kommen, um zu feiern (man stellt bereits Toilettencontainer auf&#8230;).<\/p>\n<p>Damit ist der Sinn dieser St\u00e4tte f\u00fcr uns unbedeutend. Bedeutend ist allerdings, dass hier Generationen von Menschen mit ihrer Arbeitskraft ein Monument erschaffen haben, das nach derart langer Zeit ihre Nachfahren noch immer in Bewunderung versetzt. Respekt, Respekt!<\/p>\n<p><a href=\"https:\/\/bf-on-tour.de\/k-18\/p-05\"><img loading=\"lazy\" decoding=\"async\" class=\"alignleft wp-image-21\" src=\"https:\/\/bf-on-tour.de\/k-18\/wp-content\/uploads\/sites\/17\/2018\/09\/zurueck.png\" alt=\"\" width=\"50\" height=\"37\" \/><\/a> <a href=\"https:\/\/bf-on-tour.de\/k-18\/p-07\"><img loading=\"lazy\" decoding=\"async\" class=\"alignright wp-image-20\" src=\"https:\/\/bf-on-tour.de\/k-18\/wp-content\/uploads\/sites\/17\/2018\/09\/weiter.png\" alt=\"\" width=\"50\" height=\"37\" \/><\/a><\/p>\n","protected":false},"excerpt":{"rendered":"<p>Von Dublin bis nach Portland genie\u00dfen wir einen Seetag. Ausschlafen, lange fr\u00fchst\u00fccken, Geschichten schreiben, Mittag essen, d\u00f6sen, wieder Geschichten schreiben, wieder d\u00f6sen, zu Abend essen, einen Cocktail genie\u00dfen und den Tag beschlie\u00dfen. Ich zumindest k\u00f6nnte das tagelang wiederholen. Portland ist die vierte Hafenstadt auf unserer Reise, die den Eindruck macht, Gro\u00dfbritannien habe den Strukturwandel von &hellip; <a href=\"https:\/\/bf-on-tour.de\/k-18\/p-06\/\" class=\"more-link\"><span class=\"screen-reader-text\">\u201eAlte Steine\u201c <\/span>weiterlesen<\/a><\/p>\n","protected":false},"author":1,"featured_media":0,"parent":0,"menu_order":6,"comment_status":"open","ping_status":"closed","template":"","meta":{"footnotes":""},"class_list":["post-109","page","type-page","status-publish","hentry"],"_links":{"self":[{"href":"https:\/\/bf-on-tour.de\/k-18\/wp-json\/wp\/v2\/pages\/109","targetHints":{"allow":["GET"]}}],"collection":[{"href":"https:\/\/bf-on-tour.de\/k-18\/wp-json\/wp\/v2\/pages"}],"about":[{"href":"https:\/\/bf-on-tour.de\/k-18\/wp-json\/wp\/v2\/types\/page"}],"author":[{"embeddable":true,"href":"https:\/\/bf-on-tour.de\/k-18\/wp-json\/wp\/v2\/users\/1"}],"replies":[{"embeddable":true,"href":"https:\/\/bf-on-tour.de\/k-18\/wp-json\/wp\/v2\/comments?post=109"}],"version-history":[{"count":9,"href":"https:\/\/bf-on-tour.de\/k-18\/wp-json\/wp\/v2\/pages\/109\/revisions"}],"predecessor-version":[{"id":177,"href":"https:\/\/bf-on-tour.de\/k-18\/wp-json\/wp\/v2\/pages\/109\/revisions\/177"}],"wp:attachment":[{"href":"https:\/\/bf-on-tour.de\/k-18\/wp-json\/wp\/v2\/media?parent=109"}],"curies":[{"name":"wp","href":"https:\/\/api.w.org\/{rel}","templated":true}]}}