{"id":20,"date":"2018-11-07T13:52:36","date_gmt":"2018-11-07T12:52:36","guid":{"rendered":"http:\/\/blog.family-riders.de\/k-17\/?page_id=20"},"modified":"2020-04-03T11:10:02","modified_gmt":"2020-04-03T09:10:02","slug":"p-01","status":"publish","type":"page","link":"https:\/\/bf-on-tour.de\/k-17\/p-01\/","title":{"rendered":"Reise zu Lord Voldemort"},"content":{"rendered":"<p>Nach allem, was wir in letzter Zeit im Fernsehen gesehen und in den Zeitungen gelesen haben, geht unser heutiger Flug in <i>Lord Voldemorts<\/i> Reich. Meine Mutter hatte noch eins drauf gelegt und mehrfach lautstark darauf hingewiesen, dass wir uns doch bitte nicht verhaften lassen sollen. Wir m\u00fcssten also jetzt, am Anreisetag zur <i>MeinSchiff 1<\/i>, die in Antalya auf uns wartet, um uns durch die Griechischen Inseln zu fahren, sehr aufgeregt und vor allem sehr beunruhigt sein. Haben wir den Zauberstab eingepackt, kennen wir die richtigen Beschw\u00f6rungsformeln?<\/p>\n<p>Andererseits, Seereisen entspannen &#8211; uns jedenfalls. Aufregung? \u00dcberhaupt nicht! Entspannung? Total! Wir fr\u00fchst\u00fccken gut und ausgiebig &#8211; wer wei\u00df, wann es wieder was gibt &#8211; und fahren rechtzeitig zum Flughafen. Je eher wir unsere Koffer loswerden, desto entspannter. Der Zauberstab bleibt vorsichtshalber im Handgep\u00e4ck!<\/p>\n<figure id=\"attachment_25\" aria-describedby=\"caption-attachment-25\" style=\"width: 840px\" class=\"wp-caption aligncenter\"><a href=\"https:\/\/bf-on-tour.de\/k-17\/wp-content\/uploads\/sites\/18\/2018\/10\/01.jpg\" rel=\"lightbox[20]\"><img loading=\"lazy\" decoding=\"async\" class=\"size-large wp-image-25\" src=\"https:\/\/bf-on-tour.de\/k-17\/wp-content\/uploads\/sites\/18\/2018\/10\/01-1024x768.jpg\" alt=\"\" width=\"840\" height=\"630\" srcset=\"https:\/\/bf-on-tour.de\/k-17\/wp-content\/uploads\/sites\/18\/2018\/10\/01-1024x768.jpg 1024w, https:\/\/bf-on-tour.de\/k-17\/wp-content\/uploads\/sites\/18\/2018\/10\/01-300x225.jpg 300w, https:\/\/bf-on-tour.de\/k-17\/wp-content\/uploads\/sites\/18\/2018\/10\/01-768x576.jpg 768w, https:\/\/bf-on-tour.de\/k-17\/wp-content\/uploads\/sites\/18\/2018\/10\/01.jpg 1200w\" sizes=\"auto, (max-width: 709px) 85vw, (max-width: 909px) 67vw, (max-width: 1362px) 62vw, 840px\" \/><\/a><figcaption id=\"caption-attachment-25\" class=\"wp-caption-text\">Hamburg Airport<\/figcaption><\/figure>\n<p>Am Flughafen ist m\u00e4\u00dfig viel los. Der Schalter von <i>Sun Express<\/i> wirkt fast verlassen, wir kommen nahezu sofort dran. Traut sich au\u00dfer uns niemand? Danach st\u00e4rken wir uns mit einen Burger &#8211; nein, nicht im <i>Leaky Cauldron<\/i>, sondern beim Schachtelwirt &#8211; und schauen ein Weilchen den Starts und Landungen von der Aussichtsterrasse zu.<\/p>\n<figure id=\"attachment_26\" aria-describedby=\"caption-attachment-26\" style=\"width: 840px\" class=\"wp-caption aligncenter\"><a href=\"https:\/\/bf-on-tour.de\/k-17\/wp-content\/uploads\/sites\/18\/2018\/10\/02.jpg\" rel=\"lightbox[20]\"><img loading=\"lazy\" decoding=\"async\" class=\"size-large wp-image-26\" src=\"https:\/\/bf-on-tour.de\/k-17\/wp-content\/uploads\/sites\/18\/2018\/10\/02-1024x768.jpg\" alt=\"\" width=\"840\" height=\"630\" srcset=\"https:\/\/bf-on-tour.de\/k-17\/wp-content\/uploads\/sites\/18\/2018\/10\/02-1024x768.jpg 1024w, https:\/\/bf-on-tour.de\/k-17\/wp-content\/uploads\/sites\/18\/2018\/10\/02-300x225.jpg 300w, https:\/\/bf-on-tour.de\/k-17\/wp-content\/uploads\/sites\/18\/2018\/10\/02-768x576.jpg 768w, https:\/\/bf-on-tour.de\/k-17\/wp-content\/uploads\/sites\/18\/2018\/10\/02.jpg 1200w\" sizes=\"auto, (max-width: 709px) 85vw, (max-width: 909px) 67vw, (max-width: 1362px) 62vw, 840px\" \/><\/a><figcaption id=\"caption-attachment-26\" class=\"wp-caption-text\">\u00dcber den Wolken<\/figcaption><\/figure>\n<p>Irgendwann begeben wir uns dann zum Sicherheitscheck, der erstaunlich unkompliziert abl\u00e4uft (ob der Securitymann im Scanner sehen kann, dass ich heute morgen eine saubere Unterhose angezogen habe?), und warten auf das Boarding. Der Flieger ist eine nagelneue Boing 737-800. \u00dcberraschend laut, aber sehr bequem. Nix Sardinenb\u00fcchse. Feine Ledersitze und ausreichend Beinfreiheit! Gegen die 3 1\/2-st\u00fcndige Lebensgeschichte, mit der die Frau in der Reihe hinter uns ihre Sitznachbarin vom Lesen abh\u00e4lt, hilft wieder der Kopfh\u00f6rer. Der Mann dieser derart gequ\u00e4lten sitzt neben mir, l\u00e4chelt still in sich hinein, schl\u00e4ft oder liest ein dickes Buch.<\/p>\n<figure id=\"attachment_27\" aria-describedby=\"caption-attachment-27\" style=\"width: 840px\" class=\"wp-caption aligncenter\"><a href=\"https:\/\/bf-on-tour.de\/k-17\/wp-content\/uploads\/sites\/18\/2018\/10\/03.jpg\" rel=\"lightbox[20]\"><img loading=\"lazy\" decoding=\"async\" class=\"size-large wp-image-27\" src=\"https:\/\/bf-on-tour.de\/k-17\/wp-content\/uploads\/sites\/18\/2018\/10\/03-1024x768.jpg\" alt=\"\" width=\"840\" height=\"630\" srcset=\"https:\/\/bf-on-tour.de\/k-17\/wp-content\/uploads\/sites\/18\/2018\/10\/03-1024x768.jpg 1024w, https:\/\/bf-on-tour.de\/k-17\/wp-content\/uploads\/sites\/18\/2018\/10\/03-300x225.jpg 300w, https:\/\/bf-on-tour.de\/k-17\/wp-content\/uploads\/sites\/18\/2018\/10\/03-768x576.jpg 768w, https:\/\/bf-on-tour.de\/k-17\/wp-content\/uploads\/sites\/18\/2018\/10\/03.jpg 1200w\" sizes=\"auto, (max-width: 709px) 85vw, (max-width: 909px) 67vw, (max-width: 1362px) 62vw, 840px\" \/><\/a><figcaption id=\"caption-attachment-27\" class=\"wp-caption-text\">Antalya Airport<\/figcaption><\/figure>\n<p>Dann Antalya. Hogwarts sah anders aus. Wir ben\u00f6tigen keinen Zauberstab. Alles l\u00e4uft sachlich, gem\u00e4\u00dfigt freundlich und v\u00f6llig unkompliziert ab. Zollkontrolle, Personalausweis vorzeigen, Einreisestempel erhalten, fertig. Transfer zum Hafen, Zollkontrolle, Personalausweis vorzeigen, Ausreisestempel erhalten. Nach etwa einer Stunde ist unser Ausflug zu dem, dessen Name nicht genannt werden darf wieder beendet. Das Einzige, was bleibt: Man hat uns unterwegs eine Stunde geklaut. Hier kommt die Post zwar nicht mit Eulen, aber die Uhren gehen anders.<\/p>\n<figure id=\"attachment_28\" aria-describedby=\"caption-attachment-28\" style=\"width: 840px\" class=\"wp-caption aligncenter\"><a href=\"https:\/\/bf-on-tour.de\/k-17\/wp-content\/uploads\/sites\/18\/2018\/10\/04.jpg\" rel=\"lightbox[20]\"><img loading=\"lazy\" decoding=\"async\" class=\"size-large wp-image-28\" src=\"https:\/\/bf-on-tour.de\/k-17\/wp-content\/uploads\/sites\/18\/2018\/10\/04-1024x768.jpg\" alt=\"\" width=\"840\" height=\"630\" srcset=\"https:\/\/bf-on-tour.de\/k-17\/wp-content\/uploads\/sites\/18\/2018\/10\/04-1024x768.jpg 1024w, https:\/\/bf-on-tour.de\/k-17\/wp-content\/uploads\/sites\/18\/2018\/10\/04-300x225.jpg 300w, https:\/\/bf-on-tour.de\/k-17\/wp-content\/uploads\/sites\/18\/2018\/10\/04-768x576.jpg 768w, https:\/\/bf-on-tour.de\/k-17\/wp-content\/uploads\/sites\/18\/2018\/10\/04.jpg 1200w\" sizes=\"auto, (max-width: 709px) 85vw, (max-width: 909px) 67vw, (max-width: 1362px) 62vw, 840px\" \/><\/a><figcaption id=\"caption-attachment-28\" class=\"wp-caption-text\">Mein Schiff 1<\/figcaption><\/figure>\n<p>An Bord das \u00dcbliche: Einchecken, Personalausweis abgeben, Kabine beziehen, Rettungs\u00fcbung &#8211; die, wie immer, nicht reibungslos abl\u00e4uft. Man mag sich den Ernstfall nicht vorstellen. Aber egal, unser Tag findet sein Ende beim Auslaufen aus dem Hafen bei einem Caipi und einem Aperol Spritz. V\u00f6llig entspannt, absolut zufrieden! Morgen haben wir einen Seetag. Da kann man in aller Ruhe das Schiff erkunden. Was wollen wir mehr\u2026?<\/p>\n<figure id=\"attachment_29\" aria-describedby=\"caption-attachment-29\" style=\"width: 840px\" class=\"wp-caption aligncenter\"><a href=\"https:\/\/bf-on-tour.de\/k-17\/wp-content\/uploads\/sites\/18\/2018\/10\/05.jpg\" rel=\"lightbox[20]\"><img loading=\"lazy\" decoding=\"async\" class=\"size-large wp-image-29\" src=\"https:\/\/bf-on-tour.de\/k-17\/wp-content\/uploads\/sites\/18\/2018\/10\/05-1024x576.jpg\" alt=\"\" width=\"840\" height=\"473\" srcset=\"https:\/\/bf-on-tour.de\/k-17\/wp-content\/uploads\/sites\/18\/2018\/10\/05-1024x576.jpg 1024w, https:\/\/bf-on-tour.de\/k-17\/wp-content\/uploads\/sites\/18\/2018\/10\/05-300x169.jpg 300w, https:\/\/bf-on-tour.de\/k-17\/wp-content\/uploads\/sites\/18\/2018\/10\/05-768x432.jpg 768w, https:\/\/bf-on-tour.de\/k-17\/wp-content\/uploads\/sites\/18\/2018\/10\/05.jpg 1200w\" sizes=\"auto, (max-width: 709px) 85vw, (max-width: 909px) 67vw, (max-width: 1362px) 62vw, 840px\" \/><\/a><figcaption id=\"caption-attachment-29\" class=\"wp-caption-text\">Tagesausklang in der Au\u00dfenalster-Bar<\/figcaption><\/figure>\n<p><a href=\"https:\/\/bf-on-tour.de\/k-17\/p-02\"><img loading=\"lazy\" decoding=\"async\" class=\"alignright wp-image-23\" src=\"https:\/\/bf-on-tour.de\/k-17\/wp-content\/uploads\/sites\/18\/2018\/10\/weiter.png\" alt=\"\" width=\"50\" height=\"37\" \/><\/a><\/p>\n","protected":false},"excerpt":{"rendered":"<p>Nach allem, was wir in letzter Zeit im Fernsehen gesehen und in den Zeitungen gelesen haben, geht unser heutiger Flug in Lord Voldemorts Reich. Meine Mutter hatte noch eins drauf gelegt und mehrfach lautstark darauf hingewiesen, dass wir uns doch bitte nicht verhaften lassen sollen. Wir m\u00fcssten also jetzt, am Anreisetag zur MeinSchiff 1, die &hellip; <a href=\"https:\/\/bf-on-tour.de\/k-17\/p-01\/\" class=\"more-link\"><span class=\"screen-reader-text\">\u201eReise zu Lord Voldemort\u201c <\/span>weiterlesen<\/a><\/p>\n","protected":false},"author":1,"featured_media":0,"parent":0,"menu_order":0,"comment_status":"open","ping_status":"closed","template":"","meta":{"footnotes":""},"class_list":["post-20","page","type-page","status-publish","hentry"],"_links":{"self":[{"href":"https:\/\/bf-on-tour.de\/k-17\/wp-json\/wp\/v2\/pages\/20","targetHints":{"allow":["GET"]}}],"collection":[{"href":"https:\/\/bf-on-tour.de\/k-17\/wp-json\/wp\/v2\/pages"}],"about":[{"href":"https:\/\/bf-on-tour.de\/k-17\/wp-json\/wp\/v2\/types\/page"}],"author":[{"embeddable":true,"href":"https:\/\/bf-on-tour.de\/k-17\/wp-json\/wp\/v2\/users\/1"}],"replies":[{"embeddable":true,"href":"https:\/\/bf-on-tour.de\/k-17\/wp-json\/wp\/v2\/comments?post=20"}],"version-history":[{"count":5,"href":"https:\/\/bf-on-tour.de\/k-17\/wp-json\/wp\/v2\/pages\/20\/revisions"}],"predecessor-version":[{"id":208,"href":"https:\/\/bf-on-tour.de\/k-17\/wp-json\/wp\/v2\/pages\/20\/revisions\/208"}],"wp:attachment":[{"href":"https:\/\/bf-on-tour.de\/k-17\/wp-json\/wp\/v2\/media?parent=20"}],"curies":[{"name":"wp","href":"https:\/\/api.w.org\/{rel}","templated":true}]}}