{"id":94,"date":"2019-12-23T14:11:15","date_gmt":"2019-12-23T13:11:15","guid":{"rendered":"http:\/\/bf-on-tour.de\/m-2019\/?page_id=94"},"modified":"2020-04-02T15:34:22","modified_gmt":"2020-04-02T13:34:22","slug":"p-04","status":"publish","type":"page","link":"https:\/\/bf-on-tour.de\/irland-2019\/p-04\/","title":{"rendered":"Endspurt zur F\u00e4hre"},"content":{"rendered":"<p>Unsere Fahrt \u00fcber Rouen nach Cherbourg beginnt mit einem franz\u00f6sischen Fr\u00fchst\u00fcck in Reims. Im Hotel steht immer noch \u00fcberall Champagner herum, aber zum Fr\u00fchst\u00fcck gibt\u2019s keinen. Wie geht das denn&#8230;?<span class=\"Apple-converted-space\">\u00a0 <\/span>Na ja, in Frankreich f\u00e4llt Fr\u00fchst\u00fcck eben spartanischer aus als bei uns zu Hause. Da kann man schon froh sein, wenn es mehr gibt als hartes Baguette, Butter und eine Vatertasse bramsigen, zum Trinken ungeeigneten Kaffee. Bedienungsanleitung:<\/p>\n<ol>\n<li>Baguette mit Butter bestreichen.<\/li>\n<li>Baguette mit Butter ausgiebig in den Kaffee tunken.<\/li>\n<li>Durch den aufgesogenen Kaffee weich und genie\u00dfbar gewordenes Baguette aufschlabbern.<\/li>\n<li>Fettaugen auf dem Kaffee ignorieren, er ist ohnehin ungenie\u00dfbar.<\/li>\n<\/ol>\n<p>Derart gest\u00e4rkt begeben wir uns auf die vorletzte Etappe unserer Anreise. Ziel f\u00fcr heute ist Saint-Etienne-du-Rouveray in der N\u00e4he von Rouen, etwa 250 km von Reims entfernt. Dort treffen wir mit Mike und Devil (der eigentlich Uwe hei\u00dft) zusammen, zwei Freunden, die aus NRW angereist kommen und von denen Mike ab dem Abend quasi die Reiseleitung \u00fcbernimmt, denn er ist bereits mehrfach in Irland und in der Gegend gewesen, in der wir demn\u00e4chst bleiben werden, hat die Unterk\u00fcnfte organisiert und kennt die besten Routen dort.<\/p>\n<figure id=\"attachment_101\" aria-describedby=\"caption-attachment-101\" style=\"width: 864px\" class=\"wp-caption aligncenter\"><a href=\"https:\/\/bf-on-tour.de\/m-2019\/wp-content\/uploads\/sites\/22\/2019\/12\/Geradeaus.jpg\" rel=\"lightbox[94]\"><img loading=\"lazy\" decoding=\"async\" class=\"size-full wp-image-101\" src=\"https:\/\/bf-on-tour.de\/m-2019\/wp-content\/uploads\/sites\/22\/2019\/12\/Geradeaus.jpg\" alt=\"geradeaus\" width=\"864\" height=\"489\" srcset=\"https:\/\/bf-on-tour.de\/irland-2019\/wp-content\/uploads\/sites\/22\/2019\/12\/Geradeaus.jpg 864w, https:\/\/bf-on-tour.de\/irland-2019\/wp-content\/uploads\/sites\/22\/2019\/12\/Geradeaus-300x170.jpg 300w, https:\/\/bf-on-tour.de\/irland-2019\/wp-content\/uploads\/sites\/22\/2019\/12\/Geradeaus-768x435.jpg 768w\" sizes=\"auto, (max-width: 709px) 85vw, (max-width: 909px) 67vw, (max-width: 1362px) 62vw, 840px\" \/><\/a><figcaption id=\"caption-attachment-101\" class=\"wp-caption-text\">Frankreichs Norden: Ziemlich langweilig, immer geradeaus!<\/figcaption><\/figure>\n<p>Aber bis dahin m\u00fcssen wir erst einmal die wahrhaft uns\u00e4gliche N31 ertragen. Meist schnurgerade und daher mit einem Aufmerksamkeitswert nahe Null f\u00fchrt sie uns durch eine Landschaft, in der man nicht gewesen sein und durch D\u00f6rfer, die niemand gesehen haben muss. Mit anderen Worten, dieser Tag bietet wirklich nichts f\u00fcr\u2019s Auge!<\/p>\n<p>Irgendwann umfahren wir Compi\u00e9gne und ich erinnere mich schwach an einen Wald mit einem Eisenbahnwaggon. Wieder so ein St\u00fcck Weltgeschichte. Aber Heute reicht es nicht, meine Phantasie der Monotonie dieser Stra\u00dfe zu entrei\u00dfen&#8230;<\/p>\n<figure id=\"attachment_103\" aria-describedby=\"caption-attachment-103\" style=\"width: 864px\" class=\"wp-caption aligncenter\"><a href=\"https:\/\/bf-on-tour.de\/m-2019\/wp-content\/uploads\/sites\/22\/2019\/12\/Hotel.jpg\" rel=\"lightbox[94]\"><img loading=\"lazy\" decoding=\"async\" class=\"size-full wp-image-103\" src=\"https:\/\/bf-on-tour.de\/m-2019\/wp-content\/uploads\/sites\/22\/2019\/12\/Hotel.jpg\" alt=\"Hotel\" width=\"864\" height=\"480\" srcset=\"https:\/\/bf-on-tour.de\/irland-2019\/wp-content\/uploads\/sites\/22\/2019\/12\/Hotel.jpg 864w, https:\/\/bf-on-tour.de\/irland-2019\/wp-content\/uploads\/sites\/22\/2019\/12\/Hotel-300x167.jpg 300w, https:\/\/bf-on-tour.de\/irland-2019\/wp-content\/uploads\/sites\/22\/2019\/12\/Hotel-768x427.jpg 768w\" sizes=\"auto, (max-width: 709px) 85vw, (max-width: 909px) 67vw, (max-width: 1362px) 62vw, 840px\" \/><\/a><figcaption id=\"caption-attachment-103\" class=\"wp-caption-text\">Einfach, aber zweckm\u00e4\u00dfig: Ein Containerhotel (f\u00fcr eine Nacht)<\/figcaption><\/figure>\n<p>Gegen 15:00 Uhr treffen wir matt und m\u00fcde in Saint-Etienne ein, finden den Treffunkt, ein einfaches, aber zweckm\u00e4\u00dfiges Hotel, auf Anhieb. Da Mike und Devil erst gegen 18:30 Uhr ankommen, bleibt uns Zeit zum Ausd\u00fcnsten. Dann gibt\u2019s ein gutes Abendessen, eine ziemlich ausgedehnte Kl\u00f6hnrunde, in der die ersten Biere vernichtet werden, und eine gute Nacht.<\/p>\n<figure id=\"attachment_99\" aria-describedby=\"caption-attachment-99\" style=\"width: 864px\" class=\"wp-caption aligncenter\"><a href=\"https:\/\/bf-on-tour.de\/m-2019\/wp-content\/uploads\/sites\/22\/2019\/12\/Cherbourg.jpg\" rel=\"lightbox[94]\"><img loading=\"lazy\" decoding=\"async\" class=\"size-full wp-image-99\" src=\"https:\/\/bf-on-tour.de\/m-2019\/wp-content\/uploads\/sites\/22\/2019\/12\/Cherbourg.jpg\" alt=\"Cherbourg\" width=\"864\" height=\"488\" srcset=\"https:\/\/bf-on-tour.de\/irland-2019\/wp-content\/uploads\/sites\/22\/2019\/12\/Cherbourg.jpg 864w, https:\/\/bf-on-tour.de\/irland-2019\/wp-content\/uploads\/sites\/22\/2019\/12\/Cherbourg-300x169.jpg 300w, https:\/\/bf-on-tour.de\/irland-2019\/wp-content\/uploads\/sites\/22\/2019\/12\/Cherbourg-768x434.jpg 768w\" sizes=\"auto, (max-width: 709px) 85vw, (max-width: 909px) 67vw, (max-width: 1362px) 62vw, 840px\" \/><\/a><figcaption id=\"caption-attachment-99\" class=\"wp-caption-text\">Ankunft in Cherbourg<\/figcaption><\/figure>\n<p>Freitag verl\u00e4uft in etwa ebenso interessant wie Donnerstag, denn heute geht\u2019s \u00fcber die E46, die bis Caen Autobahn und dann Landstra\u00dfe ist, Richtung Cherbourg. Dort wartet die F\u00e4hre nach Dublin auf uns.<\/p>\n<figure id=\"attachment_102\" aria-describedby=\"caption-attachment-102\" style=\"width: 864px\" class=\"wp-caption aligncenter\"><a href=\"https:\/\/bf-on-tour.de\/m-2019\/wp-content\/uploads\/sites\/22\/2019\/12\/warten.jpg\" rel=\"lightbox[94]\"><img loading=\"lazy\" decoding=\"async\" class=\"size-full wp-image-102\" src=\"https:\/\/bf-on-tour.de\/m-2019\/wp-content\/uploads\/sites\/22\/2019\/12\/warten.jpg\" alt=\"Warten auf die F\u00e4hre\" width=\"864\" height=\"520\" srcset=\"https:\/\/bf-on-tour.de\/irland-2019\/wp-content\/uploads\/sites\/22\/2019\/12\/warten.jpg 864w, https:\/\/bf-on-tour.de\/irland-2019\/wp-content\/uploads\/sites\/22\/2019\/12\/warten-300x181.jpg 300w, https:\/\/bf-on-tour.de\/irland-2019\/wp-content\/uploads\/sites\/22\/2019\/12\/warten-768x462.jpg 768w\" sizes=\"auto, (max-width: 709px) 85vw, (max-width: 909px) 67vw, (max-width: 1362px) 62vw, 840px\" \/><\/a><figcaption id=\"caption-attachment-102\" class=\"wp-caption-text\">Wir warten auf die F\u00e4hre<\/figcaption><\/figure>\n<p>Rechtzeitig anzukommen, verhindert Stress! Wir sind rechtzeitig angekommen, warten nach dem Check-In noch ein Weilchen bis zum Verladen, rollen auf die F\u00e4hre, beziehen die Kabine (diesmal sogar eine mit Fenster!), essen etwas und ruhen uns von diesem \u201eereignisreichen\u201c Tag ein wenig aus. Um 19:00 Uhr ist Treffen in der vorderen Schiffsbar zum ersten gemeinsamen Guinness angesagt.<\/p>\n<figure id=\"attachment_100\" aria-describedby=\"caption-attachment-100\" style=\"width: 864px\" class=\"wp-caption aligncenter\"><a href=\"https:\/\/bf-on-tour.de\/m-2019\/wp-content\/uploads\/sites\/22\/2019\/12\/Faehre.jpg\" rel=\"lightbox[94]\"><img loading=\"lazy\" decoding=\"async\" class=\"size-full wp-image-100\" src=\"https:\/\/bf-on-tour.de\/m-2019\/wp-content\/uploads\/sites\/22\/2019\/12\/Faehre.jpg\" alt=\"F\u00e4hre\" width=\"864\" height=\"505\" srcset=\"https:\/\/bf-on-tour.de\/irland-2019\/wp-content\/uploads\/sites\/22\/2019\/12\/Faehre.jpg 864w, https:\/\/bf-on-tour.de\/irland-2019\/wp-content\/uploads\/sites\/22\/2019\/12\/Faehre-300x175.jpg 300w, https:\/\/bf-on-tour.de\/irland-2019\/wp-content\/uploads\/sites\/22\/2019\/12\/Faehre-768x449.jpg 768w\" sizes=\"auto, (max-width: 709px) 85vw, (max-width: 909px) 67vw, (max-width: 1362px) 62vw, 840px\" \/><\/a><figcaption id=\"caption-attachment-100\" class=\"wp-caption-text\">Auffahrt zum Autodeck der F\u00e4hre nach Dublin<\/figcaption><\/figure>\n<p><a href=\"https:\/\/bf-on-tour.de\/m-2019\/wp-content\/uploads\/sites\/22\/2019\/12\/bier.jpg\" rel=\"lightbox[94]\"><img loading=\"lazy\" decoding=\"async\" class=\"alignleft wp-image-98\" src=\"https:\/\/bf-on-tour.de\/m-2019\/wp-content\/uploads\/sites\/22\/2019\/12\/bier-168x300.jpg\" alt=\"Guinness\" width=\"140\" height=\"250\" srcset=\"https:\/\/bf-on-tour.de\/irland-2019\/wp-content\/uploads\/sites\/22\/2019\/12\/bier-168x300.jpg 168w, https:\/\/bf-on-tour.de\/irland-2019\/wp-content\/uploads\/sites\/22\/2019\/12\/bier.jpg 485w\" sizes=\"auto, (max-width: 140px) 85vw, 140px\" \/><\/a><\/p>\n<p>\u201cHabt Ihr verschlafen? 19:00 Uhr war vor\u2019m letzten Bier!\u201c Es ergibt sich eine spannende Diskussion \u00fcber die Schiffszeit, Irische Zeit, kontinentale Zeit, unsere Uhren \u00a0und \u00fcber Zeit an sich.<\/p>\n<p>Im Laufe des zweiten bzw. dritten Guinness beginnen derweil zwei Musiker irische Lieder darzubieten. Und nachdem diese allgemein als gut ertr\u00e4glich klassifiziert wurden, beschlie\u00dfen wir den Tag in bester Einstimmung auf die n\u00e4chsten \u00a0zwei Wochen.<\/p>\n<p>Adieu Frankreich, adieu Festland, Gute Nacht Irish Ferries!<\/p>\n<p>Irland, wir kommen!<\/p>\n<p><a href=\"https:\/\/bf-on-tour.de\/irland-2019\/p-03\"><img loading=\"lazy\" decoding=\"async\" class=\"alignleft wp-image-47\" src=\"https:\/\/bf-on-tour.de\/m-2019\/wp-content\/uploads\/sites\/22\/2019\/12\/zurueck.png\" alt=\"\" width=\"50\" height=\"37\" \/><\/a> <a href=\"https:\/\/bf-on-tour.de\/irland-2019\/p-05\"><img loading=\"lazy\" decoding=\"async\" class=\"alignright wp-image-46\" src=\"https:\/\/bf-on-tour.de\/m-2019\/wp-content\/uploads\/sites\/22\/2019\/12\/weiter.png\" alt=\"\" width=\"50\" height=\"37\" \/><\/a><\/p>\n","protected":false},"excerpt":{"rendered":"<p>Unsere Fahrt \u00fcber Rouen nach Cherbourg beginnt mit einem franz\u00f6sischen Fr\u00fchst\u00fcck in Reims. Im Hotel steht immer noch \u00fcberall Champagner herum, aber zum Fr\u00fchst\u00fcck gibt\u2019s keinen. Wie geht das denn&#8230;?\u00a0 Na ja, in Frankreich f\u00e4llt Fr\u00fchst\u00fcck eben spartanischer aus als bei uns zu Hause. Da kann man schon froh sein, wenn es mehr gibt als &hellip; <a href=\"https:\/\/bf-on-tour.de\/irland-2019\/p-04\/\" class=\"more-link\"><span class=\"screen-reader-text\">\u201eEndspurt zur F\u00e4hre\u201c <\/span>weiterlesen<\/a><\/p>\n","protected":false},"author":1,"featured_media":0,"parent":0,"menu_order":3,"comment_status":"open","ping_status":"open","template":"","meta":{"footnotes":""},"class_list":["post-94","page","type-page","status-publish","hentry"],"yoast_head":"<!-- This site is optimized with the Yoast SEO plugin v27.1.1 - https:\/\/yoast.com\/product\/yoast-seo-wordpress\/ -->\n<title>Endspurt zur F\u00e4hre - (Motorrad-Reisebericht: Irland 2019)<\/title>\n<meta name=\"description\" content=\"Die letzten zwei Tage unserer Anreise. Von Reims geht es nach Rouen, zum Treffen mit Freunden, und anschlie\u00dfend weiter nach Cherbourg zur F\u00e4hre.\" \/>\n<meta name=\"robots\" content=\"index, follow, max-snippet:-1, max-image-preview:large, max-video-preview:-1\" \/>\n<link rel=\"canonical\" href=\"https:\/\/bf-on-tour.de\/irland-2019\/p-04\/\" \/>\n<meta property=\"og:locale\" content=\"de_DE\" \/>\n<meta property=\"og:type\" content=\"article\" \/>\n<meta property=\"og:title\" content=\"Endspurt zur F\u00e4hre - (Motorrad-Reisebericht: Irland 2019)\" \/>\n<meta property=\"og:description\" content=\"Die letzten zwei Tage unserer Anreise. Von Reims geht es nach Rouen, zum Treffen mit Freunden, und anschlie\u00dfend weiter nach Cherbourg zur F\u00e4hre.\" \/>\n<meta property=\"og:url\" content=\"https:\/\/bf-on-tour.de\/irland-2019\/p-04\/\" \/>\n<meta property=\"og:site_name\" content=\"Irland\" \/>\n<meta property=\"article:modified_time\" content=\"2020-04-02T13:34:22+00:00\" \/>\n<meta property=\"og:image\" content=\"https:\/\/bf-on-tour.de\/m-2019\/wp-content\/uploads\/sites\/22\/2019\/12\/Geradeaus.jpg\" \/>\n<meta name=\"twitter:card\" content=\"summary_large_image\" \/>\n<meta name=\"twitter:label1\" content=\"Gesch\u00e4tzte Lesezeit\" \/>\n\t<meta name=\"twitter:data1\" content=\"3\u00a0Minuten\" \/>\n<script type=\"application\/ld+json\" class=\"yoast-schema-graph\">{\"@context\":\"https:\/\/schema.org\",\"@graph\":[{\"@type\":\"WebPage\",\"@id\":\"https:\/\/bf-on-tour.de\/irland-2019\/p-04\/\",\"url\":\"https:\/\/bf-on-tour.de\/irland-2019\/p-04\/\",\"name\":\"Endspurt zur F\u00e4hre - (Motorrad-Reisebericht: Irland 2019)\",\"isPartOf\":{\"@id\":\"https:\/\/bf-on-tour.de\/irland-2019\/#website\"},\"primaryImageOfPage\":{\"@id\":\"https:\/\/bf-on-tour.de\/irland-2019\/p-04\/#primaryimage\"},\"image\":{\"@id\":\"https:\/\/bf-on-tour.de\/irland-2019\/p-04\/#primaryimage\"},\"thumbnailUrl\":\"https:\/\/bf-on-tour.de\/m-2019\/wp-content\/uploads\/sites\/22\/2019\/12\/Geradeaus.jpg\",\"datePublished\":\"2019-12-23T13:11:15+00:00\",\"dateModified\":\"2020-04-02T13:34:22+00:00\",\"description\":\"Die letzten zwei Tage unserer Anreise. Von Reims geht es nach Rouen, zum Treffen mit Freunden, und anschlie\u00dfend weiter nach Cherbourg zur F\u00e4hre.\",\"breadcrumb\":{\"@id\":\"https:\/\/bf-on-tour.de\/irland-2019\/p-04\/#breadcrumb\"},\"inLanguage\":\"de\",\"potentialAction\":[{\"@type\":\"ReadAction\",\"target\":[\"https:\/\/bf-on-tour.de\/irland-2019\/p-04\/\"]}]},{\"@type\":\"ImageObject\",\"inLanguage\":\"de\",\"@id\":\"https:\/\/bf-on-tour.de\/irland-2019\/p-04\/#primaryimage\",\"url\":\"https:\/\/bf-on-tour.de\/m-2019\/wp-content\/uploads\/sites\/22\/2019\/12\/Geradeaus.jpg\",\"contentUrl\":\"https:\/\/bf-on-tour.de\/m-2019\/wp-content\/uploads\/sites\/22\/2019\/12\/Geradeaus.jpg\"},{\"@type\":\"BreadcrumbList\",\"@id\":\"https:\/\/bf-on-tour.de\/irland-2019\/p-04\/#breadcrumb\",\"itemListElement\":[{\"@type\":\"ListItem\",\"position\":1,\"name\":\"Startseite\",\"item\":\"https:\/\/bf-on-tour.de\/irland-2019\/\"},{\"@type\":\"ListItem\",\"position\":2,\"name\":\"Endspurt zur F\u00e4hre\"}]},{\"@type\":\"WebSite\",\"@id\":\"https:\/\/bf-on-tour.de\/irland-2019\/#website\",\"url\":\"https:\/\/bf-on-tour.de\/irland-2019\/\",\"name\":\"Irland\",\"description\":\"fr\u00f6hlich melancholisch, gr\u00fcn\",\"potentialAction\":[{\"@type\":\"SearchAction\",\"target\":{\"@type\":\"EntryPoint\",\"urlTemplate\":\"https:\/\/bf-on-tour.de\/irland-2019\/?s={search_term_string}\"},\"query-input\":{\"@type\":\"PropertyValueSpecification\",\"valueRequired\":true,\"valueName\":\"search_term_string\"}}],\"inLanguage\":\"de\"}]}<\/script>\n<!-- \/ Yoast SEO plugin. -->","yoast_head_json":{"title":"Endspurt zur F\u00e4hre - (Motorrad-Reisebericht: Irland 2019)","description":"Die letzten zwei Tage unserer Anreise. Von Reims geht es nach Rouen, zum Treffen mit Freunden, und anschlie\u00dfend weiter nach Cherbourg zur F\u00e4hre.","robots":{"index":"index","follow":"follow","max-snippet":"max-snippet:-1","max-image-preview":"max-image-preview:large","max-video-preview":"max-video-preview:-1"},"canonical":"https:\/\/bf-on-tour.de\/irland-2019\/p-04\/","og_locale":"de_DE","og_type":"article","og_title":"Endspurt zur F\u00e4hre - (Motorrad-Reisebericht: Irland 2019)","og_description":"Die letzten zwei Tage unserer Anreise. Von Reims geht es nach Rouen, zum Treffen mit Freunden, und anschlie\u00dfend weiter nach Cherbourg zur F\u00e4hre.","og_url":"https:\/\/bf-on-tour.de\/irland-2019\/p-04\/","og_site_name":"Irland","article_modified_time":"2020-04-02T13:34:22+00:00","og_image":[{"url":"https:\/\/bf-on-tour.de\/m-2019\/wp-content\/uploads\/sites\/22\/2019\/12\/Geradeaus.jpg","type":"","width":"","height":""}],"twitter_card":"summary_large_image","twitter_misc":{"Gesch\u00e4tzte Lesezeit":"3\u00a0Minuten"},"schema":{"@context":"https:\/\/schema.org","@graph":[{"@type":"WebPage","@id":"https:\/\/bf-on-tour.de\/irland-2019\/p-04\/","url":"https:\/\/bf-on-tour.de\/irland-2019\/p-04\/","name":"Endspurt zur F\u00e4hre - (Motorrad-Reisebericht: Irland 2019)","isPartOf":{"@id":"https:\/\/bf-on-tour.de\/irland-2019\/#website"},"primaryImageOfPage":{"@id":"https:\/\/bf-on-tour.de\/irland-2019\/p-04\/#primaryimage"},"image":{"@id":"https:\/\/bf-on-tour.de\/irland-2019\/p-04\/#primaryimage"},"thumbnailUrl":"https:\/\/bf-on-tour.de\/m-2019\/wp-content\/uploads\/sites\/22\/2019\/12\/Geradeaus.jpg","datePublished":"2019-12-23T13:11:15+00:00","dateModified":"2020-04-02T13:34:22+00:00","description":"Die letzten zwei Tage unserer Anreise. Von Reims geht es nach Rouen, zum Treffen mit Freunden, und anschlie\u00dfend weiter nach Cherbourg zur F\u00e4hre.","breadcrumb":{"@id":"https:\/\/bf-on-tour.de\/irland-2019\/p-04\/#breadcrumb"},"inLanguage":"de","potentialAction":[{"@type":"ReadAction","target":["https:\/\/bf-on-tour.de\/irland-2019\/p-04\/"]}]},{"@type":"ImageObject","inLanguage":"de","@id":"https:\/\/bf-on-tour.de\/irland-2019\/p-04\/#primaryimage","url":"https:\/\/bf-on-tour.de\/m-2019\/wp-content\/uploads\/sites\/22\/2019\/12\/Geradeaus.jpg","contentUrl":"https:\/\/bf-on-tour.de\/m-2019\/wp-content\/uploads\/sites\/22\/2019\/12\/Geradeaus.jpg"},{"@type":"BreadcrumbList","@id":"https:\/\/bf-on-tour.de\/irland-2019\/p-04\/#breadcrumb","itemListElement":[{"@type":"ListItem","position":1,"name":"Startseite","item":"https:\/\/bf-on-tour.de\/irland-2019\/"},{"@type":"ListItem","position":2,"name":"Endspurt zur F\u00e4hre"}]},{"@type":"WebSite","@id":"https:\/\/bf-on-tour.de\/irland-2019\/#website","url":"https:\/\/bf-on-tour.de\/irland-2019\/","name":"Irland","description":"fr\u00f6hlich melancholisch, gr\u00fcn","potentialAction":[{"@type":"SearchAction","target":{"@type":"EntryPoint","urlTemplate":"https:\/\/bf-on-tour.de\/irland-2019\/?s={search_term_string}"},"query-input":{"@type":"PropertyValueSpecification","valueRequired":true,"valueName":"search_term_string"}}],"inLanguage":"de"}]}},"_links":{"self":[{"href":"https:\/\/bf-on-tour.de\/irland-2019\/wp-json\/wp\/v2\/pages\/94","targetHints":{"allow":["GET"]}}],"collection":[{"href":"https:\/\/bf-on-tour.de\/irland-2019\/wp-json\/wp\/v2\/pages"}],"about":[{"href":"https:\/\/bf-on-tour.de\/irland-2019\/wp-json\/wp\/v2\/types\/page"}],"author":[{"embeddable":true,"href":"https:\/\/bf-on-tour.de\/irland-2019\/wp-json\/wp\/v2\/users\/1"}],"replies":[{"embeddable":true,"href":"https:\/\/bf-on-tour.de\/irland-2019\/wp-json\/wp\/v2\/comments?post=94"}],"version-history":[{"count":27,"href":"https:\/\/bf-on-tour.de\/irland-2019\/wp-json\/wp\/v2\/pages\/94\/revisions"}],"predecessor-version":[{"id":356,"href":"https:\/\/bf-on-tour.de\/irland-2019\/wp-json\/wp\/v2\/pages\/94\/revisions\/356"}],"wp:attachment":[{"href":"https:\/\/bf-on-tour.de\/irland-2019\/wp-json\/wp\/v2\/media?parent=94"}],"curies":[{"name":"wp","href":"https:\/\/api.w.org\/{rel}","templated":true}]}}