{"id":63,"date":"2019-12-23T12:02:35","date_gmt":"2019-12-23T11:02:35","guid":{"rendered":"http:\/\/bf-on-tour.de\/m-2019\/?page_id=63"},"modified":"2020-04-02T15:33:58","modified_gmt":"2020-04-02T13:33:58","slug":"p-03","status":"publish","type":"page","link":"https:\/\/bf-on-tour.de\/irland-2019\/p-03\/","title":{"rendered":"Europas Geschichte"},"content":{"rendered":"<p>Luxemburg verabschiedet uns mit einem franz\u00f6sischen Fr\u00fchst\u00fcck, das doch wieder keines ist. Neben Croissants und Baguette gibt es Aufschnitt und K\u00e4se, es gibt Earl-Grey-Tea und der Kaffee ist genie\u00dfbar. Erstaunlich angenehm und scheinbar typisch Luxemburg.<\/p>\n<figure id=\"attachment_66\" aria-describedby=\"caption-attachment-66\" style=\"width: 450px\" class=\"wp-caption alignleft\"><a href=\"https:\/\/bf-on-tour.de\/m-2019\/wp-content\/uploads\/sites\/22\/2019\/12\/Belgien1.jpg\" rel=\"lightbox[63]\"><img loading=\"lazy\" decoding=\"async\" class=\"wp-image-66\" src=\"https:\/\/bf-on-tour.de\/m-2019\/wp-content\/uploads\/sites\/22\/2019\/12\/Belgien1-300x204.jpg\" alt=\"Grenze zu Belgien\" width=\"450\" height=\"305\" srcset=\"https:\/\/bf-on-tour.de\/irland-2019\/wp-content\/uploads\/sites\/22\/2019\/12\/Belgien1-300x204.jpg 300w, https:\/\/bf-on-tour.de\/irland-2019\/wp-content\/uploads\/sites\/22\/2019\/12\/Belgien1-1024x695.jpg 1024w, https:\/\/bf-on-tour.de\/irland-2019\/wp-content\/uploads\/sites\/22\/2019\/12\/Belgien1-768x521.jpg 768w, https:\/\/bf-on-tour.de\/irland-2019\/wp-content\/uploads\/sites\/22\/2019\/12\/Belgien1-1200x814.jpg 1200w, https:\/\/bf-on-tour.de\/irland-2019\/wp-content\/uploads\/sites\/22\/2019\/12\/Belgien1.jpg 1273w\" sizes=\"auto, (max-width: 450px) 85vw, 450px\" \/><\/a><figcaption id=\"caption-attachment-66\" class=\"wp-caption-text\">Luxemburg ist schon wieder zu Ende&#8230;<\/figcaption><\/figure>\n<p>Der Weg nach Belgien ist nicht weit. Von West nach Ost ist das Land noch k\u00fcrzer als von Nord nach S\u00fcd. Kaum hat man den Landesnamen zu Ende gedacht, ist man auch schon wieder raus. Da wir gestern noch den einen Cache gefunden haben, der uns auch dieses Land als besucht kennzeichnen wird, freuen wir uns jetzt auf den kleinen Zipfel von Belgien, den wir vor der franz\u00f6sischen Grenze durchfahren wollen.<\/p>\n<p>\u201eSedan\u201c steht auf einem Wegweiser. Ich erinnere mich, irgendwann einmal, vor vielen Jahren, dort gewesen zu sein &#8211; auf dem Deutsch\/Franz\u00f6sischen Schlachtfeld von 1870\/71. Keine angenehme Erinnerung. Und ja, es passt: Die Landschaft hier sieht so \u00e4hnlich aus &#8211; trotz Belgien. Sedan ist eben nicht weit weg.<\/p>\n<figure id=\"attachment_68\" aria-describedby=\"caption-attachment-68\" style=\"width: 238px\" class=\"wp-caption alignright\"><a href=\"https:\/\/bf-on-tour.de\/m-2019\/wp-content\/uploads\/sites\/22\/2019\/12\/Franz-u-Otto-Benn.jpg\" rel=\"lightbox[63]\"><img loading=\"lazy\" decoding=\"async\" class=\"size-full wp-image-68\" src=\"https:\/\/bf-on-tour.de\/m-2019\/wp-content\/uploads\/sites\/22\/2019\/12\/Franz-u-Otto-Benn.jpg\" alt=\"Soldaten WW1\" width=\"238\" height=\"333\" srcset=\"https:\/\/bf-on-tour.de\/irland-2019\/wp-content\/uploads\/sites\/22\/2019\/12\/Franz-u-Otto-Benn.jpg 238w, https:\/\/bf-on-tour.de\/irland-2019\/wp-content\/uploads\/sites\/22\/2019\/12\/Franz-u-Otto-Benn-214x300.jpg 214w\" sizes=\"auto, (max-width: 238px) 85vw, 238px\" \/><\/a><figcaption id=\"caption-attachment-68\" class=\"wp-caption-text\">Franz und Otto Benn als WW1-Soldat<\/figcaption><\/figure>\n<p>Und dann ist es auch schon wieder vorbei mit K\u00f6nig Philippes Reich. Wir sind in Frankreich. Landschaftlich hat sich kaum etwas ge\u00e4ndert. Weite Felder, vereinzelte kleine W\u00e4ldchen, kaum D\u00f6rfer, leicht h\u00fcgelig das Ganze, nichts wirklich f\u00fcr\u2019s Auge. Dann ein Wegweiser mit der Aufschrift \u201eVerdun\u201c. Verdammt, nimmt das denn gar kein Ende?<\/p>\n<p>Pl\u00f6tzlich \u201esehe\u201c ich die Gr\u00e4ben, die Stacheldrahtverhaue, die Granattrichter im Gel\u00e4nde. B\u00fcsche und W\u00e4ldchen werden zu Gefechtsschutz, H\u00fcgel zu strategischen Anh\u00f6hen. Ich erinnere mich an ein altes Foto aus dem Bestand meiner Familie. Es zeigt zwei von f\u00fcnf Br\u00fcdern, die f\u00fcr den Kaiser in den Krieg geschickt wurden; wenig begeisterter Gesichtsausdruck, Gewehr, Uniform, Tornister. Drei der f\u00fcnf waren damals keine 20 Jahre alt; sie sind es nie geworden. Was f\u00fcr ein Wahnsinn.<\/p>\n<figure id=\"attachment_81\" aria-describedby=\"caption-attachment-81\" style=\"width: 450px\" class=\"wp-caption alignleft\"><a href=\"https:\/\/bf-on-tour.de\/m-2019\/wp-content\/uploads\/sites\/22\/2019\/12\/Verdun1.jpg\" rel=\"lightbox[63]\"><img loading=\"lazy\" decoding=\"async\" class=\"wp-image-81\" src=\"https:\/\/bf-on-tour.de\/m-2019\/wp-content\/uploads\/sites\/22\/2019\/12\/Verdun1-1024x566.jpg\" alt=\"Wegweiser Verdun\" width=\"450\" height=\"249\" srcset=\"https:\/\/bf-on-tour.de\/irland-2019\/wp-content\/uploads\/sites\/22\/2019\/12\/Verdun1-1024x566.jpg 1024w, https:\/\/bf-on-tour.de\/irland-2019\/wp-content\/uploads\/sites\/22\/2019\/12\/Verdun1-300x166.jpg 300w, https:\/\/bf-on-tour.de\/irland-2019\/wp-content\/uploads\/sites\/22\/2019\/12\/Verdun1-768x424.jpg 768w, https:\/\/bf-on-tour.de\/irland-2019\/wp-content\/uploads\/sites\/22\/2019\/12\/Verdun1-1536x849.jpg 1536w, https:\/\/bf-on-tour.de\/irland-2019\/wp-content\/uploads\/sites\/22\/2019\/12\/Verdun1-1200x663.jpg 1200w, https:\/\/bf-on-tour.de\/irland-2019\/wp-content\/uploads\/sites\/22\/2019\/12\/Verdun1.jpg 1564w\" sizes=\"auto, (max-width: 450px) 85vw, 450px\" \/><\/a><figcaption id=\"caption-attachment-81\" class=\"wp-caption-text\">Wegweiser in die Geschichte!<\/figcaption><\/figure>\n<p>Die Stra\u00dfen sind ziemlich gerade, es gibt nicht viel, auf das man achten m\u00fcsste. Ich frage mich, warum immer gerade hier Krieg gef\u00fchrt wurde? Selbst die R\u00f6mer waren bereits in dieser Gegend, in der au\u00dfer Champagner doch offensichtlich so wenig zu holen ist.<\/p>\n<p>Hier und jetzt, also 50 Jahre sp\u00e4ter muss ich eingestehen, dass die monotonen Monologe meines Geschichtslehrers immer in direkter Konkurrenz standen zu Morpheus\u2019 Werben, ihm f\u00fcr die n\u00e4chsten 45 Minuten in sein Reich zu folgen. Ein ungleicher Kampf, den der Lehrer nie gewinnen konnte. Insofern m\u00fcsste ich ihm jetzt Abbitte tun, mir Asche aufs Haupt streuen &#8211; und\/oder bei Wikipedia nachschauen. Geht aber nicht, freih\u00e4ndig fahren ist nicht erlaubt.<\/p>\n<p>Aber ich \u201esehe\u201c auch Parallelen, wenn die \u201eNeuen\u201c im politischen Gremium geschlossen mit dunkler Hose, wei\u00dfem Hemd, blauer Krawatte, eingesticktem Parteilogo auf der einen und ihrem Namen auf der anderen Kragenspitze erscheinen. So signalisiert man: Seht her, Ihr geh\u00f6rt nicht dazu! Wir (!) sind die Vertreter von Disziplin, Recht und Ordnung!<\/p>\n<p>Es bedarf keines gro\u00dfartigen Geschichtsunterrichts, um die Gefahr zu erkennen, die hinter diesem Signal lauert. Wie gro\u00df sie ist, zeigt das Schulexperiment &#8222;<a href=\"https:\/\/www.spiegel.de\/geschichte\/schul-experiment-die-welle-a-946745.html\">Die dritte Welle<\/a>&#8220; aus den USA. Und f\u00fcr alles Weitere reicht es, mit Eltern oder Gro\u00dfeltern zu sprechen!<\/p>\n<figure id=\"attachment_72\" aria-describedby=\"caption-attachment-72\" style=\"width: 580px\" class=\"wp-caption aligncenter\"><a href=\"https:\/\/bf-on-tour.de\/m-2019\/wp-content\/uploads\/sites\/22\/2019\/12\/Reims1.jpg\" rel=\"lightbox[63]\"><img loading=\"lazy\" decoding=\"async\" class=\"size-full wp-image-72\" src=\"https:\/\/bf-on-tour.de\/m-2019\/wp-content\/uploads\/sites\/22\/2019\/12\/Reims1.jpg\" alt=\"Kathedrale von Reims\" width=\"580\" height=\"864\" srcset=\"https:\/\/bf-on-tour.de\/irland-2019\/wp-content\/uploads\/sites\/22\/2019\/12\/Reims1.jpg 580w, https:\/\/bf-on-tour.de\/irland-2019\/wp-content\/uploads\/sites\/22\/2019\/12\/Reims1-201x300.jpg 201w\" sizes=\"auto, (max-width: 580px) 85vw, 580px\" \/><\/a><figcaption id=\"caption-attachment-72\" class=\"wp-caption-text\">Die m\u00e4chtige Kathedrale von Reims<\/figcaption><\/figure>\n<p>Gegen Nachmittag erreichen wir Reims und im Hotel steht der Champagner herum, wie anderswo Wasser oder Brause. Nur, bezahlen muss man ihn trotzdem &#8211; und zwar nicht zu knapp.<\/p>\n<p>Wir machen uns auf den Weg zur Kathedrale, einem der imposantesten gotischen Bauwerke Frankreichs, in dem 700 Jahre die franz\u00f6sischen K\u00f6nige gekr\u00f6nt wurden und das seit 1991 Weltkulturerbe ist. Da hat es also doch noch mit dem Besuch eines solchen Erbst\u00fccks geklappt.<\/p>\n<figure id=\"attachment_78\" aria-describedby=\"caption-attachment-78\" style=\"width: 864px\" class=\"wp-caption aligncenter\"><a href=\"https:\/\/bf-on-tour.de\/m-2019\/wp-content\/uploads\/sites\/22\/2019\/12\/Reims2a.jpg\" rel=\"lightbox[63]\"><img loading=\"lazy\" decoding=\"async\" class=\"size-full wp-image-78\" src=\"https:\/\/bf-on-tour.de\/m-2019\/wp-content\/uploads\/sites\/22\/2019\/12\/Reims2a.jpg\" alt=\"Marienstatue\" width=\"864\" height=\"864\" srcset=\"https:\/\/bf-on-tour.de\/irland-2019\/wp-content\/uploads\/sites\/22\/2019\/12\/Reims2a.jpg 864w, https:\/\/bf-on-tour.de\/irland-2019\/wp-content\/uploads\/sites\/22\/2019\/12\/Reims2a-300x300.jpg 300w, https:\/\/bf-on-tour.de\/irland-2019\/wp-content\/uploads\/sites\/22\/2019\/12\/Reims2a-150x150.jpg 150w, https:\/\/bf-on-tour.de\/irland-2019\/wp-content\/uploads\/sites\/22\/2019\/12\/Reims2a-768x768.jpg 768w\" sizes=\"auto, (max-width: 709px) 85vw, (max-width: 909px) 67vw, (max-width: 1362px) 62vw, 840px\" \/><\/a><figcaption id=\"caption-attachment-78\" class=\"wp-caption-text\">Marienstatue in einer der vielen Seitenkapellen der Kathedrale<\/figcaption><\/figure>\n<p>Drinnen ist es dunkel. Ein wenig so, wie im K\u00f6lner Dom. Man muss sich erst gew\u00f6hnen. Dann aber, entdeckt man die Sch\u00f6nheit der Details, der wundervollen Kirchenfenster, der Seitenkapellen mit ihren Heiligenfiguren und das stimmungsvolle Licht, der von den Gl\u00e4ubigen entz\u00fcndeten Opferkerzen. Wenn dazu noch leise Orgelmusik durch das Kirchenschiff schwebt&#8230; Das hat schon was!<\/p>\n<figure id=\"attachment_80\" aria-describedby=\"caption-attachment-80\" style=\"width: 757px\" class=\"wp-caption aligncenter\"><a href=\"https:\/\/bf-on-tour.de\/m-2019\/wp-content\/uploads\/sites\/22\/2019\/12\/Reims3.jpg\" rel=\"lightbox[63]\"><img loading=\"lazy\" decoding=\"async\" class=\"wp-image-80 size-full\" src=\"https:\/\/bf-on-tour.de\/m-2019\/wp-content\/uploads\/sites\/22\/2019\/12\/Reims3.jpg\" alt=\"Kirchenfenster\" width=\"757\" height=\"864\" srcset=\"https:\/\/bf-on-tour.de\/irland-2019\/wp-content\/uploads\/sites\/22\/2019\/12\/Reims3.jpg 757w, https:\/\/bf-on-tour.de\/irland-2019\/wp-content\/uploads\/sites\/22\/2019\/12\/Reims3-263x300.jpg 263w\" sizes=\"auto, (max-width: 757px) 85vw, 757px\" \/><\/a><figcaption id=\"caption-attachment-80\" class=\"wp-caption-text\">Ein Beispiel f\u00fcr die wundervollen Kirchenfenster<\/figcaption><\/figure>\n<p>Wir beschlie\u00dfen den Tag in einem der zahlreichen Bistros, wenden uns wieder unserem Champagnerhotel zu und sagen dieser sch\u00f6nen Stadt \u201eGute Nacht\u201c.<\/p>\n<p><a href=\"https:\/\/bf-on-tour.de\/m-2019\/p-02\"><img loading=\"lazy\" decoding=\"async\" class=\"alignleft wp-image-47\" src=\"https:\/\/bf-on-tour.de\/m-2019\/wp-content\/uploads\/sites\/22\/2019\/12\/zurueck.png\" alt=\"\" width=\"50\" height=\"37\" \/><\/a> <a href=\"https:\/\/bf-on-tour.de\/irland-2019\/p-04\"><img loading=\"lazy\" decoding=\"async\" class=\"alignright wp-image-46\" src=\"https:\/\/bf-on-tour.de\/m-2019\/wp-content\/uploads\/sites\/22\/2019\/12\/weiter.png\" alt=\"\" width=\"50\" height=\"37\" \/><\/a><\/p>\n","protected":false},"excerpt":{"rendered":"<p>Luxemburg verabschiedet uns mit einem franz\u00f6sischen Fr\u00fchst\u00fcck, das doch wieder keines ist. Neben Croissants und Baguette gibt es Aufschnitt und K\u00e4se, es gibt Earl-Grey-Tea und der Kaffee ist genie\u00dfbar. Erstaunlich angenehm und scheinbar typisch Luxemburg. Der Weg nach Belgien ist nicht weit. Von West nach Ost ist das Land noch k\u00fcrzer als von Nord nach &hellip; <a href=\"https:\/\/bf-on-tour.de\/irland-2019\/p-03\/\" class=\"more-link\"><span class=\"screen-reader-text\">\u201eEuropas Geschichte\u201c <\/span>weiterlesen<\/a><\/p>\n","protected":false},"author":1,"featured_media":0,"parent":0,"menu_order":2,"comment_status":"open","ping_status":"open","template":"","meta":{"footnotes":""},"class_list":["post-63","page","type-page","status-publish","hentry"],"yoast_head":"<!-- This site is optimized with the Yoast SEO plugin v27.1.1 - https:\/\/yoast.com\/product\/yoast-seo-wordpress\/ -->\n<title>Europas Geschichte - (Motorrad-Reisebericht: Irland 2019)<\/title>\n<meta name=\"description\" content=\"Am dritten Tag unserer Anreise nach Irland fahren wir quasi durch Europas Geschichte. Sedan, Verdun und Reims sind St\u00e4dtenamen, die unvergessen bleiben.\" \/>\n<meta name=\"robots\" content=\"index, follow, max-snippet:-1, max-image-preview:large, max-video-preview:-1\" \/>\n<link rel=\"canonical\" href=\"https:\/\/bf-on-tour.de\/irland-2019\/p-03\/\" \/>\n<meta property=\"og:locale\" content=\"de_DE\" \/>\n<meta property=\"og:type\" content=\"article\" \/>\n<meta property=\"og:title\" content=\"Europas Geschichte - (Motorrad-Reisebericht: Irland 2019)\" \/>\n<meta property=\"og:description\" content=\"Am dritten Tag unserer Anreise nach Irland fahren wir quasi durch Europas Geschichte. Sedan, Verdun und Reims sind St\u00e4dtenamen, die unvergessen bleiben.\" \/>\n<meta property=\"og:url\" content=\"https:\/\/bf-on-tour.de\/irland-2019\/p-03\/\" \/>\n<meta property=\"og:site_name\" content=\"Irland\" \/>\n<meta property=\"article:modified_time\" content=\"2020-04-02T13:33:58+00:00\" \/>\n<meta property=\"og:image\" content=\"https:\/\/bf-on-tour.de\/m-2019\/wp-content\/uploads\/sites\/22\/2019\/12\/Belgien1-300x204.jpg\" \/>\n<meta name=\"twitter:card\" content=\"summary_large_image\" \/>\n<meta name=\"twitter:label1\" content=\"Gesch\u00e4tzte Lesezeit\" \/>\n\t<meta name=\"twitter:data1\" content=\"4\u00a0Minuten\" \/>\n<script type=\"application\/ld+json\" class=\"yoast-schema-graph\">{\"@context\":\"https:\/\/schema.org\",\"@graph\":[{\"@type\":\"WebPage\",\"@id\":\"https:\/\/bf-on-tour.de\/irland-2019\/p-03\/\",\"url\":\"https:\/\/bf-on-tour.de\/irland-2019\/p-03\/\",\"name\":\"Europas Geschichte - (Motorrad-Reisebericht: Irland 2019)\",\"isPartOf\":{\"@id\":\"https:\/\/bf-on-tour.de\/irland-2019\/#website\"},\"primaryImageOfPage\":{\"@id\":\"https:\/\/bf-on-tour.de\/irland-2019\/p-03\/#primaryimage\"},\"image\":{\"@id\":\"https:\/\/bf-on-tour.de\/irland-2019\/p-03\/#primaryimage\"},\"thumbnailUrl\":\"https:\/\/bf-on-tour.de\/m-2019\/wp-content\/uploads\/sites\/22\/2019\/12\/Belgien1-300x204.jpg\",\"datePublished\":\"2019-12-23T11:02:35+00:00\",\"dateModified\":\"2020-04-02T13:33:58+00:00\",\"description\":\"Am dritten Tag unserer Anreise nach Irland fahren wir quasi durch Europas Geschichte. Sedan, Verdun und Reims sind St\u00e4dtenamen, die unvergessen bleiben.\",\"breadcrumb\":{\"@id\":\"https:\/\/bf-on-tour.de\/irland-2019\/p-03\/#breadcrumb\"},\"inLanguage\":\"de\",\"potentialAction\":[{\"@type\":\"ReadAction\",\"target\":[\"https:\/\/bf-on-tour.de\/irland-2019\/p-03\/\"]}]},{\"@type\":\"ImageObject\",\"inLanguage\":\"de\",\"@id\":\"https:\/\/bf-on-tour.de\/irland-2019\/p-03\/#primaryimage\",\"url\":\"https:\/\/bf-on-tour.de\/m-2019\/wp-content\/uploads\/sites\/22\/2019\/12\/Belgien1-300x204.jpg\",\"contentUrl\":\"https:\/\/bf-on-tour.de\/m-2019\/wp-content\/uploads\/sites\/22\/2019\/12\/Belgien1-300x204.jpg\"},{\"@type\":\"BreadcrumbList\",\"@id\":\"https:\/\/bf-on-tour.de\/irland-2019\/p-03\/#breadcrumb\",\"itemListElement\":[{\"@type\":\"ListItem\",\"position\":1,\"name\":\"Startseite\",\"item\":\"https:\/\/bf-on-tour.de\/irland-2019\/\"},{\"@type\":\"ListItem\",\"position\":2,\"name\":\"Europas Geschichte\"}]},{\"@type\":\"WebSite\",\"@id\":\"https:\/\/bf-on-tour.de\/irland-2019\/#website\",\"url\":\"https:\/\/bf-on-tour.de\/irland-2019\/\",\"name\":\"Irland\",\"description\":\"fr\u00f6hlich melancholisch, gr\u00fcn\",\"potentialAction\":[{\"@type\":\"SearchAction\",\"target\":{\"@type\":\"EntryPoint\",\"urlTemplate\":\"https:\/\/bf-on-tour.de\/irland-2019\/?s={search_term_string}\"},\"query-input\":{\"@type\":\"PropertyValueSpecification\",\"valueRequired\":true,\"valueName\":\"search_term_string\"}}],\"inLanguage\":\"de\"}]}<\/script>\n<!-- \/ Yoast SEO plugin. -->","yoast_head_json":{"title":"Europas Geschichte - (Motorrad-Reisebericht: Irland 2019)","description":"Am dritten Tag unserer Anreise nach Irland fahren wir quasi durch Europas Geschichte. Sedan, Verdun und Reims sind St\u00e4dtenamen, die unvergessen bleiben.","robots":{"index":"index","follow":"follow","max-snippet":"max-snippet:-1","max-image-preview":"max-image-preview:large","max-video-preview":"max-video-preview:-1"},"canonical":"https:\/\/bf-on-tour.de\/irland-2019\/p-03\/","og_locale":"de_DE","og_type":"article","og_title":"Europas Geschichte - (Motorrad-Reisebericht: Irland 2019)","og_description":"Am dritten Tag unserer Anreise nach Irland fahren wir quasi durch Europas Geschichte. Sedan, Verdun und Reims sind St\u00e4dtenamen, die unvergessen bleiben.","og_url":"https:\/\/bf-on-tour.de\/irland-2019\/p-03\/","og_site_name":"Irland","article_modified_time":"2020-04-02T13:33:58+00:00","og_image":[{"url":"https:\/\/bf-on-tour.de\/m-2019\/wp-content\/uploads\/sites\/22\/2019\/12\/Belgien1-300x204.jpg","type":"","width":"","height":""}],"twitter_card":"summary_large_image","twitter_misc":{"Gesch\u00e4tzte Lesezeit":"4\u00a0Minuten"},"schema":{"@context":"https:\/\/schema.org","@graph":[{"@type":"WebPage","@id":"https:\/\/bf-on-tour.de\/irland-2019\/p-03\/","url":"https:\/\/bf-on-tour.de\/irland-2019\/p-03\/","name":"Europas Geschichte - (Motorrad-Reisebericht: Irland 2019)","isPartOf":{"@id":"https:\/\/bf-on-tour.de\/irland-2019\/#website"},"primaryImageOfPage":{"@id":"https:\/\/bf-on-tour.de\/irland-2019\/p-03\/#primaryimage"},"image":{"@id":"https:\/\/bf-on-tour.de\/irland-2019\/p-03\/#primaryimage"},"thumbnailUrl":"https:\/\/bf-on-tour.de\/m-2019\/wp-content\/uploads\/sites\/22\/2019\/12\/Belgien1-300x204.jpg","datePublished":"2019-12-23T11:02:35+00:00","dateModified":"2020-04-02T13:33:58+00:00","description":"Am dritten Tag unserer Anreise nach Irland fahren wir quasi durch Europas Geschichte. Sedan, Verdun und Reims sind St\u00e4dtenamen, die unvergessen bleiben.","breadcrumb":{"@id":"https:\/\/bf-on-tour.de\/irland-2019\/p-03\/#breadcrumb"},"inLanguage":"de","potentialAction":[{"@type":"ReadAction","target":["https:\/\/bf-on-tour.de\/irland-2019\/p-03\/"]}]},{"@type":"ImageObject","inLanguage":"de","@id":"https:\/\/bf-on-tour.de\/irland-2019\/p-03\/#primaryimage","url":"https:\/\/bf-on-tour.de\/m-2019\/wp-content\/uploads\/sites\/22\/2019\/12\/Belgien1-300x204.jpg","contentUrl":"https:\/\/bf-on-tour.de\/m-2019\/wp-content\/uploads\/sites\/22\/2019\/12\/Belgien1-300x204.jpg"},{"@type":"BreadcrumbList","@id":"https:\/\/bf-on-tour.de\/irland-2019\/p-03\/#breadcrumb","itemListElement":[{"@type":"ListItem","position":1,"name":"Startseite","item":"https:\/\/bf-on-tour.de\/irland-2019\/"},{"@type":"ListItem","position":2,"name":"Europas Geschichte"}]},{"@type":"WebSite","@id":"https:\/\/bf-on-tour.de\/irland-2019\/#website","url":"https:\/\/bf-on-tour.de\/irland-2019\/","name":"Irland","description":"fr\u00f6hlich melancholisch, gr\u00fcn","potentialAction":[{"@type":"SearchAction","target":{"@type":"EntryPoint","urlTemplate":"https:\/\/bf-on-tour.de\/irland-2019\/?s={search_term_string}"},"query-input":{"@type":"PropertyValueSpecification","valueRequired":true,"valueName":"search_term_string"}}],"inLanguage":"de"}]}},"_links":{"self":[{"href":"https:\/\/bf-on-tour.de\/irland-2019\/wp-json\/wp\/v2\/pages\/63","targetHints":{"allow":["GET"]}}],"collection":[{"href":"https:\/\/bf-on-tour.de\/irland-2019\/wp-json\/wp\/v2\/pages"}],"about":[{"href":"https:\/\/bf-on-tour.de\/irland-2019\/wp-json\/wp\/v2\/types\/page"}],"author":[{"embeddable":true,"href":"https:\/\/bf-on-tour.de\/irland-2019\/wp-json\/wp\/v2\/users\/1"}],"replies":[{"embeddable":true,"href":"https:\/\/bf-on-tour.de\/irland-2019\/wp-json\/wp\/v2\/comments?post=63"}],"version-history":[{"count":26,"href":"https:\/\/bf-on-tour.de\/irland-2019\/wp-json\/wp\/v2\/pages\/63\/revisions"}],"predecessor-version":[{"id":355,"href":"https:\/\/bf-on-tour.de\/irland-2019\/wp-json\/wp\/v2\/pages\/63\/revisions\/355"}],"wp:attachment":[{"href":"https:\/\/bf-on-tour.de\/irland-2019\/wp-json\/wp\/v2\/media?parent=63"}],"curies":[{"name":"wp","href":"https:\/\/api.w.org\/{rel}","templated":true}]}}