{"id":332,"date":"2020-01-05T16:25:23","date_gmt":"2020-01-05T15:25:23","guid":{"rendered":"http:\/\/bf-on-tour.de\/irland-2019\/?page_id=332"},"modified":"2020-04-02T15:37:50","modified_gmt":"2020-04-02T13:37:50","slug":"p-14","status":"publish","type":"page","link":"https:\/\/bf-on-tour.de\/irland-2019\/p-14\/","title":{"rendered":"Heimreise &#038; Fazit"},"content":{"rendered":"<figure id=\"attachment_336\" aria-describedby=\"caption-attachment-336\" style=\"width: 864px\" class=\"wp-caption aligncenter\"><a href=\"https:\/\/bf-on-tour.de\/irland-2019\/wp-content\/uploads\/sites\/22\/2020\/01\/abend.jpg\" rel=\"lightbox[332]\"><img loading=\"lazy\" decoding=\"async\" class=\"wp-image-336 size-full\" src=\"https:\/\/bf-on-tour.de\/irland-2019\/wp-content\/uploads\/sites\/22\/2020\/01\/abend.jpg\" alt=\"\" width=\"864\" height=\"325\" srcset=\"https:\/\/bf-on-tour.de\/irland-2019\/wp-content\/uploads\/sites\/22\/2020\/01\/abend.jpg 864w, https:\/\/bf-on-tour.de\/irland-2019\/wp-content\/uploads\/sites\/22\/2020\/01\/abend-300x113.jpg 300w, https:\/\/bf-on-tour.de\/irland-2019\/wp-content\/uploads\/sites\/22\/2020\/01\/abend-768x289.jpg 768w\" sizes=\"auto, (max-width: 709px) 85vw, (max-width: 909px) 67vw, (max-width: 1362px) 62vw, 840px\" \/><\/a><figcaption id=\"caption-attachment-336\" class=\"wp-caption-text\">Abendstimmung auf der F\u00e4hre<\/figcaption><\/figure>\n<p>Cherbourg. Die Nacht war unruhig, wozu in wechselnden Anteilen die D\u00fcnung in der Irischen See und das H\u00fchnercurry aus dem SB-Restaurant beigetragen haben d\u00fcrften. Jetzt ist alles wieder gut. Runter von der F\u00e4hre, Passkontrolle &#8211;<span class=\"Apple-converted-space\">\u00a0 <\/span>bei der wir diesmal wirklich unsere Ausweise vorzeigen, aber nicht die Helme abnehmen m\u00fcssen (was f\u00fcr ein Unsinn) &#8211; und ab auf die Autobahn! Knapp 470 km regnerische Fahrt sind es bis St. Quentin. Macht wenig Spa\u00df!<\/p>\n<p><a href=\"https:\/\/bf-on-tour.de\/irland-2019\/wp-content\/uploads\/sites\/22\/2020\/01\/beimike.jpg\" rel=\"lightbox[332]\"><img loading=\"lazy\" decoding=\"async\" class=\"size-full wp-image-337 alignright\" src=\"https:\/\/bf-on-tour.de\/irland-2019\/wp-content\/uploads\/sites\/22\/2020\/01\/beimike.jpg\" alt=\"\" width=\"300\" height=\"227\" \/><\/a>\u00dcbernachtung im Schlafcontainer, franz\u00f6sisches Fr\u00fchst\u00fcck, Autobahn! Frankreich tauschen wir gegen Belgien und nach einer Weile Belgien gegen Deutschland. An der Rastst\u00e4tte \u201eAachener Land\u201c verabschieden wir Devil, der seiner Amsel (Honda 1100\u00a0XX) jetzt endlich mal die Sporen geben will. Er f\u00e4hrt direkt nach Hause, wir nach Bonn, wo wir heute nach \u201enur\u201c 370 km bei Mike bleiben und einen gelungenen, durchaus l\u00e4ngeren Abend auf seiner Dachterrasse verbringen &#8211; bei den letzten Guinness f\u00fcr diesen Urlaub und ausgesuchten Single Malts aus seinem reichhaltigen Repertoire.<\/p>\n<p>Sonntag wieder Autobahn. Den Stau auf der A5 umfahren wir \u00fcber die B49 und B62, sparen damit 20 Minuten. Gutes Wetter, aber insgesamt knapp 520 km. Auf unserer Auffahrt ein letzter Anflug von Temperament: Ich recke spontan die Faust in die H\u00f6he. Yepp, wir haben es geschafft ohne Umfaller, mit heilen Blinkern und ganzen Brems- und\/oder Kupplungshebeln (das ist ja mal ganz was anderes). Dann sind auch wir wieder zu Hause.<\/p>\n<figure id=\"attachment_338\" aria-describedby=\"caption-attachment-338\" style=\"width: 864px\" class=\"wp-caption alignleft\"><a href=\"https:\/\/bf-on-tour.de\/irland-2019\/wp-content\/uploads\/sites\/22\/2020\/01\/zuhause.jpg\" rel=\"lightbox[332]\"><img loading=\"lazy\" decoding=\"async\" class=\"size-full wp-image-338\" src=\"https:\/\/bf-on-tour.de\/irland-2019\/wp-content\/uploads\/sites\/22\/2020\/01\/zuhause.jpg\" alt=\"zuhause\" width=\"864\" height=\"429\" srcset=\"https:\/\/bf-on-tour.de\/irland-2019\/wp-content\/uploads\/sites\/22\/2020\/01\/zuhause.jpg 864w, https:\/\/bf-on-tour.de\/irland-2019\/wp-content\/uploads\/sites\/22\/2020\/01\/zuhause-300x149.jpg 300w, https:\/\/bf-on-tour.de\/irland-2019\/wp-content\/uploads\/sites\/22\/2020\/01\/zuhause-768x381.jpg 768w\" sizes=\"auto, (max-width: 709px) 85vw, (max-width: 909px) 67vw, (max-width: 1362px) 62vw, 840px\" \/><\/a><figcaption id=\"caption-attachment-338\" class=\"wp-caption-text\">Nach 4.800 km stehen unsere Maschinen wieder vor der T\u00fcr.<\/figcaption><\/figure>\n<hr \/>\n<h2>Fazit<\/h2>\n<p>Knapp 4.800 km sind wir gefahren. Davon gut die H\u00e4lfte f\u00fcr An- und Abreise &#8211; Irland ist eben weit weg f\u00fcr uns. Da stellt sich nat\u00fcrlich die Frage, ob sich der Aufwand gelohnt hat? Antwort: Auf jeden Fall (vielleicht aber beim n\u00e4chsten Mal eher mit einem Mopedtransport bis Cherbourg)!<\/p>\n<p>Irland ist landschaftlich nicht so spektakul\u00e4r, wie etwa Norwegen, und nicht so eint\u00f6nig, wie weite Teile des Baltikums, ist aber deutlich intimer, w\u00e4rmer, strahlt Ruhe und Gelassenheit aus. Insbesondere die schier unendlich vielen Gr\u00fcnt\u00f6ne der Berge, Wiesen und Knicks, die immer wieder mit gelbem Ginster und braunroter Heide durchsetzt sind haben es mir angetan. Sie geben dem Land &#8211; bei aller Kargheit und bei aller Schroffheit der K\u00fcsten &#8211; eine milde, leicht melancholische Note. Der Beiname Irlands, &#8222;Die Gr\u00fcne Insel&#8220;, ist also beileibe kein Werbetrick. So viele Gr\u00fcns habe ich im Leben noch nicht gesehen! Und sie erscheinen mit jedem Lichtwechsel wieder anders und neu!<\/p>\n<p>Hinzu kommt die Stimmung der Menschen &#8211; soweit wir sie \u00fcberhaupt kennen gelernt haben. Aber beobachten reicht manchmal auch: Einerseits sind sie fr\u00f6hlich und aufgeschlossen. Das haben wir nicht zuletzt daran gemerkt, dass man ein paar mal mit Interesse und solcher Begeisterung \u00fcber unsere Maschinen auf uns zugekommen ist, dass ich mich fragte, ob die Tiger nicht vielleicht doch aus Irland selbst stammt (O-Ton eines v\u00f6llig Unbekannten, der begeistert zu mir \u00fcber die Stra\u00dfe gelaufen kam: &#8222;Whoa, Tiger, what an absolutely great bike, ist it?&#8220;). Sowas hatte ich noch nie erlebt &#8211; und ganz ehrlich, es hat mich auch etwas aus der Fassung gebracht.<\/p>\n<p>Andererseits scheinen sie sehr gern etwas melancholisch zu sein. So fr\u00f6hlich manche Lieder und Weisen auch im Pub erklingen, so einigend und mitrei\u00dfend waren die eher leisen, getragenen Lieder. Bei lustigen Fidelkl\u00e4ngen tranken alle ihr Guinness, schwatzten und lachten. Bei nachdenklichen St\u00fccken hakten sie sich ein, sangen mit oder h\u00f6rten einfach nur zu. Auch die &#8222;S\u00e4ngerin&#8220; von Glendalough f\u00e4llt in diese Kategorie. Selbst, wenn ihr Gesang weder sch\u00f6n noch variantenreich war, zusammen mit dem Dudelsack verstr\u00f6mten Ihre Lieder wieder diese <em>tragende<\/em>, man k\u00f6nnte auch sagen <em>ertragende<\/em> Stimmung, welche die harten Zeiten des bettelarmen Irlands immer wieder lebendig werden l\u00e4sst.<\/p>\n<p>Zusammenfassend m\u00f6chte ich sagen, dass mir Irland <strong>fr\u00f6hlich melancholisch<\/strong> (ja, ohne Komma dazwischen) und <strong>gr\u00fcn<\/strong> in Erinnerung bleiben wird.<\/p>\n<p>Nun mal zu den Stra\u00dfen. Die sind toll, wenn man die Hauptstra\u00dfen meidet. Haben was von Achterbahnfahren: Rauf, runter, links, rechts &#8211; alles kurz hintereinander und in beliebig vorstellbarer Kombination. Hinzu kommt, dass man &#8211; wie bei James Bond der Martini &#8211; immer stilvoll gesch\u00fcttelt wird, nicht ger\u00fchrt. Wir haben die guten Federn unserer Tiger geliebt! Aber sie sind auch oft schmal und un\u00fcbersichtlich &#8211; was insbesondere an den Steinmauern und den vielen Knicks liegt. Und genau das sorgt h\u00e4ufig auch daf\u00fcr, dass man die Landschaft immer nur mal sporadisch in ihrer ganzen Sch\u00f6nheit sehen kann. Ab und an mal anhalten und sich umschauen ist also angesagt.<\/p>\n<p>Linksverkehr? Kein Problem! Einfach mitschwimmen. Fahren ja alle links. Allerdings, wie bereits erw\u00e4hnt, sind viele Stra\u00dfen schmal und durch Hecken oder Mauern un\u00fcbersichtlich. Einerseits sch\u00f6n anzusehen, aber wenn einem in einer Kurve pl\u00f6tzlich ein Bus entgegen kommt, der au\u00dfer seiner Spur auch noch einen Teil der eigenen beansprucht, dann darf man sich schon mal erschrecken.<\/p>\n<p>Insgesamt war es eine sch\u00f6ne Reise! Danke Mike f\u00fcr die \u201eReiseleitung\u201c und danke Devil f\u00fcr die Geduld mit uns Bl\u00fcmchenpfl\u00fcckern!<\/p>\n<p><a href=\"https:\/\/bf-on-tour.de\/irland-2019\/p-13\"><img loading=\"lazy\" decoding=\"async\" class=\"alignleft wp-image-47\" src=\"https:\/\/bf-on-tour.de\/irland-2019\/wp-content\/uploads\/sites\/22\/2019\/12\/zurueck.png\" alt=\"\" width=\"50\" height=\"37\" \/><\/a><\/p>\n","protected":false},"excerpt":{"rendered":"<p>Cherbourg. Die Nacht war unruhig, wozu in wechselnden Anteilen die D\u00fcnung in der Irischen See und das H\u00fchnercurry aus dem SB-Restaurant beigetragen haben d\u00fcrften. Jetzt ist alles wieder gut. Runter von der F\u00e4hre, Passkontrolle &#8211;\u00a0 bei der wir diesmal wirklich unsere Ausweise vorzeigen, aber nicht die Helme abnehmen m\u00fcssen (was f\u00fcr ein Unsinn) &#8211; und &hellip; <a href=\"https:\/\/bf-on-tour.de\/irland-2019\/p-14\/\" class=\"more-link\"><span class=\"screen-reader-text\">\u201eHeimreise &#038; Fazit\u201c <\/span>weiterlesen<\/a><\/p>\n","protected":false},"author":1,"featured_media":0,"parent":0,"menu_order":13,"comment_status":"open","ping_status":"open","template":"","meta":{"footnotes":""},"class_list":["post-332","page","type-page","status-publish","hentry"],"yoast_head":"<!-- This site is optimized with the Yoast SEO plugin v27.1.1 - https:\/\/yoast.com\/product\/yoast-seo-wordpress\/ -->\n<title>Heimreise &amp; Fazit - (Motorrad-Reisebericht: Irland 2019)<\/title>\n<meta name=\"description\" content=\"Wir haben die F\u00e4hre p\u00fcnktlich erreicht und fahren nun in drei \u00f6den Autobahntagen wieder nach Hause. 4.800 Kilometer liegen hinter uns. Eine sch\u00f6ne Reise.\" \/>\n<meta name=\"robots\" content=\"index, follow, max-snippet:-1, max-image-preview:large, max-video-preview:-1\" \/>\n<link rel=\"canonical\" href=\"https:\/\/bf-on-tour.de\/irland-2019\/p-14\/\" \/>\n<meta property=\"og:locale\" content=\"de_DE\" \/>\n<meta property=\"og:type\" content=\"article\" \/>\n<meta property=\"og:title\" content=\"Heimreise &amp; Fazit - (Motorrad-Reisebericht: Irland 2019)\" \/>\n<meta property=\"og:description\" content=\"Wir haben die F\u00e4hre p\u00fcnktlich erreicht und fahren nun in drei \u00f6den Autobahntagen wieder nach Hause. 4.800 Kilometer liegen hinter uns. Eine sch\u00f6ne Reise.\" \/>\n<meta property=\"og:url\" content=\"https:\/\/bf-on-tour.de\/irland-2019\/p-14\/\" \/>\n<meta property=\"og:site_name\" content=\"Irland\" \/>\n<meta property=\"article:modified_time\" content=\"2020-04-02T13:37:50+00:00\" \/>\n<meta property=\"og:image\" content=\"https:\/\/bf-on-tour.de\/irland-2019\/wp-content\/uploads\/sites\/22\/2020\/01\/abend.jpg\" \/>\n<meta name=\"twitter:card\" content=\"summary_large_image\" \/>\n<meta name=\"twitter:label1\" content=\"Gesch\u00e4tzte Lesezeit\" \/>\n\t<meta name=\"twitter:data1\" content=\"4\u00a0Minuten\" \/>\n<script type=\"application\/ld+json\" class=\"yoast-schema-graph\">{\"@context\":\"https:\/\/schema.org\",\"@graph\":[{\"@type\":\"WebPage\",\"@id\":\"https:\/\/bf-on-tour.de\/irland-2019\/p-14\/\",\"url\":\"https:\/\/bf-on-tour.de\/irland-2019\/p-14\/\",\"name\":\"Heimreise & Fazit - (Motorrad-Reisebericht: Irland 2019)\",\"isPartOf\":{\"@id\":\"https:\/\/bf-on-tour.de\/irland-2019\/#website\"},\"primaryImageOfPage\":{\"@id\":\"https:\/\/bf-on-tour.de\/irland-2019\/p-14\/#primaryimage\"},\"image\":{\"@id\":\"https:\/\/bf-on-tour.de\/irland-2019\/p-14\/#primaryimage\"},\"thumbnailUrl\":\"https:\/\/bf-on-tour.de\/irland-2019\/wp-content\/uploads\/sites\/22\/2020\/01\/abend.jpg\",\"datePublished\":\"2020-01-05T15:25:23+00:00\",\"dateModified\":\"2020-04-02T13:37:50+00:00\",\"description\":\"Wir haben die F\u00e4hre p\u00fcnktlich erreicht und fahren nun in drei \u00f6den Autobahntagen wieder nach Hause. 4.800 Kilometer liegen hinter uns. Eine sch\u00f6ne Reise.\",\"breadcrumb\":{\"@id\":\"https:\/\/bf-on-tour.de\/irland-2019\/p-14\/#breadcrumb\"},\"inLanguage\":\"de\",\"potentialAction\":[{\"@type\":\"ReadAction\",\"target\":[\"https:\/\/bf-on-tour.de\/irland-2019\/p-14\/\"]}]},{\"@type\":\"ImageObject\",\"inLanguage\":\"de\",\"@id\":\"https:\/\/bf-on-tour.de\/irland-2019\/p-14\/#primaryimage\",\"url\":\"https:\/\/bf-on-tour.de\/irland-2019\/wp-content\/uploads\/sites\/22\/2020\/01\/abend.jpg\",\"contentUrl\":\"https:\/\/bf-on-tour.de\/irland-2019\/wp-content\/uploads\/sites\/22\/2020\/01\/abend.jpg\"},{\"@type\":\"BreadcrumbList\",\"@id\":\"https:\/\/bf-on-tour.de\/irland-2019\/p-14\/#breadcrumb\",\"itemListElement\":[{\"@type\":\"ListItem\",\"position\":1,\"name\":\"Startseite\",\"item\":\"https:\/\/bf-on-tour.de\/irland-2019\/\"},{\"@type\":\"ListItem\",\"position\":2,\"name\":\"Heimreise &#038; Fazit\"}]},{\"@type\":\"WebSite\",\"@id\":\"https:\/\/bf-on-tour.de\/irland-2019\/#website\",\"url\":\"https:\/\/bf-on-tour.de\/irland-2019\/\",\"name\":\"Irland\",\"description\":\"fr\u00f6hlich melancholisch, gr\u00fcn\",\"potentialAction\":[{\"@type\":\"SearchAction\",\"target\":{\"@type\":\"EntryPoint\",\"urlTemplate\":\"https:\/\/bf-on-tour.de\/irland-2019\/?s={search_term_string}\"},\"query-input\":{\"@type\":\"PropertyValueSpecification\",\"valueRequired\":true,\"valueName\":\"search_term_string\"}}],\"inLanguage\":\"de\"}]}<\/script>\n<!-- \/ Yoast SEO plugin. -->","yoast_head_json":{"title":"Heimreise & Fazit - (Motorrad-Reisebericht: Irland 2019)","description":"Wir haben die F\u00e4hre p\u00fcnktlich erreicht und fahren nun in drei \u00f6den Autobahntagen wieder nach Hause. 4.800 Kilometer liegen hinter uns. Eine sch\u00f6ne Reise.","robots":{"index":"index","follow":"follow","max-snippet":"max-snippet:-1","max-image-preview":"max-image-preview:large","max-video-preview":"max-video-preview:-1"},"canonical":"https:\/\/bf-on-tour.de\/irland-2019\/p-14\/","og_locale":"de_DE","og_type":"article","og_title":"Heimreise & Fazit - (Motorrad-Reisebericht: Irland 2019)","og_description":"Wir haben die F\u00e4hre p\u00fcnktlich erreicht und fahren nun in drei \u00f6den Autobahntagen wieder nach Hause. 4.800 Kilometer liegen hinter uns. Eine sch\u00f6ne Reise.","og_url":"https:\/\/bf-on-tour.de\/irland-2019\/p-14\/","og_site_name":"Irland","article_modified_time":"2020-04-02T13:37:50+00:00","og_image":[{"url":"https:\/\/bf-on-tour.de\/irland-2019\/wp-content\/uploads\/sites\/22\/2020\/01\/abend.jpg","type":"","width":"","height":""}],"twitter_card":"summary_large_image","twitter_misc":{"Gesch\u00e4tzte Lesezeit":"4\u00a0Minuten"},"schema":{"@context":"https:\/\/schema.org","@graph":[{"@type":"WebPage","@id":"https:\/\/bf-on-tour.de\/irland-2019\/p-14\/","url":"https:\/\/bf-on-tour.de\/irland-2019\/p-14\/","name":"Heimreise & Fazit - (Motorrad-Reisebericht: Irland 2019)","isPartOf":{"@id":"https:\/\/bf-on-tour.de\/irland-2019\/#website"},"primaryImageOfPage":{"@id":"https:\/\/bf-on-tour.de\/irland-2019\/p-14\/#primaryimage"},"image":{"@id":"https:\/\/bf-on-tour.de\/irland-2019\/p-14\/#primaryimage"},"thumbnailUrl":"https:\/\/bf-on-tour.de\/irland-2019\/wp-content\/uploads\/sites\/22\/2020\/01\/abend.jpg","datePublished":"2020-01-05T15:25:23+00:00","dateModified":"2020-04-02T13:37:50+00:00","description":"Wir haben die F\u00e4hre p\u00fcnktlich erreicht und fahren nun in drei \u00f6den Autobahntagen wieder nach Hause. 4.800 Kilometer liegen hinter uns. Eine sch\u00f6ne Reise.","breadcrumb":{"@id":"https:\/\/bf-on-tour.de\/irland-2019\/p-14\/#breadcrumb"},"inLanguage":"de","potentialAction":[{"@type":"ReadAction","target":["https:\/\/bf-on-tour.de\/irland-2019\/p-14\/"]}]},{"@type":"ImageObject","inLanguage":"de","@id":"https:\/\/bf-on-tour.de\/irland-2019\/p-14\/#primaryimage","url":"https:\/\/bf-on-tour.de\/irland-2019\/wp-content\/uploads\/sites\/22\/2020\/01\/abend.jpg","contentUrl":"https:\/\/bf-on-tour.de\/irland-2019\/wp-content\/uploads\/sites\/22\/2020\/01\/abend.jpg"},{"@type":"BreadcrumbList","@id":"https:\/\/bf-on-tour.de\/irland-2019\/p-14\/#breadcrumb","itemListElement":[{"@type":"ListItem","position":1,"name":"Startseite","item":"https:\/\/bf-on-tour.de\/irland-2019\/"},{"@type":"ListItem","position":2,"name":"Heimreise &#038; Fazit"}]},{"@type":"WebSite","@id":"https:\/\/bf-on-tour.de\/irland-2019\/#website","url":"https:\/\/bf-on-tour.de\/irland-2019\/","name":"Irland","description":"fr\u00f6hlich melancholisch, gr\u00fcn","potentialAction":[{"@type":"SearchAction","target":{"@type":"EntryPoint","urlTemplate":"https:\/\/bf-on-tour.de\/irland-2019\/?s={search_term_string}"},"query-input":{"@type":"PropertyValueSpecification","valueRequired":true,"valueName":"search_term_string"}}],"inLanguage":"de"}]}},"_links":{"self":[{"href":"https:\/\/bf-on-tour.de\/irland-2019\/wp-json\/wp\/v2\/pages\/332","targetHints":{"allow":["GET"]}}],"collection":[{"href":"https:\/\/bf-on-tour.de\/irland-2019\/wp-json\/wp\/v2\/pages"}],"about":[{"href":"https:\/\/bf-on-tour.de\/irland-2019\/wp-json\/wp\/v2\/types\/page"}],"author":[{"embeddable":true,"href":"https:\/\/bf-on-tour.de\/irland-2019\/wp-json\/wp\/v2\/users\/1"}],"replies":[{"embeddable":true,"href":"https:\/\/bf-on-tour.de\/irland-2019\/wp-json\/wp\/v2\/comments?post=332"}],"version-history":[{"count":11,"href":"https:\/\/bf-on-tour.de\/irland-2019\/wp-json\/wp\/v2\/pages\/332\/revisions"}],"predecessor-version":[{"id":366,"href":"https:\/\/bf-on-tour.de\/irland-2019\/wp-json\/wp\/v2\/pages\/332\/revisions\/366"}],"wp:attachment":[{"href":"https:\/\/bf-on-tour.de\/irland-2019\/wp-json\/wp\/v2\/media?parent=332"}],"curies":[{"name":"wp","href":"https:\/\/api.w.org\/{rel}","templated":true}]}}