{"id":276,"date":"2020-01-05T14:02:49","date_gmt":"2020-01-05T13:02:49","guid":{"rendered":"http:\/\/bf-on-tour.de\/irland-2019\/?page_id=276"},"modified":"2020-04-02T15:36:49","modified_gmt":"2020-04-02T13:36:49","slug":"p-11","status":"publish","type":"page","link":"https:\/\/bf-on-tour.de\/irland-2019\/p-11\/","title":{"rendered":"Achill Island"},"content":{"rendered":"<p>Montagmorgen scheint nicht gerade die Sonne aus blauem Himmel, aber es reicht f\u00fcr die Tour nach Achill-Island, ca. 120 km nord-westlich von Cleggan. Wir nehmen wieder die N59, die wir ja schon von unseren vorherigen Touren ganz gut kennen, fahren aber diesmal weiter nach Norden, zun\u00e4chst einmal am Killary Fjord entlang bis Clog, um von dort aus in groben Z\u00fcgen dem Lauf des Erriff-Rivers in seinem zun\u00e4chst schmalen, sp\u00e4ter sich immer mehr aufweitenden Tal zu folgen.<\/p>\n<figure id=\"attachment_295\" aria-describedby=\"caption-attachment-295\" style=\"width: 864px\" class=\"wp-caption aligncenter\"><a href=\"https:\/\/bf-on-tour.de\/irland-2019\/wp-content\/uploads\/sites\/22\/2020\/01\/Hills.jpg\" rel=\"lightbox[276]\"><img loading=\"lazy\" decoding=\"async\" class=\"size-full wp-image-295\" src=\"https:\/\/bf-on-tour.de\/irland-2019\/wp-content\/uploads\/sites\/22\/2020\/01\/Hills.jpg\" alt=\"sanfte Berge\" width=\"864\" height=\"458\" srcset=\"https:\/\/bf-on-tour.de\/irland-2019\/wp-content\/uploads\/sites\/22\/2020\/01\/Hills.jpg 864w, https:\/\/bf-on-tour.de\/irland-2019\/wp-content\/uploads\/sites\/22\/2020\/01\/Hills-300x159.jpg 300w, https:\/\/bf-on-tour.de\/irland-2019\/wp-content\/uploads\/sites\/22\/2020\/01\/Hills-768x407.jpg 768w\" sizes=\"auto, (max-width: 709px) 85vw, (max-width: 909px) 67vw, (max-width: 1362px) 62vw, 840px\" \/><\/a><figcaption id=\"caption-attachment-295\" class=\"wp-caption-text\">Die sanften Berge von Connemara<\/figcaption><\/figure>\n<p>Und da sind sie wieder, diese unendlich sanften Berge, die so aussehen, als w\u00e4ren sie mit saftig gr\u00fcnem Moos bewachsen, das in dicker, pluffiger Schicht irgendwann ins Tal hinab gerollt, dort von Steinmauern geb\u00e4ndigt, zu mehr oder weniger ordentlichen Rechtecken geformt, heute ein Gesamtbild ergibt, das mit dem Wort \u201eMeadow\u201c seinen \u2013 wie ich finde \u2013 weichen und gut passenden Ausdruck findet. Es ist die R\u00fcckseite bzw. Fortsetzung der Berge aus dem Connemara National Park, den wir w\u00e4hrend unserer Transferfahrt von Ballyvaughan nach Cleggan schon einmal auf der R336 durchfahren hatten.<\/p>\n<p>Irgendwo zwischen Liscarney und Knappagh sehen wir links den Croagh Patrick, den heiligen Berg Irlands, in dessen Mitte man, wie einen Scheitel, eine grau leuchtende Schneise bis zum Gipfel ausmachen kann. Es ist der Pilgerpfad, auf dem j\u00e4hrlich am letzten Sonntag im Juli rund 25.000 Pilger den Berg besteigen, um den heiligen Patrick, den Patron Irlands, zu ehren, der hier einst 40 Tage gefastet und eine Kapelle erbaut hat.<\/p>\n<figure id=\"attachment_291\" aria-describedby=\"caption-attachment-291\" style=\"width: 1014px\" class=\"wp-caption aligncenter\"><a href=\"https:\/\/bf-on-tour.de\/irland-2019\/wp-content\/uploads\/sites\/22\/2020\/01\/Patrick.jpg\" rel=\"lightbox[276]\"><img loading=\"lazy\" decoding=\"async\" class=\"size-full wp-image-291\" src=\"https:\/\/bf-on-tour.de\/irland-2019\/wp-content\/uploads\/sites\/22\/2020\/01\/Patrick.jpg\" alt=\"St. Patrick\" width=\"1014\" height=\"1014\" srcset=\"https:\/\/bf-on-tour.de\/irland-2019\/wp-content\/uploads\/sites\/22\/2020\/01\/Patrick.jpg 1014w, https:\/\/bf-on-tour.de\/irland-2019\/wp-content\/uploads\/sites\/22\/2020\/01\/Patrick-300x300.jpg 300w, https:\/\/bf-on-tour.de\/irland-2019\/wp-content\/uploads\/sites\/22\/2020\/01\/Patrick-150x150.jpg 150w, https:\/\/bf-on-tour.de\/irland-2019\/wp-content\/uploads\/sites\/22\/2020\/01\/Patrick-768x768.jpg 768w\" sizes=\"auto, (max-width: 709px) 85vw, (max-width: 909px) 67vw, (max-width: 1362px) 62vw, 840px\" \/><\/a><figcaption id=\"caption-attachment-291\" class=\"wp-caption-text\">Der &#8222;Nationalberg&#8220;: Croagh Patrick<\/figcaption><\/figure>\n<p>Dann Westport. Eigentlich keiner Erw\u00e4hnung wert, w\u00e4re da nicht dieser merkw\u00fcrdige Kreisverkehr, der gar keiner ist. Eine S\u00e4ule mit Statue in der Mitte eines Platzes. Man f\u00e4hrt darauf zu und die rechte Spur (erinnerlich: hierzulande die Gegenspur) \u201everschwindet\u201c nach rechts. Ok, das ist normal. Nun links um die S\u00e4ule herum und es kommt eine rehte Spur wieder hinzu \u2013 allerdings in derselben Fahrtrichtung. Wir sind in einer Einbahnstra\u00dfe. Wie geht das denn? Wenn man glaubt, man h\u00e4tte sich gerade ganz ordentlich an das Linksfahren gew\u00f6hnt, erfordert diese Srta\u00dfenf\u00fchrung schon einiges an geistiger Leistung, um nicht einfach anzuhalten und sich Klarheit verschaffen zu wollen. (Auf dem R\u00fcckweg dann die Aufl\u00f6sung des R\u00e4tsels: Die dritte, von rechts in den \u201eKreisel\u201c einm\u00fcndende Stra\u00dfe ist auch eine Einbahnstra\u00dfe, die sich einfach aufteilt!)<\/p>\n<figure id=\"attachment_290\" aria-describedby=\"caption-attachment-290\" style=\"width: 864px\" class=\"wp-caption aligncenter\"><a href=\"https:\/\/bf-on-tour.de\/irland-2019\/wp-content\/uploads\/sites\/22\/2020\/01\/westport.jpg\" rel=\"lightbox[276]\"><img loading=\"lazy\" decoding=\"async\" class=\"size-full wp-image-290\" src=\"https:\/\/bf-on-tour.de\/irland-2019\/wp-content\/uploads\/sites\/22\/2020\/01\/westport.jpg\" alt=\"westport\" width=\"864\" height=\"424\" srcset=\"https:\/\/bf-on-tour.de\/irland-2019\/wp-content\/uploads\/sites\/22\/2020\/01\/westport.jpg 864w, https:\/\/bf-on-tour.de\/irland-2019\/wp-content\/uploads\/sites\/22\/2020\/01\/westport-300x147.jpg 300w, https:\/\/bf-on-tour.de\/irland-2019\/wp-content\/uploads\/sites\/22\/2020\/01\/westport-768x377.jpg 768w\" sizes=\"auto, (max-width: 709px) 85vw, (max-width: 909px) 67vw, (max-width: 1362px) 62vw, 840px\" \/><\/a><figcaption id=\"caption-attachment-290\" class=\"wp-caption-text\">Westport: Wieder eine der typischen irischen Kleinst\u00e4dte.<\/figcaption><\/figure>\n<p>Bei Newport entfernen wir uns schlie\u00dflich von den Bergen und fahren bei Achill auf der R319 \u00fcber eine wei\u00dfe Klappbr\u00fccke (die leider nicht aufklappt) auf die gleichnamige Insel.<\/p>\n<figure id=\"attachment_296\" aria-describedby=\"caption-attachment-296\" style=\"width: 864px\" class=\"wp-caption aligncenter\"><a href=\"https:\/\/bf-on-tour.de\/irland-2019\/wp-content\/uploads\/sites\/22\/2020\/01\/bridge.jpg\" rel=\"lightbox[276]\"><img loading=\"lazy\" decoding=\"async\" class=\"size-full wp-image-296\" src=\"https:\/\/bf-on-tour.de\/irland-2019\/wp-content\/uploads\/sites\/22\/2020\/01\/bridge.jpg\" alt=\"Br\u00fccke nach Achill Island\" width=\"864\" height=\"459\" srcset=\"https:\/\/bf-on-tour.de\/irland-2019\/wp-content\/uploads\/sites\/22\/2020\/01\/bridge.jpg 864w, https:\/\/bf-on-tour.de\/irland-2019\/wp-content\/uploads\/sites\/22\/2020\/01\/bridge-300x159.jpg 300w, https:\/\/bf-on-tour.de\/irland-2019\/wp-content\/uploads\/sites\/22\/2020\/01\/bridge-768x408.jpg 768w\" sizes=\"auto, (max-width: 709px) 85vw, (max-width: 909px) 67vw, (max-width: 1362px) 62vw, 840px\" \/><\/a><figcaption id=\"caption-attachment-296\" class=\"wp-caption-text\">\u00dcber die Klappenbr\u00fccke erreichen wir Achill Island<\/figcaption><\/figure>\n<figure id=\"attachment_297\" aria-describedby=\"caption-attachment-297\" style=\"width: 864px\" class=\"wp-caption aligncenter\"><a href=\"https:\/\/bf-on-tour.de\/irland-2019\/wp-content\/uploads\/sites\/22\/2020\/01\/achillisland.jpg\" rel=\"lightbox[276]\"><img loading=\"lazy\" decoding=\"async\" class=\"size-full wp-image-297\" src=\"https:\/\/bf-on-tour.de\/irland-2019\/wp-content\/uploads\/sites\/22\/2020\/01\/achillisland.jpg\" alt=\"Achill island\" width=\"864\" height=\"491\" srcset=\"https:\/\/bf-on-tour.de\/irland-2019\/wp-content\/uploads\/sites\/22\/2020\/01\/achillisland.jpg 864w, https:\/\/bf-on-tour.de\/irland-2019\/wp-content\/uploads\/sites\/22\/2020\/01\/achillisland-300x170.jpg 300w, https:\/\/bf-on-tour.de\/irland-2019\/wp-content\/uploads\/sites\/22\/2020\/01\/achillisland-768x436.jpg 768w\" sizes=\"auto, (max-width: 709px) 85vw, (max-width: 909px) 67vw, (max-width: 1362px) 62vw, 840px\" \/><\/a><figcaption id=\"caption-attachment-297\" class=\"wp-caption-text\">Die verstreue Siedlungsform erinnert ein Wenig an Europas Norden.<\/figcaption><\/figure>\n<p>Zun\u00e4chst wird die Landschaft weiter, die flachen, meist wei\u00dfen H\u00e4user stehen in einer Art Streuverbund, um einen Ort, ein Dorf zu bilden. Ich f\u00fchle mich ein wenig an Skandinavien, an die Gegend um Troms\u00f8 erinnert. Aber bei Dooagh geht es dann richtig los! Immer hart am Abgrund entlang, schl\u00e4ngelt sich die Stra\u00dfe zun\u00e4chst hinauf, wobei sie sch\u00f6ne, aber f\u00fcr meine H\u00f6henangst wenig erbauliche Ausblicke auf die Steilk\u00fcste bietet.<\/p>\n<figure id=\"attachment_293\" aria-describedby=\"caption-attachment-293\" style=\"width: 864px\" class=\"wp-caption aligncenter\"><a href=\"https:\/\/bf-on-tour.de\/irland-2019\/wp-content\/uploads\/sites\/22\/2020\/01\/keembay.jpg\" rel=\"lightbox[276]\"><img loading=\"lazy\" decoding=\"async\" class=\"size-full wp-image-293\" src=\"https:\/\/bf-on-tour.de\/irland-2019\/wp-content\/uploads\/sites\/22\/2020\/01\/keembay.jpg\" alt=\"Achill island\" width=\"864\" height=\"420\" srcset=\"https:\/\/bf-on-tour.de\/irland-2019\/wp-content\/uploads\/sites\/22\/2020\/01\/keembay.jpg 864w, https:\/\/bf-on-tour.de\/irland-2019\/wp-content\/uploads\/sites\/22\/2020\/01\/keembay-300x146.jpg 300w, https:\/\/bf-on-tour.de\/irland-2019\/wp-content\/uploads\/sites\/22\/2020\/01\/keembay-768x373.jpg 768w\" sizes=\"auto, (max-width: 709px) 85vw, (max-width: 909px) 67vw, (max-width: 1362px) 62vw, 840px\" \/><\/a><figcaption id=\"caption-attachment-293\" class=\"wp-caption-text\">Auf dem Weg zur Keem Bay &#8211; immer nahe am Abgrund entlang<\/figcaption><\/figure>\n<p>\u00dcber eine Kuppe und in einigen sch\u00f6nen Kurven geht es danach wieder hinab bis zur Keem Bay, einer Bucht mit feinem Sandstrand und blau schimmerndem Meer, dass in leichten, wei\u00df bekr\u00f6nten Wellen eben dort seinen Auslauf findet.<\/p>\n<figure id=\"attachment_294\" aria-describedby=\"caption-attachment-294\" style=\"width: 864px\" class=\"wp-caption aligncenter\"><a href=\"https:\/\/bf-on-tour.de\/irland-2019\/wp-content\/uploads\/sites\/22\/2020\/01\/Keem-Bay-Pano.jpg\" rel=\"lightbox[276]\"><img loading=\"lazy\" decoding=\"async\" class=\"size-full wp-image-294\" src=\"https:\/\/bf-on-tour.de\/irland-2019\/wp-content\/uploads\/sites\/22\/2020\/01\/Keem-Bay-Pano.jpg\" alt=\"Keem Bay pano\" width=\"864\" height=\"282\" srcset=\"https:\/\/bf-on-tour.de\/irland-2019\/wp-content\/uploads\/sites\/22\/2020\/01\/Keem-Bay-Pano.jpg 864w, https:\/\/bf-on-tour.de\/irland-2019\/wp-content\/uploads\/sites\/22\/2020\/01\/Keem-Bay-Pano-300x98.jpg 300w, https:\/\/bf-on-tour.de\/irland-2019\/wp-content\/uploads\/sites\/22\/2020\/01\/Keem-Bay-Pano-768x251.jpg 768w\" sizes=\"auto, (max-width: 709px) 85vw, (max-width: 909px) 67vw, (max-width: 1362px) 62vw, 840px\" \/><\/a><figcaption id=\"caption-attachment-294\" class=\"wp-caption-text\">Die Keem Bay. Ein Panorama, das zu Bleiben einl\u00e4dt.<\/figcaption><\/figure>\n<p>Die Stra\u00dfe endet in einem Parkplatz einige 10 Meter \u00fcber der Bucht, sodass wir bei dem gerade herrlich sonnigen Wetter einen atemberaubenden Ausblick auf das Panorama der weich abfallenden, dunkelgr\u00fcnen Insel rechts und ihrer wild zerkl\u00fcfteten K\u00fcstenlinie links, hin zu den fernen, quasi gegen\u00fcber liegenden, blausilbernen Felsen bei Dooega Head und der beinahe schon am Horizont sichtbaren, nahezu transparent erscheinenden Insel Clare Island haben. Wahnsinn! Das muss man einfach mal gesehen haben. Da lohnt sich auch ein weiter Weg!<\/p>\n<figure id=\"attachment_298\" aria-describedby=\"caption-attachment-298\" style=\"width: 864px\" class=\"wp-caption aligncenter\"><a href=\"https:\/\/bf-on-tour.de\/irland-2019\/wp-content\/uploads\/sites\/22\/2020\/01\/Abend2.jpg\" rel=\"lightbox[276]\"><img loading=\"lazy\" decoding=\"async\" class=\"size-full wp-image-298\" src=\"https:\/\/bf-on-tour.de\/irland-2019\/wp-content\/uploads\/sites\/22\/2020\/01\/Abend2.jpg\" alt=\"in den Abend fahren\" width=\"864\" height=\"373\" srcset=\"https:\/\/bf-on-tour.de\/irland-2019\/wp-content\/uploads\/sites\/22\/2020\/01\/Abend2.jpg 864w, https:\/\/bf-on-tour.de\/irland-2019\/wp-content\/uploads\/sites\/22\/2020\/01\/Abend2-300x130.jpg 300w, https:\/\/bf-on-tour.de\/irland-2019\/wp-content\/uploads\/sites\/22\/2020\/01\/Abend2-768x332.jpg 768w\" sizes=\"auto, (max-width: 709px) 85vw, (max-width: 909px) 67vw, (max-width: 1362px) 62vw, 840px\" \/><\/a><figcaption id=\"caption-attachment-298\" class=\"wp-caption-text\">Gegen die Sonne in den Abend fahren &#8211; oh, wie kitschig&#8230;<\/figcaption><\/figure>\n<p>Zur\u00fcck geht es nach einem guten Imbiss in der Bar \u201eThe Amethyst\u201c in Keel \u00fcber dieselbe Strecke, wie auf dem Hinweg. Allerdings sieht auch heute die Landschaft von der anderen Seite befahren, wieder ziemlich anders aus als am Vormittag. Aber vielleicht liegt es auch daran, dass wir jetzt gegen die Sonne, in den Abend hinein fahren \u2013 oh, wie kitschig&#8230;<\/p>\n<p><a href=\"https:\/\/bf-on-tour.de\/irland-2019\/p-10\"><img loading=\"lazy\" decoding=\"async\" class=\"alignleft wp-image-47\" src=\"https:\/\/bf-on-tour.de\/irland-2019\/wp-content\/uploads\/sites\/22\/2019\/12\/zurueck.png\" alt=\"\" width=\"50\" height=\"37\" \/><\/a> <a href=\"https:\/\/bf-on-tour.de\/irland-2019\/p-12\"><img loading=\"lazy\" decoding=\"async\" class=\"alignright wp-image-46\" src=\"https:\/\/bf-on-tour.de\/irland-2019\/wp-content\/uploads\/sites\/22\/2019\/12\/weiter.png\" alt=\"\" width=\"50\" height=\"37\" \/><\/a><\/p>\n","protected":false},"excerpt":{"rendered":"<p>Montagmorgen scheint nicht gerade die Sonne aus blauem Himmel, aber es reicht f\u00fcr die Tour nach Achill-Island, ca. 120 km nord-westlich von Cleggan. Wir nehmen wieder die N59, die wir ja schon von unseren vorherigen Touren ganz gut kennen, fahren aber diesmal weiter nach Norden, zun\u00e4chst einmal am Killary Fjord entlang bis Clog, um von &hellip; <a href=\"https:\/\/bf-on-tour.de\/irland-2019\/p-11\/\" class=\"more-link\"><span class=\"screen-reader-text\">\u201eAchill Island\u201c <\/span>weiterlesen<\/a><\/p>\n","protected":false},"author":1,"featured_media":0,"parent":0,"menu_order":10,"comment_status":"closed","ping_status":"closed","template":"","meta":{"footnotes":""},"class_list":["post-276","page","type-page","status-publish","hentry"],"yoast_head":"<!-- This site is optimized with the Yoast SEO plugin v27.1.1 - https:\/\/yoast.com\/product\/yoast-seo-wordpress\/ -->\n<title>Achill Island - (Motorrad-Reisebericht: Irland 2019)<\/title>\n<meta name=\"description\" content=\"Unsere Tour f\u00fchrt entlang der sanften Berge Connemaras nach Achill Island und zur Keem Bay, einem Kleinod an der Inselk\u00fcste. Hier gibt&#039;s S\u00fcdseefeeling.\" \/>\n<meta name=\"robots\" content=\"index, follow, max-snippet:-1, max-image-preview:large, max-video-preview:-1\" \/>\n<link rel=\"canonical\" href=\"https:\/\/bf-on-tour.de\/irland-2019\/p-11\/\" \/>\n<meta property=\"og:locale\" content=\"de_DE\" \/>\n<meta property=\"og:type\" content=\"article\" \/>\n<meta property=\"og:title\" content=\"Achill Island - (Motorrad-Reisebericht: Irland 2019)\" \/>\n<meta property=\"og:description\" content=\"Unsere Tour f\u00fchrt entlang der sanften Berge Connemaras nach Achill Island und zur Keem Bay, einem Kleinod an der Inselk\u00fcste. Hier gibt&#039;s S\u00fcdseefeeling.\" \/>\n<meta property=\"og:url\" content=\"https:\/\/bf-on-tour.de\/irland-2019\/p-11\/\" \/>\n<meta property=\"og:site_name\" content=\"Irland\" \/>\n<meta property=\"article:modified_time\" content=\"2020-04-02T13:36:49+00:00\" \/>\n<meta property=\"og:image\" content=\"https:\/\/bf-on-tour.de\/irland-2019\/wp-content\/uploads\/sites\/22\/2020\/01\/Hills.jpg\" \/>\n<meta name=\"twitter:card\" content=\"summary_large_image\" \/>\n<meta name=\"twitter:label1\" content=\"Gesch\u00e4tzte Lesezeit\" \/>\n\t<meta name=\"twitter:data1\" content=\"4\u00a0Minuten\" \/>\n<script type=\"application\/ld+json\" class=\"yoast-schema-graph\">{\"@context\":\"https:\/\/schema.org\",\"@graph\":[{\"@type\":\"WebPage\",\"@id\":\"https:\/\/bf-on-tour.de\/irland-2019\/p-11\/\",\"url\":\"https:\/\/bf-on-tour.de\/irland-2019\/p-11\/\",\"name\":\"Achill Island - (Motorrad-Reisebericht: Irland 2019)\",\"isPartOf\":{\"@id\":\"https:\/\/bf-on-tour.de\/irland-2019\/#website\"},\"primaryImageOfPage\":{\"@id\":\"https:\/\/bf-on-tour.de\/irland-2019\/p-11\/#primaryimage\"},\"image\":{\"@id\":\"https:\/\/bf-on-tour.de\/irland-2019\/p-11\/#primaryimage\"},\"thumbnailUrl\":\"https:\/\/bf-on-tour.de\/irland-2019\/wp-content\/uploads\/sites\/22\/2020\/01\/Hills.jpg\",\"datePublished\":\"2020-01-05T13:02:49+00:00\",\"dateModified\":\"2020-04-02T13:36:49+00:00\",\"description\":\"Unsere Tour f\u00fchrt entlang der sanften Berge Connemaras nach Achill Island und zur Keem Bay, einem Kleinod an der Inselk\u00fcste. Hier gibt's S\u00fcdseefeeling.\",\"breadcrumb\":{\"@id\":\"https:\/\/bf-on-tour.de\/irland-2019\/p-11\/#breadcrumb\"},\"inLanguage\":\"de\",\"potentialAction\":[{\"@type\":\"ReadAction\",\"target\":[\"https:\/\/bf-on-tour.de\/irland-2019\/p-11\/\"]}]},{\"@type\":\"ImageObject\",\"inLanguage\":\"de\",\"@id\":\"https:\/\/bf-on-tour.de\/irland-2019\/p-11\/#primaryimage\",\"url\":\"https:\/\/bf-on-tour.de\/irland-2019\/wp-content\/uploads\/sites\/22\/2020\/01\/Hills.jpg\",\"contentUrl\":\"https:\/\/bf-on-tour.de\/irland-2019\/wp-content\/uploads\/sites\/22\/2020\/01\/Hills.jpg\"},{\"@type\":\"BreadcrumbList\",\"@id\":\"https:\/\/bf-on-tour.de\/irland-2019\/p-11\/#breadcrumb\",\"itemListElement\":[{\"@type\":\"ListItem\",\"position\":1,\"name\":\"Startseite\",\"item\":\"https:\/\/bf-on-tour.de\/irland-2019\/\"},{\"@type\":\"ListItem\",\"position\":2,\"name\":\"Achill Island\"}]},{\"@type\":\"WebSite\",\"@id\":\"https:\/\/bf-on-tour.de\/irland-2019\/#website\",\"url\":\"https:\/\/bf-on-tour.de\/irland-2019\/\",\"name\":\"Irland\",\"description\":\"fr\u00f6hlich melancholisch, gr\u00fcn\",\"potentialAction\":[{\"@type\":\"SearchAction\",\"target\":{\"@type\":\"EntryPoint\",\"urlTemplate\":\"https:\/\/bf-on-tour.de\/irland-2019\/?s={search_term_string}\"},\"query-input\":{\"@type\":\"PropertyValueSpecification\",\"valueRequired\":true,\"valueName\":\"search_term_string\"}}],\"inLanguage\":\"de\"}]}<\/script>\n<!-- \/ Yoast SEO plugin. -->","yoast_head_json":{"title":"Achill Island - (Motorrad-Reisebericht: Irland 2019)","description":"Unsere Tour f\u00fchrt entlang der sanften Berge Connemaras nach Achill Island und zur Keem Bay, einem Kleinod an der Inselk\u00fcste. Hier gibt's S\u00fcdseefeeling.","robots":{"index":"index","follow":"follow","max-snippet":"max-snippet:-1","max-image-preview":"max-image-preview:large","max-video-preview":"max-video-preview:-1"},"canonical":"https:\/\/bf-on-tour.de\/irland-2019\/p-11\/","og_locale":"de_DE","og_type":"article","og_title":"Achill Island - (Motorrad-Reisebericht: Irland 2019)","og_description":"Unsere Tour f\u00fchrt entlang der sanften Berge Connemaras nach Achill Island und zur Keem Bay, einem Kleinod an der Inselk\u00fcste. Hier gibt's S\u00fcdseefeeling.","og_url":"https:\/\/bf-on-tour.de\/irland-2019\/p-11\/","og_site_name":"Irland","article_modified_time":"2020-04-02T13:36:49+00:00","og_image":[{"url":"https:\/\/bf-on-tour.de\/irland-2019\/wp-content\/uploads\/sites\/22\/2020\/01\/Hills.jpg","type":"","width":"","height":""}],"twitter_card":"summary_large_image","twitter_misc":{"Gesch\u00e4tzte Lesezeit":"4\u00a0Minuten"},"schema":{"@context":"https:\/\/schema.org","@graph":[{"@type":"WebPage","@id":"https:\/\/bf-on-tour.de\/irland-2019\/p-11\/","url":"https:\/\/bf-on-tour.de\/irland-2019\/p-11\/","name":"Achill Island - (Motorrad-Reisebericht: Irland 2019)","isPartOf":{"@id":"https:\/\/bf-on-tour.de\/irland-2019\/#website"},"primaryImageOfPage":{"@id":"https:\/\/bf-on-tour.de\/irland-2019\/p-11\/#primaryimage"},"image":{"@id":"https:\/\/bf-on-tour.de\/irland-2019\/p-11\/#primaryimage"},"thumbnailUrl":"https:\/\/bf-on-tour.de\/irland-2019\/wp-content\/uploads\/sites\/22\/2020\/01\/Hills.jpg","datePublished":"2020-01-05T13:02:49+00:00","dateModified":"2020-04-02T13:36:49+00:00","description":"Unsere Tour f\u00fchrt entlang der sanften Berge Connemaras nach Achill Island und zur Keem Bay, einem Kleinod an der Inselk\u00fcste. Hier gibt's S\u00fcdseefeeling.","breadcrumb":{"@id":"https:\/\/bf-on-tour.de\/irland-2019\/p-11\/#breadcrumb"},"inLanguage":"de","potentialAction":[{"@type":"ReadAction","target":["https:\/\/bf-on-tour.de\/irland-2019\/p-11\/"]}]},{"@type":"ImageObject","inLanguage":"de","@id":"https:\/\/bf-on-tour.de\/irland-2019\/p-11\/#primaryimage","url":"https:\/\/bf-on-tour.de\/irland-2019\/wp-content\/uploads\/sites\/22\/2020\/01\/Hills.jpg","contentUrl":"https:\/\/bf-on-tour.de\/irland-2019\/wp-content\/uploads\/sites\/22\/2020\/01\/Hills.jpg"},{"@type":"BreadcrumbList","@id":"https:\/\/bf-on-tour.de\/irland-2019\/p-11\/#breadcrumb","itemListElement":[{"@type":"ListItem","position":1,"name":"Startseite","item":"https:\/\/bf-on-tour.de\/irland-2019\/"},{"@type":"ListItem","position":2,"name":"Achill Island"}]},{"@type":"WebSite","@id":"https:\/\/bf-on-tour.de\/irland-2019\/#website","url":"https:\/\/bf-on-tour.de\/irland-2019\/","name":"Irland","description":"fr\u00f6hlich melancholisch, gr\u00fcn","potentialAction":[{"@type":"SearchAction","target":{"@type":"EntryPoint","urlTemplate":"https:\/\/bf-on-tour.de\/irland-2019\/?s={search_term_string}"},"query-input":{"@type":"PropertyValueSpecification","valueRequired":true,"valueName":"search_term_string"}}],"inLanguage":"de"}]}},"_links":{"self":[{"href":"https:\/\/bf-on-tour.de\/irland-2019\/wp-json\/wp\/v2\/pages\/276","targetHints":{"allow":["GET"]}}],"collection":[{"href":"https:\/\/bf-on-tour.de\/irland-2019\/wp-json\/wp\/v2\/pages"}],"about":[{"href":"https:\/\/bf-on-tour.de\/irland-2019\/wp-json\/wp\/v2\/types\/page"}],"author":[{"embeddable":true,"href":"https:\/\/bf-on-tour.de\/irland-2019\/wp-json\/wp\/v2\/users\/1"}],"replies":[{"embeddable":true,"href":"https:\/\/bf-on-tour.de\/irland-2019\/wp-json\/wp\/v2\/comments?post=276"}],"version-history":[{"count":4,"href":"https:\/\/bf-on-tour.de\/irland-2019\/wp-json\/wp\/v2\/pages\/276\/revisions"}],"predecessor-version":[{"id":363,"href":"https:\/\/bf-on-tour.de\/irland-2019\/wp-json\/wp\/v2\/pages\/276\/revisions\/363"}],"wp:attachment":[{"href":"https:\/\/bf-on-tour.de\/irland-2019\/wp-json\/wp\/v2\/media?parent=276"}],"curies":[{"name":"wp","href":"https:\/\/api.w.org\/{rel}","templated":true}]}}