{"id":271,"date":"2020-01-05T13:16:00","date_gmt":"2020-01-05T12:16:00","guid":{"rendered":"http:\/\/bf-on-tour.de\/irland-2019\/?page_id=271"},"modified":"2020-04-02T15:36:28","modified_gmt":"2020-04-02T13:36:28","slug":"p-10","status":"publish","type":"page","link":"https:\/\/bf-on-tour.de\/irland-2019\/p-10\/","title":{"rendered":"Sonntagsspaziergang"},"content":{"rendered":"<figure id=\"attachment_285\" aria-describedby=\"caption-attachment-285\" style=\"width: 1014px\" class=\"wp-caption aligncenter\"><a href=\"https:\/\/bf-on-tour.de\/irland-2019\/wp-content\/uploads\/sites\/22\/2020\/01\/cottage.jpg\" rel=\"lightbox[271]\"><img loading=\"lazy\" decoding=\"async\" class=\"size-full wp-image-285\" src=\"https:\/\/bf-on-tour.de\/irland-2019\/wp-content\/uploads\/sites\/22\/2020\/01\/cottage.jpg\" alt=\"cottage\" width=\"1014\" height=\"764\" srcset=\"https:\/\/bf-on-tour.de\/irland-2019\/wp-content\/uploads\/sites\/22\/2020\/01\/cottage.jpg 1014w, https:\/\/bf-on-tour.de\/irland-2019\/wp-content\/uploads\/sites\/22\/2020\/01\/cottage-300x226.jpg 300w, https:\/\/bf-on-tour.de\/irland-2019\/wp-content\/uploads\/sites\/22\/2020\/01\/cottage-768x579.jpg 768w\" sizes=\"auto, (max-width: 709px) 85vw, (max-width: 909px) 67vw, (max-width: 1362px) 62vw, 840px\" \/><\/a><figcaption id=\"caption-attachment-285\" class=\"wp-caption-text\">Unsere Bleibe f\u00fcr die n\u00e4chsten drei Tage<\/figcaption><\/figure>\n<p>Sonntag regnet es. Niemand hat wirklich Lust, loszufahren. Also passiert es auch nicht. Wir bleiben im inzwischen gut geheizten Cottage, lesen, schreiben Geschichten f\u00fcr den Reiseblog, machen einen Sonntagsspaziergang, besprechen die Tour f\u00fcr morgen. Abends Guinness!<\/p>\n<figure id=\"attachment_281\" aria-describedby=\"caption-attachment-281\" style=\"width: 864px\" class=\"wp-caption aligncenter\"><a href=\"https:\/\/bf-on-tour.de\/irland-2019\/wp-content\/uploads\/sites\/22\/2020\/01\/spazierweg.jpg\" rel=\"lightbox[271]\"><img loading=\"lazy\" decoding=\"async\" class=\"size-full wp-image-281\" src=\"https:\/\/bf-on-tour.de\/irland-2019\/wp-content\/uploads\/sites\/22\/2020\/01\/spazierweg.jpg\" alt=\"weideweg\" width=\"864\" height=\"461\" srcset=\"https:\/\/bf-on-tour.de\/irland-2019\/wp-content\/uploads\/sites\/22\/2020\/01\/spazierweg.jpg 864w, https:\/\/bf-on-tour.de\/irland-2019\/wp-content\/uploads\/sites\/22\/2020\/01\/spazierweg-300x160.jpg 300w, https:\/\/bf-on-tour.de\/irland-2019\/wp-content\/uploads\/sites\/22\/2020\/01\/spazierweg-768x410.jpg 768w\" sizes=\"auto, (max-width: 709px) 85vw, (max-width: 909px) 67vw, (max-width: 1362px) 62vw, 840px\" \/><\/a><figcaption id=\"caption-attachment-281\" class=\"wp-caption-text\">Wandern durch eine gr\u00fcn-bunte Weidelandschaft<\/figcaption><\/figure>\n<p>Aber der Spaziergang soll hier doch erw\u00e4hnt werden. Er pr\u00e4sentiert uns n\u00e4mlich diese olivgr\u00fcne, rostbraune und vom Gelb des niedrigen Ginsters durchsetzte Landschaft hautnah. Wir gehen ja durch sie hindurch. Passieren Viehgatter, feuchte matschige Weidewege, immer entlang der felsigen K\u00fcste, immer begleitet vom Rauschen der Brandung in den kleinen aber steil abfallenden Buchten.<\/p>\n<figure id=\"attachment_283\" aria-describedby=\"caption-attachment-283\" style=\"width: 864px\" class=\"wp-caption aligncenter\"><a href=\"https:\/\/bf-on-tour.de\/irland-2019\/wp-content\/uploads\/sites\/22\/2020\/01\/k\u00fcste.jpg\" rel=\"lightbox[271]\"><img loading=\"lazy\" decoding=\"async\" class=\"size-full wp-image-283\" src=\"https:\/\/bf-on-tour.de\/irland-2019\/wp-content\/uploads\/sites\/22\/2020\/01\/k\u00fcste.jpg\" alt=\"Steilk\u00fcste\" width=\"864\" height=\"864\" srcset=\"https:\/\/bf-on-tour.de\/irland-2019\/wp-content\/uploads\/sites\/22\/2020\/01\/k\u00fcste.jpg 864w, https:\/\/bf-on-tour.de\/irland-2019\/wp-content\/uploads\/sites\/22\/2020\/01\/k\u00fcste-300x300.jpg 300w, https:\/\/bf-on-tour.de\/irland-2019\/wp-content\/uploads\/sites\/22\/2020\/01\/k\u00fcste-150x150.jpg 150w, https:\/\/bf-on-tour.de\/irland-2019\/wp-content\/uploads\/sites\/22\/2020\/01\/k\u00fcste-768x768.jpg 768w\" sizes=\"auto, (max-width: 709px) 85vw, (max-width: 909px) 67vw, (max-width: 1362px) 62vw, 840px\" \/><\/a><figcaption id=\"caption-attachment-283\" class=\"wp-caption-text\">Steilk\u00fcste<\/figcaption><\/figure>\n<p>Eine Badebucht und einen Leuchtturm soll es hier geben. Nur wo? Links die Steilk\u00fcste, rechts die sanften bunt bewachsenen Berge mit ihren Bewohnern, den Schafen. Ein Wandererpaar kommt uns entgegen, wird nach dem Leuchtturm befragt und ergeht sich in einer laaaangen Beschreibung: Diesem Weg nach bis zur Badebucht, dann weiter links \u00fcber den Berg, wieder runter zur K\u00fcste und dann&#8230; Wir w\u00e4ren mindestens noch zwei Stunden unterwegs, um einen kleinen rostigen Turm anzuschauen. Wollen wir das? Nein!<\/p>\n<figure id=\"attachment_282\" aria-describedby=\"caption-attachment-282\" style=\"width: 864px\" class=\"wp-caption aligncenter\"><a href=\"https:\/\/bf-on-tour.de\/irland-2019\/wp-content\/uploads\/sites\/22\/2020\/01\/schaf.jpg\" rel=\"lightbox[271]\"><img loading=\"lazy\" decoding=\"async\" class=\"size-full wp-image-282\" src=\"https:\/\/bf-on-tour.de\/irland-2019\/wp-content\/uploads\/sites\/22\/2020\/01\/schaf.jpg\" alt=\"schaf\" width=\"864\" height=\"499\" srcset=\"https:\/\/bf-on-tour.de\/irland-2019\/wp-content\/uploads\/sites\/22\/2020\/01\/schaf.jpg 864w, https:\/\/bf-on-tour.de\/irland-2019\/wp-content\/uploads\/sites\/22\/2020\/01\/schaf-300x173.jpg 300w, https:\/\/bf-on-tour.de\/irland-2019\/wp-content\/uploads\/sites\/22\/2020\/01\/schaf-768x444.jpg 768w\" sizes=\"auto, (max-width: 709px) 85vw, (max-width: 909px) 67vw, (max-width: 1362px) 62vw, 840px\" \/><\/a><figcaption id=\"caption-attachment-282\" class=\"wp-caption-text\">Der wohnt hier!<\/figcaption><\/figure>\n<p>Es ist kalt. Leichter Nieselregen hat eingesetzt. Trotzdem sind wir vom Wort <em>Badebucht<\/em> neugierig geworden. Zwar rechnen wir nicht damit, dass hier und heute irgendjemand im Freien badet &#8211; schon gar nicht wir &#8211; aber da nicht anzunehmen ist, dass mit <em>baden<\/em> ein Sprung aus ca. zehn Metern H\u00f6he in die Brandung gemeint ist, muss es in dieser Gegend also auch flache K\u00fcstenstellen geben. Neugier treibt an (schreibt einer, der damit seine Familie ern\u00e4hrt hat&#8230;)! Also weiter.<\/p>\n<figure id=\"attachment_284\" aria-describedby=\"caption-attachment-284\" style=\"width: 864px\" class=\"wp-caption aligncenter\"><a href=\"https:\/\/bf-on-tour.de\/irland-2019\/wp-content\/uploads\/sites\/22\/2020\/01\/kruzifix.jpg\" rel=\"lightbox[271]\"><img loading=\"lazy\" decoding=\"async\" class=\"size-full wp-image-284\" src=\"https:\/\/bf-on-tour.de\/irland-2019\/wp-content\/uploads\/sites\/22\/2020\/01\/kruzifix.jpg\" alt=\"Kruzifix\" width=\"864\" height=\"599\" srcset=\"https:\/\/bf-on-tour.de\/irland-2019\/wp-content\/uploads\/sites\/22\/2020\/01\/kruzifix.jpg 864w, https:\/\/bf-on-tour.de\/irland-2019\/wp-content\/uploads\/sites\/22\/2020\/01\/kruzifix-300x208.jpg 300w, https:\/\/bf-on-tour.de\/irland-2019\/wp-content\/uploads\/sites\/22\/2020\/01\/kruzifix-768x532.jpg 768w\" sizes=\"auto, (max-width: 709px) 85vw, (max-width: 909px) 67vw, (max-width: 1362px) 62vw, 840px\" \/><\/a><figcaption id=\"caption-attachment-284\" class=\"wp-caption-text\">Zur Erinnerung an einen hier in der N\u00e4he verstorbenen. Ob er abgest\u00fcrzt ist&#8230;?<\/figcaption><\/figure>\n<p>Und pl\u00f6tzlich steht links des Weges ein Kruzifix, dessen Inschrift einen hier in der N\u00e4he Verstorbenen dem Herrn und Erl\u00f6ser anbefiehlt. Ein Ausdruck der immanenten Gl\u00e4ubigkeit mitten auf einer Schafweide. Mir gehen die Ges\u00e4nge aus dem Pub, vorgestern, nicht aus dem Kopf. Ganz langsam f\u00fcgt sich ein erstes, noch sehr unkonkretes Bild von diesem Land zusammen. Ich liebe das Reisen mit unseren Maschinen, aber es besteht auch immer die Gefahr, am wirklich Wichtigen, am Landestypischen einfach vorbei zu fahren. Das haben wir im Baltikum erlebt, wo es unabsichtlich und unserer mangelnden Sprachkenntnis wegen geschah, wir haben es aber auch auf der Hurtigruten erlebt, als 12 Tage lang Norwegen wie in einem 3D-Kino an uns vor\u00fcber zog.<\/p>\n<figure id=\"attachment_287\" aria-describedby=\"caption-attachment-287\" style=\"width: 864px\" class=\"wp-caption aligncenter\"><a href=\"https:\/\/bf-on-tour.de\/irland-2019\/wp-content\/uploads\/sites\/22\/2020\/01\/badebucht1.jpg\" rel=\"lightbox[271]\"><img loading=\"lazy\" decoding=\"async\" class=\"size-full wp-image-287\" src=\"https:\/\/bf-on-tour.de\/irland-2019\/wp-content\/uploads\/sites\/22\/2020\/01\/badebucht1.jpg\" alt=\"bedebucht\" width=\"864\" height=\"492\" srcset=\"https:\/\/bf-on-tour.de\/irland-2019\/wp-content\/uploads\/sites\/22\/2020\/01\/badebucht1.jpg 864w, https:\/\/bf-on-tour.de\/irland-2019\/wp-content\/uploads\/sites\/22\/2020\/01\/badebucht1-300x171.jpg 300w, https:\/\/bf-on-tour.de\/irland-2019\/wp-content\/uploads\/sites\/22\/2020\/01\/badebucht1-768x437.jpg 768w\" sizes=\"auto, (max-width: 709px) 85vw, (max-width: 909px) 67vw, (max-width: 1362px) 62vw, 840px\" \/><\/a><figcaption id=\"caption-attachment-287\" class=\"wp-caption-text\">Die kleine Badebucht. Wir haben sie tats\u00e4chlich gefunden.<\/figcaption><\/figure>\n<p>W\u00e4hrend ich so meinen Gedanken nachh\u00e4nge, haben wir tats\u00e4chlich die Badebucht erreicht. Es badet wirklich niemand und ganz ehrlich, der Strand l\u00e4dt mit seiner groben Steinigkeit auch nicht gerade dazu ein &#8211; selbst, wenn es hier bei sch\u00f6nem Wetter vielleicht ganz romantisch sein k\u00f6nnte. Eine rauhe Sch\u00f6nheit eben, diese Badebucht.<\/p>\n<figure id=\"attachment_286\" aria-describedby=\"caption-attachment-286\" style=\"width: 864px\" class=\"wp-caption aligncenter\"><a href=\"https:\/\/bf-on-tour.de\/irland-2019\/wp-content\/uploads\/sites\/22\/2020\/01\/badebucht2.jpg\" rel=\"lightbox[271]\"><img loading=\"lazy\" decoding=\"async\" class=\"size-full wp-image-286\" src=\"https:\/\/bf-on-tour.de\/irland-2019\/wp-content\/uploads\/sites\/22\/2020\/01\/badebucht2.jpg\" alt=\"badebucht2\" width=\"864\" height=\"431\" srcset=\"https:\/\/bf-on-tour.de\/irland-2019\/wp-content\/uploads\/sites\/22\/2020\/01\/badebucht2.jpg 864w, https:\/\/bf-on-tour.de\/irland-2019\/wp-content\/uploads\/sites\/22\/2020\/01\/badebucht2-300x150.jpg 300w, https:\/\/bf-on-tour.de\/irland-2019\/wp-content\/uploads\/sites\/22\/2020\/01\/badebucht2-768x383.jpg 768w\" sizes=\"auto, (max-width: 709px) 85vw, (max-width: 909px) 67vw, (max-width: 1362px) 62vw, 840px\" \/><\/a><figcaption id=\"caption-attachment-286\" class=\"wp-caption-text\">Steinstrand &#8211; wenig einladend zum rasten, hinlegen, Sonnenbaden&#8230;<\/figcaption><\/figure>\n<p><a href=\"https:\/\/bf-on-tour.de\/irland-2019\/p-09\"><img loading=\"lazy\" decoding=\"async\" class=\"alignleft wp-image-47\" src=\"https:\/\/bf-on-tour.de\/irland-2019\/wp-content\/uploads\/sites\/22\/2019\/12\/zurueck.png\" alt=\"\" width=\"50\" height=\"37\" \/><\/a> <a href=\"https:\/\/bf-on-tour.de\/irland-2019\/p-11\"><img loading=\"lazy\" decoding=\"async\" class=\"alignright wp-image-46\" src=\"https:\/\/bf-on-tour.de\/irland-2019\/wp-content\/uploads\/sites\/22\/2019\/12\/weiter.png\" alt=\"\" width=\"50\" height=\"37\" \/><\/a><\/p>\n","protected":false},"excerpt":{"rendered":"<p>Sonntag regnet es. Niemand hat wirklich Lust, loszufahren. Also passiert es auch nicht. Wir bleiben im inzwischen gut geheizten Cottage, lesen, schreiben Geschichten f\u00fcr den Reiseblog, machen einen Sonntagsspaziergang, besprechen die Tour f\u00fcr morgen. Abends Guinness! Aber der Spaziergang soll hier doch erw\u00e4hnt werden. Er pr\u00e4sentiert uns n\u00e4mlich diese olivgr\u00fcne, rostbraune und vom Gelb des &hellip; <a href=\"https:\/\/bf-on-tour.de\/irland-2019\/p-10\/\" class=\"more-link\"><span class=\"screen-reader-text\">\u201eSonntagsspaziergang\u201c <\/span>weiterlesen<\/a><\/p>\n","protected":false},"author":1,"featured_media":0,"parent":0,"menu_order":9,"comment_status":"closed","ping_status":"closed","template":"","meta":{"footnotes":""},"class_list":["post-271","page","type-page","status-publish","hentry"],"yoast_head":"<!-- This site is optimized with the Yoast SEO plugin v27.1.1 - https:\/\/yoast.com\/product\/yoast-seo-wordpress\/ -->\n<title>Sonntagsspaziergang - (Motorrad-Reisebericht: Irland 2019)<\/title>\n<meta name=\"description\" content=\"Sonntagmorgen. Es regnet, niemand will Fahren. Wir machen einen Spaziergang durch bunte Schafweiden, entlang der Steilk\u00fcste zu einer kleinen Badebucht.\" \/>\n<meta name=\"robots\" content=\"index, follow, max-snippet:-1, max-image-preview:large, max-video-preview:-1\" \/>\n<link rel=\"canonical\" href=\"https:\/\/bf-on-tour.de\/irland-2019\/p-10\/\" \/>\n<meta property=\"og:locale\" content=\"de_DE\" \/>\n<meta property=\"og:type\" content=\"article\" \/>\n<meta property=\"og:title\" content=\"Sonntagsspaziergang - (Motorrad-Reisebericht: Irland 2019)\" \/>\n<meta property=\"og:description\" content=\"Sonntagmorgen. Es regnet, niemand will Fahren. Wir machen einen Spaziergang durch bunte Schafweiden, entlang der Steilk\u00fcste zu einer kleinen Badebucht.\" \/>\n<meta property=\"og:url\" content=\"https:\/\/bf-on-tour.de\/irland-2019\/p-10\/\" \/>\n<meta property=\"og:site_name\" content=\"Irland\" \/>\n<meta property=\"article:modified_time\" content=\"2020-04-02T13:36:28+00:00\" \/>\n<meta property=\"og:image\" content=\"https:\/\/bf-on-tour.de\/irland-2019\/wp-content\/uploads\/sites\/22\/2020\/01\/cottage.jpg\" \/>\n<meta name=\"twitter:card\" content=\"summary_large_image\" \/>\n<meta name=\"twitter:label1\" content=\"Gesch\u00e4tzte Lesezeit\" \/>\n\t<meta name=\"twitter:data1\" content=\"3\u00a0Minuten\" \/>\n<script type=\"application\/ld+json\" class=\"yoast-schema-graph\">{\"@context\":\"https:\/\/schema.org\",\"@graph\":[{\"@type\":\"WebPage\",\"@id\":\"https:\/\/bf-on-tour.de\/irland-2019\/p-10\/\",\"url\":\"https:\/\/bf-on-tour.de\/irland-2019\/p-10\/\",\"name\":\"Sonntagsspaziergang - (Motorrad-Reisebericht: Irland 2019)\",\"isPartOf\":{\"@id\":\"https:\/\/bf-on-tour.de\/irland-2019\/#website\"},\"primaryImageOfPage\":{\"@id\":\"https:\/\/bf-on-tour.de\/irland-2019\/p-10\/#primaryimage\"},\"image\":{\"@id\":\"https:\/\/bf-on-tour.de\/irland-2019\/p-10\/#primaryimage\"},\"thumbnailUrl\":\"https:\/\/bf-on-tour.de\/irland-2019\/wp-content\/uploads\/sites\/22\/2020\/01\/cottage.jpg\",\"datePublished\":\"2020-01-05T12:16:00+00:00\",\"dateModified\":\"2020-04-02T13:36:28+00:00\",\"description\":\"Sonntagmorgen. Es regnet, niemand will Fahren. Wir machen einen Spaziergang durch bunte Schafweiden, entlang der Steilk\u00fcste zu einer kleinen Badebucht.\",\"breadcrumb\":{\"@id\":\"https:\/\/bf-on-tour.de\/irland-2019\/p-10\/#breadcrumb\"},\"inLanguage\":\"de\",\"potentialAction\":[{\"@type\":\"ReadAction\",\"target\":[\"https:\/\/bf-on-tour.de\/irland-2019\/p-10\/\"]}]},{\"@type\":\"ImageObject\",\"inLanguage\":\"de\",\"@id\":\"https:\/\/bf-on-tour.de\/irland-2019\/p-10\/#primaryimage\",\"url\":\"https:\/\/bf-on-tour.de\/irland-2019\/wp-content\/uploads\/sites\/22\/2020\/01\/cottage.jpg\",\"contentUrl\":\"https:\/\/bf-on-tour.de\/irland-2019\/wp-content\/uploads\/sites\/22\/2020\/01\/cottage.jpg\"},{\"@type\":\"BreadcrumbList\",\"@id\":\"https:\/\/bf-on-tour.de\/irland-2019\/p-10\/#breadcrumb\",\"itemListElement\":[{\"@type\":\"ListItem\",\"position\":1,\"name\":\"Startseite\",\"item\":\"https:\/\/bf-on-tour.de\/irland-2019\/\"},{\"@type\":\"ListItem\",\"position\":2,\"name\":\"Sonntagsspaziergang\"}]},{\"@type\":\"WebSite\",\"@id\":\"https:\/\/bf-on-tour.de\/irland-2019\/#website\",\"url\":\"https:\/\/bf-on-tour.de\/irland-2019\/\",\"name\":\"Irland\",\"description\":\"fr\u00f6hlich melancholisch, gr\u00fcn\",\"potentialAction\":[{\"@type\":\"SearchAction\",\"target\":{\"@type\":\"EntryPoint\",\"urlTemplate\":\"https:\/\/bf-on-tour.de\/irland-2019\/?s={search_term_string}\"},\"query-input\":{\"@type\":\"PropertyValueSpecification\",\"valueRequired\":true,\"valueName\":\"search_term_string\"}}],\"inLanguage\":\"de\"}]}<\/script>\n<!-- \/ Yoast SEO plugin. -->","yoast_head_json":{"title":"Sonntagsspaziergang - (Motorrad-Reisebericht: Irland 2019)","description":"Sonntagmorgen. Es regnet, niemand will Fahren. Wir machen einen Spaziergang durch bunte Schafweiden, entlang der Steilk\u00fcste zu einer kleinen Badebucht.","robots":{"index":"index","follow":"follow","max-snippet":"max-snippet:-1","max-image-preview":"max-image-preview:large","max-video-preview":"max-video-preview:-1"},"canonical":"https:\/\/bf-on-tour.de\/irland-2019\/p-10\/","og_locale":"de_DE","og_type":"article","og_title":"Sonntagsspaziergang - (Motorrad-Reisebericht: Irland 2019)","og_description":"Sonntagmorgen. Es regnet, niemand will Fahren. Wir machen einen Spaziergang durch bunte Schafweiden, entlang der Steilk\u00fcste zu einer kleinen Badebucht.","og_url":"https:\/\/bf-on-tour.de\/irland-2019\/p-10\/","og_site_name":"Irland","article_modified_time":"2020-04-02T13:36:28+00:00","og_image":[{"url":"https:\/\/bf-on-tour.de\/irland-2019\/wp-content\/uploads\/sites\/22\/2020\/01\/cottage.jpg","type":"","width":"","height":""}],"twitter_card":"summary_large_image","twitter_misc":{"Gesch\u00e4tzte Lesezeit":"3\u00a0Minuten"},"schema":{"@context":"https:\/\/schema.org","@graph":[{"@type":"WebPage","@id":"https:\/\/bf-on-tour.de\/irland-2019\/p-10\/","url":"https:\/\/bf-on-tour.de\/irland-2019\/p-10\/","name":"Sonntagsspaziergang - (Motorrad-Reisebericht: Irland 2019)","isPartOf":{"@id":"https:\/\/bf-on-tour.de\/irland-2019\/#website"},"primaryImageOfPage":{"@id":"https:\/\/bf-on-tour.de\/irland-2019\/p-10\/#primaryimage"},"image":{"@id":"https:\/\/bf-on-tour.de\/irland-2019\/p-10\/#primaryimage"},"thumbnailUrl":"https:\/\/bf-on-tour.de\/irland-2019\/wp-content\/uploads\/sites\/22\/2020\/01\/cottage.jpg","datePublished":"2020-01-05T12:16:00+00:00","dateModified":"2020-04-02T13:36:28+00:00","description":"Sonntagmorgen. Es regnet, niemand will Fahren. Wir machen einen Spaziergang durch bunte Schafweiden, entlang der Steilk\u00fcste zu einer kleinen Badebucht.","breadcrumb":{"@id":"https:\/\/bf-on-tour.de\/irland-2019\/p-10\/#breadcrumb"},"inLanguage":"de","potentialAction":[{"@type":"ReadAction","target":["https:\/\/bf-on-tour.de\/irland-2019\/p-10\/"]}]},{"@type":"ImageObject","inLanguage":"de","@id":"https:\/\/bf-on-tour.de\/irland-2019\/p-10\/#primaryimage","url":"https:\/\/bf-on-tour.de\/irland-2019\/wp-content\/uploads\/sites\/22\/2020\/01\/cottage.jpg","contentUrl":"https:\/\/bf-on-tour.de\/irland-2019\/wp-content\/uploads\/sites\/22\/2020\/01\/cottage.jpg"},{"@type":"BreadcrumbList","@id":"https:\/\/bf-on-tour.de\/irland-2019\/p-10\/#breadcrumb","itemListElement":[{"@type":"ListItem","position":1,"name":"Startseite","item":"https:\/\/bf-on-tour.de\/irland-2019\/"},{"@type":"ListItem","position":2,"name":"Sonntagsspaziergang"}]},{"@type":"WebSite","@id":"https:\/\/bf-on-tour.de\/irland-2019\/#website","url":"https:\/\/bf-on-tour.de\/irland-2019\/","name":"Irland","description":"fr\u00f6hlich melancholisch, gr\u00fcn","potentialAction":[{"@type":"SearchAction","target":{"@type":"EntryPoint","urlTemplate":"https:\/\/bf-on-tour.de\/irland-2019\/?s={search_term_string}"},"query-input":{"@type":"PropertyValueSpecification","valueRequired":true,"valueName":"search_term_string"}}],"inLanguage":"de"}]}},"_links":{"self":[{"href":"https:\/\/bf-on-tour.de\/irland-2019\/wp-json\/wp\/v2\/pages\/271","targetHints":{"allow":["GET"]}}],"collection":[{"href":"https:\/\/bf-on-tour.de\/irland-2019\/wp-json\/wp\/v2\/pages"}],"about":[{"href":"https:\/\/bf-on-tour.de\/irland-2019\/wp-json\/wp\/v2\/types\/page"}],"author":[{"embeddable":true,"href":"https:\/\/bf-on-tour.de\/irland-2019\/wp-json\/wp\/v2\/users\/1"}],"replies":[{"embeddable":true,"href":"https:\/\/bf-on-tour.de\/irland-2019\/wp-json\/wp\/v2\/comments?post=271"}],"version-history":[{"count":8,"href":"https:\/\/bf-on-tour.de\/irland-2019\/wp-json\/wp\/v2\/pages\/271\/revisions"}],"predecessor-version":[{"id":362,"href":"https:\/\/bf-on-tour.de\/irland-2019\/wp-json\/wp\/v2\/pages\/271\/revisions\/362"}],"wp:attachment":[{"href":"https:\/\/bf-on-tour.de\/irland-2019\/wp-json\/wp\/v2\/media?parent=271"}],"curies":[{"name":"wp","href":"https:\/\/api.w.org\/{rel}","templated":true}]}}