{"id":235,"date":"2020-01-04T15:32:29","date_gmt":"2020-01-04T14:32:29","guid":{"rendered":"http:\/\/bf-on-tour.de\/irland-2019\/?page_id=235"},"modified":"2020-04-02T15:35:48","modified_gmt":"2020-04-02T13:35:48","slug":"p-08","status":"publish","type":"page","link":"https:\/\/bf-on-tour.de\/irland-2019\/p-08\/","title":{"rendered":"Cong"},"content":{"rendered":"<p>Donnerstag. Der Wind hat sich gelegt, der Wetterbericht verspricht einen sch\u00f6nen Tag. Beim Fr\u00fchst\u00fcck im Wintergarten unseres Cottages leuchtet blauer Himmel durch das Glasdach &#8211; zumindest zeitweise.<\/p>\n<figure id=\"attachment_246\" aria-describedby=\"caption-attachment-246\" style=\"width: 864px\" class=\"wp-caption aligncenter\"><a href=\"https:\/\/bf-on-tour.de\/irland-2019\/wp-content\/uploads\/sites\/22\/2020\/01\/lkw.jpg\" rel=\"lightbox[235]\"><img loading=\"lazy\" decoding=\"async\" class=\"size-full wp-image-246\" src=\"https:\/\/bf-on-tour.de\/irland-2019\/wp-content\/uploads\/sites\/22\/2020\/01\/lkw.jpg\" alt=\"Gegenverkehr\" width=\"864\" height=\"447\" srcset=\"https:\/\/bf-on-tour.de\/irland-2019\/wp-content\/uploads\/sites\/22\/2020\/01\/lkw.jpg 864w, https:\/\/bf-on-tour.de\/irland-2019\/wp-content\/uploads\/sites\/22\/2020\/01\/lkw-300x155.jpg 300w, https:\/\/bf-on-tour.de\/irland-2019\/wp-content\/uploads\/sites\/22\/2020\/01\/lkw-768x397.jpg 768w\" sizes=\"auto, (max-width: 709px) 85vw, (max-width: 909px) 67vw, (max-width: 1362px) 62vw, 840px\" \/><\/a><figcaption id=\"caption-attachment-246\" class=\"wp-caption-text\">Manchmal wird es ziemlich eng&#8230;<\/figcaption><\/figure>\n<p>Unser heutiges Ziel, Cong, ist etwas weiter entfernt, weshalb wir zum Einen etwas eher aufbrechen als sonst und zum Anderen weniger die kleinen gewundenen Stra\u00dfen bem\u00fchen, sondern die, auf denen man auch mal mit 100 km\/h voran kommt (trotzdem wird es manchmal eng).<\/p>\n<figure id=\"attachment_243\" aria-describedby=\"caption-attachment-243\" style=\"width: 864px\" class=\"wp-caption aligncenter\"><a href=\"https:\/\/bf-on-tour.de\/irland-2019\/wp-content\/uploads\/sites\/22\/2020\/01\/geradeaus.jpg\" rel=\"lightbox[235]\"><img loading=\"lazy\" decoding=\"async\" class=\"size-full wp-image-243\" src=\"https:\/\/bf-on-tour.de\/irland-2019\/wp-content\/uploads\/sites\/22\/2020\/01\/geradeaus.jpg\" alt=\"geradeaus\" width=\"864\" height=\"469\" srcset=\"https:\/\/bf-on-tour.de\/irland-2019\/wp-content\/uploads\/sites\/22\/2020\/01\/geradeaus.jpg 864w, https:\/\/bf-on-tour.de\/irland-2019\/wp-content\/uploads\/sites\/22\/2020\/01\/geradeaus-300x163.jpg 300w, https:\/\/bf-on-tour.de\/irland-2019\/wp-content\/uploads\/sites\/22\/2020\/01\/geradeaus-768x417.jpg 768w\" sizes=\"auto, (max-width: 709px) 85vw, (max-width: 909px) 67vw, (max-width: 1362px) 62vw, 840px\" \/><\/a><figcaption id=\"caption-attachment-243\" class=\"wp-caption-text\">Die N84: Trotz 100 km\/h eher langweilig zu fahren.<\/figcaption><\/figure>\n<p>Auf der teils schnurgeraden N84 hinter Galway, die recht gut mit der Attraktivit\u00e4t einer oberitalienischen Landstra\u00dfe durch die Po-Ebene konkurrieren kann, kommt man allerdings auch bei 100 km\/h schon mal ins D\u00f6sen. Links und rechts Felder oder Weideland, ab und an eine niedrige Br\u00fccke \u00fcber einen Entw\u00e4sserungsgraben oder einen kleinen Fluss, mehr nicht. Aber das sind letztlich nur zehn der zu fahrenden 80 Kilometer. Danach wird die Landschaft wieder interessanter.<\/p>\n<figure id=\"attachment_240\" aria-describedby=\"caption-attachment-240\" style=\"width: 864px\" class=\"wp-caption aligncenter\"><a href=\"https:\/\/bf-on-tour.de\/irland-2019\/wp-content\/uploads\/sites\/22\/2020\/01\/cong1.jpg\" rel=\"lightbox[235]\"><img loading=\"lazy\" decoding=\"async\" class=\"size-full wp-image-240\" src=\"https:\/\/bf-on-tour.de\/irland-2019\/wp-content\/uploads\/sites\/22\/2020\/01\/cong1.jpg\" alt=\"Ankunft in Cong\" width=\"864\" height=\"419\" srcset=\"https:\/\/bf-on-tour.de\/irland-2019\/wp-content\/uploads\/sites\/22\/2020\/01\/cong1.jpg 864w, https:\/\/bf-on-tour.de\/irland-2019\/wp-content\/uploads\/sites\/22\/2020\/01\/cong1-300x145.jpg 300w, https:\/\/bf-on-tour.de\/irland-2019\/wp-content\/uploads\/sites\/22\/2020\/01\/cong1-768x372.jpg 768w\" sizes=\"auto, (max-width: 709px) 85vw, (max-width: 909px) 67vw, (max-width: 1362px) 62vw, 840px\" \/><\/a><figcaption id=\"caption-attachment-240\" class=\"wp-caption-text\">Cong empf\u00e4ngt uns mit einem Nobelhotel im Castle-Stil<\/figcaption><\/figure>\n<p>Ankunft in Cong, einem kleinen Dorf mit knapp 150 Einwohnern in der Grafschaft Mayo. Es liegt zwischen zwei Seen, dem Lough Mask und dem Lough Corrib, dem mit 200 qkm gr\u00f6\u00dften See der Republik Irland. Beide sind unterirdisch miteinander verbunden und flie\u00dfen damit quasi gemeinsam \u00fcber den Fluss Corrib durch Galway in den Atlantik ab. Der Ort selbst punktet mit seiner \u201eCong-Abbey\u201c, einer im 12. Jahrhundert gegr\u00fcndeten Augustiner-Abtei, die &#8211; wie so h\u00e4ufig &#8211; auf einer weitaus \u00e4lteren Gr\u00fcndung beruht. Heute eine Ruine.<\/p>\n<figure id=\"attachment_238\" aria-describedby=\"caption-attachment-238\" style=\"width: 864px\" class=\"wp-caption aligncenter\"><a href=\"https:\/\/bf-on-tour.de\/irland-2019\/wp-content\/uploads\/sites\/22\/2020\/01\/cong-abbey.jpg\" rel=\"lightbox[235]\"><img loading=\"lazy\" decoding=\"async\" class=\"size-full wp-image-238\" src=\"https:\/\/bf-on-tour.de\/irland-2019\/wp-content\/uploads\/sites\/22\/2020\/01\/cong-abbey.jpg\" alt=\"cong abbey\" width=\"864\" height=\"441\" srcset=\"https:\/\/bf-on-tour.de\/irland-2019\/wp-content\/uploads\/sites\/22\/2020\/01\/cong-abbey.jpg 864w, https:\/\/bf-on-tour.de\/irland-2019\/wp-content\/uploads\/sites\/22\/2020\/01\/cong-abbey-300x153.jpg 300w, https:\/\/bf-on-tour.de\/irland-2019\/wp-content\/uploads\/sites\/22\/2020\/01\/cong-abbey-768x392.jpg 768w\" sizes=\"auto, (max-width: 709px) 85vw, (max-width: 909px) 67vw, (max-width: 1362px) 62vw, 840px\" \/><\/a><figcaption id=\"caption-attachment-238\" class=\"wp-caption-text\">Die Ruine der Cong Abbey von der Gartenseite<\/figcaption><\/figure>\n<p>Nachdem wir etwas gegessen haben, schlendern wir durch den Klosterpark, statten \u201eMonks Fishing Cottage\u201c einen Besuch ab, den Resten eines kleinen Hauses, das fr\u00fcher zum Fischfang genutzt wurde. Direkt \u00fcber einem, die Seen verbindenden Wasserlauf erbaut, befindet sich im Fu\u00dfboden eine rechteckige Aussparung, durch die man Schnur und Haken hinab lassen konnte. Der Kamin gleich daneben erm\u00f6glichte dann das R\u00e4uchern oder Braten des Fanges, bzw. einfach nur das Heizen des Raumes. H\u00f6chst praktisch!<\/p>\n<figure id=\"attachment_241\" aria-describedby=\"caption-attachment-241\" style=\"width: 864px\" class=\"wp-caption aligncenter\"><a href=\"https:\/\/bf-on-tour.de\/irland-2019\/wp-content\/uploads\/sites\/22\/2020\/01\/fischerhaus.jpg\" rel=\"lightbox[235]\"><img loading=\"lazy\" decoding=\"async\" class=\"size-full wp-image-241\" src=\"https:\/\/bf-on-tour.de\/irland-2019\/wp-content\/uploads\/sites\/22\/2020\/01\/fischerhaus.jpg\" alt=\"fishing house\" width=\"864\" height=\"864\" srcset=\"https:\/\/bf-on-tour.de\/irland-2019\/wp-content\/uploads\/sites\/22\/2020\/01\/fischerhaus.jpg 864w, https:\/\/bf-on-tour.de\/irland-2019\/wp-content\/uploads\/sites\/22\/2020\/01\/fischerhaus-300x300.jpg 300w, https:\/\/bf-on-tour.de\/irland-2019\/wp-content\/uploads\/sites\/22\/2020\/01\/fischerhaus-150x150.jpg 150w, https:\/\/bf-on-tour.de\/irland-2019\/wp-content\/uploads\/sites\/22\/2020\/01\/fischerhaus-768x768.jpg 768w\" sizes=\"auto, (max-width: 709px) 85vw, (max-width: 909px) 67vw, (max-width: 1362px) 62vw, 840px\" \/><\/a><figcaption id=\"caption-attachment-241\" class=\"wp-caption-text\">Monks Fishing Cottage<\/figcaption><\/figure>\n<p>Dann die Abby selbst. Einige Mauern sind erhalten und einzelne Teile des Kreuzgangs, d.h. man kann um den einstigen Innenhof gehen, bleibt aber unbedacht. Diese Teile existieren nicht mehr. Und schlie\u00dflich noch die Klosterkirche. Auch sie reichlich verfallen, ziemlich schmucklos. Nat\u00fcrlich hat es seinen Reiz, hier durch zu gehen und sich eine Vorstellung davon zu machen, wie es fr\u00fcher wohl gewesen sein muss, mit der Abtei, der Kirche, dem Friedhof und dem Park. Andererseits ist man auch schnell durch. Viele alte Steine halt. Nur der Friedhof wird noch genutzt.<\/p>\n<figure id=\"attachment_245\" aria-describedby=\"caption-attachment-245\" style=\"width: 864px\" class=\"wp-caption aligncenter\"><a href=\"https:\/\/bf-on-tour.de\/irland-2019\/wp-content\/uploads\/sites\/22\/2020\/01\/kreuzgang.jpg\" rel=\"lightbox[235]\"><img loading=\"lazy\" decoding=\"async\" class=\"size-full wp-image-245\" src=\"https:\/\/bf-on-tour.de\/irland-2019\/wp-content\/uploads\/sites\/22\/2020\/01\/kreuzgang.jpg\" alt=\"der Kreuzgang\" width=\"864\" height=\"594\" srcset=\"https:\/\/bf-on-tour.de\/irland-2019\/wp-content\/uploads\/sites\/22\/2020\/01\/kreuzgang.jpg 864w, https:\/\/bf-on-tour.de\/irland-2019\/wp-content\/uploads\/sites\/22\/2020\/01\/kreuzgang-300x206.jpg 300w, https:\/\/bf-on-tour.de\/irland-2019\/wp-content\/uploads\/sites\/22\/2020\/01\/kreuzgang-768x528.jpg 768w\" sizes=\"auto, (max-width: 709px) 85vw, (max-width: 909px) 67vw, (max-width: 1362px) 62vw, 840px\" \/><\/a><figcaption id=\"caption-attachment-245\" class=\"wp-caption-text\">Teile des Kreuzganges im Kloster sind erhalten geblieben.<\/figcaption><\/figure>\n<figure id=\"attachment_242\" aria-describedby=\"caption-attachment-242\" style=\"width: 864px\" class=\"wp-caption aligncenter\"><a href=\"https:\/\/bf-on-tour.de\/irland-2019\/wp-content\/uploads\/sites\/22\/2020\/01\/friedhof-1.jpg\" rel=\"lightbox[235]\"><img loading=\"lazy\" decoding=\"async\" class=\"size-full wp-image-242\" src=\"https:\/\/bf-on-tour.de\/irland-2019\/wp-content\/uploads\/sites\/22\/2020\/01\/friedhof-1.jpg\" alt=\"Friedhof\" width=\"864\" height=\"580\" srcset=\"https:\/\/bf-on-tour.de\/irland-2019\/wp-content\/uploads\/sites\/22\/2020\/01\/friedhof-1.jpg 864w, https:\/\/bf-on-tour.de\/irland-2019\/wp-content\/uploads\/sites\/22\/2020\/01\/friedhof-1-300x201.jpg 300w, https:\/\/bf-on-tour.de\/irland-2019\/wp-content\/uploads\/sites\/22\/2020\/01\/friedhof-1-768x516.jpg 768w\" sizes=\"auto, (max-width: 709px) 85vw, (max-width: 909px) 67vw, (max-width: 1362px) 62vw, 840px\" \/><\/a><figcaption id=\"caption-attachment-242\" class=\"wp-caption-text\">Nur der Friedhof der Abbey wird heute noch genutzt.<\/figcaption><\/figure>\n<p>Wir machen uns auf den Heimweg, fahren zwischen den beiden Seen hindurch und weiter am<span class=\"Apple-converted-space\">\u00a0 <\/span>Nordufer des Lough Corrib. Eine sehr sch\u00f6ne Strecke mit wunderbaren Aussichten auf den in der Sonne silbern gl\u00e4nzenden See, die vielen kleinen gr\u00fcnen Inseln darin und die das Panorama umrahmenden, gr\u00fcn-braunen Maumturk Mountains.<\/p>\n<figure id=\"attachment_247\" aria-describedby=\"caption-attachment-247\" style=\"width: 864px\" class=\"wp-caption aligncenter\"><a href=\"https:\/\/bf-on-tour.de\/irland-2019\/wp-content\/uploads\/sites\/22\/2020\/01\/logh-corrib.jpg\" rel=\"lightbox[235]\"><img loading=\"lazy\" decoding=\"async\" class=\"size-full wp-image-247\" src=\"https:\/\/bf-on-tour.de\/irland-2019\/wp-content\/uploads\/sites\/22\/2020\/01\/logh-corrib.jpg\" alt=\"log corrib\" width=\"864\" height=\"399\" srcset=\"https:\/\/bf-on-tour.de\/irland-2019\/wp-content\/uploads\/sites\/22\/2020\/01\/logh-corrib.jpg 864w, https:\/\/bf-on-tour.de\/irland-2019\/wp-content\/uploads\/sites\/22\/2020\/01\/logh-corrib-300x139.jpg 300w, https:\/\/bf-on-tour.de\/irland-2019\/wp-content\/uploads\/sites\/22\/2020\/01\/logh-corrib-768x355.jpg 768w\" sizes=\"auto, (max-width: 709px) 85vw, (max-width: 909px) 67vw, (max-width: 1362px) 62vw, 840px\" \/><\/a><figcaption id=\"caption-attachment-247\" class=\"wp-caption-text\">Sch\u00f6nes Seepanorama am Lough Corrib<\/figcaption><\/figure>\n<p>Ab Maum geht es wieder nach S\u00fcden und in Maam Cross biegen wir auf die N59 in Richtung Galway ab. Jetzt folgt eine flotte Fahrt durch nahezu unbewohntes Moor- und Heideland, in dem warme<span class=\"Apple-converted-space\">\u00a0 <\/span>Rot-, Braun- und Olivt\u00f6ne in der Landschaft vorherrschen.<\/p>\n<figure id=\"attachment_244\" aria-describedby=\"caption-attachment-244\" style=\"width: 864px\" class=\"wp-caption aligncenter\"><a href=\"https:\/\/bf-on-tour.de\/irland-2019\/wp-content\/uploads\/sites\/22\/2020\/01\/hochmoor.jpg\" rel=\"lightbox[235]\"><img loading=\"lazy\" decoding=\"async\" class=\"size-full wp-image-244\" src=\"https:\/\/bf-on-tour.de\/irland-2019\/wp-content\/uploads\/sites\/22\/2020\/01\/hochmoor.jpg\" alt=\"Hochmoor\" width=\"864\" height=\"375\" srcset=\"https:\/\/bf-on-tour.de\/irland-2019\/wp-content\/uploads\/sites\/22\/2020\/01\/hochmoor.jpg 864w, https:\/\/bf-on-tour.de\/irland-2019\/wp-content\/uploads\/sites\/22\/2020\/01\/hochmoor-300x130.jpg 300w, https:\/\/bf-on-tour.de\/irland-2019\/wp-content\/uploads\/sites\/22\/2020\/01\/hochmoor-768x333.jpg 768w\" sizes=\"auto, (max-width: 709px) 85vw, (max-width: 909px) 67vw, (max-width: 1362px) 62vw, 840px\" \/><\/a><figcaption id=\"caption-attachment-244\" class=\"wp-caption-text\">Oliv- und Braunt\u00f6ne beherrschen die Hochmoorlandschaft<\/figcaption><\/figure>\n<p>Damit ist diese Strecke ein farbliches Alternativprogramm zum eindeutig gr\u00fcn dominierten Hinweg und zur grau-gr\u00fcnen Gegend auf und um den Burren. Erstaunlich, dass auf einer Distanz von nur wenigen Kilometern derartige Unterschiede im Landschaftscharakter existieren.<\/p>\n<figure id=\"attachment_237\" aria-describedby=\"caption-attachment-237\" style=\"width: 864px\" class=\"wp-caption aligncenter\"><a href=\"https:\/\/bf-on-tour.de\/irland-2019\/wp-content\/uploads\/sites\/22\/2020\/01\/castle.jpg\" rel=\"lightbox[235]\"><img loading=\"lazy\" decoding=\"async\" class=\"size-full wp-image-237\" src=\"https:\/\/bf-on-tour.de\/irland-2019\/wp-content\/uploads\/sites\/22\/2020\/01\/castle.jpg\" alt=\"castle\" width=\"864\" height=\"580\" srcset=\"https:\/\/bf-on-tour.de\/irland-2019\/wp-content\/uploads\/sites\/22\/2020\/01\/castle.jpg 864w, https:\/\/bf-on-tour.de\/irland-2019\/wp-content\/uploads\/sites\/22\/2020\/01\/castle-300x201.jpg 300w, https:\/\/bf-on-tour.de\/irland-2019\/wp-content\/uploads\/sites\/22\/2020\/01\/castle-768x516.jpg 768w\" sizes=\"auto, (max-width: 709px) 85vw, (max-width: 909px) 67vw, (max-width: 1362px) 62vw, 840px\" \/><\/a><figcaption id=\"caption-attachment-237\" class=\"wp-caption-text\">Dongory Castle<\/figcaption><\/figure>\n<p>Nachdem wir Galway so gut es geht umfahren haben, legen wir auch heute wieder einen Kulturstopp ein &#8211; und zwar bei Dongory Castle. Mehrfach sind wir schon daran vorbei gefahren, immer waren zahlreiche Touris auf dem Weg zum oder vom Castle. Jetzt will ich selbst sehen, was dort sehenswert ist: Leider nichts. Die Burg ist zwar gut erhalten, es gibt sogar ein kleines Restaurant im unteren Teil des Turmes, aber ansonsten ist sie einfach leer. Man geht hinein, schaut sich um, sieht au\u00dfer Rasen \u00a0nichts Interessantes und geht wieder. Von au\u00dfen sch\u00f6n anzusehen ist sie trotzdem.<\/p>\n<p>Wir beschlie\u00dfen diesen feinen Fahrtag bei Mr. Kebab mit den \u00fcblichen \u201eBeilagen\u201c zu Pommes und Cola, sowie im Pub mit dem obligatorischen Guinness!<\/p>\n<p><a href=\"https:\/\/bf-on-tour.de\/irland-2019\/p-07\"><img loading=\"lazy\" decoding=\"async\" class=\"alignleft wp-image-47\" src=\"https:\/\/bf-on-tour.de\/irland-2019\/wp-content\/uploads\/sites\/22\/2019\/12\/zurueck.png\" alt=\"\" width=\"50\" height=\"37\" \/><\/a> <a href=\"https:\/\/bf-on-tour.de\/irland-2019\/p-09\"><img loading=\"lazy\" decoding=\"async\" class=\"alignright wp-image-46\" src=\"https:\/\/bf-on-tour.de\/irland-2019\/wp-content\/uploads\/sites\/22\/2019\/12\/weiter.png\" alt=\"\" width=\"50\" height=\"37\" \/><\/a><\/p>\n","protected":false},"excerpt":{"rendered":"<p>Donnerstag. Der Wind hat sich gelegt, der Wetterbericht verspricht einen sch\u00f6nen Tag. Beim Fr\u00fchst\u00fcck im Wintergarten unseres Cottages leuchtet blauer Himmel durch das Glasdach &#8211; zumindest zeitweise. Unser heutiges Ziel, Cong, ist etwas weiter entfernt, weshalb wir zum Einen etwas eher aufbrechen als sonst und zum Anderen weniger die kleinen gewundenen Stra\u00dfen bem\u00fchen, sondern die, &hellip; <a href=\"https:\/\/bf-on-tour.de\/irland-2019\/p-08\/\" class=\"more-link\"><span class=\"screen-reader-text\">\u201eCong\u201c <\/span>weiterlesen<\/a><\/p>\n","protected":false},"author":1,"featured_media":0,"parent":0,"menu_order":7,"comment_status":"closed","ping_status":"closed","template":"","meta":{"footnotes":""},"class_list":["post-235","page","type-page","status-publish","hentry"],"yoast_head":"<!-- This site is optimized with the Yoast SEO plugin v27.1.1 - https:\/\/yoast.com\/product\/yoast-seo-wordpress\/ -->\n<title>Cong - (Motorrad-Reisebericht: Irland 2019)<\/title>\n<meta name=\"description\" content=\"Heute geht es in den Norden von Galway, nach Cong zur Cong-Abbey. Die Landschaft ist deutlich farbiger als am Burren und mit Seen und Hochmooren durchzogen.\" \/>\n<meta name=\"robots\" content=\"index, follow, max-snippet:-1, max-image-preview:large, max-video-preview:-1\" \/>\n<link rel=\"canonical\" href=\"https:\/\/bf-on-tour.de\/irland-2019\/p-08\/\" \/>\n<meta property=\"og:locale\" content=\"de_DE\" \/>\n<meta property=\"og:type\" content=\"article\" \/>\n<meta property=\"og:title\" content=\"Cong - (Motorrad-Reisebericht: Irland 2019)\" \/>\n<meta property=\"og:description\" content=\"Heute geht es in den Norden von Galway, nach Cong zur Cong-Abbey. Die Landschaft ist deutlich farbiger als am Burren und mit Seen und Hochmooren durchzogen.\" \/>\n<meta property=\"og:url\" content=\"https:\/\/bf-on-tour.de\/irland-2019\/p-08\/\" \/>\n<meta property=\"og:site_name\" content=\"Irland\" \/>\n<meta property=\"article:modified_time\" content=\"2020-04-02T13:35:48+00:00\" \/>\n<meta property=\"og:image\" content=\"https:\/\/bf-on-tour.de\/irland-2019\/wp-content\/uploads\/sites\/22\/2020\/01\/lkw.jpg\" \/>\n<meta name=\"twitter:card\" content=\"summary_large_image\" \/>\n<meta name=\"twitter:label1\" content=\"Gesch\u00e4tzte Lesezeit\" \/>\n\t<meta name=\"twitter:data1\" content=\"4\u00a0Minuten\" \/>\n<script type=\"application\/ld+json\" class=\"yoast-schema-graph\">{\"@context\":\"https:\/\/schema.org\",\"@graph\":[{\"@type\":\"WebPage\",\"@id\":\"https:\/\/bf-on-tour.de\/irland-2019\/p-08\/\",\"url\":\"https:\/\/bf-on-tour.de\/irland-2019\/p-08\/\",\"name\":\"Cong - (Motorrad-Reisebericht: Irland 2019)\",\"isPartOf\":{\"@id\":\"https:\/\/bf-on-tour.de\/irland-2019\/#website\"},\"primaryImageOfPage\":{\"@id\":\"https:\/\/bf-on-tour.de\/irland-2019\/p-08\/#primaryimage\"},\"image\":{\"@id\":\"https:\/\/bf-on-tour.de\/irland-2019\/p-08\/#primaryimage\"},\"thumbnailUrl\":\"https:\/\/bf-on-tour.de\/irland-2019\/wp-content\/uploads\/sites\/22\/2020\/01\/lkw.jpg\",\"datePublished\":\"2020-01-04T14:32:29+00:00\",\"dateModified\":\"2020-04-02T13:35:48+00:00\",\"description\":\"Heute geht es in den Norden von Galway, nach Cong zur Cong-Abbey. Die Landschaft ist deutlich farbiger als am Burren und mit Seen und Hochmooren durchzogen.\",\"breadcrumb\":{\"@id\":\"https:\/\/bf-on-tour.de\/irland-2019\/p-08\/#breadcrumb\"},\"inLanguage\":\"de\",\"potentialAction\":[{\"@type\":\"ReadAction\",\"target\":[\"https:\/\/bf-on-tour.de\/irland-2019\/p-08\/\"]}]},{\"@type\":\"ImageObject\",\"inLanguage\":\"de\",\"@id\":\"https:\/\/bf-on-tour.de\/irland-2019\/p-08\/#primaryimage\",\"url\":\"https:\/\/bf-on-tour.de\/irland-2019\/wp-content\/uploads\/sites\/22\/2020\/01\/lkw.jpg\",\"contentUrl\":\"https:\/\/bf-on-tour.de\/irland-2019\/wp-content\/uploads\/sites\/22\/2020\/01\/lkw.jpg\"},{\"@type\":\"BreadcrumbList\",\"@id\":\"https:\/\/bf-on-tour.de\/irland-2019\/p-08\/#breadcrumb\",\"itemListElement\":[{\"@type\":\"ListItem\",\"position\":1,\"name\":\"Startseite\",\"item\":\"https:\/\/bf-on-tour.de\/irland-2019\/\"},{\"@type\":\"ListItem\",\"position\":2,\"name\":\"Cong\"}]},{\"@type\":\"WebSite\",\"@id\":\"https:\/\/bf-on-tour.de\/irland-2019\/#website\",\"url\":\"https:\/\/bf-on-tour.de\/irland-2019\/\",\"name\":\"Irland\",\"description\":\"fr\u00f6hlich melancholisch, gr\u00fcn\",\"potentialAction\":[{\"@type\":\"SearchAction\",\"target\":{\"@type\":\"EntryPoint\",\"urlTemplate\":\"https:\/\/bf-on-tour.de\/irland-2019\/?s={search_term_string}\"},\"query-input\":{\"@type\":\"PropertyValueSpecification\",\"valueRequired\":true,\"valueName\":\"search_term_string\"}}],\"inLanguage\":\"de\"}]}<\/script>\n<!-- \/ Yoast SEO plugin. -->","yoast_head_json":{"title":"Cong - (Motorrad-Reisebericht: Irland 2019)","description":"Heute geht es in den Norden von Galway, nach Cong zur Cong-Abbey. Die Landschaft ist deutlich farbiger als am Burren und mit Seen und Hochmooren durchzogen.","robots":{"index":"index","follow":"follow","max-snippet":"max-snippet:-1","max-image-preview":"max-image-preview:large","max-video-preview":"max-video-preview:-1"},"canonical":"https:\/\/bf-on-tour.de\/irland-2019\/p-08\/","og_locale":"de_DE","og_type":"article","og_title":"Cong - (Motorrad-Reisebericht: Irland 2019)","og_description":"Heute geht es in den Norden von Galway, nach Cong zur Cong-Abbey. Die Landschaft ist deutlich farbiger als am Burren und mit Seen und Hochmooren durchzogen.","og_url":"https:\/\/bf-on-tour.de\/irland-2019\/p-08\/","og_site_name":"Irland","article_modified_time":"2020-04-02T13:35:48+00:00","og_image":[{"url":"https:\/\/bf-on-tour.de\/irland-2019\/wp-content\/uploads\/sites\/22\/2020\/01\/lkw.jpg","type":"","width":"","height":""}],"twitter_card":"summary_large_image","twitter_misc":{"Gesch\u00e4tzte Lesezeit":"4\u00a0Minuten"},"schema":{"@context":"https:\/\/schema.org","@graph":[{"@type":"WebPage","@id":"https:\/\/bf-on-tour.de\/irland-2019\/p-08\/","url":"https:\/\/bf-on-tour.de\/irland-2019\/p-08\/","name":"Cong - (Motorrad-Reisebericht: Irland 2019)","isPartOf":{"@id":"https:\/\/bf-on-tour.de\/irland-2019\/#website"},"primaryImageOfPage":{"@id":"https:\/\/bf-on-tour.de\/irland-2019\/p-08\/#primaryimage"},"image":{"@id":"https:\/\/bf-on-tour.de\/irland-2019\/p-08\/#primaryimage"},"thumbnailUrl":"https:\/\/bf-on-tour.de\/irland-2019\/wp-content\/uploads\/sites\/22\/2020\/01\/lkw.jpg","datePublished":"2020-01-04T14:32:29+00:00","dateModified":"2020-04-02T13:35:48+00:00","description":"Heute geht es in den Norden von Galway, nach Cong zur Cong-Abbey. Die Landschaft ist deutlich farbiger als am Burren und mit Seen und Hochmooren durchzogen.","breadcrumb":{"@id":"https:\/\/bf-on-tour.de\/irland-2019\/p-08\/#breadcrumb"},"inLanguage":"de","potentialAction":[{"@type":"ReadAction","target":["https:\/\/bf-on-tour.de\/irland-2019\/p-08\/"]}]},{"@type":"ImageObject","inLanguage":"de","@id":"https:\/\/bf-on-tour.de\/irland-2019\/p-08\/#primaryimage","url":"https:\/\/bf-on-tour.de\/irland-2019\/wp-content\/uploads\/sites\/22\/2020\/01\/lkw.jpg","contentUrl":"https:\/\/bf-on-tour.de\/irland-2019\/wp-content\/uploads\/sites\/22\/2020\/01\/lkw.jpg"},{"@type":"BreadcrumbList","@id":"https:\/\/bf-on-tour.de\/irland-2019\/p-08\/#breadcrumb","itemListElement":[{"@type":"ListItem","position":1,"name":"Startseite","item":"https:\/\/bf-on-tour.de\/irland-2019\/"},{"@type":"ListItem","position":2,"name":"Cong"}]},{"@type":"WebSite","@id":"https:\/\/bf-on-tour.de\/irland-2019\/#website","url":"https:\/\/bf-on-tour.de\/irland-2019\/","name":"Irland","description":"fr\u00f6hlich melancholisch, gr\u00fcn","potentialAction":[{"@type":"SearchAction","target":{"@type":"EntryPoint","urlTemplate":"https:\/\/bf-on-tour.de\/irland-2019\/?s={search_term_string}"},"query-input":{"@type":"PropertyValueSpecification","valueRequired":true,"valueName":"search_term_string"}}],"inLanguage":"de"}]}},"_links":{"self":[{"href":"https:\/\/bf-on-tour.de\/irland-2019\/wp-json\/wp\/v2\/pages\/235","targetHints":{"allow":["GET"]}}],"collection":[{"href":"https:\/\/bf-on-tour.de\/irland-2019\/wp-json\/wp\/v2\/pages"}],"about":[{"href":"https:\/\/bf-on-tour.de\/irland-2019\/wp-json\/wp\/v2\/types\/page"}],"author":[{"embeddable":true,"href":"https:\/\/bf-on-tour.de\/irland-2019\/wp-json\/wp\/v2\/users\/1"}],"replies":[{"embeddable":true,"href":"https:\/\/bf-on-tour.de\/irland-2019\/wp-json\/wp\/v2\/comments?post=235"}],"version-history":[{"count":7,"href":"https:\/\/bf-on-tour.de\/irland-2019\/wp-json\/wp\/v2\/pages\/235\/revisions"}],"predecessor-version":[{"id":360,"href":"https:\/\/bf-on-tour.de\/irland-2019\/wp-json\/wp\/v2\/pages\/235\/revisions\/360"}],"wp:attachment":[{"href":"https:\/\/bf-on-tour.de\/irland-2019\/wp-json\/wp\/v2\/media?parent=235"}],"curies":[{"name":"wp","href":"https:\/\/api.w.org\/{rel}","templated":true}]}}