{"id":123,"date":"2019-12-23T16:42:24","date_gmt":"2019-12-23T15:42:24","guid":{"rendered":"http:\/\/bf-on-tour.de\/m-2019\/?page_id=123"},"modified":"2020-04-02T15:34:43","modified_gmt":"2020-04-02T13:34:43","slug":"p-05","status":"publish","type":"page","link":"https:\/\/bf-on-tour.de\/irland-2019\/p-05\/","title":{"rendered":"Ankunft in Irland"},"content":{"rendered":"<p>Sonnabend 10:15 Uhr. Unsere Ankunft in Irland ist perfekt! Die F\u00e4hre hat f\u00fcr uns unbemerkt und damit seem\u00e4nnisch korrekt im Hafen von Dublin fest gemacht. Im Autodeck bricht nicht gerade Panik aus, aber alle wollen &#8211; eigentlich wie immer &#8211; so schnell wie m\u00f6glich an Land. Ein holl\u00e4ndischer Skoda muss zuvor noch Starthilfe erhalten, seine Batterie ist leer. Zum Dank f\u00fchrt er uns den Wolfsburger Dieselskandal vor: Er stinkt das Deck voll. Ich h\u00f6re im Helm heftiges Husten, denn Nicoline reagiert auf derart Odor ziemlich empfindlich.<\/p>\n<figure id=\"attachment_133\" aria-describedby=\"caption-attachment-133\" style=\"width: 864px\" class=\"wp-caption aligncenter\"><a href=\"https:\/\/bf-on-tour.de\/m-2019\/wp-content\/uploads\/sites\/22\/2019\/12\/Passkontrolle.jpg\" rel=\"lightbox[123]\"><img loading=\"lazy\" decoding=\"async\" class=\"wp-image-133 size-full\" src=\"https:\/\/bf-on-tour.de\/m-2019\/wp-content\/uploads\/sites\/22\/2019\/12\/Passkontrolle.jpg\" alt=\"Passkontrolle\" width=\"864\" height=\"491\" srcset=\"https:\/\/bf-on-tour.de\/irland-2019\/wp-content\/uploads\/sites\/22\/2019\/12\/Passkontrolle.jpg 864w, https:\/\/bf-on-tour.de\/irland-2019\/wp-content\/uploads\/sites\/22\/2019\/12\/Passkontrolle-300x170.jpg 300w, https:\/\/bf-on-tour.de\/irland-2019\/wp-content\/uploads\/sites\/22\/2019\/12\/Passkontrolle-768x436.jpg 768w\" sizes=\"auto, (max-width: 709px) 85vw, (max-width: 909px) 67vw, (max-width: 1362px) 62vw, 840px\" \/><\/a><figcaption id=\"caption-attachment-133\" class=\"wp-caption-text\">Passkontrolle, aber nicht f\u00fcr uns. Wir werden durchgewinkt.<\/figcaption><\/figure>\n<p>An Land dann Passkontrolle. Wie bl\u00f6d, denke ich, gerade habe ich die Handschuhe angezogen, jetzt kann ich sie wieder ausziehen. Sonst komme ich nicht an meinen Ausweis. Aber der Zoll hat ein Einsehen: \u201eWhich nationality?\u201c \u201eGerman!\u201c Wir werden durchgewunken. Entweder sind Deutsche beliebt in Irland, zu ehrlich, um zu schmuggeln oder zu bl\u00f6d dazu. Na ja, kann uns jetzt egal sein &#8211; wir haben gerade andere Sorgen: Linksverkehr!<\/p>\n<figure id=\"attachment_127\" aria-describedby=\"caption-attachment-127\" style=\"width: 864px\" class=\"wp-caption aligncenter\"><a href=\"https:\/\/bf-on-tour.de\/m-2019\/wp-content\/uploads\/sites\/22\/2019\/12\/Linksverkehr.jpg\" rel=\"lightbox[123]\"><img loading=\"lazy\" decoding=\"async\" class=\"size-full wp-image-127\" src=\"https:\/\/bf-on-tour.de\/m-2019\/wp-content\/uploads\/sites\/22\/2019\/12\/Linksverkehr.jpg\" alt=\"Linksverkehr\" width=\"864\" height=\"491\" srcset=\"https:\/\/bf-on-tour.de\/irland-2019\/wp-content\/uploads\/sites\/22\/2019\/12\/Linksverkehr.jpg 864w, https:\/\/bf-on-tour.de\/irland-2019\/wp-content\/uploads\/sites\/22\/2019\/12\/Linksverkehr-300x170.jpg 300w, https:\/\/bf-on-tour.de\/irland-2019\/wp-content\/uploads\/sites\/22\/2019\/12\/Linksverkehr-768x436.jpg 768w\" sizes=\"auto, (max-width: 709px) 85vw, (max-width: 909px) 67vw, (max-width: 1362px) 62vw, 840px\" \/><\/a><figcaption id=\"caption-attachment-127\" class=\"wp-caption-text\">Linksverkehr: Erstaunlicherweise gar kein Problem!<\/figcaption><\/figure>\n<p>St\u00fcnde meine Mutter vor dem Problem, w\u00fcrde sie sagen: \u201eDas ist ja mal ganz was anderes! Das ist ja drollig!\u201c Uns steht allerdings eher die Frage ins Gesicht geschrieben \u201eWie geht denn das?\u201c und \u201eOb das wohl gut geht?\u201c. Aber ja, in der Tat, es geht gut, denn erstens fahren hier alle links (wer h\u00e4tte das gedacht) und zweitens sind die Stra\u00dfen dementsprechend ausgezeichnet (auch das eigentlich wenig verwunderlich). Schilder stehen auf der \u201erichtigen\u201c Seite, Markierungen sind ausnahmslos nach links orientiert. Selbst das Einfahren in einen Kreisverkehr verursacht keinen Herzinfarkt. Irgendwie kann man gar nicht anders als links fahren. Klar, Abbiegen will \u00fcberlegt sein, aber sonst? Alles total entspannt!<\/p>\n<p>Dublin unterqueren und umfahren wir in einem langen Tunnel und einem gro\u00dfen Bogen. Stadtrundfahrten braucht heute morgen niemand. Anschlie\u00dfend nehmen wir die Autobahn in Richtung Galway und verzehren unterwegs in Enfield ein hervorragendes Irish Breakfast in der Ausf\u00fchrung \u201eComplete\u201c.<\/p>\n<figure id=\"attachment_129\" aria-describedby=\"caption-attachment-129\" style=\"width: 864px\" class=\"wp-caption aligncenter\"><a href=\"https:\/\/bf-on-tour.de\/m-2019\/wp-content\/uploads\/sites\/22\/2019\/12\/Pause.jpg\" rel=\"lightbox[123]\"><img loading=\"lazy\" decoding=\"async\" class=\"size-full wp-image-129\" src=\"https:\/\/bf-on-tour.de\/m-2019\/wp-content\/uploads\/sites\/22\/2019\/12\/Pause.jpg\" alt=\"Pause\" width=\"864\" height=\"481\" srcset=\"https:\/\/bf-on-tour.de\/irland-2019\/wp-content\/uploads\/sites\/22\/2019\/12\/Pause.jpg 864w, https:\/\/bf-on-tour.de\/irland-2019\/wp-content\/uploads\/sites\/22\/2019\/12\/Pause-300x167.jpg 300w, https:\/\/bf-on-tour.de\/irland-2019\/wp-content\/uploads\/sites\/22\/2019\/12\/Pause-768x428.jpg 768w\" sizes=\"auto, (max-width: 709px) 85vw, (max-width: 909px) 67vw, (max-width: 1362px) 62vw, 840px\" \/><\/a><figcaption id=\"caption-attachment-129\" class=\"wp-caption-text\">Es ist Mittag. Daher: Fr\u00fchst\u00fcckspause in Enfield<\/figcaption><\/figure>\n<p>Da es inzwischen Mittag ist, kommt es gut an, dass besagtes \u201eFr\u00fchst\u00fcck\u201c neben einer Kanne schwarzem Tee aus zwei Scheiben d\u00fcnnem, gebratenem Speck, zwei leicht an Bremer Pinkel erinnernde Schweinsw\u00fcrstchen, black &amp; white Pudding, d.h. in Scheiben geschnittene und herrlich krosch gebratene Well- und Gr\u00fctzwurst, einer guten Portion gebackenen Bohnen, zwei Spiegeleiern und einer alles erg\u00e4nzenden Menge Pommes Frites besteht. \u00dcber Hunger spricht in den n\u00e4chsten Stunden niemand&#8230;<\/p>\n<figure id=\"attachment_126\" aria-describedby=\"caption-attachment-126\" style=\"width: 864px\" class=\"wp-caption aligncenter\"><a href=\"https:\/\/bf-on-tour.de\/m-2019\/wp-content\/uploads\/sites\/22\/2019\/12\/Fruehstueck.jpg\" rel=\"lightbox[123]\"><img loading=\"lazy\" decoding=\"async\" class=\"size-full wp-image-126\" src=\"https:\/\/bf-on-tour.de\/m-2019\/wp-content\/uploads\/sites\/22\/2019\/12\/Fruehstueck.jpg\" alt=\"Fr\u00fchst\u00fcck\" width=\"864\" height=\"864\" srcset=\"https:\/\/bf-on-tour.de\/irland-2019\/wp-content\/uploads\/sites\/22\/2019\/12\/Fruehstueck.jpg 864w, https:\/\/bf-on-tour.de\/irland-2019\/wp-content\/uploads\/sites\/22\/2019\/12\/Fruehstueck-300x300.jpg 300w, https:\/\/bf-on-tour.de\/irland-2019\/wp-content\/uploads\/sites\/22\/2019\/12\/Fruehstueck-150x150.jpg 150w, https:\/\/bf-on-tour.de\/irland-2019\/wp-content\/uploads\/sites\/22\/2019\/12\/Fruehstueck-768x768.jpg 768w\" sizes=\"auto, (max-width: 709px) 85vw, (max-width: 909px) 67vw, (max-width: 1362px) 62vw, 840px\" \/><\/a><figcaption id=\"caption-attachment-126\" class=\"wp-caption-text\">Das &#8222;Fr\u00fchst\u00fcck&#8220;!!!<\/figcaption><\/figure>\n<p>Gegen 15:45 Uhr sind wir schlie\u00dflich in Ballyvaughan. Das Cottage ist ein mit Reetdach gedecktes Doppelhaus, in dessen anderer H\u00e4lfte bereits Franzosen wohnen. Es gibt drei Schlafzimmer mit jeweils einem eigenen Bad, einen Wohnraum und einen sch\u00f6n eingerichteten Wintergarten, der auch das Esszimmer und den Zugang zur offenen K\u00fcche enth\u00e4lt.<\/p>\n<figure id=\"attachment_125\" aria-describedby=\"caption-attachment-125\" style=\"width: 864px\" class=\"wp-caption aligncenter\"><a href=\"https:\/\/bf-on-tour.de\/m-2019\/wp-content\/uploads\/sites\/22\/2019\/12\/Cottage.jpg\" rel=\"lightbox[123]\"><img loading=\"lazy\" decoding=\"async\" class=\"size-full wp-image-125\" src=\"https:\/\/bf-on-tour.de\/m-2019\/wp-content\/uploads\/sites\/22\/2019\/12\/Cottage.jpg\" alt=\"Cottage\" width=\"864\" height=\"566\" srcset=\"https:\/\/bf-on-tour.de\/irland-2019\/wp-content\/uploads\/sites\/22\/2019\/12\/Cottage.jpg 864w, https:\/\/bf-on-tour.de\/irland-2019\/wp-content\/uploads\/sites\/22\/2019\/12\/Cottage-300x197.jpg 300w, https:\/\/bf-on-tour.de\/irland-2019\/wp-content\/uploads\/sites\/22\/2019\/12\/Cottage-768x503.jpg 768w\" sizes=\"auto, (max-width: 709px) 85vw, (max-width: 909px) 67vw, (max-width: 1362px) 62vw, 840px\" \/><\/a><figcaption id=\"caption-attachment-125\" class=\"wp-caption-text\">Unser Zuhause f\u00fcr eine Woche: Das Cottage.<\/figcaption><\/figure>\n<figure id=\"attachment_130\" aria-describedby=\"caption-attachment-130\" style=\"width: 226px\" class=\"wp-caption alignleft\"><a href=\"https:\/\/bf-on-tour.de\/m-2019\/wp-content\/uploads\/sites\/22\/2019\/12\/Pub.jpg\" rel=\"lightbox[123]\"><img loading=\"lazy\" decoding=\"async\" class=\"wp-image-130 size-medium\" src=\"https:\/\/bf-on-tour.de\/m-2019\/wp-content\/uploads\/sites\/22\/2019\/12\/Pub-226x300.jpg\" alt=\"Pub\" width=\"226\" height=\"300\" srcset=\"https:\/\/bf-on-tour.de\/irland-2019\/wp-content\/uploads\/sites\/22\/2019\/12\/Pub-226x300.jpg 226w, https:\/\/bf-on-tour.de\/irland-2019\/wp-content\/uploads\/sites\/22\/2019\/12\/Pub.jpg 651w\" sizes=\"auto, (max-width: 226px) 85vw, 226px\" \/><\/a><figcaption id=\"caption-attachment-130\" class=\"wp-caption-text\">Der Ort des Tagesabschlusses!<\/figcaption><\/figure>\n<figure id=\"attachment_138\" aria-describedby=\"caption-attachment-138\" style=\"width: 300px\" class=\"wp-caption alignright\"><a href=\"https:\/\/bf-on-tour.de\/m-2019\/wp-content\/uploads\/sites\/22\/2019\/12\/Kebab.jpg\" rel=\"lightbox[123]\"><img loading=\"lazy\" decoding=\"async\" class=\"size-medium wp-image-138\" src=\"https:\/\/bf-on-tour.de\/m-2019\/wp-content\/uploads\/sites\/22\/2019\/12\/Kebab-300x172.jpg\" alt=\"Kebab\" width=\"300\" height=\"172\" srcset=\"https:\/\/bf-on-tour.de\/irland-2019\/wp-content\/uploads\/sites\/22\/2019\/12\/Kebab-300x172.jpg 300w, https:\/\/bf-on-tour.de\/irland-2019\/wp-content\/uploads\/sites\/22\/2019\/12\/Kebab-768x441.jpg 768w, https:\/\/bf-on-tour.de\/irland-2019\/wp-content\/uploads\/sites\/22\/2019\/12\/Kebab.jpg 989w\" sizes=\"auto, (max-width: 300px) 85vw, 300px\" \/><\/a><figcaption id=\"caption-attachment-138\" class=\"wp-caption-text\">Ein kleiner Auszug aus der Speisekarte.<\/figcaption><\/figure>\n<p>Moppeds ausr\u00e4umen, Zimmer einr\u00e4umen und danach zu Mr. Kebab, einer Art Universalimbiss, in dem es vom eingewickelten und nicht eingewickelten D\u00f6ner \u00fcber allerlei Burger bis zum Veggie und Kids-Meal so ziemlich alles gibt, was man mit Pommes und Can (in der Regel also einer Dose Cola) erg\u00e4nzen kann.<\/p>\n<p>Und schlie\u00dflich ein erster Besuch in O&#8217;Loclainn&#8217;s Irish Whiskey Bar (open this evening from 7 p.m.), in der wir bei dem einen oder auch anderen Guinness den Tag beschlie\u00dfen.<\/p>\n<p>&nbsp;<\/p>\n<p><a href=\"https:\/\/bf-on-tour.de\/irland-2019\/p-04\"><img loading=\"lazy\" decoding=\"async\" class=\"alignleft wp-image-47\" src=\"https:\/\/bf-on-tour.de\/m-2019\/wp-content\/uploads\/sites\/22\/2019\/12\/zurueck.png\" alt=\"\" width=\"50\" height=\"37\" \/><\/a> <a href=\"https:\/\/bf-on-tour.de\/irland-2019\/p-06\"><img loading=\"lazy\" decoding=\"async\" class=\"alignright wp-image-46\" src=\"https:\/\/bf-on-tour.de\/m-2019\/wp-content\/uploads\/sites\/22\/2019\/12\/weiter.png\" alt=\"\" width=\"50\" height=\"37\" \/><\/a><\/p>\n","protected":false},"excerpt":{"rendered":"<p>Sonnabend 10:15 Uhr. Unsere Ankunft in Irland ist perfekt! Die F\u00e4hre hat f\u00fcr uns unbemerkt und damit seem\u00e4nnisch korrekt im Hafen von Dublin fest gemacht. Im Autodeck bricht nicht gerade Panik aus, aber alle wollen &#8211; eigentlich wie immer &#8211; so schnell wie m\u00f6glich an Land. Ein holl\u00e4ndischer Skoda muss zuvor noch Starthilfe erhalten, seine &hellip; <a href=\"https:\/\/bf-on-tour.de\/irland-2019\/p-05\/\" class=\"more-link\"><span class=\"screen-reader-text\">\u201eAnkunft in Irland\u201c <\/span>weiterlesen<\/a><\/p>\n","protected":false},"author":1,"featured_media":0,"parent":0,"menu_order":4,"comment_status":"open","ping_status":"open","template":"","meta":{"footnotes":""},"class_list":["post-123","page","type-page","status-publish","hentry"],"yoast_head":"<!-- This site is optimized with the Yoast SEO plugin v27.1.1 - https:\/\/yoast.com\/product\/yoast-seo-wordpress\/ -->\n<title>Ankunft in Irland - (Motorrad-Reisebericht: Irland 2019)<\/title>\n<meta name=\"description\" content=\"Unsere Ankunft in Irland ist perfekt. Knapp 17 Stunden F\u00e4hrfahrt liegen hinter uns. Jetzt stehen wir vor einer neuen Herausforderung: Linksverkehr.\" \/>\n<meta name=\"robots\" content=\"index, follow, max-snippet:-1, max-image-preview:large, max-video-preview:-1\" \/>\n<link rel=\"canonical\" href=\"https:\/\/bf-on-tour.de\/irland-2019\/p-05\/\" \/>\n<meta property=\"og:locale\" content=\"de_DE\" \/>\n<meta property=\"og:type\" content=\"article\" \/>\n<meta property=\"og:title\" content=\"Ankunft in Irland - (Motorrad-Reisebericht: Irland 2019)\" \/>\n<meta property=\"og:description\" content=\"Unsere Ankunft in Irland ist perfekt. Knapp 17 Stunden F\u00e4hrfahrt liegen hinter uns. Jetzt stehen wir vor einer neuen Herausforderung: Linksverkehr.\" \/>\n<meta property=\"og:url\" content=\"https:\/\/bf-on-tour.de\/irland-2019\/p-05\/\" \/>\n<meta property=\"og:site_name\" content=\"Irland\" \/>\n<meta property=\"article:modified_time\" content=\"2020-04-02T13:34:43+00:00\" \/>\n<meta property=\"og:image\" content=\"https:\/\/bf-on-tour.de\/m-2019\/wp-content\/uploads\/sites\/22\/2019\/12\/Passkontrolle.jpg\" \/>\n<meta name=\"twitter:card\" content=\"summary_large_image\" \/>\n<meta name=\"twitter:label1\" content=\"Gesch\u00e4tzte Lesezeit\" \/>\n\t<meta name=\"twitter:data1\" content=\"3\u00a0Minuten\" \/>\n<script type=\"application\/ld+json\" class=\"yoast-schema-graph\">{\"@context\":\"https:\/\/schema.org\",\"@graph\":[{\"@type\":\"WebPage\",\"@id\":\"https:\/\/bf-on-tour.de\/irland-2019\/p-05\/\",\"url\":\"https:\/\/bf-on-tour.de\/irland-2019\/p-05\/\",\"name\":\"Ankunft in Irland - (Motorrad-Reisebericht: Irland 2019)\",\"isPartOf\":{\"@id\":\"https:\/\/bf-on-tour.de\/irland-2019\/#website\"},\"primaryImageOfPage\":{\"@id\":\"https:\/\/bf-on-tour.de\/irland-2019\/p-05\/#primaryimage\"},\"image\":{\"@id\":\"https:\/\/bf-on-tour.de\/irland-2019\/p-05\/#primaryimage\"},\"thumbnailUrl\":\"https:\/\/bf-on-tour.de\/m-2019\/wp-content\/uploads\/sites\/22\/2019\/12\/Passkontrolle.jpg\",\"datePublished\":\"2019-12-23T15:42:24+00:00\",\"dateModified\":\"2020-04-02T13:34:43+00:00\",\"description\":\"Unsere Ankunft in Irland ist perfekt. Knapp 17 Stunden F\u00e4hrfahrt liegen hinter uns. Jetzt stehen wir vor einer neuen Herausforderung: Linksverkehr.\",\"breadcrumb\":{\"@id\":\"https:\/\/bf-on-tour.de\/irland-2019\/p-05\/#breadcrumb\"},\"inLanguage\":\"de\",\"potentialAction\":[{\"@type\":\"ReadAction\",\"target\":[\"https:\/\/bf-on-tour.de\/irland-2019\/p-05\/\"]}]},{\"@type\":\"ImageObject\",\"inLanguage\":\"de\",\"@id\":\"https:\/\/bf-on-tour.de\/irland-2019\/p-05\/#primaryimage\",\"url\":\"https:\/\/bf-on-tour.de\/m-2019\/wp-content\/uploads\/sites\/22\/2019\/12\/Passkontrolle.jpg\",\"contentUrl\":\"https:\/\/bf-on-tour.de\/m-2019\/wp-content\/uploads\/sites\/22\/2019\/12\/Passkontrolle.jpg\"},{\"@type\":\"BreadcrumbList\",\"@id\":\"https:\/\/bf-on-tour.de\/irland-2019\/p-05\/#breadcrumb\",\"itemListElement\":[{\"@type\":\"ListItem\",\"position\":1,\"name\":\"Startseite\",\"item\":\"https:\/\/bf-on-tour.de\/irland-2019\/\"},{\"@type\":\"ListItem\",\"position\":2,\"name\":\"Ankunft in Irland\"}]},{\"@type\":\"WebSite\",\"@id\":\"https:\/\/bf-on-tour.de\/irland-2019\/#website\",\"url\":\"https:\/\/bf-on-tour.de\/irland-2019\/\",\"name\":\"Irland\",\"description\":\"fr\u00f6hlich melancholisch, gr\u00fcn\",\"potentialAction\":[{\"@type\":\"SearchAction\",\"target\":{\"@type\":\"EntryPoint\",\"urlTemplate\":\"https:\/\/bf-on-tour.de\/irland-2019\/?s={search_term_string}\"},\"query-input\":{\"@type\":\"PropertyValueSpecification\",\"valueRequired\":true,\"valueName\":\"search_term_string\"}}],\"inLanguage\":\"de\"}]}<\/script>\n<!-- \/ Yoast SEO plugin. -->","yoast_head_json":{"title":"Ankunft in Irland - (Motorrad-Reisebericht: Irland 2019)","description":"Unsere Ankunft in Irland ist perfekt. Knapp 17 Stunden F\u00e4hrfahrt liegen hinter uns. Jetzt stehen wir vor einer neuen Herausforderung: Linksverkehr.","robots":{"index":"index","follow":"follow","max-snippet":"max-snippet:-1","max-image-preview":"max-image-preview:large","max-video-preview":"max-video-preview:-1"},"canonical":"https:\/\/bf-on-tour.de\/irland-2019\/p-05\/","og_locale":"de_DE","og_type":"article","og_title":"Ankunft in Irland - (Motorrad-Reisebericht: Irland 2019)","og_description":"Unsere Ankunft in Irland ist perfekt. Knapp 17 Stunden F\u00e4hrfahrt liegen hinter uns. Jetzt stehen wir vor einer neuen Herausforderung: Linksverkehr.","og_url":"https:\/\/bf-on-tour.de\/irland-2019\/p-05\/","og_site_name":"Irland","article_modified_time":"2020-04-02T13:34:43+00:00","og_image":[{"url":"https:\/\/bf-on-tour.de\/m-2019\/wp-content\/uploads\/sites\/22\/2019\/12\/Passkontrolle.jpg","type":"","width":"","height":""}],"twitter_card":"summary_large_image","twitter_misc":{"Gesch\u00e4tzte Lesezeit":"3\u00a0Minuten"},"schema":{"@context":"https:\/\/schema.org","@graph":[{"@type":"WebPage","@id":"https:\/\/bf-on-tour.de\/irland-2019\/p-05\/","url":"https:\/\/bf-on-tour.de\/irland-2019\/p-05\/","name":"Ankunft in Irland - (Motorrad-Reisebericht: Irland 2019)","isPartOf":{"@id":"https:\/\/bf-on-tour.de\/irland-2019\/#website"},"primaryImageOfPage":{"@id":"https:\/\/bf-on-tour.de\/irland-2019\/p-05\/#primaryimage"},"image":{"@id":"https:\/\/bf-on-tour.de\/irland-2019\/p-05\/#primaryimage"},"thumbnailUrl":"https:\/\/bf-on-tour.de\/m-2019\/wp-content\/uploads\/sites\/22\/2019\/12\/Passkontrolle.jpg","datePublished":"2019-12-23T15:42:24+00:00","dateModified":"2020-04-02T13:34:43+00:00","description":"Unsere Ankunft in Irland ist perfekt. Knapp 17 Stunden F\u00e4hrfahrt liegen hinter uns. Jetzt stehen wir vor einer neuen Herausforderung: Linksverkehr.","breadcrumb":{"@id":"https:\/\/bf-on-tour.de\/irland-2019\/p-05\/#breadcrumb"},"inLanguage":"de","potentialAction":[{"@type":"ReadAction","target":["https:\/\/bf-on-tour.de\/irland-2019\/p-05\/"]}]},{"@type":"ImageObject","inLanguage":"de","@id":"https:\/\/bf-on-tour.de\/irland-2019\/p-05\/#primaryimage","url":"https:\/\/bf-on-tour.de\/m-2019\/wp-content\/uploads\/sites\/22\/2019\/12\/Passkontrolle.jpg","contentUrl":"https:\/\/bf-on-tour.de\/m-2019\/wp-content\/uploads\/sites\/22\/2019\/12\/Passkontrolle.jpg"},{"@type":"BreadcrumbList","@id":"https:\/\/bf-on-tour.de\/irland-2019\/p-05\/#breadcrumb","itemListElement":[{"@type":"ListItem","position":1,"name":"Startseite","item":"https:\/\/bf-on-tour.de\/irland-2019\/"},{"@type":"ListItem","position":2,"name":"Ankunft in Irland"}]},{"@type":"WebSite","@id":"https:\/\/bf-on-tour.de\/irland-2019\/#website","url":"https:\/\/bf-on-tour.de\/irland-2019\/","name":"Irland","description":"fr\u00f6hlich melancholisch, gr\u00fcn","potentialAction":[{"@type":"SearchAction","target":{"@type":"EntryPoint","urlTemplate":"https:\/\/bf-on-tour.de\/irland-2019\/?s={search_term_string}"},"query-input":{"@type":"PropertyValueSpecification","valueRequired":true,"valueName":"search_term_string"}}],"inLanguage":"de"}]}},"_links":{"self":[{"href":"https:\/\/bf-on-tour.de\/irland-2019\/wp-json\/wp\/v2\/pages\/123","targetHints":{"allow":["GET"]}}],"collection":[{"href":"https:\/\/bf-on-tour.de\/irland-2019\/wp-json\/wp\/v2\/pages"}],"about":[{"href":"https:\/\/bf-on-tour.de\/irland-2019\/wp-json\/wp\/v2\/types\/page"}],"author":[{"embeddable":true,"href":"https:\/\/bf-on-tour.de\/irland-2019\/wp-json\/wp\/v2\/users\/1"}],"replies":[{"embeddable":true,"href":"https:\/\/bf-on-tour.de\/irland-2019\/wp-json\/wp\/v2\/comments?post=123"}],"version-history":[{"count":18,"href":"https:\/\/bf-on-tour.de\/irland-2019\/wp-json\/wp\/v2\/pages\/123\/revisions"}],"predecessor-version":[{"id":357,"href":"https:\/\/bf-on-tour.de\/irland-2019\/wp-json\/wp\/v2\/pages\/123\/revisions\/357"}],"wp:attachment":[{"href":"https:\/\/bf-on-tour.de\/irland-2019\/wp-json\/wp\/v2\/media?parent=123"}],"curies":[{"name":"wp","href":"https:\/\/api.w.org\/{rel}","templated":true}]}}