{"id":12,"date":"2019-12-22T14:50:09","date_gmt":"2019-12-22T13:50:09","guid":{"rendered":"http:\/\/bf-on-tour.de\/m-2019\/?page_id=12"},"modified":"2020-04-02T15:33:07","modified_gmt":"2020-04-02T13:33:07","slug":"p-01","status":"publish","type":"page","link":"https:\/\/bf-on-tour.de\/irland-2019\/","title":{"rendered":"Von Bayern an den Rhein"},"content":{"rendered":"<p>Irland ist weit weg, wenn man im Osten der Republik wohnt. Drei Tage Anreise \u00fcber die Autobahn sind es mindestens bis nach Cherbourg, von wo aus die F\u00e4hre nach Dublin abf\u00e4hrt. Aber da die Autobahn eher etwas f\u00fcr den Heimweg ist (das Pferd riecht den Stall) nehmen wir uns eine knappe Woche Zeit &#8211; und das auch aus gutem Grund:<\/p>\n<p>Unser \u201eT\u00f6chterchen\u201c\u00a0wird 30 und ihre \u201eGro\u00dfe\u201c zwei. Zudem fehlen uns noch Geocaches aus dem Saarland, aus Luxemburg, Holland und Belgien. Sechs gute Gr\u00fcnde, einen Umweg \u00fcber Bayern und die erw\u00e4hnten L\u00e4nder zu machen. Dass dabei Sehensw\u00fcrdigkeiten wie die V\u00f6lklinger H\u00fctte, die Saarschleife und die Kathedrale von Reims auf dem Weg liegen, nehmen wir als erfreuliches Goodie. Wir starten also nach \u00fcberstandener Familienfeierlichkeit unsere Reise in der N\u00e4he von M\u00fcnchen.<\/p>\n<hr \/>\n<h2>Montagmorgen<\/h2>\n<p>In Bayern ist vieles anders als anderswo. K\u00f6nige werden nicht gest\u00fcrzt oder danken ab, sie ertrinken. Flugzeugpropeller sind nicht Synonym f\u00fcr Freunde am Fliegen, sondern am Fahren und etwas n\u00f6rdlich der sog. \u201eHauptstadt mit Herz\u201c h\u00e4lt man sich f\u00fcr Olympiasieger im Automobilbau (Vorsprung durch Technik) obwohl der f\u00fcnfte Ring immer fehlen wird. Aber Bayern besitzt starke Anziehungskraft. Wir merken es heute morgen! Seit 90 Minuten flott nach Nord-Westen unterwegs, kommen wir einfach nicht voran. Die Stra\u00dfen sind gerade, die Landschaft ist flach und einsilbig: Mais! Hier wird Mais angebaut. \u2014 Und dort auch. \u2014 Und \u00fcberhaupt. Und wo kein Mais w\u00e4chst, gibt\u2019s eine halbe Silbe mehr: Wies\u2019n.<\/p>\n<figure id=\"attachment_14\" aria-describedby=\"caption-attachment-14\" style=\"width: 840px\" class=\"wp-caption alignleft\"><a href=\"https:\/\/bf-on-tour.de\/m-2019\/wp-content\/uploads\/sites\/22\/2019\/12\/Mais-Bayern.jpg\" rel=\"lightbox[12]\"><img loading=\"lazy\" decoding=\"async\" class=\"size-large wp-image-14\" src=\"https:\/\/bf-on-tour.de\/m-2019\/wp-content\/uploads\/sites\/22\/2019\/12\/Mais-Bayern-1024x444.jpg\" alt=\"\" width=\"840\" height=\"364\" srcset=\"https:\/\/bf-on-tour.de\/irland-2019\/wp-content\/uploads\/sites\/22\/2019\/12\/Mais-Bayern-1024x444.jpg 1024w, https:\/\/bf-on-tour.de\/irland-2019\/wp-content\/uploads\/sites\/22\/2019\/12\/Mais-Bayern-300x130.jpg 300w, https:\/\/bf-on-tour.de\/irland-2019\/wp-content\/uploads\/sites\/22\/2019\/12\/Mais-Bayern-768x333.jpg 768w, https:\/\/bf-on-tour.de\/irland-2019\/wp-content\/uploads\/sites\/22\/2019\/12\/Mais-Bayern-1200x520.jpg 1200w, https:\/\/bf-on-tour.de\/irland-2019\/wp-content\/uploads\/sites\/22\/2019\/12\/Mais-Bayern.jpg 1993w\" sizes=\"auto, (max-width: 709px) 85vw, (max-width: 909px) 67vw, (max-width: 1362px) 62vw, 840px\" \/><\/a><figcaption id=\"caption-attachment-14\" class=\"wp-caption-text\">Im Norden Bayerns: Mais, Mais und nochmal Mais.<\/figcaption><\/figure>\n<p>Auch die D\u00f6rfer sind typisiert, unterscheiden sich optisch nur marginal, wiederholen sich im beliebigen Wechsel. Ein paar flache H\u00e4user, eine Kirche, ein oder zwei Kurven und ein Gasthof &#8211; dessen Name allerdings stets wechselt: \u201eGasthaus Huber\u201c, \u201eZum Huberwirt\u201c oder \u201eLandgasthof\u201c (ein Schelm, wer denkt, der Wirt hie\u00dfe Huber).<\/p>\n<p>In Schwaben wird es dann landschaftlich sch\u00f6ner, die <a href=\"https:\/\/burg-harburg.de\" target=\"_blank\" rel=\"noopener noreferrer\">Burg Harburg<\/a>\u00a0thront hoch \u00fcber der B25 (man f\u00e4hrt unter ihr im Tunnel durch) und irgendwann ist es geschafft. Einem Gewitter \u00fcber der Schw\u00e4bischen Alb knapp entkommen, fahren wir durch das sch\u00f6ne Kochertal. Schw\u00e4bisch Hall und W\u00fcstenrot ist auf den Wegweisern zu lesen. Wir sind eindeutig in Baden W\u00fcrttemberg. Wer k\u00e4me schon in Bayern auf die Idee, eine Bausparkasse zu gr\u00fcnden&#8230;<\/p>\n<figure id=\"attachment_16\" aria-describedby=\"caption-attachment-16\" style=\"width: 840px\" class=\"wp-caption alignleft\"><a href=\"https:\/\/bf-on-tour.de\/m-2019\/wp-content\/uploads\/sites\/22\/2019\/12\/Harburg.jpg\" rel=\"lightbox[12]\"><img loading=\"lazy\" decoding=\"async\" class=\"size-large wp-image-16\" src=\"https:\/\/bf-on-tour.de\/m-2019\/wp-content\/uploads\/sites\/22\/2019\/12\/Harburg-1024x640.jpg\" alt=\"\" width=\"840\" height=\"525\" srcset=\"https:\/\/bf-on-tour.de\/irland-2019\/wp-content\/uploads\/sites\/22\/2019\/12\/Harburg-1024x640.jpg 1024w, https:\/\/bf-on-tour.de\/irland-2019\/wp-content\/uploads\/sites\/22\/2019\/12\/Harburg-300x188.jpg 300w, https:\/\/bf-on-tour.de\/irland-2019\/wp-content\/uploads\/sites\/22\/2019\/12\/Harburg-768x480.jpg 768w, https:\/\/bf-on-tour.de\/irland-2019\/wp-content\/uploads\/sites\/22\/2019\/12\/Harburg-1200x750.jpg 1200w, https:\/\/bf-on-tour.de\/irland-2019\/wp-content\/uploads\/sites\/22\/2019\/12\/Harburg.jpg 1382w\" sizes=\"auto, (max-width: 709px) 85vw, (max-width: 909px) 67vw, (max-width: 1362px) 62vw, 840px\" \/><\/a><figcaption id=\"caption-attachment-16\" class=\"wp-caption-text\">Noch sind wir in Bayern, aber bereits in Schwaben: Die Harburg hoch \u00fcber der B25<\/figcaption><\/figure>\n<p>Weil es mal wieder richtig hei\u00df ist, umfahren wir Heilbronn auf der Autobahn und Heidelberg auf der B37, rechtsseitig des Neckars. Prinzipiell eine sch\u00f6ne Stra\u00dfe, nur fahren wir gegen die glei\u00dfende Sonne, weshalb wir die Landschaft nahezu monochrom und Heidelberg lediglich als Silhouette sehen &#8211; schon ein Bisschen schade.<\/p>\n<p>Und dann der Hauptgewinn des Tages: Unser Navi bietet an, 14 Minuten zu sparen. Bei 34\u00b0C keine Frage. Das Angebot wird angenommen! Dumm nur, dass der neue Weg direkt durch Mannheim f\u00fchrt, das Navi die vielen Baustellen dort nicht kennt und inzwischen Berufsverkehr herrscht. So lernen wir die sog. <a href=\"https:\/\/de.wikipedia.org\/wiki\/Manhattan-Metrik\" target=\"_blank\" rel=\"noopener noreferrer\">Mannheim-Metrik<\/a>, in der es keine Diagonalen gibt und nach der auch Manhattan erbaut wurde, ausgiebigst kennen, fahren im Schritt-Tempo durch kleine und kleinste Stra\u00dfen, die zur Orientierung so ungemein n\u00fctzliche Namen wie \u201eE5\u201c oder \u201eC4\u201c tragen, verlieren (\u00fcbrigens gemeinsam mit unserem Navi) in den ganz engen H\u00e4userschluchten v\u00f6llig die Orientierung und sind auf der Rheinbr\u00fccke nach Ludwigshafen so ziemlich am Ende unserer Kr\u00e4fte. Wir haben nicht 14 Minuten gut gemacht, sondern mindestens 30 Minuten drauf gesattelt.<\/p>\n<figure id=\"attachment_18\" aria-describedby=\"caption-attachment-18\" style=\"width: 840px\" class=\"wp-caption alignleft\"><a href=\"https:\/\/bf-on-tour.de\/m-2019\/wp-content\/uploads\/sites\/22\/2019\/12\/Rheinbr\u00fccke.jpg\" rel=\"lightbox[12]\"><img loading=\"lazy\" decoding=\"async\" class=\"size-large wp-image-18\" src=\"https:\/\/bf-on-tour.de\/m-2019\/wp-content\/uploads\/sites\/22\/2019\/12\/Rheinbr\u00fccke-1024x576.jpg\" alt=\"\" width=\"840\" height=\"473\" srcset=\"https:\/\/bf-on-tour.de\/irland-2019\/wp-content\/uploads\/sites\/22\/2019\/12\/Rheinbr\u00fccke-1024x576.jpg 1024w, https:\/\/bf-on-tour.de\/irland-2019\/wp-content\/uploads\/sites\/22\/2019\/12\/Rheinbr\u00fccke-300x169.jpg 300w, https:\/\/bf-on-tour.de\/irland-2019\/wp-content\/uploads\/sites\/22\/2019\/12\/Rheinbr\u00fccke-768x432.jpg 768w, https:\/\/bf-on-tour.de\/irland-2019\/wp-content\/uploads\/sites\/22\/2019\/12\/Rheinbr\u00fccke-1200x675.jpg 1200w, https:\/\/bf-on-tour.de\/irland-2019\/wp-content\/uploads\/sites\/22\/2019\/12\/Rheinbr\u00fccke.jpg 1537w\" sizes=\"auto, (max-width: 709px) 85vw, (max-width: 909px) 67vw, (max-width: 1362px) 62vw, 840px\" \/><\/a><figcaption id=\"caption-attachment-18\" class=\"wp-caption-text\">Endlich sind wir auf der Br\u00fccke von Mannheim nach Ludwigshafen!<\/figcaption><\/figure>\n<p>Das <a href=\"https:\/\/www.budgethotel-ludwigshafen.de\" target=\"_blank\" rel=\"noopener noreferrer\">Budget-Hotel<\/a> ist dann rasch gefunden. Hier werden wir mit gro\u00dfer Freundlichkeit empfangen, bekommen ein mindestens ebenso gro\u00dfes, absolut ruhiges Zimmer und eine piek-saubere Dusche. Es ist alles sehr einfach gehalten, aber f\u00fcr eine Nacht&#8230;<\/p>\n<p>Abends erkunden wir noch Ludwigshafen-City, denn das Hotel liegt nur wenige Minuten Fu\u00dfweg vom Zentrum entfernt und Hunger haben wir auch. Aber es ist keine sch\u00f6ne Stadt. Die Uniformit\u00e4t und Schmucklosigkeit der 1960er Nachkriegsbauten ist allerorten dominant; der Eindruck, Neues w\u00fcrde sich diesem Stil unterordnen, anstatt ihn zu unterbrechen, ist nicht von der Hand zu weisen. Und wer hier lebt, will sich nicht selten distanzieren: Durch auff\u00e4llige Kleidung, durch zu laute PS-Boliden &#8211; oder einfach, indem man Bundeskanzler wird. Na ja, es ist nur ein Schnappschuss. F\u00fcr ein Urteil m\u00fcsste man mit mehr Zeit wieder kommen &#8211; aber ich glaube, das werden wir uns nicht antun. Gute Nacht Ludwigshafen!<\/p>\n<p><a href=\"https:\/\/bf-on-tour.de\/irland-2019\/p-02\"><img loading=\"lazy\" decoding=\"async\" class=\"alignright wp-image-46\" src=\"https:\/\/bf-on-tour.de\/m-2019\/wp-content\/uploads\/sites\/22\/2019\/12\/weiter.png\" alt=\"\" width=\"50\" height=\"37\" \/><\/a><\/p>\n","protected":false},"excerpt":{"rendered":"<p>Irland ist weit weg, wenn man im Osten der Republik wohnt. Drei Tage Anreise \u00fcber die Autobahn sind es mindestens bis nach Cherbourg, von wo aus die F\u00e4hre nach Dublin abf\u00e4hrt. Aber da die Autobahn eher etwas f\u00fcr den Heimweg ist (das Pferd riecht den Stall) nehmen wir uns eine knappe Woche Zeit &#8211; und &hellip; <a href=\"https:\/\/bf-on-tour.de\/irland-2019\/\" class=\"more-link\"><span class=\"screen-reader-text\">\u201eVon Bayern an den Rhein\u201c <\/span>weiterlesen<\/a><\/p>\n","protected":false},"author":1,"featured_media":0,"parent":0,"menu_order":0,"comment_status":"open","ping_status":"open","template":"","meta":{"footnotes":""},"class_list":["post-12","page","type-page","status-publish","hentry"],"yoast_head":"<!-- This site is optimized with the Yoast SEO plugin v27.1.1 - https:\/\/yoast.com\/product\/yoast-seo-wordpress\/ -->\n<title>Von Bayern an den Rhein - (Motorrad-Reisebericht Irland 2019)<\/title>\n<meta name=\"description\" content=\"Von Bayern an den Rhein: Die 1. Etappe unserer Anreise nach Irland. Bayern &quot;h\u00e4lt uns fest&quot;, in Mannheim verzweifeln wir, Ludwigshafen bietet nicht viel.\" \/>\n<meta name=\"robots\" content=\"index, follow, max-snippet:-1, max-image-preview:large, max-video-preview:-1\" \/>\n<link rel=\"canonical\" href=\"https:\/\/bf-on-tour.de\/irland-2019\/\" \/>\n<meta property=\"og:locale\" content=\"de_DE\" \/>\n<meta property=\"og:type\" content=\"article\" \/>\n<meta property=\"og:title\" content=\"Von Bayern an den Rhein - (Motorrad-Reisebericht Irland 2019)\" \/>\n<meta property=\"og:description\" content=\"Von Bayern an den Rhein: Die 1. Etappe unserer Anreise nach Irland. Bayern &quot;h\u00e4lt uns fest&quot;, in Mannheim verzweifeln wir, Ludwigshafen bietet nicht viel.\" \/>\n<meta property=\"og:url\" content=\"https:\/\/bf-on-tour.de\/irland-2019\/\" \/>\n<meta property=\"og:site_name\" content=\"Irland\" \/>\n<meta property=\"article:modified_time\" content=\"2020-04-02T13:33:07+00:00\" \/>\n<meta property=\"og:image\" content=\"https:\/\/bf-on-tour.de\/m-2019\/wp-content\/uploads\/sites\/22\/2019\/12\/Mais-Bayern-1024x444.jpg\" \/>\n<meta name=\"twitter:card\" content=\"summary_large_image\" \/>\n<meta name=\"twitter:label1\" content=\"Gesch\u00e4tzte Lesezeit\" \/>\n\t<meta name=\"twitter:data1\" content=\"4\u00a0Minuten\" \/>\n<script type=\"application\/ld+json\" class=\"yoast-schema-graph\">{\"@context\":\"https:\/\/schema.org\",\"@graph\":[{\"@type\":\"WebPage\",\"@id\":\"https:\/\/bf-on-tour.de\/irland-2019\/\",\"url\":\"https:\/\/bf-on-tour.de\/irland-2019\/\",\"name\":\"Von Bayern an den Rhein - (Motorrad-Reisebericht Irland 2019)\",\"isPartOf\":{\"@id\":\"https:\/\/bf-on-tour.de\/irland-2019\/#website\"},\"primaryImageOfPage\":{\"@id\":\"https:\/\/bf-on-tour.de\/irland-2019\/#primaryimage\"},\"image\":{\"@id\":\"https:\/\/bf-on-tour.de\/irland-2019\/#primaryimage\"},\"thumbnailUrl\":\"https:\/\/bf-on-tour.de\/m-2019\/wp-content\/uploads\/sites\/22\/2019\/12\/Mais-Bayern-1024x444.jpg\",\"datePublished\":\"2019-12-22T13:50:09+00:00\",\"dateModified\":\"2020-04-02T13:33:07+00:00\",\"description\":\"Von Bayern an den Rhein: Die 1. Etappe unserer Anreise nach Irland. Bayern \\\"h\u00e4lt uns fest\\\", in Mannheim verzweifeln wir, Ludwigshafen bietet nicht viel.\",\"breadcrumb\":{\"@id\":\"https:\/\/bf-on-tour.de\/irland-2019\/#breadcrumb\"},\"inLanguage\":\"de\",\"potentialAction\":[{\"@type\":\"ReadAction\",\"target\":[\"https:\/\/bf-on-tour.de\/irland-2019\/\"]}]},{\"@type\":\"ImageObject\",\"inLanguage\":\"de\",\"@id\":\"https:\/\/bf-on-tour.de\/irland-2019\/#primaryimage\",\"url\":\"https:\/\/bf-on-tour.de\/m-2019\/wp-content\/uploads\/sites\/22\/2019\/12\/Mais-Bayern-1024x444.jpg\",\"contentUrl\":\"https:\/\/bf-on-tour.de\/m-2019\/wp-content\/uploads\/sites\/22\/2019\/12\/Mais-Bayern-1024x444.jpg\"},{\"@type\":\"BreadcrumbList\",\"@id\":\"https:\/\/bf-on-tour.de\/irland-2019\/#breadcrumb\",\"itemListElement\":[{\"@type\":\"ListItem\",\"position\":1,\"name\":\"Startseite\",\"item\":\"https:\/\/bf-on-tour.de\/irland-2019\/\"},{\"@type\":\"ListItem\",\"position\":2,\"name\":\"Von Bayern an den Rhein\"}]},{\"@type\":\"WebSite\",\"@id\":\"https:\/\/bf-on-tour.de\/irland-2019\/#website\",\"url\":\"https:\/\/bf-on-tour.de\/irland-2019\/\",\"name\":\"Irland\",\"description\":\"fr\u00f6hlich melancholisch, gr\u00fcn\",\"potentialAction\":[{\"@type\":\"SearchAction\",\"target\":{\"@type\":\"EntryPoint\",\"urlTemplate\":\"https:\/\/bf-on-tour.de\/irland-2019\/?s={search_term_string}\"},\"query-input\":{\"@type\":\"PropertyValueSpecification\",\"valueRequired\":true,\"valueName\":\"search_term_string\"}}],\"inLanguage\":\"de\"}]}<\/script>\n<!-- \/ Yoast SEO plugin. -->","yoast_head_json":{"title":"Von Bayern an den Rhein - (Motorrad-Reisebericht Irland 2019)","description":"Von Bayern an den Rhein: Die 1. Etappe unserer Anreise nach Irland. Bayern \"h\u00e4lt uns fest\", in Mannheim verzweifeln wir, Ludwigshafen bietet nicht viel.","robots":{"index":"index","follow":"follow","max-snippet":"max-snippet:-1","max-image-preview":"max-image-preview:large","max-video-preview":"max-video-preview:-1"},"canonical":"https:\/\/bf-on-tour.de\/irland-2019\/","og_locale":"de_DE","og_type":"article","og_title":"Von Bayern an den Rhein - (Motorrad-Reisebericht Irland 2019)","og_description":"Von Bayern an den Rhein: Die 1. Etappe unserer Anreise nach Irland. Bayern \"h\u00e4lt uns fest\", in Mannheim verzweifeln wir, Ludwigshafen bietet nicht viel.","og_url":"https:\/\/bf-on-tour.de\/irland-2019\/","og_site_name":"Irland","article_modified_time":"2020-04-02T13:33:07+00:00","og_image":[{"url":"https:\/\/bf-on-tour.de\/m-2019\/wp-content\/uploads\/sites\/22\/2019\/12\/Mais-Bayern-1024x444.jpg","type":"","width":"","height":""}],"twitter_card":"summary_large_image","twitter_misc":{"Gesch\u00e4tzte Lesezeit":"4\u00a0Minuten"},"schema":{"@context":"https:\/\/schema.org","@graph":[{"@type":"WebPage","@id":"https:\/\/bf-on-tour.de\/irland-2019\/","url":"https:\/\/bf-on-tour.de\/irland-2019\/","name":"Von Bayern an den Rhein - (Motorrad-Reisebericht Irland 2019)","isPartOf":{"@id":"https:\/\/bf-on-tour.de\/irland-2019\/#website"},"primaryImageOfPage":{"@id":"https:\/\/bf-on-tour.de\/irland-2019\/#primaryimage"},"image":{"@id":"https:\/\/bf-on-tour.de\/irland-2019\/#primaryimage"},"thumbnailUrl":"https:\/\/bf-on-tour.de\/m-2019\/wp-content\/uploads\/sites\/22\/2019\/12\/Mais-Bayern-1024x444.jpg","datePublished":"2019-12-22T13:50:09+00:00","dateModified":"2020-04-02T13:33:07+00:00","description":"Von Bayern an den Rhein: Die 1. Etappe unserer Anreise nach Irland. Bayern \"h\u00e4lt uns fest\", in Mannheim verzweifeln wir, Ludwigshafen bietet nicht viel.","breadcrumb":{"@id":"https:\/\/bf-on-tour.de\/irland-2019\/#breadcrumb"},"inLanguage":"de","potentialAction":[{"@type":"ReadAction","target":["https:\/\/bf-on-tour.de\/irland-2019\/"]}]},{"@type":"ImageObject","inLanguage":"de","@id":"https:\/\/bf-on-tour.de\/irland-2019\/#primaryimage","url":"https:\/\/bf-on-tour.de\/m-2019\/wp-content\/uploads\/sites\/22\/2019\/12\/Mais-Bayern-1024x444.jpg","contentUrl":"https:\/\/bf-on-tour.de\/m-2019\/wp-content\/uploads\/sites\/22\/2019\/12\/Mais-Bayern-1024x444.jpg"},{"@type":"BreadcrumbList","@id":"https:\/\/bf-on-tour.de\/irland-2019\/#breadcrumb","itemListElement":[{"@type":"ListItem","position":1,"name":"Startseite","item":"https:\/\/bf-on-tour.de\/irland-2019\/"},{"@type":"ListItem","position":2,"name":"Von Bayern an den Rhein"}]},{"@type":"WebSite","@id":"https:\/\/bf-on-tour.de\/irland-2019\/#website","url":"https:\/\/bf-on-tour.de\/irland-2019\/","name":"Irland","description":"fr\u00f6hlich melancholisch, gr\u00fcn","potentialAction":[{"@type":"SearchAction","target":{"@type":"EntryPoint","urlTemplate":"https:\/\/bf-on-tour.de\/irland-2019\/?s={search_term_string}"},"query-input":{"@type":"PropertyValueSpecification","valueRequired":true,"valueName":"search_term_string"}}],"inLanguage":"de"}]}},"_links":{"self":[{"href":"https:\/\/bf-on-tour.de\/irland-2019\/wp-json\/wp\/v2\/pages\/12","targetHints":{"allow":["GET"]}}],"collection":[{"href":"https:\/\/bf-on-tour.de\/irland-2019\/wp-json\/wp\/v2\/pages"}],"about":[{"href":"https:\/\/bf-on-tour.de\/irland-2019\/wp-json\/wp\/v2\/types\/page"}],"author":[{"embeddable":true,"href":"https:\/\/bf-on-tour.de\/irland-2019\/wp-json\/wp\/v2\/users\/1"}],"replies":[{"embeddable":true,"href":"https:\/\/bf-on-tour.de\/irland-2019\/wp-json\/wp\/v2\/comments?post=12"}],"version-history":[{"count":23,"href":"https:\/\/bf-on-tour.de\/irland-2019\/wp-json\/wp\/v2\/pages\/12\/revisions"}],"predecessor-version":[{"id":353,"href":"https:\/\/bf-on-tour.de\/irland-2019\/wp-json\/wp\/v2\/pages\/12\/revisions\/353"}],"wp:attachment":[{"href":"https:\/\/bf-on-tour.de\/irland-2019\/wp-json\/wp\/v2\/media?parent=12"}],"curies":[{"name":"wp","href":"https:\/\/api.w.org\/{rel}","templated":true}]}}