{"id":5,"date":"2022-10-15T11:45:49","date_gmt":"2022-10-15T09:45:49","guid":{"rendered":"https:\/\/bf-on-tour.de\/fk-22\/?page_id=5"},"modified":"2022-10-22T14:04:34","modified_gmt":"2022-10-22T12:04:34","slug":"page-1","status":"publish","type":"page","link":"https:\/\/bf-on-tour.de\/fk-22\/","title":{"rendered":"Luthers Kathi"},"content":{"rendered":"<p>Jeszcze Polska nie zgin\u0119\u0142a, noch ist Polen nicht verloren. F\u00fcr uns schon. Wie letztes Jahr hat mein R\u00fccken unseren Motorradurlaub sabotiert. Orthop\u00e4de, MRT, Ibuprophen und Physio ohne Ende. Nix mit 14 Tage Polen, alle vorgebuchten Hotels storniert, die Liste der Sehensw\u00fcrdigkeiten, im M\u00fcll; alle Vorbereitungen f\u00fcr die Katz. Mist!<\/p>\n<p>Alternative? Rentnerurlaub in der L\u00fcneburger Heide? Spazierengehen, Wacholder, Bienenst\u00f6cke\u00a0 und Heidschnucken z\u00e4hlen? Kann ja ganz nett sein &#8211; aber nicht f\u00fcr uns! Daheim bleiben? Sieht ganz danach aus. Frust!<\/p>\n<p>In der Post pl\u00f6tzlich ein Last-Minute-Katalog von Nicko. Oh je! Die Routen w\u00e4ren ja schon interessant &#8211; aber wieder mit Rudi unterwegs (Warum hab ich nicht NEIN gesagt? &#8211; wenigstens diesmal)&#8230;<\/p>\n<p>Die Routen gewinnen.<\/p>\n<p>Berlin-Spandau &#8211; Stralsund. Eine Woche mit der &#8222;Thurgau Saxonia&#8220; auf den Spuren unserer Motorradtour vom letzten Herbst, der <a href=\"https:\/\/bf-on-tour.de\/kurztouren\/2020-oderneisse\/\">&#8222;Grenzerfahrung&#8220;<\/a>: Oder-Havel-Kanal, mal selbst durch das Schiffshebewerk Niederfinow, weiter \u00fcber das Oderbruch, von dem wir auf den Motorr\u00e4dern so gut wie nichts gesehen hatten, nach Stettin und bis Stralsund. Gelesen, genehmigt, gebucht. Die letzte noch freie Oberdeckkabine ist unser.<\/p>\n<p>Zwei Wochen vor Abreise ein Anruf aus Stuttgart: &#8222;<em>Haben Sie schon in Ihre Mail geschaut? Ihre Reise f\u00e4llt aus. Das Schiff hat einen Maschinenschaden. Entweder Sie erhalten Ihr Geld zur\u00fcck oder buchen um.<\/em>&#8220; Ich liebe sowas&#8230;<\/p>\n<p>Geld zur\u00fcck hei\u00dft daheim bleiben, Umbuchen erzeugt Ratlosigkeit. Ein weiteres Telefonat kl\u00e4rt auf, dass die <em>MS Katharina von Bora<\/em> zur gleichen Zeit die gleiche Route nur andersrum f\u00e4hrt &#8211; und nach etwas rumlamentieren erhalten wir nicht nur mehr als die H\u00e4lfte unseres Geldes zur\u00fcck sondern auch noch eine Deluxe- zum Preis einer sog. Garantiekabine &#8211; hei\u00dft, im Normalfall erh\u00e4lt man zwar garantiert eine Kabine, erf\u00e4hrt aber erst an Bord welche. Einziger Nachteil: Diese Kabinen liegen im Hauptdeck, ihre nicht zu \u00f6ffnenden Fenster also knapp \u00fcber der Wasserlinie und mit etwas Pech schaut man im Hafen auf eine Spundwand. Aber egal, wir machen das jetzt und sind gespannt, ob das nach Luthers Ehefrau benannte Schiff ebenso pl\u00fcschig ist, wie letztes Jahr die <em>MS Heidelberg<\/em>.<\/p>\n<figure id=\"attachment_56\" aria-describedby=\"caption-attachment-56\" style=\"width: 840px\" class=\"wp-caption aligncenter\"><img loading=\"lazy\" decoding=\"async\" class=\"size-large wp-image-56\" src=\"https:\/\/bf-on-tour.de\/fk-22\/wp-content\/uploads\/sites\/25\/2022\/10\/IMG_5319-1024x597.jpg\" alt=\"\" width=\"840\" height=\"490\" srcset=\"https:\/\/bf-on-tour.de\/fk-22\/wp-content\/uploads\/sites\/25\/2022\/10\/IMG_5319-1024x597.jpg 1024w, https:\/\/bf-on-tour.de\/fk-22\/wp-content\/uploads\/sites\/25\/2022\/10\/IMG_5319-300x175.jpg 300w, https:\/\/bf-on-tour.de\/fk-22\/wp-content\/uploads\/sites\/25\/2022\/10\/IMG_5319-768x448.jpg 768w, https:\/\/bf-on-tour.de\/fk-22\/wp-content\/uploads\/sites\/25\/2022\/10\/IMG_5319-1536x896.jpg 1536w, https:\/\/bf-on-tour.de\/fk-22\/wp-content\/uploads\/sites\/25\/2022\/10\/IMG_5319-2048x1195.jpg 2048w, https:\/\/bf-on-tour.de\/fk-22\/wp-content\/uploads\/sites\/25\/2022\/10\/IMG_5319-1200x700.jpg 1200w\" sizes=\"auto, (max-width: 709px) 85vw, (max-width: 909px) 67vw, (max-width: 1362px) 62vw, 840px\" \/><figcaption id=\"caption-attachment-56\" class=\"wp-caption-text\">Es geht los<\/figcaption><\/figure>\n<p>Samstag 15:15 Uhr in Stralsund. Wir schiffen ein (nein, nein, das hei\u00dft wirklich so) &#8211; und haben Pech. Spundwandblick aus zwei Fenstern. Aber die Kabine ist in der Tat deutlich gr\u00f6\u00dfer als alle anderen und liegt ruhig mittschiffs (auf der <em>MS Heidelberg<\/em> hatten Tischnachbarn w\u00e4hrend unserer <a href=\"https:\/\/bf-on-tour.de\/k-21\/\">Donaukreuzfahrt<\/a> ihre Garantiekabine achtern \u00fcber der Maschine, was daf\u00fcr sorgte, dass nachts an Schlaf nicht zu denken war). Ansonsten ist das Schiff etwas kleiner als die <em>MS Heidelberg<\/em> und nicht ganz so aus der Zeit gefallen, was das Interieur angeht &#8211; allerdings auch nicht sehr viel weniger&#8230;<\/p>\n<figure id=\"attachment_61\" aria-describedby=\"caption-attachment-61\" style=\"width: 840px\" class=\"wp-caption aligncenter\"><img loading=\"lazy\" decoding=\"async\" class=\"size-large wp-image-61\" src=\"https:\/\/bf-on-tour.de\/fk-22\/wp-content\/uploads\/sites\/25\/2022\/10\/20220716_160703-1024x601.jpg\" alt=\"\" width=\"840\" height=\"493\" srcset=\"https:\/\/bf-on-tour.de\/fk-22\/wp-content\/uploads\/sites\/25\/2022\/10\/20220716_160703-1024x601.jpg 1024w, https:\/\/bf-on-tour.de\/fk-22\/wp-content\/uploads\/sites\/25\/2022\/10\/20220716_160703-300x176.jpg 300w, https:\/\/bf-on-tour.de\/fk-22\/wp-content\/uploads\/sites\/25\/2022\/10\/20220716_160703-768x451.jpg 768w, https:\/\/bf-on-tour.de\/fk-22\/wp-content\/uploads\/sites\/25\/2022\/10\/20220716_160703-1536x902.jpg 1536w, https:\/\/bf-on-tour.de\/fk-22\/wp-content\/uploads\/sites\/25\/2022\/10\/20220716_160703-2048x1202.jpg 2048w, https:\/\/bf-on-tour.de\/fk-22\/wp-content\/uploads\/sites\/25\/2022\/10\/20220716_160703-1200x704.jpg 1200w\" sizes=\"auto, (max-width: 709px) 85vw, (max-width: 909px) 67vw, (max-width: 1362px) 62vw, 840px\" \/><figcaption id=\"caption-attachment-61\" class=\"wp-caption-text\">Unsere Kabine liegt &#8222;im Keller&#8220;<\/figcaption><\/figure>\n<figure id=\"attachment_27\" aria-describedby=\"caption-attachment-27\" style=\"width: 1024px\" class=\"wp-caption aligncenter\"><img loading=\"lazy\" decoding=\"async\" class=\"size-large wp-image-27\" src=\"https:\/\/bf-on-tour.de\/fk-22\/wp-content\/uploads\/sites\/25\/2022\/10\/20220716_151528-1024x578.jpg\" alt=\"\" width=\"1024\" height=\"578\" srcset=\"https:\/\/bf-on-tour.de\/fk-22\/wp-content\/uploads\/sites\/25\/2022\/10\/20220716_151528-1024x578.jpg 1024w, https:\/\/bf-on-tour.de\/fk-22\/wp-content\/uploads\/sites\/25\/2022\/10\/20220716_151528-300x169.jpg 300w, https:\/\/bf-on-tour.de\/fk-22\/wp-content\/uploads\/sites\/25\/2022\/10\/20220716_151528-768x433.jpg 768w, https:\/\/bf-on-tour.de\/fk-22\/wp-content\/uploads\/sites\/25\/2022\/10\/20220716_151528-1536x866.jpg 1536w, https:\/\/bf-on-tour.de\/fk-22\/wp-content\/uploads\/sites\/25\/2022\/10\/20220716_151528-2048x1155.jpg 2048w\" sizes=\"auto, (max-width: 709px) 85vw, (max-width: 909px) 67vw, (max-width: 1362px) 62vw, 840px\" \/><figcaption id=\"caption-attachment-27\" class=\"wp-caption-text\">Aussicht: Spundwand<\/figcaption><\/figure>\n<p>N\u00e4chste \u00dcberraschung: Der geplante Besuch des Hafens Vitte auf Hiddensee f\u00e4llt aus, weil das Schiff ab 5 Bft. dort nicht mehr hinfahren darf &#8211; und jetzt herrschen 6 bis 7. Na ja, da auch Luthers Kathi, \u00e4hnlich wie die &#8222;MS Heidelberg&#8220;, nur kleiner, eher einer schwimmenden Blechb\u00fcchse \u00e4hnelt, als einem Schiff und mit 1,20 m Tiefgang vom Wind in die Kategorie &#8222;Treibholz&#8220; einsortiert wird, wundert es uns nicht.<\/p>\n<p>Aber dann kommt Kuttel, Joachim Ringelnatzens alter ego, in Person eines Stadtf\u00fchrers, der uns auf einem Rundgang Stralsund auf h\u00f6chst am\u00fcsante Weise n\u00e4her bringt. 90 Minuten Zeit hatte Nicko ihm gegeben, das Doppelte h\u00e4tten wir problemlos mitgemacht.<\/p>\n<figure id=\"attachment_30\" aria-describedby=\"caption-attachment-30\" style=\"width: 1024px\" class=\"wp-caption aligncenter\"><img loading=\"lazy\" decoding=\"async\" class=\"wp-image-30 size-large\" src=\"https:\/\/bf-on-tour.de\/fk-22\/wp-content\/uploads\/sites\/25\/2022\/10\/IMG_5341-1024x683.jpg\" alt=\"\" width=\"1024\" height=\"683\" srcset=\"https:\/\/bf-on-tour.de\/fk-22\/wp-content\/uploads\/sites\/25\/2022\/10\/IMG_5341-1024x683.jpg 1024w, https:\/\/bf-on-tour.de\/fk-22\/wp-content\/uploads\/sites\/25\/2022\/10\/IMG_5341-300x200.jpg 300w, https:\/\/bf-on-tour.de\/fk-22\/wp-content\/uploads\/sites\/25\/2022\/10\/IMG_5341-768x512.jpg 768w, https:\/\/bf-on-tour.de\/fk-22\/wp-content\/uploads\/sites\/25\/2022\/10\/IMG_5341-1536x1024.jpg 1536w, https:\/\/bf-on-tour.de\/fk-22\/wp-content\/uploads\/sites\/25\/2022\/10\/IMG_5341-2048x1365.jpg 2048w\" sizes=\"auto, (max-width: 709px) 85vw, (max-width: 909px) 67vw, (max-width: 1362px) 62vw, 840px\" \/><figcaption id=\"caption-attachment-30\" class=\"wp-caption-text\">Kuttel Daddeldu als Fremdenf\u00fchrer &#8211; oder umgekehrt&#8230;<\/figcaption><\/figure>\n<p>Nun, der Tag war lang, das Abendessen ordentlich, die Crew ist freundlich und die Tischnachbarn erscheinen durchaus ertr\u00e4glich. So klingt schlie\u00dflich der Abend bei einem Aperol sehr vers\u00f6hnlich aus &#8211; \u00fcbrigens ganz ohne Rudi. Kathis Bordmusiker ist krank, sein Fl\u00fcgel verwaist. Wir vermissen ihn nicht.<\/p>\n<figure id=\"attachment_29\" aria-describedby=\"caption-attachment-29\" style=\"width: 1024px\" class=\"wp-caption aligncenter\"><img loading=\"lazy\" decoding=\"async\" class=\"size-large wp-image-29\" src=\"https:\/\/bf-on-tour.de\/fk-22\/wp-content\/uploads\/sites\/25\/2022\/10\/20220716_212042-1024x576.jpg\" alt=\"\" width=\"1024\" height=\"576\" srcset=\"https:\/\/bf-on-tour.de\/fk-22\/wp-content\/uploads\/sites\/25\/2022\/10\/20220716_212042-1024x576.jpg 1024w, https:\/\/bf-on-tour.de\/fk-22\/wp-content\/uploads\/sites\/25\/2022\/10\/20220716_212042-300x169.jpg 300w, https:\/\/bf-on-tour.de\/fk-22\/wp-content\/uploads\/sites\/25\/2022\/10\/20220716_212042-768x432.jpg 768w, https:\/\/bf-on-tour.de\/fk-22\/wp-content\/uploads\/sites\/25\/2022\/10\/20220716_212042-1536x864.jpg 1536w, https:\/\/bf-on-tour.de\/fk-22\/wp-content\/uploads\/sites\/25\/2022\/10\/20220716_212042-2048x1152.jpg 2048w\" sizes=\"auto, (max-width: 709px) 85vw, (max-width: 909px) 67vw, (max-width: 1362px) 62vw, 840px\" \/><figcaption id=\"caption-attachment-29\" class=\"wp-caption-text\">Die Gorch Fock I<\/figcaption><\/figure>\n<p>&nbsp;<\/p>\n<p><a href=\"https:\/\/bf-on-tour.de\/fk-22\/page-2\"><img loading=\"lazy\" decoding=\"async\" class=\"alignright wp-image-122\" src=\"https:\/\/bf-on-tour.de\/fk-22\/wp-content\/uploads\/sites\/25\/2022\/10\/weiter.png\" alt=\"\" width=\"50\" height=\"37\" \/><\/a><\/p>\n","protected":false},"excerpt":{"rendered":"<p>Jeszcze Polska nie zgin\u0119\u0142a, noch ist Polen nicht verloren. F\u00fcr uns schon. Wie letztes Jahr hat mein R\u00fccken unseren Motorradurlaub sabotiert. Orthop\u00e4de, MRT, Ibuprophen und Physio ohne Ende. Nix mit 14 Tage Polen, alle vorgebuchten Hotels storniert, die Liste der Sehensw\u00fcrdigkeiten, im M\u00fcll; alle Vorbereitungen f\u00fcr die Katz. Mist! Alternative? Rentnerurlaub in der L\u00fcneburger Heide? &hellip; <a href=\"https:\/\/bf-on-tour.de\/fk-22\/\" class=\"more-link\"><span class=\"screen-reader-text\">\u201eLuthers Kathi\u201c <\/span>weiterlesen<\/a><\/p>\n","protected":false},"author":1,"featured_media":0,"parent":0,"menu_order":0,"comment_status":"open","ping_status":"closed","template":"","meta":{"footnotes":""},"class_list":["post-5","page","type-page","status-publish","hentry"],"_links":{"self":[{"href":"https:\/\/bf-on-tour.de\/fk-22\/wp-json\/wp\/v2\/pages\/5","targetHints":{"allow":["GET"]}}],"collection":[{"href":"https:\/\/bf-on-tour.de\/fk-22\/wp-json\/wp\/v2\/pages"}],"about":[{"href":"https:\/\/bf-on-tour.de\/fk-22\/wp-json\/wp\/v2\/types\/page"}],"author":[{"embeddable":true,"href":"https:\/\/bf-on-tour.de\/fk-22\/wp-json\/wp\/v2\/users\/1"}],"replies":[{"embeddable":true,"href":"https:\/\/bf-on-tour.de\/fk-22\/wp-json\/wp\/v2\/comments?post=5"}],"version-history":[{"count":16,"href":"https:\/\/bf-on-tour.de\/fk-22\/wp-json\/wp\/v2\/pages\/5\/revisions"}],"predecessor-version":[{"id":127,"href":"https:\/\/bf-on-tour.de\/fk-22\/wp-json\/wp\/v2\/pages\/5\/revisions\/127"}],"wp:attachment":[{"href":"https:\/\/bf-on-tour.de\/fk-22\/wp-json\/wp\/v2\/media?parent=5"}],"curies":[{"name":"wp","href":"https:\/\/api.w.org\/{rel}","templated":true}]}}