{"id":15,"date":"2022-10-15T11:53:01","date_gmt":"2022-10-15T09:53:01","guid":{"rendered":"https:\/\/bf-on-tour.de\/fk-22\/?page_id=15"},"modified":"2022-10-22T14:03:46","modified_gmt":"2022-10-22T12:03:46","slug":"page-6","status":"publish","type":"page","link":"https:\/\/bf-on-tour.de\/fk-22\/page-6\/","title":{"rendered":"Niederfinow, Potsdam &#038; Reiseende"},"content":{"rendered":"<p>6:00 Uhr, der Wecker tut, was er soll: uns wecken. Und nein, wir haben nicht vergessen, ihn umzustellen; wir m\u00fcssen tats\u00e4chlich auch heute wieder fr\u00fch hoch: F\u00fcr 8:00 Uhr ist die Passage des Schiffshebewerks in Niederfinow angesagt &#8211; wer will das schon verpassen?<\/p>\n<figure id=\"attachment_108\" aria-describedby=\"caption-attachment-108\" style=\"width: 840px\" class=\"wp-caption aligncenter\"><img loading=\"lazy\" decoding=\"async\" class=\"wp-image-108 size-large\" src=\"https:\/\/bf-on-tour.de\/fk-22\/wp-content\/uploads\/sites\/25\/2022\/10\/P1050827-1024x490.jpg\" alt=\"\" width=\"840\" height=\"402\" srcset=\"https:\/\/bf-on-tour.de\/fk-22\/wp-content\/uploads\/sites\/25\/2022\/10\/P1050827-1024x490.jpg 1024w, https:\/\/bf-on-tour.de\/fk-22\/wp-content\/uploads\/sites\/25\/2022\/10\/P1050827-300x143.jpg 300w, https:\/\/bf-on-tour.de\/fk-22\/wp-content\/uploads\/sites\/25\/2022\/10\/P1050827-768x367.jpg 768w, https:\/\/bf-on-tour.de\/fk-22\/wp-content\/uploads\/sites\/25\/2022\/10\/P1050827-1536x735.jpg 1536w, https:\/\/bf-on-tour.de\/fk-22\/wp-content\/uploads\/sites\/25\/2022\/10\/P1050827-2048x979.jpg 2048w, https:\/\/bf-on-tour.de\/fk-22\/wp-content\/uploads\/sites\/25\/2022\/10\/P1050827-1200x574.jpg 1200w\" sizes=\"auto, (max-width: 709px) 85vw, (max-width: 909px) 67vw, (max-width: 1362px) 62vw, 840px\" \/><figcaption id=\"caption-attachment-108\" class=\"wp-caption-text\">Entgegenkommer auf dem Weg nach Niederfinow<\/figcaption><\/figure>\n<p>Also, fr\u00fchst\u00fccken, mit der Kamera bewaffnen und &#8211; warten, warten, warten. Wir schleichen dahin bis es kurz vor 9 Uhr geworden ist. Dann ist es endlich soweit &#8211; obwohl, wieder h\u00e4tten wir gut 30 Minuten l\u00e4nger schlafen k\u00f6nnen. Dumm gelaufen.<\/p>\n<figure id=\"attachment_107\" aria-describedby=\"caption-attachment-107\" style=\"width: 840px\" class=\"wp-caption aligncenter\"><img loading=\"lazy\" decoding=\"async\" class=\"wp-image-107 size-large\" src=\"https:\/\/bf-on-tour.de\/fk-22\/wp-content\/uploads\/sites\/25\/2022\/10\/IMG_5467-1024x554.jpg\" alt=\"\" width=\"840\" height=\"454\" srcset=\"https:\/\/bf-on-tour.de\/fk-22\/wp-content\/uploads\/sites\/25\/2022\/10\/IMG_5467-1024x554.jpg 1024w, https:\/\/bf-on-tour.de\/fk-22\/wp-content\/uploads\/sites\/25\/2022\/10\/IMG_5467-300x162.jpg 300w, https:\/\/bf-on-tour.de\/fk-22\/wp-content\/uploads\/sites\/25\/2022\/10\/IMG_5467-768x416.jpg 768w, https:\/\/bf-on-tour.de\/fk-22\/wp-content\/uploads\/sites\/25\/2022\/10\/IMG_5467-1536x831.jpg 1536w, https:\/\/bf-on-tour.de\/fk-22\/wp-content\/uploads\/sites\/25\/2022\/10\/IMG_5467-2048x1108.jpg 2048w, https:\/\/bf-on-tour.de\/fk-22\/wp-content\/uploads\/sites\/25\/2022\/10\/IMG_5467-1200x650.jpg 1200w\" sizes=\"auto, (max-width: 709px) 85vw, (max-width: 909px) 67vw, (max-width: 1362px) 62vw, 840px\" \/><figcaption id=\"caption-attachment-107\" class=\"wp-caption-text\">Der Kapit\u00e4n steuert auf das Hebewerk zu<\/figcaption><\/figure>\n<figure id=\"attachment_109\" aria-describedby=\"caption-attachment-109\" style=\"width: 840px\" class=\"wp-caption aligncenter\"><img loading=\"lazy\" decoding=\"async\" class=\"wp-image-109 size-large\" src=\"https:\/\/bf-on-tour.de\/fk-22\/wp-content\/uploads\/sites\/25\/2022\/10\/P1050841-1024x656.jpg\" alt=\"\" width=\"840\" height=\"538\" srcset=\"https:\/\/bf-on-tour.de\/fk-22\/wp-content\/uploads\/sites\/25\/2022\/10\/P1050841-1024x656.jpg 1024w, https:\/\/bf-on-tour.de\/fk-22\/wp-content\/uploads\/sites\/25\/2022\/10\/P1050841-300x192.jpg 300w, https:\/\/bf-on-tour.de\/fk-22\/wp-content\/uploads\/sites\/25\/2022\/10\/P1050841-768x492.jpg 768w, https:\/\/bf-on-tour.de\/fk-22\/wp-content\/uploads\/sites\/25\/2022\/10\/P1050841-1536x985.jpg 1536w, https:\/\/bf-on-tour.de\/fk-22\/wp-content\/uploads\/sites\/25\/2022\/10\/P1050841-2048x1313.jpg 2048w, https:\/\/bf-on-tour.de\/fk-22\/wp-content\/uploads\/sites\/25\/2022\/10\/P1050841-1200x769.jpg 1200w\" sizes=\"auto, (max-width: 709px) 85vw, (max-width: 909px) 67vw, (max-width: 1362px) 62vw, 840px\" \/><figcaption id=\"caption-attachment-109\" class=\"wp-caption-text\">Die Einfahrt in den Trog ist frei<\/figcaption><\/figure>\n<p data-wp-editing=\"1\">Wir d\u00fcrfen in den bereitstehenden Trog einfahren. Dazu ist das Oberdeck gesperrt, weil Kathi mal grade so eben unter der hochgezogenen Bottichwand des Hebewerks durchpasst. Und auch sonst ist alles knapp. Zentimeterweise werden wir durch Fieren der Vor- und Holen der Achterspring nach vorne geschoben, bis der Einweiser sein Zeichen zum Festmachen gibt. Der Bottich schlie\u00dft sich, es geht wie im Fahrstuhl in knapp f\u00fcnf Minuten 36 Meter aufw\u00e4rts. Selbst, wenn man das Spektakel bereits mehrfach von au\u00dfen beobachtet hat, dabei sein, mitten drin sein, ist doch noch was anderes!<\/p>\n<figure id=\"attachment_106\" aria-describedby=\"caption-attachment-106\" style=\"width: 840px\" class=\"wp-caption aligncenter\"><img loading=\"lazy\" decoding=\"async\" class=\"wp-image-106 size-large\" src=\"https:\/\/bf-on-tour.de\/fk-22\/wp-content\/uploads\/sites\/25\/2022\/10\/collage1-1024x1016.jpg\" alt=\"\" width=\"840\" height=\"833\" srcset=\"https:\/\/bf-on-tour.de\/fk-22\/wp-content\/uploads\/sites\/25\/2022\/10\/collage1-1024x1016.jpg 1024w, https:\/\/bf-on-tour.de\/fk-22\/wp-content\/uploads\/sites\/25\/2022\/10\/collage1-300x298.jpg 300w, https:\/\/bf-on-tour.de\/fk-22\/wp-content\/uploads\/sites\/25\/2022\/10\/collage1-150x150.jpg 150w, https:\/\/bf-on-tour.de\/fk-22\/wp-content\/uploads\/sites\/25\/2022\/10\/collage1-768x762.jpg 768w, https:\/\/bf-on-tour.de\/fk-22\/wp-content\/uploads\/sites\/25\/2022\/10\/collage1-1536x1524.jpg 1536w, https:\/\/bf-on-tour.de\/fk-22\/wp-content\/uploads\/sites\/25\/2022\/10\/collage1-2048x2032.jpg 2048w, https:\/\/bf-on-tour.de\/fk-22\/wp-content\/uploads\/sites\/25\/2022\/10\/collage1-1200x1191.jpg 1200w\" sizes=\"auto, (max-width: 709px) 85vw, (max-width: 909px) 67vw, (max-width: 1362px) 62vw, 840px\" \/><figcaption id=\"caption-attachment-106\" class=\"wp-caption-text\">Mittendrin<\/figcaption><\/figure>\n<figure id=\"attachment_110\" aria-describedby=\"caption-attachment-110\" style=\"width: 840px\" class=\"wp-caption aligncenter\"><img loading=\"lazy\" decoding=\"async\" class=\"wp-image-110 size-large\" src=\"https:\/\/bf-on-tour.de\/fk-22\/wp-content\/uploads\/sites\/25\/2022\/10\/P1060022-1024x600.jpg\" alt=\"\" width=\"840\" height=\"492\" srcset=\"https:\/\/bf-on-tour.de\/fk-22\/wp-content\/uploads\/sites\/25\/2022\/10\/P1060022-1024x600.jpg 1024w, https:\/\/bf-on-tour.de\/fk-22\/wp-content\/uploads\/sites\/25\/2022\/10\/P1060022-300x176.jpg 300w, https:\/\/bf-on-tour.de\/fk-22\/wp-content\/uploads\/sites\/25\/2022\/10\/P1060022-768x450.jpg 768w, https:\/\/bf-on-tour.de\/fk-22\/wp-content\/uploads\/sites\/25\/2022\/10\/P1060022-1536x900.jpg 1536w, https:\/\/bf-on-tour.de\/fk-22\/wp-content\/uploads\/sites\/25\/2022\/10\/P1060022-2048x1200.jpg 2048w, https:\/\/bf-on-tour.de\/fk-22\/wp-content\/uploads\/sites\/25\/2022\/10\/P1060022-1200x703.jpg 1200w\" sizes=\"auto, (max-width: 709px) 85vw, (max-width: 909px) 67vw, (max-width: 1362px) 62vw, 840px\" \/><figcaption id=\"caption-attachment-110\" class=\"wp-caption-text\">Nach ca. 5 Minuten: Oben angekommen<\/figcaption><\/figure>\n<p>Oben geht es wie gewohnt weiter, zum Anleger in Eberswalde. Dabei durchqueren wir die Schorfheide, von der unsere Reiseleiterin sagt, man k\u00f6nne jetzt gern den verpassten Morgenschlaf nachholen, es g\u00e4be hier eh nichts zu sehen.<\/p>\n<p>In Eberswalde verzichten wir auf den Ausflug, der uns zum Kloster Chorin und noch einmal nach Niederfinow gef\u00fchrt h\u00e4tte, bleiben nahezu allein an Bord und lassen Reise, wie auch Reisende bei einem Aperol gen\u00fcsslich Revue passieren:<\/p>\n<p>Auf der Reise haben wir einfach das an Langeweile grenzende Nichtstun genossen, ebenso wie die meist gut gef\u00fchrten, interessanten Ausfl\u00fcge: Stralsund, diese sch\u00f6ne alte Hansestadt mit ihrem geradezu skandinavischen Flair, Stettin, das sich langsam, ganz langsam von seiner deutschen Vergangenheit emanzipiert und heute, zum Abschluss, schlie\u00dflich noch Potsdam, dieses geschichtsbeladene Berliner Anh\u00e4ngsel.<\/p>\n<figure id=\"attachment_117\" aria-describedby=\"caption-attachment-117\" style=\"width: 840px\" class=\"wp-caption aligncenter\"><img loading=\"lazy\" decoding=\"async\" class=\"wp-image-117 size-large\" src=\"https:\/\/bf-on-tour.de\/fk-22\/wp-content\/uploads\/sites\/25\/2022\/10\/IMG_5477-1024x526.jpg\" alt=\"\" width=\"840\" height=\"431\" srcset=\"https:\/\/bf-on-tour.de\/fk-22\/wp-content\/uploads\/sites\/25\/2022\/10\/IMG_5477-1024x526.jpg 1024w, https:\/\/bf-on-tour.de\/fk-22\/wp-content\/uploads\/sites\/25\/2022\/10\/IMG_5477-300x154.jpg 300w, https:\/\/bf-on-tour.de\/fk-22\/wp-content\/uploads\/sites\/25\/2022\/10\/IMG_5477-768x394.jpg 768w, https:\/\/bf-on-tour.de\/fk-22\/wp-content\/uploads\/sites\/25\/2022\/10\/IMG_5477-1536x789.jpg 1536w, https:\/\/bf-on-tour.de\/fk-22\/wp-content\/uploads\/sites\/25\/2022\/10\/IMG_5477-2048x1052.jpg 2048w, https:\/\/bf-on-tour.de\/fk-22\/wp-content\/uploads\/sites\/25\/2022\/10\/IMG_5477-1200x616.jpg 1200w\" sizes=\"auto, (max-width: 709px) 85vw, (max-width: 909px) 67vw, (max-width: 1362px) 62vw, 840px\" \/><figcaption id=\"caption-attachment-117\" class=\"wp-caption-text\">Schloss Cecilienhof<\/figcaption><\/figure>\n<p>Hier nehmen wir auch wieder an einer F\u00fchrung teil, lernen Cecilienhof, den Schauplatz der Potsdamer Konferenz kennen und Sanssouci, die langj\u00e4hrige Residenz der verschiedenen Hohenzollern.<\/p>\n<figure id=\"attachment_113\" aria-describedby=\"caption-attachment-113\" style=\"width: 840px\" class=\"wp-caption aligncenter\"><img loading=\"lazy\" decoding=\"async\" class=\"wp-image-113 size-large\" src=\"https:\/\/bf-on-tour.de\/fk-22\/wp-content\/uploads\/sites\/25\/2022\/10\/P1060063-1024x509.jpg\" alt=\"\" width=\"840\" height=\"418\" srcset=\"https:\/\/bf-on-tour.de\/fk-22\/wp-content\/uploads\/sites\/25\/2022\/10\/P1060063-1024x509.jpg 1024w, https:\/\/bf-on-tour.de\/fk-22\/wp-content\/uploads\/sites\/25\/2022\/10\/P1060063-300x149.jpg 300w, https:\/\/bf-on-tour.de\/fk-22\/wp-content\/uploads\/sites\/25\/2022\/10\/P1060063-768x382.jpg 768w, https:\/\/bf-on-tour.de\/fk-22\/wp-content\/uploads\/sites\/25\/2022\/10\/P1060063-1536x764.jpg 1536w, https:\/\/bf-on-tour.de\/fk-22\/wp-content\/uploads\/sites\/25\/2022\/10\/P1060063-2048x1018.jpg 2048w, https:\/\/bf-on-tour.de\/fk-22\/wp-content\/uploads\/sites\/25\/2022\/10\/P1060063-1200x597.jpg 1200w\" sizes=\"auto, (max-width: 709px) 85vw, (max-width: 909px) 67vw, (max-width: 1362px) 62vw, 840px\" \/><figcaption id=\"caption-attachment-113\" class=\"wp-caption-text\">Schlossvorplatz<\/figcaption><\/figure>\n<p>&nbsp;<\/p>\n<figure id=\"attachment_112\" aria-describedby=\"caption-attachment-112\" style=\"width: 840px\" class=\"wp-caption aligncenter\"><img loading=\"lazy\" decoding=\"async\" class=\"wp-image-112 size-large\" src=\"https:\/\/bf-on-tour.de\/fk-22\/wp-content\/uploads\/sites\/25\/2022\/10\/P1060051-1024x910.jpg\" alt=\"\" width=\"840\" height=\"746\" srcset=\"https:\/\/bf-on-tour.de\/fk-22\/wp-content\/uploads\/sites\/25\/2022\/10\/P1060051-1024x910.jpg 1024w, https:\/\/bf-on-tour.de\/fk-22\/wp-content\/uploads\/sites\/25\/2022\/10\/P1060051-300x267.jpg 300w, https:\/\/bf-on-tour.de\/fk-22\/wp-content\/uploads\/sites\/25\/2022\/10\/P1060051-768x682.jpg 768w, https:\/\/bf-on-tour.de\/fk-22\/wp-content\/uploads\/sites\/25\/2022\/10\/P1060051-1536x1365.jpg 1536w, https:\/\/bf-on-tour.de\/fk-22\/wp-content\/uploads\/sites\/25\/2022\/10\/P1060051-2048x1820.jpg 2048w, https:\/\/bf-on-tour.de\/fk-22\/wp-content\/uploads\/sites\/25\/2022\/10\/P1060051-1200x1066.jpg 1200w\" sizes=\"auto, (max-width: 709px) 85vw, (max-width: 909px) 67vw, (max-width: 1362px) 62vw, 840px\" \/><figcaption id=\"caption-attachment-112\" class=\"wp-caption-text\">Schloss Sanssouci<\/figcaption><\/figure>\n<figure id=\"attachment_111\" aria-describedby=\"caption-attachment-111\" style=\"width: 840px\" class=\"wp-caption aligncenter\"><img loading=\"lazy\" decoding=\"async\" class=\"wp-image-111 size-large\" src=\"https:\/\/bf-on-tour.de\/fk-22\/wp-content\/uploads\/sites\/25\/2022\/10\/P1060049-1024x371.jpg\" alt=\"\" width=\"840\" height=\"304\" srcset=\"https:\/\/bf-on-tour.de\/fk-22\/wp-content\/uploads\/sites\/25\/2022\/10\/P1060049-1024x371.jpg 1024w, https:\/\/bf-on-tour.de\/fk-22\/wp-content\/uploads\/sites\/25\/2022\/10\/P1060049-300x109.jpg 300w, https:\/\/bf-on-tour.de\/fk-22\/wp-content\/uploads\/sites\/25\/2022\/10\/P1060049-768x278.jpg 768w, https:\/\/bf-on-tour.de\/fk-22\/wp-content\/uploads\/sites\/25\/2022\/10\/P1060049-1536x556.jpg 1536w, https:\/\/bf-on-tour.de\/fk-22\/wp-content\/uploads\/sites\/25\/2022\/10\/P1060049-2048x741.jpg 2048w, https:\/\/bf-on-tour.de\/fk-22\/wp-content\/uploads\/sites\/25\/2022\/10\/P1060049-1200x434.jpg 1200w\" sizes=\"auto, (max-width: 709px) 85vw, (max-width: 909px) 67vw, (max-width: 1362px) 62vw, 840px\" \/><figcaption id=\"caption-attachment-111\" class=\"wp-caption-text\">Der Schlosspark<\/figcaption><\/figure>\n<p>Wir erfahren, dass K\u00f6nigs sich nicht nur mit profanem Materiellem beschenken lassen,\u00a0 sondern auch schon mal mit einem Chor &#8211; einem Kosakenchor, weil man den so gern h\u00f6rt &#8211; f\u00fcr dessen S\u00e4nger dann H\u00e4user gebaut werden, sie ein potsdamer M\u00e4dchen, eine Kuh und ein paar Schafe erhalten, um versorgt zu sein. So macht man sowas! Integrationsproblem gel\u00f6st!<\/p>\n<p>Ja ja, es gibt tats\u00e4chlich immer noch etwas zu entdecken &#8211; selbst, wenn man bereits in der Stadt gewesen war &#8211; und wir waren bereits in allen dreien.<\/p>\n<p>Na ja und die Reisenden? Hier findet sich ein interessanter, teils auch skurriler Mix unterschiedlichster Charaktere, denen man bei nur 80 Passagieren auf dem lediglich 100 Meter langen Schiff einfach nicht entkommen kann.<\/p>\n<figure id=\"attachment_105\" aria-describedby=\"caption-attachment-105\" style=\"width: 840px\" class=\"wp-caption aligncenter\"><img loading=\"lazy\" decoding=\"async\" class=\"wp-image-105 size-large\" src=\"https:\/\/bf-on-tour.de\/fk-22\/wp-content\/uploads\/sites\/25\/2022\/10\/20220721_182744-1024x576.jpg\" alt=\"\" width=\"840\" height=\"473\" srcset=\"https:\/\/bf-on-tour.de\/fk-22\/wp-content\/uploads\/sites\/25\/2022\/10\/20220721_182744-1024x576.jpg 1024w, https:\/\/bf-on-tour.de\/fk-22\/wp-content\/uploads\/sites\/25\/2022\/10\/20220721_182744-300x169.jpg 300w, https:\/\/bf-on-tour.de\/fk-22\/wp-content\/uploads\/sites\/25\/2022\/10\/20220721_182744-768x432.jpg 768w, https:\/\/bf-on-tour.de\/fk-22\/wp-content\/uploads\/sites\/25\/2022\/10\/20220721_182744-1536x864.jpg 1536w, https:\/\/bf-on-tour.de\/fk-22\/wp-content\/uploads\/sites\/25\/2022\/10\/20220721_182744-2048x1152.jpg 2048w, https:\/\/bf-on-tour.de\/fk-22\/wp-content\/uploads\/sites\/25\/2022\/10\/20220721_182744-1200x675.jpg 1200w\" sizes=\"auto, (max-width: 709px) 85vw, (max-width: 909px) 67vw, (max-width: 1362px) 62vw, 840px\" \/><figcaption id=\"caption-attachment-105\" class=\"wp-caption-text\">Man kann niemandem entkommen&#8230;<\/figcaption><\/figure>\n<p>Da w\u00e4ren zum Beispiel die beiden Br\u00fcder, deutlich \u00fcber 80, von denen einer in den 60er Jahren Transatlantikregatten segelte, der andere zur gleichen Zeit Goldwingtouren durch Nordamerika f\u00fchrte (&#8222;Und in San Francisco, grad an der Endstation vom Cable Car hab ich sie gelegt. Da konnten dann alle mal zugucken, wie man so ein Schlachtschiff wieder aufrichtet &#8211; ha, ha, ha&#8220;). Sie teilen sich eine Kabine und n\u00f6rgeln gen\u00fcsslich aneinander herum.<\/p>\n<p>Dann das alte Paar aus dem Erzgebirge, dessen nuschelnde Sprachverwurschtelungen uns selbst nach fast 30 Jahren Sachsen immer wieder R\u00e4tsel aufgeben und bei dem ihre ausgehangenen Ohrl\u00e4ppchen darauf schlie\u00dfen lassen, dass die m\u00e4chtigen, goldenen Creolen selbst unter Inrechnungstellung altersbedingter Bindegewebsschw\u00e4che wohl doch echt sind.<\/p>\n<p>Es gibt den Kettenraucher, der an seinem Stammplatz, dem Steuerbordaufgang zum Sonnendeck, pro Tag mindestens zwei Packungen Zigaretten in Asche und blauen Dunst verwandelt. Ob er sechs absolut identische rotkarierte Hemden oder lediglich genau eins besitzt, wissen wir nat\u00fcrlich nicht, aber bei dem ihn konstant umspielenden kalten Aschegeruch werden wir es auch nicht heraus bekommen.<\/p>\n<p>Und schlie\u00dflich der eitle Angeber, der nervt und damit prahlt, er habe Handwerker erfolgreich im Preis gedr\u00fcckt, um seine Auffahrt gepflastert zu bekommen (&#8222;36.000 wollten sie haben, als ich ihnen 10 gab, ging&#8217;s auch&#8220;). Immer mal wieder kommt er, um an meiner Lumix herumzun\u00f6rgeln, wieso ich denn kein Zei\u00df-Objektiv montiert h\u00e4tte &#8211; und selbstredend zeigt er mir unaufgefordert seins.<\/p>\n<p>Komplettiert wird dieses Ensemble durch eine Truppe &#8222;Weltenbummler&#8220;, die sich angeregt dar\u00fcber aufregt, dass heute jeder Ein-Personen-Haushalt eine 4-Raum-Wohnung mieten kann (&#8222;das war damals anders bei uns, ja, ja&#8230;&#8220;) und zwei norddeutsche Spa\u00dfbremsen, die es verstehen, auch den kleinsten Gespr\u00e4chsversuch ins Nirwana laufen zu lassen.<\/p>\n<p>Na ja, und durch uns.<\/p>\n<p>Wir versuchen uns mehr oder weniger (un-)harmonisch mit unseren Macken, Schrullen und L\u00e4stereien in dieses illustre Publikum einzuordnen, kommen mit deren Heimatschwerpunkt irgendwo in den \u00f6stlichen Bundesl\u00e4ndern eigentlich schon ganz gut mit, haben aber zum Erreichen ihres Altersdurchnitts noch mindestens (!) f\u00fcnf bis 10 Jahre vor uns liegen.<\/p>\n<p>Sowas muss man m\u00f6gen.<\/p>\n<p>Ob wir das tun? Na ja, mit etwas Toleranz ertragen wir es, gew\u00f6hnen uns sogar ein klein Wenig daran, schreiben uns mit den Stories unsere ketzerischen Gedanken aus dem Kopf. Und ich freue mich, dass mein R\u00fccken, der uns ja schon letztes Jahr um den Urlaub gebracht hatte, sich insgesamt doch recht ordentlich verhalten hat &#8211; um es mal mit einem bekannten Liedermacher zu sagen:<\/p>\n<p style=\"text-align: center;\"><em>An guten Tagen, war alles wundersch\u00f6n;<\/em><br \/>\n<em>ich brauchte Ibu nicht, kein Voltaren<\/em><br \/>\n<em>und konnt&#8216; doch aufrecht geh&#8217;n&#8230;<\/em><\/p>\n<p>Na ja, und die weniger guten Tage erledigte wieder mal das Getr\u00e4nkepaket &#8211; mit dem halt manches ertr\u00e4glicher wird, auch, wenn es diesmal keinen Rudi gab.<\/p>\n<p><img loading=\"lazy\" decoding=\"async\" class=\"aligncenter size-large wp-image-114\" src=\"https:\/\/bf-on-tour.de\/fk-22\/wp-content\/uploads\/sites\/25\/2022\/10\/IMG_5502-1024x502.jpg\" alt=\"\" width=\"840\" height=\"412\" srcset=\"https:\/\/bf-on-tour.de\/fk-22\/wp-content\/uploads\/sites\/25\/2022\/10\/IMG_5502-1024x502.jpg 1024w, https:\/\/bf-on-tour.de\/fk-22\/wp-content\/uploads\/sites\/25\/2022\/10\/IMG_5502-300x147.jpg 300w, https:\/\/bf-on-tour.de\/fk-22\/wp-content\/uploads\/sites\/25\/2022\/10\/IMG_5502-768x376.jpg 768w, https:\/\/bf-on-tour.de\/fk-22\/wp-content\/uploads\/sites\/25\/2022\/10\/IMG_5502-1536x753.jpg 1536w, https:\/\/bf-on-tour.de\/fk-22\/wp-content\/uploads\/sites\/25\/2022\/10\/IMG_5502-2048x1004.jpg 2048w, https:\/\/bf-on-tour.de\/fk-22\/wp-content\/uploads\/sites\/25\/2022\/10\/IMG_5502-1200x588.jpg 1200w\" sizes=\"auto, (max-width: 709px) 85vw, (max-width: 909px) 67vw, (max-width: 1362px) 62vw, 840px\" \/><\/p>\n<p><a href=\"https:\/\/bf-on-tour.de\/fk-22\/page-5\"><img loading=\"lazy\" decoding=\"async\" class=\"alignleft wp-image-123\" src=\"https:\/\/bf-on-tour.de\/fk-22\/wp-content\/uploads\/sites\/25\/2022\/10\/zurueck.png\" alt=\"\" width=\"50\" height=\"37\" \/><\/a><\/p>\n","protected":false},"excerpt":{"rendered":"<p>6:00 Uhr, der Wecker tut, was er soll: uns wecken. Und nein, wir haben nicht vergessen, ihn umzustellen; wir m\u00fcssen tats\u00e4chlich auch heute wieder fr\u00fch hoch: F\u00fcr 8:00 Uhr ist die Passage des Schiffshebewerks in Niederfinow angesagt &#8211; wer will das schon verpassen? Also, fr\u00fchst\u00fccken, mit der Kamera bewaffnen und &#8211; warten, warten, warten. Wir &hellip; <a href=\"https:\/\/bf-on-tour.de\/fk-22\/page-6\/\" class=\"more-link\"><span class=\"screen-reader-text\">\u201eNiederfinow, Potsdam &#038; Reiseende\u201c <\/span>weiterlesen<\/a><\/p>\n","protected":false},"author":1,"featured_media":0,"parent":0,"menu_order":5,"comment_status":"open","ping_status":"closed","template":"","meta":{"footnotes":""},"class_list":["post-15","page","type-page","status-publish","hentry"],"_links":{"self":[{"href":"https:\/\/bf-on-tour.de\/fk-22\/wp-json\/wp\/v2\/pages\/15","targetHints":{"allow":["GET"]}}],"collection":[{"href":"https:\/\/bf-on-tour.de\/fk-22\/wp-json\/wp\/v2\/pages"}],"about":[{"href":"https:\/\/bf-on-tour.de\/fk-22\/wp-json\/wp\/v2\/types\/page"}],"author":[{"embeddable":true,"href":"https:\/\/bf-on-tour.de\/fk-22\/wp-json\/wp\/v2\/users\/1"}],"replies":[{"embeddable":true,"href":"https:\/\/bf-on-tour.de\/fk-22\/wp-json\/wp\/v2\/comments?post=15"}],"version-history":[{"count":9,"href":"https:\/\/bf-on-tour.de\/fk-22\/wp-json\/wp\/v2\/pages\/15\/revisions"}],"predecessor-version":[{"id":135,"href":"https:\/\/bf-on-tour.de\/fk-22\/wp-json\/wp\/v2\/pages\/15\/revisions\/135"}],"wp:attachment":[{"href":"https:\/\/bf-on-tour.de\/fk-22\/wp-json\/wp\/v2\/media?parent=15"}],"curies":[{"name":"wp","href":"https:\/\/api.w.org\/{rel}","templated":true}]}}