{"id":13,"date":"2022-10-15T11:51:34","date_gmt":"2022-10-15T09:51:34","guid":{"rendered":"https:\/\/bf-on-tour.de\/fk-22\/?page_id=13"},"modified":"2022-10-22T14:03:57","modified_gmt":"2022-10-22T12:03:57","slug":"page-5","status":"publish","type":"page","link":"https:\/\/bf-on-tour.de\/fk-22\/page-5\/","title":{"rendered":"Stettin &#8211; Szczecin"},"content":{"rendered":"<p>Es sind nachts keine Piraten gekommen und auch sonst war alles sehr friedlich. Nur, dass wir um 6:00 Uhr aufstehen m\u00fcssen, um am Ausflug in die Stadt teilnehmen zu k\u00f6nnen, h\u00e4tte nicht unbedingt sein m\u00fcssen. Aber gut: Aufwachen, hoch, fertig machen, Fr\u00fchst\u00fcck. Und? Die T\u00fcr zum Restaurant ist noch geschlossen. Wir sind eine halbe Stunde zu fr\u00fch dran. \u00c4rgerlich, die 30 Minuten h\u00e4tte man l\u00e4nger schlafen k\u00f6nnen&#8230;<\/p>\n<p>Kurz nach 8:00 Uhr kommt der Bus mit dem Fremdenf\u00fchrer. Bogdan, ein pensionierter Lehrer, der ausgezeichnet Deutsch spricht und es konsequent vermeidet, uns mit historischen Daten und Fakten vollzustopfen. Gut, etwas muss schon sein, sonst h\u00e4tte er ja gar nichts zu erz\u00e4hlen, aber wie sagt er mehrfach: Das Touristengehirn &#8222;ist nicht flexibel genug&#8220;, um all diese Dinge aufzunehmen und zu behalten. Es nickt dann ein. Wie recht er doch hat!<\/p>\n<figure id=\"attachment_86\" aria-describedby=\"caption-attachment-86\" style=\"width: 840px\" class=\"wp-caption aligncenter\"><img loading=\"lazy\" decoding=\"async\" class=\"wp-image-86 size-large\" src=\"https:\/\/bf-on-tour.de\/fk-22\/wp-content\/uploads\/sites\/25\/2022\/10\/P1050790-1024x683.jpg\" alt=\"\" width=\"840\" height=\"560\" srcset=\"https:\/\/bf-on-tour.de\/fk-22\/wp-content\/uploads\/sites\/25\/2022\/10\/P1050790-1024x683.jpg 1024w, https:\/\/bf-on-tour.de\/fk-22\/wp-content\/uploads\/sites\/25\/2022\/10\/P1050790-300x200.jpg 300w, https:\/\/bf-on-tour.de\/fk-22\/wp-content\/uploads\/sites\/25\/2022\/10\/P1050790-768x512.jpg 768w, https:\/\/bf-on-tour.de\/fk-22\/wp-content\/uploads\/sites\/25\/2022\/10\/P1050790-1536x1025.jpg 1536w, https:\/\/bf-on-tour.de\/fk-22\/wp-content\/uploads\/sites\/25\/2022\/10\/P1050790-2048x1367.jpg 2048w, https:\/\/bf-on-tour.de\/fk-22\/wp-content\/uploads\/sites\/25\/2022\/10\/P1050790-1200x801.jpg 1200w\" sizes=\"auto, (max-width: 709px) 85vw, (max-width: 909px) 67vw, (max-width: 1362px) 62vw, 840px\" \/><figcaption id=\"caption-attachment-86\" class=\"wp-caption-text\">Residenz der Wojewodschaft Hinterpommern<\/figcaption><\/figure>\n<p>Zun\u00e4chst fahren wir zur Residenz der Wojewodschaft Hinterpommern, deren Hauptstadt Stettin ist (Polen ist in 16 Wojewodschaften gegliedert &#8211; analog zu unseren Bundesl\u00e4ndern), und die, auf einer Anh\u00f6he \u00fcber der Oder gelegen, gemeinsam mit dem Nationalmuseum und der Maritimen Universit\u00e4t ein imposantes Geb\u00e4useensemble abgibt.<\/p>\n<p>Weiter geht es durch diverse Stra\u00dfen, deren alte deutsche Namen unser Guide stets parat hat, ebenso, wie er zu jedem \u00f6ffentlichen Geb\u00e4ude dessen meist zahlreiche Verwendungszwecke aus den Zeiten vor und nach 1945, sowie vor und nach der politischen Wende zu nennen wei\u00df. Da wirkt das markante Geb\u00e4ude am Ende einer der st\u00e4dtischen Hauptachsen fast langweilig. Einst erbaut f\u00fcr die Verwaltung Pommerns, sp\u00e4ter von der NSDAP f\u00fcr die Verwaltung der polnischen Provinzen genutzt, ist es heute Sitz der Stadtverwaltung. Es beherbergte also schon immer eine Verwaltung, war schon immer gr\u00fcn und hie\u00df schon immer &#8222;Spinatpalast&#8220;.<\/p>\n<figure id=\"attachment_88\" aria-describedby=\"caption-attachment-88\" style=\"width: 840px\" class=\"wp-caption aligncenter\"><img loading=\"lazy\" decoding=\"async\" class=\"size-large wp-image-88\" src=\"https:\/\/bf-on-tour.de\/fk-22\/wp-content\/uploads\/sites\/25\/2022\/10\/P1050803-1024x469.jpg\" alt=\"\" width=\"840\" height=\"385\" srcset=\"https:\/\/bf-on-tour.de\/fk-22\/wp-content\/uploads\/sites\/25\/2022\/10\/P1050803-1024x469.jpg 1024w, https:\/\/bf-on-tour.de\/fk-22\/wp-content\/uploads\/sites\/25\/2022\/10\/P1050803-300x137.jpg 300w, https:\/\/bf-on-tour.de\/fk-22\/wp-content\/uploads\/sites\/25\/2022\/10\/P1050803-768x351.jpg 768w, https:\/\/bf-on-tour.de\/fk-22\/wp-content\/uploads\/sites\/25\/2022\/10\/P1050803-1536x703.jpg 1536w, https:\/\/bf-on-tour.de\/fk-22\/wp-content\/uploads\/sites\/25\/2022\/10\/P1050803-2048x937.jpg 2048w, https:\/\/bf-on-tour.de\/fk-22\/wp-content\/uploads\/sites\/25\/2022\/10\/P1050803-1200x549.jpg 1200w\" sizes=\"auto, (max-width: 709px) 85vw, (max-width: 909px) 67vw, (max-width: 1362px) 62vw, 840px\" \/><figcaption id=\"caption-attachment-88\" class=\"wp-caption-text\">Der &#8222;Spinatpalast&#8220;<\/figcaption><\/figure>\n<p>Nun, selbst wer sich keine Details merkt, wird auf diese Weise Teil einer Reise durch Stettins deutsch-polnische Geschichte. Dazu w\u00fcrzt Bogdan seine Kenntnisse mit zahlreichen, h\u00f6chst am\u00fcsanten Anekdoten. Man merkt, er spricht nicht nur gut Deutsch, er kann auch in Deutsch denken!<\/p>\n<figure id=\"attachment_87\" aria-describedby=\"caption-attachment-87\" style=\"width: 667px\" class=\"wp-caption aligncenter\"><img loading=\"lazy\" decoding=\"async\" class=\"size-large wp-image-87\" src=\"https:\/\/bf-on-tour.de\/fk-22\/wp-content\/uploads\/sites\/25\/2022\/10\/P1050794-667x1024.jpg\" alt=\"\" width=\"667\" height=\"1024\" srcset=\"https:\/\/bf-on-tour.de\/fk-22\/wp-content\/uploads\/sites\/25\/2022\/10\/P1050794-667x1024.jpg 667w, https:\/\/bf-on-tour.de\/fk-22\/wp-content\/uploads\/sites\/25\/2022\/10\/P1050794-195x300.jpg 195w, https:\/\/bf-on-tour.de\/fk-22\/wp-content\/uploads\/sites\/25\/2022\/10\/P1050794-768x1179.jpg 768w, https:\/\/bf-on-tour.de\/fk-22\/wp-content\/uploads\/sites\/25\/2022\/10\/P1050794-1000x1536.jpg 1000w, https:\/\/bf-on-tour.de\/fk-22\/wp-content\/uploads\/sites\/25\/2022\/10\/P1050794-1334x2048.jpg 1334w, https:\/\/bf-on-tour.de\/fk-22\/wp-content\/uploads\/sites\/25\/2022\/10\/P1050794-1200x1843.jpg 1200w, https:\/\/bf-on-tour.de\/fk-22\/wp-content\/uploads\/sites\/25\/2022\/10\/P1050794-scaled.jpg 1667w\" sizes=\"auto, (max-width: 667px) 85vw, 667px\" \/><figcaption id=\"caption-attachment-87\" class=\"wp-caption-text\">Figur in der St. Jakobilirche<\/figcaption><\/figure>\n<p>In der St. Jakobikirche wird es etwas politisch. Vor einem Seitenaltar doziert der Herr Ex-Lehrer \u00fcber das gespaltene Verh\u00e4ltnis der Polen zu den Ukrainern, ist andererseits aber stolzerf\u00fcllt von der polnischen Unterst\u00fctzung ukrainischer Fl\u00fcchtlinge. Und mit leicht distanzierendem Unterton berichtet er, dass Papst Johannes Paul II. bei seinem Besuch in Stettin zwar einen Gottesdienst vor \u00fcber 50.000 Leuten zelebrierte, die F\u00fchrungselite der Kirche aber hier in diesem Gem\u00e4uer eine Extrawurst in Form einer exclusiven, separaten Messe erhalten habe. Man merkt, dass es ihn immer noch \u00e4rgert.<\/p>\n<figure id=\"attachment_90\" aria-describedby=\"caption-attachment-90\" style=\"width: 840px\" class=\"wp-caption aligncenter\"><img loading=\"lazy\" decoding=\"async\" class=\"wp-image-90 size-large\" src=\"https:\/\/bf-on-tour.de\/fk-22\/wp-content\/uploads\/sites\/25\/2022\/10\/IMG_5446-1024x696.jpg\" alt=\"\" width=\"840\" height=\"571\" srcset=\"https:\/\/bf-on-tour.de\/fk-22\/wp-content\/uploads\/sites\/25\/2022\/10\/IMG_5446-1024x696.jpg 1024w, https:\/\/bf-on-tour.de\/fk-22\/wp-content\/uploads\/sites\/25\/2022\/10\/IMG_5446-300x204.jpg 300w, https:\/\/bf-on-tour.de\/fk-22\/wp-content\/uploads\/sites\/25\/2022\/10\/IMG_5446-768x522.jpg 768w, https:\/\/bf-on-tour.de\/fk-22\/wp-content\/uploads\/sites\/25\/2022\/10\/IMG_5446-1536x1045.jpg 1536w, https:\/\/bf-on-tour.de\/fk-22\/wp-content\/uploads\/sites\/25\/2022\/10\/IMG_5446-2048x1393.jpg 2048w, https:\/\/bf-on-tour.de\/fk-22\/wp-content\/uploads\/sites\/25\/2022\/10\/IMG_5446-1200x816.jpg 1200w\" sizes=\"auto, (max-width: 709px) 85vw, (max-width: 909px) 67vw, (max-width: 1362px) 62vw, 840px\" \/><figcaption id=\"caption-attachment-90\" class=\"wp-caption-text\">&#8222;Tat der Polen&#8220; &#8211; drei Adler schwingen sich auf<\/figcaption><\/figure>\n<p>Na ja, nach etwa vier Stunden Rundfahrt und inzwischen deutlich \u00fcber 30 Grad im Schatten, hat die &#8222;Fexibilit\u00e4t&#8220; unseres Touristenhirns ihre Maximalausdehnung bereits deutlich \u00fcberschritten. Ein inzwischen \u00fcberf\u00e4lliges Eis beim Denkmal &#8222;Tat der Polen&#8220;, welches durch drei sich aufschwingende Adler drei Generationen von Stettinern symbolisieren soll, die sich am Wiederaufbau der Stadt beteiligt haben, dann ist unsere Rundfahrt zu ende. Bogdan bekommt ein kleines Trinkgeld und wir sind froh, wieder an Bord zu sein.<\/p>\n<figure id=\"attachment_89\" aria-describedby=\"caption-attachment-89\" style=\"width: 840px\" class=\"wp-caption aligncenter\"><img loading=\"lazy\" decoding=\"async\" class=\"size-large wp-image-89\" src=\"https:\/\/bf-on-tour.de\/fk-22\/wp-content\/uploads\/sites\/25\/2022\/10\/P1050824-1024x524.jpg\" alt=\"\" width=\"840\" height=\"430\" srcset=\"https:\/\/bf-on-tour.de\/fk-22\/wp-content\/uploads\/sites\/25\/2022\/10\/P1050824-1024x524.jpg 1024w, https:\/\/bf-on-tour.de\/fk-22\/wp-content\/uploads\/sites\/25\/2022\/10\/P1050824-300x153.jpg 300w, https:\/\/bf-on-tour.de\/fk-22\/wp-content\/uploads\/sites\/25\/2022\/10\/P1050824-768x393.jpg 768w, https:\/\/bf-on-tour.de\/fk-22\/wp-content\/uploads\/sites\/25\/2022\/10\/P1050824-1536x785.jpg 1536w, https:\/\/bf-on-tour.de\/fk-22\/wp-content\/uploads\/sites\/25\/2022\/10\/P1050824-2048x1047.jpg 2048w, https:\/\/bf-on-tour.de\/fk-22\/wp-content\/uploads\/sites\/25\/2022\/10\/P1050824-1200x614.jpg 1200w\" sizes=\"auto, (max-width: 709px) 85vw, (max-width: 909px) 67vw, (max-width: 1362px) 62vw, 840px\" \/><figcaption id=\"caption-attachment-89\" class=\"wp-caption-text\">Nachmittags auf der West-Oder<\/figcaption><\/figure>\n<p>Den Nachmittag verbringen wir auf der sog. West-Oder, einem kanalartigen Wasserweg, weil die landschaftlich sch\u00f6nere Ost-Oder nur noch 90 cm Wassertiefe aufweist &#8211; was ja selbst f\u00fcr Kathi mit ihren 1,20 m nicht reicht. Aber wir wollen mal nicht meckern. Auch hier ist es durchaus sehenswert, denn die Ufer sind im Vergleich zu hoch kommerziell genutzten Kan\u00e4len, wie dem Mittelland- oder dem Elbe-Seiten-Kanal, nahezu urt\u00fcmlich geblieben.<\/p>\n<p><img loading=\"lazy\" decoding=\"async\" class=\"aligncenter size-large wp-image-96\" src=\"https:\/\/bf-on-tour.de\/fk-22\/wp-content\/uploads\/sites\/25\/2022\/10\/P1050813-1024x503.jpg\" alt=\"\" width=\"840\" height=\"413\" srcset=\"https:\/\/bf-on-tour.de\/fk-22\/wp-content\/uploads\/sites\/25\/2022\/10\/P1050813-1024x503.jpg 1024w, https:\/\/bf-on-tour.de\/fk-22\/wp-content\/uploads\/sites\/25\/2022\/10\/P1050813-300x147.jpg 300w, https:\/\/bf-on-tour.de\/fk-22\/wp-content\/uploads\/sites\/25\/2022\/10\/P1050813-768x378.jpg 768w, https:\/\/bf-on-tour.de\/fk-22\/wp-content\/uploads\/sites\/25\/2022\/10\/P1050813-1536x755.jpg 1536w, https:\/\/bf-on-tour.de\/fk-22\/wp-content\/uploads\/sites\/25\/2022\/10\/P1050813-2048x1007.jpg 2048w, https:\/\/bf-on-tour.de\/fk-22\/wp-content\/uploads\/sites\/25\/2022\/10\/P1050813-1200x590.jpg 1200w\" sizes=\"auto, (max-width: 709px) 85vw, (max-width: 909px) 67vw, (max-width: 1362px) 62vw, 840px\" \/><\/p>\n<figure id=\"attachment_97\" aria-describedby=\"caption-attachment-97\" style=\"width: 840px\" class=\"wp-caption aligncenter\"><img loading=\"lazy\" decoding=\"async\" class=\"wp-image-97 size-large\" src=\"https:\/\/bf-on-tour.de\/fk-22\/wp-content\/uploads\/sites\/25\/2022\/10\/Unbenannt-1-1024x188.jpg\" alt=\"\" width=\"840\" height=\"154\" srcset=\"https:\/\/bf-on-tour.de\/fk-22\/wp-content\/uploads\/sites\/25\/2022\/10\/Unbenannt-1-1024x188.jpg 1024w, https:\/\/bf-on-tour.de\/fk-22\/wp-content\/uploads\/sites\/25\/2022\/10\/Unbenannt-1-300x55.jpg 300w, https:\/\/bf-on-tour.de\/fk-22\/wp-content\/uploads\/sites\/25\/2022\/10\/Unbenannt-1-768x141.jpg 768w, https:\/\/bf-on-tour.de\/fk-22\/wp-content\/uploads\/sites\/25\/2022\/10\/Unbenannt-1-1536x282.jpg 1536w, https:\/\/bf-on-tour.de\/fk-22\/wp-content\/uploads\/sites\/25\/2022\/10\/Unbenannt-1-2048x377.jpg 2048w, https:\/\/bf-on-tour.de\/fk-22\/wp-content\/uploads\/sites\/25\/2022\/10\/Unbenannt-1-1200x221.jpg 1200w\" sizes=\"auto, (max-width: 709px) 85vw, (max-width: 909px) 67vw, (max-width: 1362px) 62vw, 840px\" \/><figcaption id=\"caption-attachment-97\" class=\"wp-caption-text\">Br\u00fcckendurchfahrt<\/figcaption><\/figure>\n<p data-wp-editing=\"1\">So genie\u00dfen wir bei Cappuccino und Nachmittagstorte auf dem Sonnendeck die zahlreichen Br\u00fcckendurchfahrten, zu denen der Kapit\u00e4n sein Steuerh\u00e4uschen jeweils ganz oder zumindest zum Teil unter Deck verschwinden l\u00e4sst und wir von der Crew zum Hinsetzen aufgefordert werden. Mehr als 10 bis 20 cm Platz ist da zwischen Br\u00fccke und Kopf oftmals nicht&#8230;<\/p>\n<figure id=\"attachment_98\" aria-describedby=\"caption-attachment-98\" style=\"width: 840px\" class=\"wp-caption aligncenter\"><img loading=\"lazy\" decoding=\"async\" class=\"wp-image-98 size-large\" src=\"https:\/\/bf-on-tour.de\/fk-22\/wp-content\/uploads\/sites\/25\/2022\/10\/VideoCapture_20220721-141711-1024x495.jpg\" alt=\"\" width=\"840\" height=\"406\" srcset=\"https:\/\/bf-on-tour.de\/fk-22\/wp-content\/uploads\/sites\/25\/2022\/10\/VideoCapture_20220721-141711-1024x495.jpg 1024w, https:\/\/bf-on-tour.de\/fk-22\/wp-content\/uploads\/sites\/25\/2022\/10\/VideoCapture_20220721-141711-300x145.jpg 300w, https:\/\/bf-on-tour.de\/fk-22\/wp-content\/uploads\/sites\/25\/2022\/10\/VideoCapture_20220721-141711-768x371.jpg 768w, https:\/\/bf-on-tour.de\/fk-22\/wp-content\/uploads\/sites\/25\/2022\/10\/VideoCapture_20220721-141711-1536x743.jpg 1536w, https:\/\/bf-on-tour.de\/fk-22\/wp-content\/uploads\/sites\/25\/2022\/10\/VideoCapture_20220721-141711-2048x990.jpg 2048w, https:\/\/bf-on-tour.de\/fk-22\/wp-content\/uploads\/sites\/25\/2022\/10\/VideoCapture_20220721-141711-1200x580.jpg 1200w\" sizes=\"auto, (max-width: 709px) 85vw, (max-width: 909px) 67vw, (max-width: 1362px) 62vw, 840px\" \/><figcaption id=\"caption-attachment-98\" class=\"wp-caption-text\">Sitzen bleiben, Kopf einziehen<\/figcaption><\/figure>\n<figure id=\"attachment_99\" aria-describedby=\"caption-attachment-99\" style=\"width: 840px\" class=\"wp-caption aligncenter\"><img loading=\"lazy\" decoding=\"async\" class=\"size-large wp-image-99\" src=\"https:\/\/bf-on-tour.de\/fk-22\/wp-content\/uploads\/sites\/25\/2022\/10\/20220720_201942-1024x419.jpg\" alt=\"\" width=\"840\" height=\"344\" srcset=\"https:\/\/bf-on-tour.de\/fk-22\/wp-content\/uploads\/sites\/25\/2022\/10\/20220720_201942-1024x419.jpg 1024w, https:\/\/bf-on-tour.de\/fk-22\/wp-content\/uploads\/sites\/25\/2022\/10\/20220720_201942-300x123.jpg 300w, https:\/\/bf-on-tour.de\/fk-22\/wp-content\/uploads\/sites\/25\/2022\/10\/20220720_201942-768x314.jpg 768w, https:\/\/bf-on-tour.de\/fk-22\/wp-content\/uploads\/sites\/25\/2022\/10\/20220720_201942-1536x629.jpg 1536w, https:\/\/bf-on-tour.de\/fk-22\/wp-content\/uploads\/sites\/25\/2022\/10\/20220720_201942-2048x839.jpg 2048w, https:\/\/bf-on-tour.de\/fk-22\/wp-content\/uploads\/sites\/25\/2022\/10\/20220720_201942-1200x491.jpg 1200w\" sizes=\"auto, (max-width: 709px) 85vw, (max-width: 909px) 67vw, (max-width: 1362px) 62vw, 840px\" \/><figcaption id=\"caption-attachment-99\" class=\"wp-caption-text\">Schleuse Hohensaaten in den Oder-Havel-Kanal<\/figcaption><\/figure>\n<p>Abends bleibt Kathi am Dalben. Bei Hohensaaten gibt&#8217;s keine Anleger. Damit entf\u00e4llt zwar der Landgang, aber daf\u00fcr erleben wir einen sch\u00f6nen Sonnenuntergang beim obligatorischen Aperol. Ist doch auch was!<\/p>\n<figure id=\"attachment_93\" aria-describedby=\"caption-attachment-93\" style=\"width: 840px\" class=\"wp-caption aligncenter\"><img loading=\"lazy\" decoding=\"async\" class=\"size-large wp-image-93\" src=\"https:\/\/bf-on-tour.de\/fk-22\/wp-content\/uploads\/sites\/25\/2022\/10\/20220720_205019-1024x520.jpg\" alt=\"\" width=\"840\" height=\"427\" srcset=\"https:\/\/bf-on-tour.de\/fk-22\/wp-content\/uploads\/sites\/25\/2022\/10\/20220720_205019-1024x520.jpg 1024w, https:\/\/bf-on-tour.de\/fk-22\/wp-content\/uploads\/sites\/25\/2022\/10\/20220720_205019-300x152.jpg 300w, https:\/\/bf-on-tour.de\/fk-22\/wp-content\/uploads\/sites\/25\/2022\/10\/20220720_205019-768x390.jpg 768w, https:\/\/bf-on-tour.de\/fk-22\/wp-content\/uploads\/sites\/25\/2022\/10\/20220720_205019-1536x780.jpg 1536w, https:\/\/bf-on-tour.de\/fk-22\/wp-content\/uploads\/sites\/25\/2022\/10\/20220720_205019-2048x1040.jpg 2048w, https:\/\/bf-on-tour.de\/fk-22\/wp-content\/uploads\/sites\/25\/2022\/10\/20220720_205019-1200x610.jpg 1200w\" sizes=\"auto, (max-width: 709px) 85vw, (max-width: 909px) 67vw, (max-width: 1362px) 62vw, 840px\" \/><figcaption id=\"caption-attachment-93\" class=\"wp-caption-text\">Sonnenuntergang bei Hohensaaten<\/figcaption><\/figure>\n<p><a href=\"https:\/\/bf-on-tour.de\/fk-22\/page-4\"><img loading=\"lazy\" decoding=\"async\" class=\"alignleft wp-image-123\" src=\"https:\/\/bf-on-tour.de\/fk-22\/wp-content\/uploads\/sites\/25\/2022\/10\/zurueck.png\" alt=\"\" width=\"50\" height=\"37\" \/><\/a><\/p>\n<p><a href=\"https:\/\/bf-on-tour.de\/fk-22\/page-6\"><img loading=\"lazy\" decoding=\"async\" class=\"alignright wp-image-122\" src=\"https:\/\/bf-on-tour.de\/fk-22\/wp-content\/uploads\/sites\/25\/2022\/10\/weiter.png\" alt=\"\" width=\"50\" height=\"37\" \/><\/a><\/p>\n","protected":false},"excerpt":{"rendered":"<p>Es sind nachts keine Piraten gekommen und auch sonst war alles sehr friedlich. Nur, dass wir um 6:00 Uhr aufstehen m\u00fcssen, um am Ausflug in die Stadt teilnehmen zu k\u00f6nnen, h\u00e4tte nicht unbedingt sein m\u00fcssen. Aber gut: Aufwachen, hoch, fertig machen, Fr\u00fchst\u00fcck. Und? Die T\u00fcr zum Restaurant ist noch geschlossen. Wir sind eine halbe Stunde &hellip; <a href=\"https:\/\/bf-on-tour.de\/fk-22\/page-5\/\" class=\"more-link\"><span class=\"screen-reader-text\">\u201eStettin &#8211; Szczecin\u201c <\/span>weiterlesen<\/a><\/p>\n","protected":false},"author":1,"featured_media":0,"parent":0,"menu_order":4,"comment_status":"closed","ping_status":"closed","template":"","meta":{"footnotes":""},"class_list":["post-13","page","type-page","status-publish","hentry"],"_links":{"self":[{"href":"https:\/\/bf-on-tour.de\/fk-22\/wp-json\/wp\/v2\/pages\/13","targetHints":{"allow":["GET"]}}],"collection":[{"href":"https:\/\/bf-on-tour.de\/fk-22\/wp-json\/wp\/v2\/pages"}],"about":[{"href":"https:\/\/bf-on-tour.de\/fk-22\/wp-json\/wp\/v2\/types\/page"}],"author":[{"embeddable":true,"href":"https:\/\/bf-on-tour.de\/fk-22\/wp-json\/wp\/v2\/users\/1"}],"replies":[{"embeddable":true,"href":"https:\/\/bf-on-tour.de\/fk-22\/wp-json\/wp\/v2\/comments?post=13"}],"version-history":[{"count":13,"href":"https:\/\/bf-on-tour.de\/fk-22\/wp-json\/wp\/v2\/pages\/13\/revisions"}],"predecessor-version":[{"id":134,"href":"https:\/\/bf-on-tour.de\/fk-22\/wp-json\/wp\/v2\/pages\/13\/revisions\/134"}],"wp:attachment":[{"href":"https:\/\/bf-on-tour.de\/fk-22\/wp-json\/wp\/v2\/media?parent=13"}],"curies":[{"name":"wp","href":"https:\/\/api.w.org\/{rel}","templated":true}]}}