{"id":11,"date":"2022-10-15T11:50:15","date_gmt":"2022-10-15T09:50:15","guid":{"rendered":"https:\/\/bf-on-tour.de\/fk-22\/?page_id=11"},"modified":"2022-10-22T14:04:07","modified_gmt":"2022-10-22T12:04:07","slug":"page-4","status":"publish","type":"page","link":"https:\/\/bf-on-tour.de\/fk-22\/page-4\/","title":{"rendered":"Von Wolgast nach Stettin"},"content":{"rendered":"<p>Was passiert, wenn pommersche Herz\u00f6ge ihrer Stadt zu dicht auf die\u00a0 Pelle r\u00fccken, ihr zu sehr das eigene Wollen,\u00a0 die eigenen Regularien verordnen? Man wird im Konzert der m\u00e4chtigen, unabh\u00e4ngigen Hansest\u00e4dte nicht recht f\u00fcr voll genommen, bleibt bedeutungslos. So geschehen mit Wolgast! Heute eine l\u00e4rmend durch die Bundesstra\u00dfe 111 durchschnittene Kleinstadt, deren Bauten und Pl\u00e4tze im Vergleich mit den benachbarten st\u00e4dtischen Perlen den Eindruck hinterl\u00e4sst, hier m\u00fcsse historisch etwas schief gelaufen sein.<\/p>\n<p>Na sch\u00f6n, Fehlentwicklungen gibt&#8217;s \u00fcberall. Und da wir nunmal hier sind, die Sonne scheint und uns auch noch die Tempotaschent\u00fccher ausgegangen sind, braucht&#8217;s kaum mehr Gr\u00fcnde, um in die Stadt zu gehen.<\/p>\n<figure id=\"attachment_84\" aria-describedby=\"caption-attachment-84\" style=\"width: 840px\" class=\"wp-caption aligncenter\"><img loading=\"lazy\" decoding=\"async\" class=\"size-large wp-image-84\" src=\"https:\/\/bf-on-tour.de\/fk-22\/wp-content\/uploads\/sites\/25\/2022\/10\/P1050767-1024x780.jpg\" alt=\"\" width=\"840\" height=\"640\" srcset=\"https:\/\/bf-on-tour.de\/fk-22\/wp-content\/uploads\/sites\/25\/2022\/10\/P1050767-1024x780.jpg 1024w, https:\/\/bf-on-tour.de\/fk-22\/wp-content\/uploads\/sites\/25\/2022\/10\/P1050767-300x228.jpg 300w, https:\/\/bf-on-tour.de\/fk-22\/wp-content\/uploads\/sites\/25\/2022\/10\/P1050767-768x585.jpg 768w, https:\/\/bf-on-tour.de\/fk-22\/wp-content\/uploads\/sites\/25\/2022\/10\/P1050767-1536x1169.jpg 1536w, https:\/\/bf-on-tour.de\/fk-22\/wp-content\/uploads\/sites\/25\/2022\/10\/P1050767-2048x1559.jpg 2048w, https:\/\/bf-on-tour.de\/fk-22\/wp-content\/uploads\/sites\/25\/2022\/10\/P1050767-1200x914.jpg 1200w\" sizes=\"auto, (max-width: 709px) 85vw, (max-width: 909px) 67vw, (max-width: 1362px) 62vw, 840px\" \/><figcaption id=\"caption-attachment-84\" class=\"wp-caption-text\">Klappbr\u00fccke \u00fcber die Peene<\/figcaption><\/figure>\n<p>Auf der Peenebr\u00fccke kommen uns bereits zwei Tischnachbarn entgegen: &#8222;Passt blo\u00df auf! Der Fu\u00dfweg besteht aus Katzenk\u00f6pfen und ist so schmal, man hat das Gef\u00fchl, die Autos fahren einem den A**** ab.&#8220; Recht haben sie. Angekommen bei Rossmanns Drogerieparadies ist unser Allerwertester zwar knapp noch dran, aber wir sind tempor\u00e4r h\u00f6rgesch\u00e4digt und die Nerven liegen blank.<\/p>\n<figure id=\"attachment_82\" aria-describedby=\"caption-attachment-82\" style=\"width: 840px\" class=\"wp-caption aligncenter\"><img loading=\"lazy\" decoding=\"async\" class=\"wp-image-82 size-large\" src=\"https:\/\/bf-on-tour.de\/fk-22\/wp-content\/uploads\/sites\/25\/2022\/10\/P1050758-917x1024.jpg\" alt=\"\" width=\"840\" height=\"938\" srcset=\"https:\/\/bf-on-tour.de\/fk-22\/wp-content\/uploads\/sites\/25\/2022\/10\/P1050758-917x1024.jpg 917w, https:\/\/bf-on-tour.de\/fk-22\/wp-content\/uploads\/sites\/25\/2022\/10\/P1050758-269x300.jpg 269w, https:\/\/bf-on-tour.de\/fk-22\/wp-content\/uploads\/sites\/25\/2022\/10\/P1050758-768x857.jpg 768w, https:\/\/bf-on-tour.de\/fk-22\/wp-content\/uploads\/sites\/25\/2022\/10\/P1050758-1376x1536.jpg 1376w, https:\/\/bf-on-tour.de\/fk-22\/wp-content\/uploads\/sites\/25\/2022\/10\/P1050758-1834x2048.jpg 1834w, https:\/\/bf-on-tour.de\/fk-22\/wp-content\/uploads\/sites\/25\/2022\/10\/P1050758-1200x1340.jpg 1200w\" sizes=\"auto, (max-width: 709px) 85vw, (max-width: 909px) 67vw, (max-width: 1362px) 62vw, 840px\" \/><figcaption id=\"caption-attachment-82\" class=\"wp-caption-text\">St. Nikolai<\/figcaption><\/figure>\n<p>Dann r\u00fcber zur Kirche. Die ist ein ziemlich klobiger Backsteinbau, evangelisch und damit traditionsgem\u00e4\u00df geschlossen. Als ich eine junge Frau, die gerade eine Seitent\u00fcr aufschlie\u00dft, frage, ob und wann die Kirche ge\u00f6ffnet wird, wehrt sie entsetzt ab: &#8222;<em>Ich darf das nicht!<\/em>&#8220; und verschwindet im Kirchenklo.<\/p>\n<p>OK, tats\u00e4chlich zieht sie die gerade aufgeschlossene T\u00fcr zu besagter Lokalit\u00e4t rasch hinter sich zu und ward nicht mehr gesehen. Alles andere w\u00e4re ja auch das Highlight des Morgens gewesen&#8230;<\/p>\n<figure id=\"attachment_83\" aria-describedby=\"caption-attachment-83\" style=\"width: 840px\" class=\"wp-caption aligncenter\"><img loading=\"lazy\" decoding=\"async\" class=\"size-large wp-image-83\" src=\"https:\/\/bf-on-tour.de\/fk-22\/wp-content\/uploads\/sites\/25\/2022\/10\/P1050762-1024x600.jpg\" alt=\"\" width=\"840\" height=\"492\" srcset=\"https:\/\/bf-on-tour.de\/fk-22\/wp-content\/uploads\/sites\/25\/2022\/10\/P1050762-1024x600.jpg 1024w, https:\/\/bf-on-tour.de\/fk-22\/wp-content\/uploads\/sites\/25\/2022\/10\/P1050762-300x176.jpg 300w, https:\/\/bf-on-tour.de\/fk-22\/wp-content\/uploads\/sites\/25\/2022\/10\/P1050762-768x450.jpg 768w, https:\/\/bf-on-tour.de\/fk-22\/wp-content\/uploads\/sites\/25\/2022\/10\/P1050762-1536x900.jpg 1536w, https:\/\/bf-on-tour.de\/fk-22\/wp-content\/uploads\/sites\/25\/2022\/10\/P1050762-2048x1200.jpg 2048w, https:\/\/bf-on-tour.de\/fk-22\/wp-content\/uploads\/sites\/25\/2022\/10\/P1050762-1200x703.jpg 1200w\" sizes=\"auto, (max-width: 709px) 85vw, (max-width: 909px) 67vw, (max-width: 1362px) 62vw, 840px\" \/><figcaption id=\"caption-attachment-83\" class=\"wp-caption-text\">Die Ortsmitte &#8211; der Marktplatz von Wolgast<\/figcaption><\/figure>\n<p>Nun, Kirchen liegen &#8211; wie Bahnh\u00f6fe &#8211; immer mitten im Ort. Also sind wir genau dort angekommen: Ein Rathaus, eine Apotheke,\u00a0 eine B\u00e4ckerei, ein Caf\u00e9 und allerlei leere Gesch\u00e4fte &#8211; selbst das Schulgeb\u00e4ude ist verlassen. Jetzt wissen wir, wieso uns die Tischnachbarn bereits so fr\u00fch entgegen kamen.<\/p>\n<p>Mittag. Kathi legt ab, Ziel Stettin. Zun\u00e4chst geht&#8217;s \u00fcber das Achterwasser, also &#8222;Usedom von hinten&#8220;, was von Land gesehen irgendwie interessanter ist,\u00a0 weil man sich dann an den kleinen, ruhigen Pl\u00e4tzen befindet, die dem inseleigenen B\u00e4dertrubel weit entr\u00fcckt sind &#8211; und die jetzt, kaum sichtbar, einfach ziemlich entfernt vor\u00fcber ziehen.<\/p>\n<figure id=\"attachment_79\" aria-describedby=\"caption-attachment-79\" style=\"width: 840px\" class=\"wp-caption aligncenter\"><img loading=\"lazy\" decoding=\"async\" class=\"size-large wp-image-79\" src=\"https:\/\/bf-on-tour.de\/fk-22\/wp-content\/uploads\/sites\/25\/2022\/10\/P1050778-1024x816.jpg\" alt=\"\" width=\"840\" height=\"669\" srcset=\"https:\/\/bf-on-tour.de\/fk-22\/wp-content\/uploads\/sites\/25\/2022\/10\/P1050778-1024x816.jpg 1024w, https:\/\/bf-on-tour.de\/fk-22\/wp-content\/uploads\/sites\/25\/2022\/10\/P1050778-300x239.jpg 300w, https:\/\/bf-on-tour.de\/fk-22\/wp-content\/uploads\/sites\/25\/2022\/10\/P1050778-768x612.jpg 768w, https:\/\/bf-on-tour.de\/fk-22\/wp-content\/uploads\/sites\/25\/2022\/10\/P1050778-1536x1224.jpg 1536w, https:\/\/bf-on-tour.de\/fk-22\/wp-content\/uploads\/sites\/25\/2022\/10\/P1050778-2048x1631.jpg 2048w, https:\/\/bf-on-tour.de\/fk-22\/wp-content\/uploads\/sites\/25\/2022\/10\/P1050778-1200x956.jpg 1200w\" sizes=\"auto, (max-width: 709px) 85vw, (max-width: 909px) 67vw, (max-width: 1362px) 62vw, 840px\" \/><figcaption id=\"caption-attachment-79\" class=\"wp-caption-text\">Die Reste der Hubbr\u00fccke<\/figcaption><\/figure>\n<p>Kurz darauf, quasi am Ende von Usedom, passieren wir die 1933 erbaute und bereits 1945 wieder zerst\u00f6rte Hubbr\u00fccke bei Karnin. Ihr stark angerosteter Rest steht mit hochgezogenem Mittelteil seit damals im Wasser und dient heute nur noch als beliebtes Fotomotiv. So mancher Politiker wollte die Bahnlinie Wolgast\/Swinem\u00fcnde\/Ducherow mit Anschluss nach Stettin\u00a0 (und damit auch die Br\u00fccke) reanimieren, keinem ist es bislang gegl\u00fcckt.<\/p>\n<figure id=\"attachment_81\" aria-describedby=\"caption-attachment-81\" style=\"width: 840px\" class=\"wp-caption aligncenter\"><img loading=\"lazy\" decoding=\"async\" class=\"size-large wp-image-81\" src=\"https:\/\/bf-on-tour.de\/fk-22\/wp-content\/uploads\/sites\/25\/2022\/10\/20220719_155917-1024x576.jpg\" alt=\"\" width=\"840\" height=\"473\" srcset=\"https:\/\/bf-on-tour.de\/fk-22\/wp-content\/uploads\/sites\/25\/2022\/10\/20220719_155917-1024x576.jpg 1024w, https:\/\/bf-on-tour.de\/fk-22\/wp-content\/uploads\/sites\/25\/2022\/10\/20220719_155917-300x169.jpg 300w, https:\/\/bf-on-tour.de\/fk-22\/wp-content\/uploads\/sites\/25\/2022\/10\/20220719_155917-768x432.jpg 768w, https:\/\/bf-on-tour.de\/fk-22\/wp-content\/uploads\/sites\/25\/2022\/10\/20220719_155917-1536x864.jpg 1536w, https:\/\/bf-on-tour.de\/fk-22\/wp-content\/uploads\/sites\/25\/2022\/10\/20220719_155917-2048x1152.jpg 2048w, https:\/\/bf-on-tour.de\/fk-22\/wp-content\/uploads\/sites\/25\/2022\/10\/20220719_155917-1200x675.jpg 1200w\" sizes=\"auto, (max-width: 709px) 85vw, (max-width: 909px) 67vw, (max-width: 1362px) 62vw, 840px\" \/><figcaption id=\"caption-attachment-81\" class=\"wp-caption-text\">Der Lotse kommt an Boerd<\/figcaption><\/figure>\n<p>Wir nehmen kurz danach den polnischen Lotsen an Bord &#8211; sprich, wir haben Deutschland verlassen,\u00a0ohne es zu bemerken. Bemerkenswert, denn f\u00fcr die \u00c4lteren unter uns war das ja beileibe nicht immer so &#8211; egal, ob aus Ost oder West.<\/p>\n<p>Um 18:00 Uhr sind wir &#8222;exclusiv, nur f\u00fcr Nicko-Clubmitglieder&#8220; in den Salon geladen und f\u00fchlen uns nat\u00fcrlich extrem gebauchmietzelt. Nun w\u00e4re das alles nicht weiter erw\u00e4hnenswert, h\u00e4tte sich bei dem Event nicht herausgestellt, dass sowohl dem Hotelmanager, als auch der Reiseleiterin &#8222;Rudi von der Heidelberg&#8220; wohl bekannt waren: &#8222;<em>Der braucht Guideline, sonst macht der nix. Unser Bordmusiker ist besser.<\/em>&#8220; Mag ja sein, aber da er krank ist und gar nicht mitf\u00e4hrt, kann uns das eigentlich egal sein.<\/p>\n<figure id=\"attachment_80\" aria-describedby=\"caption-attachment-80\" style=\"width: 840px\" class=\"wp-caption aligncenter\"><img loading=\"lazy\" decoding=\"async\" class=\"size-large wp-image-80\" src=\"https:\/\/bf-on-tour.de\/fk-22\/wp-content\/uploads\/sites\/25\/2022\/10\/VideoCapture_20220721-101635-1024x576.jpg\" alt=\"\" width=\"840\" height=\"473\" srcset=\"https:\/\/bf-on-tour.de\/fk-22\/wp-content\/uploads\/sites\/25\/2022\/10\/VideoCapture_20220721-101635-1024x576.jpg 1024w, https:\/\/bf-on-tour.de\/fk-22\/wp-content\/uploads\/sites\/25\/2022\/10\/VideoCapture_20220721-101635-300x169.jpg 300w, https:\/\/bf-on-tour.de\/fk-22\/wp-content\/uploads\/sites\/25\/2022\/10\/VideoCapture_20220721-101635-768x432.jpg 768w, https:\/\/bf-on-tour.de\/fk-22\/wp-content\/uploads\/sites\/25\/2022\/10\/VideoCapture_20220721-101635-1536x864.jpg 1536w, https:\/\/bf-on-tour.de\/fk-22\/wp-content\/uploads\/sites\/25\/2022\/10\/VideoCapture_20220721-101635-2048x1152.jpg 2048w, https:\/\/bf-on-tour.de\/fk-22\/wp-content\/uploads\/sites\/25\/2022\/10\/VideoCapture_20220721-101635-1200x675.jpg 1200w\" sizes=\"auto, (max-width: 709px) 85vw, (max-width: 909px) 67vw, (max-width: 1362px) 62vw, 840px\" \/><figcaption id=\"caption-attachment-80\" class=\"wp-caption-text\">Stettin<\/figcaption><\/figure>\n<p>In der Abendd\u00e4mmerung erreichen wir schlie\u00dflich Stettin und der Hotelmanager gibt Order, die Kabinen des Oberdecks mit den ungeraden Nummern (die liegen auf Steuerbord), m\u00f6gen bitte ihre Fenster in der Nacht geschlossen halten, um keine ungebetenen G\u00e4ste anzulocken. Als der K\u00e4pt&#8217;n dann allerdings mit der Backbordseite anlegt, fragen wir uns, ob mit Piraten von der Wasserseite zu rechnen sei. Tja, auch Kriminelle haben eine Berufsehre zu verteidigen: Von Land war fr\u00fcher, zu einfach, jetzt kommen wir vom Wasser, k\u00f6nnen wir auch.<\/p>\n<p>Na egal, unsere Fenster lassen sich ja eh nicht \u00f6ffnen und wir blicken mal wieder auf die Kaimauer. Gute Nacht Stettin, gute Nacht Kathi &#8211; und \u00fcberhaupt.<\/p>\n<p data-wp-editing=\"1\"><a href=\"https:\/\/bf-on-tour.de\/fk-22\/page-3\"><img loading=\"lazy\" decoding=\"async\" class=\"alignleft wp-image-123\" src=\"https:\/\/bf-on-tour.de\/fk-22\/wp-content\/uploads\/sites\/25\/2022\/10\/zurueck.png\" alt=\"\" width=\"50\" height=\"37\" \/><\/a> <a href=\"https:\/\/bf-on-tour.de\/fk-22\/page-5\"><img loading=\"lazy\" decoding=\"async\" class=\"alignright wp-image-122\" src=\"https:\/\/bf-on-tour.de\/fk-22\/wp-content\/uploads\/sites\/25\/2022\/10\/weiter.png\" alt=\"\" width=\"50\" height=\"37\" \/><\/a><\/p>\n","protected":false},"excerpt":{"rendered":"<p>Was passiert, wenn pommersche Herz\u00f6ge ihrer Stadt zu dicht auf die\u00a0 Pelle r\u00fccken, ihr zu sehr das eigene Wollen,\u00a0 die eigenen Regularien verordnen? Man wird im Konzert der m\u00e4chtigen, unabh\u00e4ngigen Hansest\u00e4dte nicht recht f\u00fcr voll genommen, bleibt bedeutungslos. So geschehen mit Wolgast! Heute eine l\u00e4rmend durch die Bundesstra\u00dfe 111 durchschnittene Kleinstadt, deren Bauten und Pl\u00e4tze &hellip; <a href=\"https:\/\/bf-on-tour.de\/fk-22\/page-4\/\" class=\"more-link\"><span class=\"screen-reader-text\">\u201eVon Wolgast nach Stettin\u201c <\/span>weiterlesen<\/a><\/p>\n","protected":false},"author":1,"featured_media":0,"parent":0,"menu_order":3,"comment_status":"open","ping_status":"closed","template":"","meta":{"footnotes":""},"class_list":["post-11","page","type-page","status-publish","hentry"],"_links":{"self":[{"href":"https:\/\/bf-on-tour.de\/fk-22\/wp-json\/wp\/v2\/pages\/11","targetHints":{"allow":["GET"]}}],"collection":[{"href":"https:\/\/bf-on-tour.de\/fk-22\/wp-json\/wp\/v2\/pages"}],"about":[{"href":"https:\/\/bf-on-tour.de\/fk-22\/wp-json\/wp\/v2\/types\/page"}],"author":[{"embeddable":true,"href":"https:\/\/bf-on-tour.de\/fk-22\/wp-json\/wp\/v2\/users\/1"}],"replies":[{"embeddable":true,"href":"https:\/\/bf-on-tour.de\/fk-22\/wp-json\/wp\/v2\/comments?post=11"}],"version-history":[{"count":6,"href":"https:\/\/bf-on-tour.de\/fk-22\/wp-json\/wp\/v2\/pages\/11\/revisions"}],"predecessor-version":[{"id":132,"href":"https:\/\/bf-on-tour.de\/fk-22\/wp-json\/wp\/v2\/pages\/11\/revisions\/132"}],"wp:attachment":[{"href":"https:\/\/bf-on-tour.de\/fk-22\/wp-json\/wp\/v2\/media?parent=11"}],"curies":[{"name":"wp","href":"https:\/\/api.w.org\/{rel}","templated":true}]}}