{"id":92,"date":"2022-10-13T14:54:58","date_gmt":"2022-10-13T12:54:58","guid":{"rendered":"https:\/\/bf-on-tour.de\/k-21\/?page_id=92"},"modified":"2022-10-24T10:20:40","modified_gmt":"2022-10-24T08:20:40","slug":"page-5","status":"publish","type":"page","link":"https:\/\/bf-on-tour.de\/fk-21\/page-5\/","title":{"rendered":"Bratislava"},"content":{"rendered":"<p>Endlich mal ein ruhiger Vormittag. Unser Schiff ist die ganze Nacht stetig \u201ebergauf\u201c gegen den Strom gefahren und nur das leise R\u00fctteln der Kabinent\u00fcr lie\u00df darauf schlie\u00dfen, dass die etwas betagte Maschine gut zu tun hatte.<\/p>\n<p>Proportional zur Entfernung von Budapest nimmt allerdings auch der Orb\u00e1nsche Einfluss auf das Wetter ab: Es nieselt als wir die imposante Schleuse Gab\u010dikovo an der Grenze zur Slowakei mit ihren \u00fcber 20 Metern Hub passieren.<\/p>\n<p><img loading=\"lazy\" decoding=\"async\" class=\"alignleft size-medium wp-image-99\" src=\"https:\/\/bf-on-tour.de\/k-21\/wp-content\/uploads\/sites\/24\/2022\/10\/IMG_5196-300x200.jpg\" alt=\"\" width=\"300\" height=\"200\" srcset=\"https:\/\/bf-on-tour.de\/fk-21\/wp-content\/uploads\/sites\/24\/2022\/10\/IMG_5196-300x200.jpg 300w, https:\/\/bf-on-tour.de\/fk-21\/wp-content\/uploads\/sites\/24\/2022\/10\/IMG_5196-1024x683.jpg 1024w, https:\/\/bf-on-tour.de\/fk-21\/wp-content\/uploads\/sites\/24\/2022\/10\/IMG_5196-768x512.jpg 768w, https:\/\/bf-on-tour.de\/fk-21\/wp-content\/uploads\/sites\/24\/2022\/10\/IMG_5196-1536x1024.jpg 1536w, https:\/\/bf-on-tour.de\/fk-21\/wp-content\/uploads\/sites\/24\/2022\/10\/IMG_5196-2048x1365.jpg 2048w, https:\/\/bf-on-tour.de\/fk-21\/wp-content\/uploads\/sites\/24\/2022\/10\/IMG_5196-1200x800.jpg 1200w\" sizes=\"auto, (max-width: 300px) 85vw, 300px\" \/>Bratislava. Wir liegen direkt unter der Pressburg, einem quadratischen Bauwerk mit vier T\u00fcrmen. An jeder Ecke einer, weshalb sie der Volksmund \u201eUmgedrehter Tisch\u201c nennt. Ein Ausflugsbus, als Bestandteil unseres Kulturabos, bringt uns dorthin. Der Guide empfiehlt einen Blick in den Garten, sowie auf die Altstadt und bemerkt, dass es gerade wieder zu regnen beginnt.<\/p>\n<p>\u201eIch habe aber keinen Schirm!\u201c<\/p>\n<p>Es gibt wohl niemanden, der nicht wei\u00df, wer sich da gerade beschwert und man kann das durch den Bus wabernde, kollektiv gedachte \u201ena und\u201c geradezu mit den H\u00e4nden greifen.<\/p>\n<figure id=\"attachment_103\" aria-describedby=\"caption-attachment-103\" style=\"width: 840px\" class=\"wp-caption aligncenter\"><img loading=\"lazy\" decoding=\"async\" class=\"wp-image-103 size-large\" src=\"https:\/\/bf-on-tour.de\/k-21\/wp-content\/uploads\/sites\/24\/2022\/10\/P1050496-1024x491.jpg\" alt=\"\" width=\"840\" height=\"403\" srcset=\"https:\/\/bf-on-tour.de\/fk-21\/wp-content\/uploads\/sites\/24\/2022\/10\/P1050496-1024x491.jpg 1024w, https:\/\/bf-on-tour.de\/fk-21\/wp-content\/uploads\/sites\/24\/2022\/10\/P1050496-300x144.jpg 300w, https:\/\/bf-on-tour.de\/fk-21\/wp-content\/uploads\/sites\/24\/2022\/10\/P1050496-768x368.jpg 768w, https:\/\/bf-on-tour.de\/fk-21\/wp-content\/uploads\/sites\/24\/2022\/10\/P1050496-1536x736.jpg 1536w, https:\/\/bf-on-tour.de\/fk-21\/wp-content\/uploads\/sites\/24\/2022\/10\/P1050496-2048x981.jpg 2048w, https:\/\/bf-on-tour.de\/fk-21\/wp-content\/uploads\/sites\/24\/2022\/10\/P1050496-1200x575.jpg 1200w\" sizes=\"auto, (max-width: 709px) 85vw, (max-width: 909px) 67vw, (max-width: 1362px) 62vw, 840px\" \/><figcaption id=\"caption-attachment-103\" class=\"wp-caption-text\">Der Burggarten<\/figcaption><\/figure>\n<p>Brav schauen wir uns Garten und Ausblick an, sind aber nicht gerade \u00fcberw\u00e4ltigt von dem Ensemble, denn das Haus ist komplett leer und irgendeine Assoziation zu Kaiserin Maria Theresia und der Bl\u00fctezeit der Burg will sich nicht recht einstellen.<\/p>\n<p>Also weiter zur Besichtigung der Altstadt. Unser Guide weist mehrfach und irgendwie eindringlich darauf hin, dass der Bus direkt wieder zum Schiff f\u00e4hrt und alle, die sich den Rundgang nicht zutrauen oder einfach keine Lust dazu haben, drin sitzen bleiben k\u00f6nnen. Bis auf zwei Personen steigen alle aus \u2013 und niemand vermisst sie\u2026<\/p>\n<figure id=\"attachment_96\" aria-describedby=\"caption-attachment-96\" style=\"width: 840px\" class=\"wp-caption aligncenter\"><img loading=\"lazy\" decoding=\"async\" class=\"wp-image-96 size-large\" src=\"https:\/\/bf-on-tour.de\/k-21\/wp-content\/uploads\/sites\/24\/2022\/10\/20210827_151044_IMG_9640-1024x793.jpg\" alt=\"\" width=\"840\" height=\"651\" srcset=\"https:\/\/bf-on-tour.de\/fk-21\/wp-content\/uploads\/sites\/24\/2022\/10\/20210827_151044_IMG_9640-1024x793.jpg 1024w, https:\/\/bf-on-tour.de\/fk-21\/wp-content\/uploads\/sites\/24\/2022\/10\/20210827_151044_IMG_9640-300x232.jpg 300w, https:\/\/bf-on-tour.de\/fk-21\/wp-content\/uploads\/sites\/24\/2022\/10\/20210827_151044_IMG_9640-768x595.jpg 768w, https:\/\/bf-on-tour.de\/fk-21\/wp-content\/uploads\/sites\/24\/2022\/10\/20210827_151044_IMG_9640-1536x1190.jpg 1536w, https:\/\/bf-on-tour.de\/fk-21\/wp-content\/uploads\/sites\/24\/2022\/10\/20210827_151044_IMG_9640-2048x1586.jpg 2048w, https:\/\/bf-on-tour.de\/fk-21\/wp-content\/uploads\/sites\/24\/2022\/10\/20210827_151044_IMG_9640-1200x930.jpg 1200w\" sizes=\"auto, (max-width: 709px) 85vw, (max-width: 909px) 67vw, (max-width: 1362px) 62vw, 840px\" \/><figcaption id=\"caption-attachment-96\" class=\"wp-caption-text\">Gang durch die Altstadt<\/figcaption><\/figure>\n<p>In der Altstadt die \u00fcblichen historischen Erl\u00e4uterungen, die in der Regel sp\u00e4testens nach zwei Minuten wieder vergessen sind. Als Highlight dann eine Tasse Schokolade in genau jener Zubereitung, nach der Maria Theresia geradezu s\u00fcchtig gewesen sein soll und die bei h\u00e4ufigerem Konsum durchaus geeignet ist, mit der Zeit ihre K\u00f6rperf\u00fclle anzunehmen.<\/p>\n<figure id=\"attachment_97\" aria-describedby=\"caption-attachment-97\" style=\"width: 150px\" class=\"wp-caption alignleft\"><img loading=\"lazy\" decoding=\"async\" class=\"wp-image-97 size-thumbnail\" src=\"https:\/\/bf-on-tour.de\/k-21\/wp-content\/uploads\/sites\/24\/2022\/10\/20210827_151920_IMG_9637-150x150.jpg\" alt=\"\" width=\"150\" height=\"150\" srcset=\"https:\/\/bf-on-tour.de\/fk-21\/wp-content\/uploads\/sites\/24\/2022\/10\/20210827_151920_IMG_9637-150x150.jpg 150w, https:\/\/bf-on-tour.de\/fk-21\/wp-content\/uploads\/sites\/24\/2022\/10\/20210827_151920_IMG_9637-298x300.jpg 298w, https:\/\/bf-on-tour.de\/fk-21\/wp-content\/uploads\/sites\/24\/2022\/10\/20210827_151920_IMG_9637-1016x1024.jpg 1016w, https:\/\/bf-on-tour.de\/fk-21\/wp-content\/uploads\/sites\/24\/2022\/10\/20210827_151920_IMG_9637-768x774.jpg 768w, https:\/\/bf-on-tour.de\/fk-21\/wp-content\/uploads\/sites\/24\/2022\/10\/20210827_151920_IMG_9637-1524x1536.jpg 1524w, https:\/\/bf-on-tour.de\/fk-21\/wp-content\/uploads\/sites\/24\/2022\/10\/20210827_151920_IMG_9637-2033x2048.jpg 2033w, https:\/\/bf-on-tour.de\/fk-21\/wp-content\/uploads\/sites\/24\/2022\/10\/20210827_151920_IMG_9637-1200x1209.jpg 1200w\" sizes=\"auto, (max-width: 150px) 85vw, 150px\" \/><figcaption id=\"caption-attachment-97\" class=\"wp-caption-text\">Maria Theresia<\/figcaption><\/figure>\n<p>Am Ende der F\u00fchrung besuchen wir noch auf eigene Faust den Sch\u00f6nen N\u00e1ci. Mitte des letzten Jahrhunderts lief dieser mit Frack und Zylinder bekleidet durch die Altstadt von Bratislava und begr\u00fc\u00dfte jede Frau unter Lupfen seines Hutes mit \u201eK\u00fcss die Hand\u201c auf Slowakisch, Ungarisch und Deutsch. Er starb 1967 an Tuberkulose und man setzte ihn ihm mit dieser Figur ein Denkmal als Stadtoriginal.<\/p>\n<figure id=\"attachment_101\" aria-describedby=\"caption-attachment-101\" style=\"width: 220px\" class=\"wp-caption alignright\"><img loading=\"lazy\" decoding=\"async\" class=\"wp-image-101 size-medium\" src=\"https:\/\/bf-on-tour.de\/k-21\/wp-content\/uploads\/sites\/24\/2022\/10\/Naci_1.1.1-220x300.jpg\" alt=\"\" width=\"220\" height=\"300\" srcset=\"https:\/\/bf-on-tour.de\/fk-21\/wp-content\/uploads\/sites\/24\/2022\/10\/Naci_1.1.1-220x300.jpg 220w, https:\/\/bf-on-tour.de\/fk-21\/wp-content\/uploads\/sites\/24\/2022\/10\/Naci_1.1.1-751x1024.jpg 751w, https:\/\/bf-on-tour.de\/fk-21\/wp-content\/uploads\/sites\/24\/2022\/10\/Naci_1.1.1.jpg 767w\" sizes=\"auto, (max-width: 220px) 85vw, 220px\" \/><figcaption id=\"caption-attachment-101\" class=\"wp-caption-text\">Der Sch\u00f6ne Naci<\/figcaption><\/figure>\n<p>Auch den \u010cumil, den \u201eMan at work\u201c besuchen wir. Es ist die Bronzestatue eines Arbeiters, der f\u00fcr die Anstrengungen um die Revitalisierung der Altstadt und die Rekonstruktion der dortigen Fu\u00dfg\u00e4ngerzone steht. Wir erweisen ihm die Referenz und streichen ihm \u00fcber seine M\u00fctze.<\/p>\n<figure id=\"attachment_100\" aria-describedby=\"caption-attachment-100\" style=\"width: 300px\" class=\"wp-caption alignleft\"><img loading=\"lazy\" decoding=\"async\" class=\"wp-image-100 size-medium\" src=\"https:\/\/bf-on-tour.de\/k-21\/wp-content\/uploads\/sites\/24\/2022\/10\/MaW_1.1.2-300x300.jpg\" alt=\"\" width=\"300\" height=\"300\" srcset=\"https:\/\/bf-on-tour.de\/fk-21\/wp-content\/uploads\/sites\/24\/2022\/10\/MaW_1.1.2-300x300.jpg 300w, https:\/\/bf-on-tour.de\/fk-21\/wp-content\/uploads\/sites\/24\/2022\/10\/MaW_1.1.2-1024x1024.jpg 1024w, https:\/\/bf-on-tour.de\/fk-21\/wp-content\/uploads\/sites\/24\/2022\/10\/MaW_1.1.2-150x150.jpg 150w, https:\/\/bf-on-tour.de\/fk-21\/wp-content\/uploads\/sites\/24\/2022\/10\/MaW_1.1.2-768x767.jpg 768w, https:\/\/bf-on-tour.de\/fk-21\/wp-content\/uploads\/sites\/24\/2022\/10\/MaW_1.1.2.jpg 1081w\" sizes=\"auto, (max-width: 300px) 85vw, 300px\" \/><figcaption id=\"caption-attachment-100\" class=\"wp-caption-text\">The Man at Work<\/figcaption><\/figure>\n<p>Beim Abendessen schlie\u00dflich ergibt sich eine rege Diskussion \u00fcber Umwelt, Fridays for Furure, \u00fcber die bevorstehenden Wahlen und auch \u00fcber ganz allgemein interessierende Themen. Wir haben offensichtlich einen \u201eguten\u201c Tisch erwischt. Niemand redet \u00fcber Krankheiten oder andere Gebrechen. Aus einer Stunde f\u00fcr die Mahlzeit werden so rasch drei und die Crew beginnt gegen 21:00 Uhr, unsere Runde dezent aber merklich aus dem Restaurant zu mobben. Die Bef\u00fcrchtung, bei nur 100 Mitreisenden und festen Pl\u00e4tzen mit\u2026 Na, lassen wir das. Wir sind sehr zufrieden!<\/p>\n<figure id=\"attachment_98\" aria-describedby=\"caption-attachment-98\" style=\"width: 840px\" class=\"wp-caption aligncenter\"><img loading=\"lazy\" decoding=\"async\" class=\"wp-image-98 size-large\" src=\"https:\/\/bf-on-tour.de\/k-21\/wp-content\/uploads\/sites\/24\/2022\/10\/20210827_203635_IMG_9639-1024x418.jpg\" alt=\"\" width=\"840\" height=\"343\" srcset=\"https:\/\/bf-on-tour.de\/fk-21\/wp-content\/uploads\/sites\/24\/2022\/10\/20210827_203635_IMG_9639-1024x418.jpg 1024w, https:\/\/bf-on-tour.de\/fk-21\/wp-content\/uploads\/sites\/24\/2022\/10\/20210827_203635_IMG_9639-300x122.jpg 300w, https:\/\/bf-on-tour.de\/fk-21\/wp-content\/uploads\/sites\/24\/2022\/10\/20210827_203635_IMG_9639-768x314.jpg 768w, https:\/\/bf-on-tour.de\/fk-21\/wp-content\/uploads\/sites\/24\/2022\/10\/20210827_203635_IMG_9639-1536x627.jpg 1536w, https:\/\/bf-on-tour.de\/fk-21\/wp-content\/uploads\/sites\/24\/2022\/10\/20210827_203635_IMG_9639-2048x836.jpg 2048w, https:\/\/bf-on-tour.de\/fk-21\/wp-content\/uploads\/sites\/24\/2022\/10\/20210827_203635_IMG_9639-1200x490.jpg 1200w\" sizes=\"auto, (max-width: 709px) 85vw, (max-width: 909px) 67vw, (max-width: 1362px) 62vw, 840px\" \/><figcaption id=\"caption-attachment-98\" class=\"wp-caption-text\">Die Burg bei Nacht<\/figcaption><\/figure>\n<p><a href=\"https:\/\/bf-on-tour.de\/fk-21\/page-4\"><img loading=\"lazy\" decoding=\"async\" class=\"alignleft wp-image-135\" src=\"https:\/\/bf-on-tour.de\/k-21\/wp-content\/uploads\/sites\/24\/2022\/10\/zurueck.png\" alt=\"\" width=\"50\" height=\"37\" \/><\/a><\/p>\n<p><a href=\"https:\/\/bf-on-tour.de\/fk-21\/page-6\"><img loading=\"lazy\" decoding=\"async\" class=\"alignright wp-image-136\" src=\"https:\/\/bf-on-tour.de\/k-21\/wp-content\/uploads\/sites\/24\/2022\/10\/weiter.png\" alt=\"\" width=\"50\" height=\"37\" \/><\/a><\/p>\n","protected":false},"excerpt":{"rendered":"<p>Endlich mal ein ruhiger Vormittag. Unser Schiff ist die ganze Nacht stetig \u201ebergauf\u201c gegen den Strom gefahren und nur das leise R\u00fctteln der Kabinent\u00fcr lie\u00df darauf schlie\u00dfen, dass die etwas betagte Maschine gut zu tun hatte. Proportional zur Entfernung von Budapest nimmt allerdings auch der Orb\u00e1nsche Einfluss auf das Wetter ab: Es nieselt als wir &hellip; <a href=\"https:\/\/bf-on-tour.de\/fk-21\/page-5\/\" class=\"more-link\"><span class=\"screen-reader-text\">\u201eBratislava\u201c <\/span>weiterlesen<\/a><\/p>\n","protected":false},"author":1,"featured_media":0,"parent":0,"menu_order":4,"comment_status":"closed","ping_status":"closed","template":"","meta":{"footnotes":""},"class_list":["post-92","page","type-page","status-publish","hentry"],"aioseo_notices":[],"_links":{"self":[{"href":"https:\/\/bf-on-tour.de\/fk-21\/wp-json\/wp\/v2\/pages\/92","targetHints":{"allow":["GET"]}}],"collection":[{"href":"https:\/\/bf-on-tour.de\/fk-21\/wp-json\/wp\/v2\/pages"}],"about":[{"href":"https:\/\/bf-on-tour.de\/fk-21\/wp-json\/wp\/v2\/types\/page"}],"author":[{"embeddable":true,"href":"https:\/\/bf-on-tour.de\/fk-21\/wp-json\/wp\/v2\/users\/1"}],"replies":[{"embeddable":true,"href":"https:\/\/bf-on-tour.de\/fk-21\/wp-json\/wp\/v2\/comments?post=92"}],"version-history":[{"count":10,"href":"https:\/\/bf-on-tour.de\/fk-21\/wp-json\/wp\/v2\/pages\/92\/revisions"}],"predecessor-version":[{"id":173,"href":"https:\/\/bf-on-tour.de\/fk-21\/wp-json\/wp\/v2\/pages\/92\/revisions\/173"}],"wp:attachment":[{"href":"https:\/\/bf-on-tour.de\/fk-21\/wp-json\/wp\/v2\/media?parent=92"}],"curies":[{"name":"wp","href":"https:\/\/api.w.org\/{rel}","templated":true}]}}