{"id":20,"date":"2022-07-25T14:50:11","date_gmt":"2022-07-25T12:50:11","guid":{"rendered":"https:\/\/bf-on-tour.de\/k-21\/?page_id=20"},"modified":"2022-10-24T10:17:52","modified_gmt":"2022-10-24T08:17:52","slug":"page-2","status":"publish","type":"page","link":"https:\/\/bf-on-tour.de\/fk-21\/page-2\/","title":{"rendered":"Erster Ausflug &#8211; Herzogenburg"},"content":{"rendered":"<p>Wenn wir etwas machen, machen wir es ganz \u2013 wenngleich nicht immer richtig, aber das wird sich ja diese Woche noch zeigen. Deshalb haben wir zwei Pauschalpakete zur Reise mitgebucht. Das Getr\u00e4nkepaket bew\u00e4hrte sich bereits gestern als An\u00e4sthetikum gegen &#8222;Rudis musikalischen Tagesausklang&#8220; und das Ausflugspaket bringt uns bereits heute die Kultur entlang der Donau nahe.<\/p>\n<figure id=\"attachment_51\" aria-describedby=\"caption-attachment-51\" style=\"width: 840px\" class=\"wp-caption aligncenter\"><img loading=\"lazy\" decoding=\"async\" class=\"size-large wp-image-51\" src=\"https:\/\/bf-on-tour.de\/k-21\/wp-content\/uploads\/sites\/24\/2022\/07\/Wachau2-1024x575.jpg\" alt=\"\" width=\"840\" height=\"472\" srcset=\"https:\/\/bf-on-tour.de\/fk-21\/wp-content\/uploads\/sites\/24\/2022\/07\/Wachau2-1024x575.jpg 1024w, https:\/\/bf-on-tour.de\/fk-21\/wp-content\/uploads\/sites\/24\/2022\/07\/Wachau2-300x169.jpg 300w, https:\/\/bf-on-tour.de\/fk-21\/wp-content\/uploads\/sites\/24\/2022\/07\/Wachau2-768x432.jpg 768w, https:\/\/bf-on-tour.de\/fk-21\/wp-content\/uploads\/sites\/24\/2022\/07\/Wachau2-1536x863.jpg 1536w, https:\/\/bf-on-tour.de\/fk-21\/wp-content\/uploads\/sites\/24\/2022\/07\/Wachau2-2048x1151.jpg 2048w, https:\/\/bf-on-tour.de\/fk-21\/wp-content\/uploads\/sites\/24\/2022\/07\/Wachau2-1200x674.jpg 1200w\" sizes=\"auto, (max-width: 709px) 85vw, (max-width: 909px) 67vw, (max-width: 1362px) 62vw, 840px\" \/><figcaption id=\"caption-attachment-51\" class=\"wp-caption-text\">Auf langsamer Fahrt durch die Wachau<\/figcaption><\/figure>\n<p>Vorher fahren wir allerdings erst einmal durch die Wachau. 34 \u00f6sterreichische, weitgehend naturbelassene Donaukilometer. 34 von 350. Und wenn es nicht andauern regnen w\u00fcrde, k\u00f6nnte man sie sogar auf dem Oberdeck im Liegestuhl genie\u00dfen. Aber auch bei Regen gibt die Wachau ihr bestes: Wald, Berge, Burgen, Weinh\u00e4nge und Flusswindungen. Eine sch\u00f6ne Panoramafahrt.<\/p>\n<figure id=\"attachment_50\" aria-describedby=\"caption-attachment-50\" style=\"width: 840px\" class=\"wp-caption aligncenter\"><img loading=\"lazy\" decoding=\"async\" class=\"size-large wp-image-50\" src=\"https:\/\/bf-on-tour.de\/k-21\/wp-content\/uploads\/sites\/24\/2022\/07\/Wachau-1024x472.jpg\" alt=\"\" width=\"840\" height=\"387\" srcset=\"https:\/\/bf-on-tour.de\/fk-21\/wp-content\/uploads\/sites\/24\/2022\/07\/Wachau-1024x472.jpg 1024w, https:\/\/bf-on-tour.de\/fk-21\/wp-content\/uploads\/sites\/24\/2022\/07\/Wachau-300x138.jpg 300w, https:\/\/bf-on-tour.de\/fk-21\/wp-content\/uploads\/sites\/24\/2022\/07\/Wachau-768x354.jpg 768w, https:\/\/bf-on-tour.de\/fk-21\/wp-content\/uploads\/sites\/24\/2022\/07\/Wachau-1536x708.jpg 1536w, https:\/\/bf-on-tour.de\/fk-21\/wp-content\/uploads\/sites\/24\/2022\/07\/Wachau-2048x944.jpg 2048w, https:\/\/bf-on-tour.de\/fk-21\/wp-content\/uploads\/sites\/24\/2022\/07\/Wachau-1200x553.jpg 1200w\" sizes=\"auto, (max-width: 709px) 85vw, (max-width: 909px) 67vw, (max-width: 1362px) 62vw, 840px\" \/><figcaption id=\"caption-attachment-50\" class=\"wp-caption-text\">Burgen und Weinberge in der Wachau<\/figcaption><\/figure>\n<p>Gegen fr\u00fchen Nachmittag erreichen wir Krems. Von hier geht\u2019s per Bus nach Herzogenburg, einem der vielen Stifte, mit denen sich die ebenso vielen Adligen im Mittelalter ihren \u00fcblen Lebensstil vor dem Dahinscheiden vom Klerus sanktionieren lie\u00dfen \u2013 immer nach dem Motto \u201edie M\u00fcnze in dem Beutel klingt, die Seele in den Himmel springt\u201c, nur halt im ganz gro\u00dfen Stil.<\/p>\n<figure id=\"attachment_49\" aria-describedby=\"caption-attachment-49\" style=\"width: 300px\" class=\"wp-caption alignleft\"><img loading=\"lazy\" decoding=\"async\" class=\"wp-image-49 size-medium\" src=\"https:\/\/bf-on-tour.de\/k-21\/wp-content\/uploads\/sites\/24\/2022\/07\/Plakat-300x199.jpg\" alt=\"\" width=\"300\" height=\"199\" srcset=\"https:\/\/bf-on-tour.de\/fk-21\/wp-content\/uploads\/sites\/24\/2022\/07\/Plakat-300x199.jpg 300w, https:\/\/bf-on-tour.de\/fk-21\/wp-content\/uploads\/sites\/24\/2022\/07\/Plakat-1024x681.jpg 1024w, https:\/\/bf-on-tour.de\/fk-21\/wp-content\/uploads\/sites\/24\/2022\/07\/Plakat-768x510.jpg 768w, https:\/\/bf-on-tour.de\/fk-21\/wp-content\/uploads\/sites\/24\/2022\/07\/Plakat-1536x1021.jpg 1536w, https:\/\/bf-on-tour.de\/fk-21\/wp-content\/uploads\/sites\/24\/2022\/07\/Plakat-2048x1361.jpg 2048w, https:\/\/bf-on-tour.de\/fk-21\/wp-content\/uploads\/sites\/24\/2022\/07\/Plakat-1200x798.jpg 1200w\" sizes=\"auto, (max-width: 300px) 85vw, 300px\" \/><figcaption id=\"caption-attachment-49\" class=\"wp-caption-text\">Willkommen in Herzogenburg<\/figcaption><\/figure>\n<p>Am Stift angekommen, begr\u00fc\u00dft uns ein gro\u00dfes Plakat: \u201eOb Sie an Gott glauben oder nicht, \u00e4ndert nichts an seiner Existenz. Aber vielleicht an Ihrer.\u201c Provokant. Erzkatholische, christliche Philosophie. \u201eIm Anfang war das Wort\u2026\u201c. Ich mag den Johannes!<\/p>\n<p>Das Stift betritt man durch den Shop. Pragmatismus zum \u00dcberleben. Es gibt eben nicht mehr so viele Stifter, die sich in den Himmel w\u00fcnschen und der Glaube daran, die Kirche k\u00f6nne diesbez\u00fcglich das eine oder andere gute Wort an entsprechender Stelle einlegen, fand im Mittelalter auch eher Konsens als heute.<\/p>\n<figure id=\"attachment_46\" aria-describedby=\"caption-attachment-46\" style=\"width: 300px\" class=\"wp-caption alignright\"><img loading=\"lazy\" decoding=\"async\" class=\"wp-image-46 size-medium\" src=\"https:\/\/bf-on-tour.de\/k-21\/wp-content\/uploads\/sites\/24\/2022\/07\/Altarbild-300x266.jpg\" alt=\"\" width=\"300\" height=\"266\" srcset=\"https:\/\/bf-on-tour.de\/fk-21\/wp-content\/uploads\/sites\/24\/2022\/07\/Altarbild-300x266.jpg 300w, https:\/\/bf-on-tour.de\/fk-21\/wp-content\/uploads\/sites\/24\/2022\/07\/Altarbild-1024x909.jpg 1024w, https:\/\/bf-on-tour.de\/fk-21\/wp-content\/uploads\/sites\/24\/2022\/07\/Altarbild-768x682.jpg 768w, https:\/\/bf-on-tour.de\/fk-21\/wp-content\/uploads\/sites\/24\/2022\/07\/Altarbild-1536x1364.jpg 1536w, https:\/\/bf-on-tour.de\/fk-21\/wp-content\/uploads\/sites\/24\/2022\/07\/Altarbild-2048x1819.jpg 2048w, https:\/\/bf-on-tour.de\/fk-21\/wp-content\/uploads\/sites\/24\/2022\/07\/Altarbild-1200x1066.jpg 1200w\" sizes=\"auto, (max-width: 300px) 85vw, 300px\" \/><figcaption id=\"caption-attachment-46\" class=\"wp-caption-text\">Kunstvolle Schnitzereien<\/figcaption><\/figure>\n<p>Die F\u00fchrung geht vorbei an zahlreichen k\u00fcnstlerischen Verewigungen der im Stift \u00fcber die Jahrhunderte herrschenden \u00c4bte, in pr\u00e4chtige Repr\u00e4sentationsr\u00e4ume und durch kleine Schatzk\u00e4stchen. Zimmer, in denen sich Bilder, Figuren, liturgisches Zubeh\u00f6r und aufw\u00e4ndig bestickte Gew\u00e4nder von unsch\u00e4tzbarem Wert befinden.<\/p>\n<p>Fremdenf\u00fchrer erhalten ihr Sal\u00e4r f\u00fcr gesprochenes Wort. Und pl\u00f6tzlich gibt es einen Verdienstausfall. Eine &#8211; hier aus Gr\u00fcnden der H\u00f6flichkeit nicht n\u00e4her beschriebene- Mitreisende ergreift dreist eines der kostbaren Messgew\u00e4nder und ruft: \u201eDas soll wertvoll sein? Das ist doch ein T-Shirt! Sowas kann ich auch n\u00e4hen!\u201c<\/p>\n<p style=\"text-align: center;\"><strong>Stille!<\/strong><\/p>\n<p>Selbst unserer, sich sonst in fr\u00f6hlichen Anekdoten ergehenden Fremdenf\u00fchrerin verschl\u00e4gt es die Sprache. Aus dem Kreis der Mitreisenden kommt nach ein paar Schrecksekunden der Hinweis, dass unterhalb des schlichten Gewandoberteiles aufw\u00e4ndigste Lochstickerei zu finden sei, aber dem Gesichtsausdruck der Angesprochenen ist zu entnehmen, dass sie sich nicht vorstellen kann, wie man etwas sticken kann, was hinterher nicht mehr da ist.<\/p>\n<figure id=\"attachment_47\" aria-describedby=\"caption-attachment-47\" style=\"width: 840px\" class=\"wp-caption aligncenter\"><img loading=\"lazy\" decoding=\"async\" class=\"wp-image-47 size-large\" src=\"https:\/\/bf-on-tour.de\/k-21\/wp-content\/uploads\/sites\/24\/2022\/07\/Bibliothek-1024x702.jpg\" alt=\"\" width=\"840\" height=\"576\" srcset=\"https:\/\/bf-on-tour.de\/fk-21\/wp-content\/uploads\/sites\/24\/2022\/07\/Bibliothek-1024x702.jpg 1024w, https:\/\/bf-on-tour.de\/fk-21\/wp-content\/uploads\/sites\/24\/2022\/07\/Bibliothek-300x206.jpg 300w, https:\/\/bf-on-tour.de\/fk-21\/wp-content\/uploads\/sites\/24\/2022\/07\/Bibliothek-768x526.jpg 768w, https:\/\/bf-on-tour.de\/fk-21\/wp-content\/uploads\/sites\/24\/2022\/07\/Bibliothek-1536x1052.jpg 1536w, https:\/\/bf-on-tour.de\/fk-21\/wp-content\/uploads\/sites\/24\/2022\/07\/Bibliothek-2048x1403.jpg 2048w, https:\/\/bf-on-tour.de\/fk-21\/wp-content\/uploads\/sites\/24\/2022\/07\/Bibliothek-1200x822.jpg 1200w\" sizes=\"auto, (max-width: 709px) 85vw, (max-width: 909px) 67vw, (max-width: 1362px) 62vw, 840px\" \/><figcaption id=\"caption-attachment-47\" class=\"wp-caption-text\">In der Bibliothek<\/figcaption><\/figure>\n<p>Im n\u00e4chsten Raum, einer prachtvollen Bibliothek, in der wissenschaftliche Erkenntnisse aus Jahrhunderten fein s\u00e4uberlich katalogisiert und verwahrt werden, erfahren wir, dass der Bestand \u00f6ffentlich verf\u00fcgbar ist und insbesondere zum Thema Astronomie gern Anfragen an den aktuellen Bibliothekarsbruder gestellt werden. Die besagte Mitreisende schaut ungl\u00e4ubig von B\u00fccherschrank zu B\u00fccherschrank. Wahrscheinlich fragt sie sich, wieso jemand ein Horoskop von vor hundert Jahren noch einmal anschauen m\u00f6chte.<\/p>\n<figure id=\"attachment_45\" aria-describedby=\"caption-attachment-45\" style=\"width: 196px\" class=\"wp-caption alignleft\"><img loading=\"lazy\" decoding=\"async\" class=\"wp-image-45 size-medium\" src=\"https:\/\/bf-on-tour.de\/k-21\/wp-content\/uploads\/sites\/24\/2022\/07\/Altar-196x300.jpg\" alt=\"\" width=\"196\" height=\"300\" srcset=\"https:\/\/bf-on-tour.de\/fk-21\/wp-content\/uploads\/sites\/24\/2022\/07\/Altar-196x300.jpg 196w, https:\/\/bf-on-tour.de\/fk-21\/wp-content\/uploads\/sites\/24\/2022\/07\/Altar-668x1024.jpg 668w, https:\/\/bf-on-tour.de\/fk-21\/wp-content\/uploads\/sites\/24\/2022\/07\/Altar-768x1177.jpg 768w, https:\/\/bf-on-tour.de\/fk-21\/wp-content\/uploads\/sites\/24\/2022\/07\/Altar-1002x1536.jpg 1002w, https:\/\/bf-on-tour.de\/fk-21\/wp-content\/uploads\/sites\/24\/2022\/07\/Altar-1336x2048.jpg 1336w, https:\/\/bf-on-tour.de\/fk-21\/wp-content\/uploads\/sites\/24\/2022\/07\/Altar-1200x1839.jpg 1200w, https:\/\/bf-on-tour.de\/fk-21\/wp-content\/uploads\/sites\/24\/2022\/07\/Altar-scaled.jpg 1671w\" sizes=\"auto, (max-width: 196px) 85vw, 196px\" \/><figcaption id=\"caption-attachment-45\" class=\"wp-caption-text\">Altar der Stiftskirche<\/figcaption><\/figure>\n<p>Abschlie\u00dfend die Stiftskirche. Man ist erschlagen von der barocken Pracht. Und w\u00e4hrend die Fremdenf\u00fchrerin erkl\u00e4rt, dass der Prunk durchaus dazu gedient haben k\u00f6nnte, das gemeine Volk optisch zu besch\u00e4ftigen, w\u00e4hrend der Pfarrer, mit dem R\u00fccken zu eben diesem, allerlei Lateinisches \u2013 und damit Unverst\u00e4ndliches \u2013 von sich gab, versucht unser Enfant Terrible jede Schublade und jedes Schr\u00e4nkchen zu \u00f6ffnen (was sie, da alle verschlossen sind, zu einer merklichen Hektik treibt).<\/p>\n<figure id=\"attachment_48\" aria-describedby=\"caption-attachment-48\" style=\"width: 241px\" class=\"wp-caption alignright\"><img loading=\"lazy\" decoding=\"async\" class=\"wp-image-48 size-medium\" src=\"https:\/\/bf-on-tour.de\/k-21\/wp-content\/uploads\/sites\/24\/2022\/07\/Orgel-241x300.jpg\" alt=\"\" width=\"241\" height=\"300\" srcset=\"https:\/\/bf-on-tour.de\/fk-21\/wp-content\/uploads\/sites\/24\/2022\/07\/Orgel-241x300.jpg 241w, https:\/\/bf-on-tour.de\/fk-21\/wp-content\/uploads\/sites\/24\/2022\/07\/Orgel-823x1024.jpg 823w, https:\/\/bf-on-tour.de\/fk-21\/wp-content\/uploads\/sites\/24\/2022\/07\/Orgel-768x955.jpg 768w, https:\/\/bf-on-tour.de\/fk-21\/wp-content\/uploads\/sites\/24\/2022\/07\/Orgel-1235x1536.jpg 1235w, https:\/\/bf-on-tour.de\/fk-21\/wp-content\/uploads\/sites\/24\/2022\/07\/Orgel-1646x2048.jpg 1646w, https:\/\/bf-on-tour.de\/fk-21\/wp-content\/uploads\/sites\/24\/2022\/07\/Orgel-1200x1493.jpg 1200w\" sizes=\"auto, (max-width: 241px) 85vw, 241px\" \/><figcaption id=\"caption-attachment-48\" class=\"wp-caption-text\">Die Orgel<\/figcaption><\/figure>\n<p>Damit und mit ein paar eher weniger qualifizierten Anmerkungen unserer Mitreisenden zu dem historischen Seilzugmechanismus, der seit Jahrhunderten langsam, aber pr\u00e4zise die Kirchent\u00fcr schlie\u00dft (ob man da nicht mal was Moderneres h\u00e4tte einbauen k\u00f6nnen&#8230;) endet unsere heutige Kultour.<\/p>\n<p>Abends wissen wir dann wieder die Annehmlichkeit des Getr\u00e4nkeabos zu sch\u00e4tzen, wenn Rudi seine Elektronik zum Tanz aufspielen l\u00e4sst und nicht viel daran fehlt, dass das geneigte Publikum die &#8222;Polon\u00e4se Blankenese&#8220; fordert. Bei Roland Kaiser und seinem \u201eWarum hast Du nicht nein gesagt\u201c sind wir schon. &#8212; Das allerdings frage ich mich auch grad\u2026<\/p>\n<p><a href=\"https:\/\/bf-on-tour.de\/fk-21\/page-3\"><img loading=\"lazy\" decoding=\"async\" class=\"alignright wp-image-136\" src=\"https:\/\/bf-on-tour.de\/fk-21\/wp-content\/uploads\/sites\/24\/2022\/10\/weiter.png\" alt=\"\" width=\"50\" height=\"37\" \/><\/a><\/p>\n<p><a href=\"https:\/\/bf-on-tour.de\/fk-21\/page-1\/\"><img loading=\"lazy\" decoding=\"async\" class=\"alignleft wp-image-135\" src=\"https:\/\/bf-on-tour.de\/fk-21\/wp-content\/uploads\/sites\/24\/2022\/10\/zurueck.png\" alt=\"\" width=\"50\" height=\"37\" \/><\/a><\/p>\n","protected":false},"excerpt":{"rendered":"<p>Wenn wir etwas machen, machen wir es ganz \u2013 wenngleich nicht immer richtig, aber das wird sich ja diese Woche noch zeigen. Deshalb haben wir zwei Pauschalpakete zur Reise mitgebucht. Das Getr\u00e4nkepaket bew\u00e4hrte sich bereits gestern als An\u00e4sthetikum gegen &#8222;Rudis musikalischen Tagesausklang&#8220; und das Ausflugspaket bringt uns bereits heute die Kultur entlang der Donau nahe. &hellip; <a href=\"https:\/\/bf-on-tour.de\/fk-21\/page-2\/\" class=\"more-link\"><span class=\"screen-reader-text\">\u201eErster Ausflug &#8211; Herzogenburg\u201c <\/span>weiterlesen<\/a><\/p>\n","protected":false},"author":1,"featured_media":0,"parent":0,"menu_order":1,"comment_status":"closed","ping_status":"closed","template":"","meta":{"footnotes":""},"class_list":["post-20","page","type-page","status-publish","hentry"],"aioseo_notices":[],"_links":{"self":[{"href":"https:\/\/bf-on-tour.de\/fk-21\/wp-json\/wp\/v2\/pages\/20","targetHints":{"allow":["GET"]}}],"collection":[{"href":"https:\/\/bf-on-tour.de\/fk-21\/wp-json\/wp\/v2\/pages"}],"about":[{"href":"https:\/\/bf-on-tour.de\/fk-21\/wp-json\/wp\/v2\/types\/page"}],"author":[{"embeddable":true,"href":"https:\/\/bf-on-tour.de\/fk-21\/wp-json\/wp\/v2\/users\/1"}],"replies":[{"embeddable":true,"href":"https:\/\/bf-on-tour.de\/fk-21\/wp-json\/wp\/v2\/comments?post=20"}],"version-history":[{"count":17,"href":"https:\/\/bf-on-tour.de\/fk-21\/wp-json\/wp\/v2\/pages\/20\/revisions"}],"predecessor-version":[{"id":170,"href":"https:\/\/bf-on-tour.de\/fk-21\/wp-json\/wp\/v2\/pages\/20\/revisions\/170"}],"wp:attachment":[{"href":"https:\/\/bf-on-tour.de\/fk-21\/wp-json\/wp\/v2\/media?parent=20"}],"curies":[{"name":"wp","href":"https:\/\/api.w.org\/{rel}","templated":true}]}}