{"id":107,"date":"2022-10-13T16:55:50","date_gmt":"2022-10-13T14:55:50","guid":{"rendered":"https:\/\/bf-on-tour.de\/k-21\/?page_id=107"},"modified":"2022-10-24T10:21:15","modified_gmt":"2022-10-24T08:21:15","slug":"page-6","status":"publish","type":"page","link":"https:\/\/bf-on-tour.de\/fk-21\/page-6\/","title":{"rendered":"Wien und Reiseende"},"content":{"rendered":"<p>Bereits am Mittwoch fand ich nach dem Aufstehen eine virtuelle Mitteilung auf dem Nachtisch: \u201eWir m\u00f6chten einen Ruhetag! Deine F\u00fc\u00dfe.\u201c Leider konnte ich den Wunsch nicht erf\u00fcllen, die Erkundung Budapests stand auf dem Tagesprogramm. Am Donnerstag dann: \u201eRU-HE-TAG !\u201c Aber auch das lie\u00df sich nicht einrichten, der Ausflug in Bratislava war gebucht und bezahlt. Heute Morgen, quasi als letzte Warnung: \u201eWir werden streiken.\u201c. Nur, der heutige Ausflug \u201eStadtrundfahrt durch Wien\u201c geh\u00f6rt auch wieder zu unserem Kulturpaket. Also beschwichtige ich ein letztes Mal mit einer Dosis \u201eGehwol blau\u201c, verweise auf den bereitstehenden Bus und spiele die L\u00e4nge des eventuell bevorstehenden Fu\u00dfweges extrem herunter.<\/p>\n<figure id=\"attachment_113\" aria-describedby=\"caption-attachment-113\" style=\"width: 840px\" class=\"wp-caption aligncenter\"><img loading=\"lazy\" decoding=\"async\" class=\"wp-image-113 size-large\" src=\"https:\/\/bf-on-tour.de\/k-21\/wp-content\/uploads\/sites\/24\/2022\/10\/P1050536-1024x733.jpg\" alt=\"\" width=\"840\" height=\"601\" srcset=\"https:\/\/bf-on-tour.de\/fk-21\/wp-content\/uploads\/sites\/24\/2022\/10\/P1050536-1024x733.jpg 1024w, https:\/\/bf-on-tour.de\/fk-21\/wp-content\/uploads\/sites\/24\/2022\/10\/P1050536-300x215.jpg 300w, https:\/\/bf-on-tour.de\/fk-21\/wp-content\/uploads\/sites\/24\/2022\/10\/P1050536-768x550.jpg 768w, https:\/\/bf-on-tour.de\/fk-21\/wp-content\/uploads\/sites\/24\/2022\/10\/P1050536-1536x1100.jpg 1536w, https:\/\/bf-on-tour.de\/fk-21\/wp-content\/uploads\/sites\/24\/2022\/10\/P1050536-2048x1467.jpg 2048w, https:\/\/bf-on-tour.de\/fk-21\/wp-content\/uploads\/sites\/24\/2022\/10\/P1050536-1200x859.jpg 1200w\" sizes=\"auto, (max-width: 709px) 85vw, (max-width: 909px) 67vw, (max-width: 1362px) 62vw, 840px\" \/><figcaption id=\"caption-attachment-113\" class=\"wp-caption-text\">Das Opernhaus<\/figcaption><\/figure>\n<p>Und nun? Nun sind wir 20 Minuten mit dem Bus zum Wiener Opernhaus gefahren, ausgestiegen und gehen durch die Innenstadt zum Stephansdom. Gehen? Die anderen schon. Ich tapse wie ein abgehalfterter Tanzb\u00e4r durch die Gegend und habe zeitweilig M\u00fche das Gleichgewicht zu halten.<\/p>\n<p><img loading=\"lazy\" decoding=\"async\" class=\"alignleft wp-image-114 size-medium\" src=\"https:\/\/bf-on-tour.de\/k-21\/wp-content\/uploads\/sites\/24\/2022\/10\/P1050546-169x300.jpg\" alt=\"\" width=\"169\" height=\"300\" srcset=\"https:\/\/bf-on-tour.de\/fk-21\/wp-content\/uploads\/sites\/24\/2022\/10\/P1050546-169x300.jpg 169w, https:\/\/bf-on-tour.de\/fk-21\/wp-content\/uploads\/sites\/24\/2022\/10\/P1050546-576x1024.jpg 576w, https:\/\/bf-on-tour.de\/fk-21\/wp-content\/uploads\/sites\/24\/2022\/10\/P1050546-768x1365.jpg 768w, https:\/\/bf-on-tour.de\/fk-21\/wp-content\/uploads\/sites\/24\/2022\/10\/P1050546-864x1536.jpg 864w, https:\/\/bf-on-tour.de\/fk-21\/wp-content\/uploads\/sites\/24\/2022\/10\/P1050546-1152x2048.jpg 1152w, https:\/\/bf-on-tour.de\/fk-21\/wp-content\/uploads\/sites\/24\/2022\/10\/P1050546-1200x2133.jpg 1200w, https:\/\/bf-on-tour.de\/fk-21\/wp-content\/uploads\/sites\/24\/2022\/10\/P1050546-scaled.jpg 1441w\" sizes=\"auto, (max-width: 169px) 85vw, 169px\" \/><\/p>\n<p><img loading=\"lazy\" decoding=\"async\" class=\"alignright size-medium wp-image-115\" src=\"https:\/\/bf-on-tour.de\/k-21\/wp-content\/uploads\/sites\/24\/2022\/10\/P1050553-300x129.jpg\" alt=\"\" width=\"300\" height=\"129\" srcset=\"https:\/\/bf-on-tour.de\/fk-21\/wp-content\/uploads\/sites\/24\/2022\/10\/P1050553-300x129.jpg 300w, https:\/\/bf-on-tour.de\/fk-21\/wp-content\/uploads\/sites\/24\/2022\/10\/P1050553-1024x441.jpg 1024w, https:\/\/bf-on-tour.de\/fk-21\/wp-content\/uploads\/sites\/24\/2022\/10\/P1050553-768x331.jpg 768w, https:\/\/bf-on-tour.de\/fk-21\/wp-content\/uploads\/sites\/24\/2022\/10\/P1050553-1536x662.jpg 1536w, https:\/\/bf-on-tour.de\/fk-21\/wp-content\/uploads\/sites\/24\/2022\/10\/P1050553-2048x882.jpg 2048w, https:\/\/bf-on-tour.de\/fk-21\/wp-content\/uploads\/sites\/24\/2022\/10\/P1050553-1200x517.jpg 1200w\" sizes=\"auto, (max-width: 300px) 85vw, 300px\" \/>Der Dom ist erreicht! Endlich! Wir bekommen 20 Minuten zur Besichtigung auf eigene Faust. Aber meine Hoffnung auf Gest\u00fchl, v\u00f6llig egal, ob bequem oder nicht, erf\u00fcllt sich nicht. Alle Sitzb\u00e4nke werden hinter einer Bezahlschranke verwahrt. Ergo, nix hinsetzen, weiterlaufen, den wahrlich imposanten Dom anschauen, Fiaker bewundern.<\/p>\n<p>Weiter geht\u2019s zur Hofburg, vorbei am Hotel Demel, in dem Eduard Sacher, der Sohn des eigentlichen Erfinders Franz, einst gelernt und das Rezept des Vaters zur heutigen Torte weiterentwickelt, sie schlie\u00dflich in seinem eigenen Hotel vermarktet hat \u2013 der Grund \u00fcbrigens, warum sich die Hotels Sacher und Demel lange Jahre um die Urheberschaft dieses Geb\u00e4cks gestritten hatten. Heute d\u00fcrfen beide \u201eOriginal Sachertorte\u201c anbieten, Demel mit einer und Sacher mit zwei Schichten Marillenmarmelade zwischen dem, ohne Unmengen von Schlagobers, der hiesigen Schlagsahne, ungenie\u00dfbaren Schokoladenteig.<\/p>\n<p><img loading=\"lazy\" decoding=\"async\" class=\"alignleft wp-image-116 size-thumbnail\" src=\"https:\/\/bf-on-tour.de\/k-21\/wp-content\/uploads\/sites\/24\/2022\/10\/P1050567-150x150.jpg\" alt=\"\" width=\"150\" height=\"150\" \/><img loading=\"lazy\" decoding=\"async\" class=\"alignright size-medium wp-image-119\" src=\"https:\/\/bf-on-tour.de\/k-21\/wp-content\/uploads\/sites\/24\/2022\/10\/IMG_5263-300x188.jpg\" alt=\"\" width=\"300\" height=\"188\" srcset=\"https:\/\/bf-on-tour.de\/fk-21\/wp-content\/uploads\/sites\/24\/2022\/10\/IMG_5263-300x188.jpg 300w, https:\/\/bf-on-tour.de\/fk-21\/wp-content\/uploads\/sites\/24\/2022\/10\/IMG_5263-1024x642.jpg 1024w, https:\/\/bf-on-tour.de\/fk-21\/wp-content\/uploads\/sites\/24\/2022\/10\/IMG_5263-768x481.jpg 768w, https:\/\/bf-on-tour.de\/fk-21\/wp-content\/uploads\/sites\/24\/2022\/10\/IMG_5263-1536x963.jpg 1536w, https:\/\/bf-on-tour.de\/fk-21\/wp-content\/uploads\/sites\/24\/2022\/10\/IMG_5263-2048x1284.jpg 2048w, https:\/\/bf-on-tour.de\/fk-21\/wp-content\/uploads\/sites\/24\/2022\/10\/IMG_5263-1200x752.jpg 1200w\" sizes=\"auto, (max-width: 300px) 85vw, 300px\" \/>Im Caf\u00e9 Hofburg erhalten wir ein St\u00fcck Demel-Sachertorte, dazu einen Cappuccino und endlich (!) einen wundersch\u00f6nen bequemen Sitzplatz! Leider geht auch diese halbe Stunde zu Ende und ich tapse weiter, jetzt durch den Rest der Hofburg, vorbei an allerlei historisch bedeutsamen Bauten bis zum Bus.<\/p>\n<p>Den Nachmittag haben wir uns freigehalten, um eventuell Freunde zu treffen, nur, einmal aus den Schuhen raus, wollen die F\u00fc\u00dfe partout nicht wieder rein. Sonnendeck, mehr geht nicht.<\/p>\n<p>Abends dasselbe wie gestern. Gegen 21:00 Uhr werden wir rausgemobbt, zumal gleich in einer Tombola \u201etolle Preise\u201c zu Gunsten der Crew verlost werden. Da wir keine Nicko-Cruises-BaseCaps und auch keine Nicko-Cruises-Lanyards gewinnen wollen, haben wir auch keine Lose gekauft \u2013 aber unsere Tischnachbarn.<\/p>\n<p>Hotel- und Rezeptionschef agieren, als w\u00e4ren sie im fr\u00fcheren Leben Conf\u00e9renciers bei Werbeveranstaltungen f\u00fcr beheizte Lama-Unterw\u00e4sche gewesen und verlosen mit gro\u00dfen Gesten unter den choreographierten Beifallsorgien der G\u00e4ste Mozartkugeln, Waffelkekse, Taschenspiegel, Pillend\u00f6schen und Nicko-Cruises-Tragebeutel. Wir warten eigentlich nur darauf, dass gleich jemand \u201eBingo\u201c ruft. Wie gut, dass unser Getr\u00e4nkeabo noch gilt und Rudi endlich mal schweigt.<\/p>\n<p><img loading=\"lazy\" decoding=\"async\" class=\"alignleft wp-image-111 size-thumbnail\" src=\"https:\/\/bf-on-tour.de\/k-21\/wp-content\/uploads\/sites\/24\/2022\/10\/P1050578-150x150.jpg\" alt=\"\" width=\"150\" height=\"150\" \/><\/p>\n<p>Am Sonntagmorgen liegt die Heidelberg in Ybbs, der letzten Station vor dem Reiseende. Ausfl\u00fcge zu Maria Taferl (noch \u2019ne Kirche?) und zum Wasserkraftwerk, die Reiseleitung hat sie wie Sauerbier angeboten, niemand interessierte sich daf\u00fcr \u2013 wir auch nicht. Unsere F\u00fc\u00dfe haben sich allerdings etwas beruhigt, sind konziliant und gestatten uns, einen Cache zu suchen (\u201eaber nicht weiter als 500 Meter!!\u201c) \u2013 wir finden ihn nicht\u2026<\/p>\n<p><img loading=\"lazy\" decoding=\"async\" class=\"alignright wp-image-112 size-medium\" src=\"https:\/\/bf-on-tour.de\/k-21\/wp-content\/uploads\/sites\/24\/2022\/10\/P1050585-300x174.jpg\" alt=\"\" width=\"300\" height=\"174\" srcset=\"https:\/\/bf-on-tour.de\/fk-21\/wp-content\/uploads\/sites\/24\/2022\/10\/P1050585-300x174.jpg 300w, https:\/\/bf-on-tour.de\/fk-21\/wp-content\/uploads\/sites\/24\/2022\/10\/P1050585-1024x594.jpg 1024w, https:\/\/bf-on-tour.de\/fk-21\/wp-content\/uploads\/sites\/24\/2022\/10\/P1050585-768x445.jpg 768w, https:\/\/bf-on-tour.de\/fk-21\/wp-content\/uploads\/sites\/24\/2022\/10\/P1050585-1536x891.jpg 1536w, https:\/\/bf-on-tour.de\/fk-21\/wp-content\/uploads\/sites\/24\/2022\/10\/P1050585-2048x1188.jpg 2048w, https:\/\/bf-on-tour.de\/fk-21\/wp-content\/uploads\/sites\/24\/2022\/10\/P1050585-1200x696.jpg 1200w\" sizes=\"auto, (max-width: 300px) 85vw, 300px\" \/><\/p>\n<p>Beim Nachmittagskaffee im Salon bei Cappuccino und Kuchen \u2013 die K\u00fcche bezeichnet es als Kaiserschmarrn, die Vanillesauce ist sogar recht lecker \u2013 stellen wir fest, dass Rudi auf dem akustischen Klavier sehr passabel Barmusik kann. Doch noch w\u00e4hrend wir uns fragen, warum er das bislang nicht gezeigt hat, schaltet er wieder auf elektronische Berieselung und \u201eerfreut\u201c sein Publikum mit Schnulzen. Das war\u2019s dann f\u00fcr uns. Ab in die Stille der Kabine.<\/p>\n<p>Morgen geht\u2019s fr\u00fch los, nach Hause und wir ziehen schon mal ein Res\u00fcmee der Reise: Das Schiff, die MS Heidelberg, ist etwas aus der Zeit gefallen \u2013 das Publikum auch. Es gibt wenig M\u00f6glichkeiten, sich zur\u00fcck zu ziehen \u2013 da sind wir von Seereisen verw\u00f6hnt. Mit unseren Tischnachbarn hatten wir richtig Gl\u00fcck, aber sonst\u2026<\/p>\n<p>In der K\u00fcche gibt\u2019s noch deutlich Luft nach oben und das Getr\u00e4nkeabo ist eine gute Wahl (schon wegen Rudi)!<span class=\"Apple-converted-space\">\u00a0\u00a0<\/span>Was die Auswahl und Qualit\u00e4t der Ausfl\u00fcge angeht, war alles ok, uns fehlten nur die \u201eSeetage\u201c dazwischen. Und die Donau selbst? Na ja, da waren wir doch etwas an unsere Reise mit Hurtigruten erinnert: 3D-Kino. Aber das Highlight der Reise war eindeutig Budapest!<\/p>\n<p style=\"text-align: center;\"><img loading=\"lazy\" decoding=\"async\" class=\"alignleft wp-image-118 size-medium\" src=\"https:\/\/bf-on-tour.de\/k-21\/wp-content\/uploads\/sites\/24\/2022\/10\/P1050205-300x171.jpg\" alt=\"\" width=\"300\" height=\"171\" srcset=\"https:\/\/bf-on-tour.de\/fk-21\/wp-content\/uploads\/sites\/24\/2022\/10\/P1050205-300x171.jpg 300w, https:\/\/bf-on-tour.de\/fk-21\/wp-content\/uploads\/sites\/24\/2022\/10\/P1050205-1024x584.jpg 1024w, https:\/\/bf-on-tour.de\/fk-21\/wp-content\/uploads\/sites\/24\/2022\/10\/P1050205-768x438.jpg 768w, https:\/\/bf-on-tour.de\/fk-21\/wp-content\/uploads\/sites\/24\/2022\/10\/P1050205-1536x876.jpg 1536w, https:\/\/bf-on-tour.de\/fk-21\/wp-content\/uploads\/sites\/24\/2022\/10\/P1050205-2048x1168.jpg 2048w, https:\/\/bf-on-tour.de\/fk-21\/wp-content\/uploads\/sites\/24\/2022\/10\/P1050205-1200x684.jpg 1200w\" sizes=\"auto, (max-width: 300px) 85vw, 300px\" \/><img loading=\"lazy\" decoding=\"async\" class=\"alignright size-medium wp-image-126\" src=\"https:\/\/bf-on-tour.de\/k-21\/wp-content\/uploads\/sites\/24\/2022\/10\/Untitled_1.1.4-300x224.jpg\" alt=\"\" width=\"300\" height=\"224\" srcset=\"https:\/\/bf-on-tour.de\/fk-21\/wp-content\/uploads\/sites\/24\/2022\/10\/Untitled_1.1.4-300x224.jpg 300w, https:\/\/bf-on-tour.de\/fk-21\/wp-content\/uploads\/sites\/24\/2022\/10\/Untitled_1.1.4-1024x765.jpg 1024w, https:\/\/bf-on-tour.de\/fk-21\/wp-content\/uploads\/sites\/24\/2022\/10\/Untitled_1.1.4-768x574.jpg 768w, https:\/\/bf-on-tour.de\/fk-21\/wp-content\/uploads\/sites\/24\/2022\/10\/Untitled_1.1.4-1200x897.jpg 1200w, https:\/\/bf-on-tour.de\/fk-21\/wp-content\/uploads\/sites\/24\/2022\/10\/Untitled_1.1.4.jpg 1425w\" sizes=\"auto, (max-width: 300px) 85vw, 300px\" \/><em>Werden wir wiederkommen?<\/em><\/p>\n<p>Angesichts des Salonambientes f\u00e4llt mir dazu die letzte Szene aus dem Film \u201eJenseits von Afrika\u201c ein, in der Karen Blixen am Tag ihres endg\u00fcltigen Abschieds von Kenia im Muthaiga Club den Toast ausbringt: \u201eRosenlippenm\u00e4dchen \u2013 leichtf\u00fc\u00dfige Jungs\u201c.<\/p>\n<p>Sie (!) kehrte nie zur\u00fcck<\/p>\n<p><a href=\"https:\/\/bf-on-tour.de\/fk-21\/page-5\"><img loading=\"lazy\" decoding=\"async\" class=\"alignleft wp-image-135\" src=\"https:\/\/bf-on-tour.de\/k-21\/wp-content\/uploads\/sites\/24\/2022\/10\/zurueck.png\" alt=\"\" width=\"50\" height=\"37\" \/><\/a><\/p>\n","protected":false},"excerpt":{"rendered":"<p>Bereits am Mittwoch fand ich nach dem Aufstehen eine virtuelle Mitteilung auf dem Nachtisch: \u201eWir m\u00f6chten einen Ruhetag! Deine F\u00fc\u00dfe.\u201c Leider konnte ich den Wunsch nicht erf\u00fcllen, die Erkundung Budapests stand auf dem Tagesprogramm. Am Donnerstag dann: \u201eRU-HE-TAG !\u201c Aber auch das lie\u00df sich nicht einrichten, der Ausflug in Bratislava war gebucht und bezahlt. Heute &hellip; <a href=\"https:\/\/bf-on-tour.de\/fk-21\/page-6\/\" class=\"more-link\"><span class=\"screen-reader-text\">\u201eWien und Reiseende\u201c <\/span>weiterlesen<\/a><\/p>\n","protected":false},"author":1,"featured_media":0,"parent":0,"menu_order":5,"comment_status":"closed","ping_status":"closed","template":"","meta":{"footnotes":""},"class_list":["post-107","page","type-page","status-publish","hentry"],"aioseo_notices":[],"_links":{"self":[{"href":"https:\/\/bf-on-tour.de\/fk-21\/wp-json\/wp\/v2\/pages\/107","targetHints":{"allow":["GET"]}}],"collection":[{"href":"https:\/\/bf-on-tour.de\/fk-21\/wp-json\/wp\/v2\/pages"}],"about":[{"href":"https:\/\/bf-on-tour.de\/fk-21\/wp-json\/wp\/v2\/types\/page"}],"author":[{"embeddable":true,"href":"https:\/\/bf-on-tour.de\/fk-21\/wp-json\/wp\/v2\/users\/1"}],"replies":[{"embeddable":true,"href":"https:\/\/bf-on-tour.de\/fk-21\/wp-json\/wp\/v2\/comments?post=107"}],"version-history":[{"count":13,"href":"https:\/\/bf-on-tour.de\/fk-21\/wp-json\/wp\/v2\/pages\/107\/revisions"}],"predecessor-version":[{"id":174,"href":"https:\/\/bf-on-tour.de\/fk-21\/wp-json\/wp\/v2\/pages\/107\/revisions\/174"}],"wp:attachment":[{"href":"https:\/\/bf-on-tour.de\/fk-21\/wp-json\/wp\/v2\/media?parent=107"}],"curies":[{"name":"wp","href":"https:\/\/api.w.org\/{rel}","templated":true}]}}