{"id":2,"date":"2017-12-15T15:57:20","date_gmt":"2017-12-15T14:57:20","guid":{"rendered":"http:\/\/blog.family-riders.de\/new\/?page_id=2"},"modified":"2020-04-03T11:15:59","modified_gmt":"2020-04-03T09:15:59","slug":"beispiel-seite","status":"publish","type":"page","link":"https:\/\/bf-on-tour.de\/archiv\/","title":{"rendered":"Oh Fremder, Du warst mutig!"},"content":{"rendered":"<p>Du hast Dich in unseren Keller der Erinnerungen gewagt, in das Archiv der verstaubten Reisen. Sei vorsichtig! Mancher Link mag bereits zerbrochen sein, an einst sch\u00f6nen Formaten hat der Zahn der Zeit genagt!<\/p>\n<p>Aber gut, Du bist nun einmal hier. Dann wage Dich voran. Schau in das Kellerregal, in dem unsere Zeitzeugen lagern. Reise mit uns in die Zeit vor Computer, Internet und Handy.<\/p>\n<p><a href=\"https:\/\/www.benn-family.de\/outdoor\/radreisen.html\"><img loading=\"lazy\" decoding=\"async\" class=\"alignright wp-image-468\" src=\"https:\/\/bf-on-tour.de\/archiv\/wp-content\/uploads\/sites\/10\/2018\/10\/Schlauch-193x300.jpg\" alt=\"\" width=\"96\" height=\"150\" srcset=\"https:\/\/bf-on-tour.de\/archiv\/wp-content\/uploads\/sites\/10\/2018\/10\/Schlauch-193x300.jpg 193w, https:\/\/bf-on-tour.de\/archiv\/wp-content\/uploads\/sites\/10\/2018\/10\/Schlauch-768x1196.jpg 768w, https:\/\/bf-on-tour.de\/archiv\/wp-content\/uploads\/sites\/10\/2018\/10\/Schlauch-658x1024.jpg 658w, https:\/\/bf-on-tour.de\/archiv\/wp-content\/uploads\/sites\/10\/2018\/10\/Schlauch.jpg 1200w\" sizes=\"auto, (max-width: 96px) 85vw, 96px\" \/><\/a>Folge unserem alten Peugeot 5-Gang-Fahrrad nach Gotland und begegne dabei einem noch viel \u00e4lteren Baumwollzelt aus den WW-II-Best\u00e4nden der siegreichen amerikanischen Armee sowie zwei Menschen, die heute ganz anders aussehen als damals. Komm mit uns in den Schwarzwald oder begleite uns auf dem Ostseeradweg nach Usedom.<\/p>\n<p>Erschrick nicht \u00fcber Bilder, die noch mit einfachen Lochkameras gemacht wurden (Box genannt) oder \u00fcber uralte Dias, die, damals mit der Hand zwischen zwei Gl\u00e4ser gerahmt, noch heute in irgendwelchen K\u00e4sten verstauben oder von Bakterien zerfressen werden &#8211; und auf deren Entwicklung man Tage, wenn nicht gar Wochen gewartet hat, nur um dann festzustellen, dass die wirklich interessanten Aufnahmen nichts geworden waren.<\/p>\n<p><a href=\"https:\/\/www.benn-family.de\/outdoor\/segeltoerns.html\"><img loading=\"lazy\" decoding=\"async\" class=\"wp-image-469 alignleft\" src=\"https:\/\/bf-on-tour.de\/archiv\/wp-content\/uploads\/sites\/10\/2018\/10\/Satellit-300x184.jpg\" alt=\"\" width=\"150\" height=\"92\" srcset=\"https:\/\/bf-on-tour.de\/archiv\/wp-content\/uploads\/sites\/10\/2018\/10\/Satellit-300x184.jpg 300w, https:\/\/bf-on-tour.de\/archiv\/wp-content\/uploads\/sites\/10\/2018\/10\/Satellit-768x472.jpg 768w, https:\/\/bf-on-tour.de\/archiv\/wp-content\/uploads\/sites\/10\/2018\/10\/Satellit-1024x629.jpg 1024w, https:\/\/bf-on-tour.de\/archiv\/wp-content\/uploads\/sites\/10\/2018\/10\/Satellit.jpg 1200w\" sizes=\"auto, (max-width: 150px) 85vw, 150px\" \/><\/a>Versuche Dir vorzustellen, dass wir mit Seekarten aus Papier navigiert haben, ohne GPS aber manchmal mit Sextant und Jahrbuch. Dass wir per Handkompass mit Kreuzpeilungen unsere Position bestimmt haben und Wetterberichte auf Kurzwelle mit einem alten Grundig Weltempf\u00e4nger abh\u00f6rten. Und wenn wir \u00fcber UKW-Funk nach Hause telefonieren wollten, haben wir mit Goldtalern bezahlt.<\/p>\n<p><a href=\"https:\/\/www.benn-family.de\/outdoor\/paddeltouren.html\"><img loading=\"lazy\" decoding=\"async\" class=\"alignright wp-image-470\" src=\"https:\/\/bf-on-tour.de\/archiv\/wp-content\/uploads\/sites\/10\/2018\/10\/Paddelboot-300x246.jpg\" alt=\"\" width=\"150\" height=\"123\" srcset=\"https:\/\/bf-on-tour.de\/archiv\/wp-content\/uploads\/sites\/10\/2018\/10\/Paddelboot-300x246.jpg 300w, https:\/\/bf-on-tour.de\/archiv\/wp-content\/uploads\/sites\/10\/2018\/10\/Paddelboot-768x629.jpg 768w, https:\/\/bf-on-tour.de\/archiv\/wp-content\/uploads\/sites\/10\/2018\/10\/Paddelboot-1024x839.jpg 1024w, https:\/\/bf-on-tour.de\/archiv\/wp-content\/uploads\/sites\/10\/2018\/10\/Paddelboot.jpg 1200w\" sizes=\"auto, (max-width: 150px) 85vw, 150px\" \/><\/a>Und lerne schlie\u00dflich unseren alten Pouch Wanderzweier aus der DDR kennen, der 1969 in Hamburg von uns Unbekannten bei Neckermann gekauft, durch viele fremde H\u00e4nde ging, bevor er schlie\u00dflich bei uns landete und mit uns auf den Dalslands Kanal durfte.<\/p>\n<p>Du bekommst Angst vor all diesem verstaubten Zeugs? Na, dann mal schnell auf die Treppe und wieder <a href=\"https:\/\/bf-on-tour.de\">zur\u00fcck ins Heute<\/a>!<\/p>\n","protected":false},"excerpt":{"rendered":"<p>Du hast Dich in unseren Keller der Erinnerungen gewagt, in das Archiv der verstaubten Reisen. Sei vorsichtig! Mancher Link mag bereits zerbrochen sein, an einst sch\u00f6nen Formaten hat der Zahn der Zeit genagt! Aber gut, Du bist nun einmal hier. Dann wage Dich voran. Schau in das Kellerregal, in dem unsere Zeitzeugen lagern. Reise mit &hellip; <a href=\"https:\/\/bf-on-tour.de\/archiv\/\" class=\"more-link\"><span class=\"screen-reader-text\">\u201eOh Fremder, Du warst mutig!\u201c <\/span>weiterlesen<\/a><\/p>\n","protected":false},"author":1,"featured_media":0,"parent":0,"menu_order":0,"comment_status":"closed","ping_status":"closed","template":"","meta":{"footnotes":""},"class_list":["post-2","page","type-page","status-publish","hentry"],"_links":{"self":[{"href":"https:\/\/bf-on-tour.de\/archiv\/wp-json\/wp\/v2\/pages\/2","targetHints":{"allow":["GET"]}}],"collection":[{"href":"https:\/\/bf-on-tour.de\/archiv\/wp-json\/wp\/v2\/pages"}],"about":[{"href":"https:\/\/bf-on-tour.de\/archiv\/wp-json\/wp\/v2\/types\/page"}],"author":[{"embeddable":true,"href":"https:\/\/bf-on-tour.de\/archiv\/wp-json\/wp\/v2\/users\/1"}],"replies":[{"embeddable":true,"href":"https:\/\/bf-on-tour.de\/archiv\/wp-json\/wp\/v2\/comments?post=2"}],"version-history":[{"count":33,"href":"https:\/\/bf-on-tour.de\/archiv\/wp-json\/wp\/v2\/pages\/2\/revisions"}],"predecessor-version":[{"id":487,"href":"https:\/\/bf-on-tour.de\/archiv\/wp-json\/wp\/v2\/pages\/2\/revisions\/487"}],"wp:attachment":[{"href":"https:\/\/bf-on-tour.de\/archiv\/wp-json\/wp\/v2\/media?parent=2"}],"curies":[{"name":"wp","href":"https:\/\/api.w.org\/{rel}","templated":true}]}}